{"id":17936,"date":"2025-02-16T12:16:51","date_gmt":"2025-02-16T11:16:51","guid":{"rendered":"https:\/\/deezine.be\/bebijn\/?page_id=17936"},"modified":"2025-06-24T21:13:45","modified_gmt":"2025-06-24T20:13:45","slug":"cadeaux","status":"publish","type":"page","link":"https:\/\/bebijn.be\/fr\/geschenken\/","title":{"rendered":"D\u00c9COUVERTE"},"content":{"rendered":"<div data-elementor-type=\"wp-page\" data-elementor-id=\"17936\" class=\"elementor elementor-17936\" data-elementor-post-type=\"page\">\n\t\t\t\t<div class=\"elementor-element elementor-element-7028cdf e-flex e-con-boxed e-con e-parent\" data-id=\"7028cdf\" data-element_type=\"container\" data-e-type=\"container\">\n\t\t\t\t\t<div class=\"e-con-inner\">\n\t\t\t\t<div class=\"elementor-element elementor-element-b459989 elementor-widget elementor-widget-spacer\" data-id=\"b459989\" data-element_type=\"widget\" data-e-type=\"widget\" data-widget_type=\"spacer.default\">\n\t\t\t\t<div class=\"elementor-widget-container\">\n\t\t\t\t\t\t\t<div class=\"elementor-spacer\">\n\t\t\t<div class=\"elementor-spacer-inner\"><\/div>\n\t\t<\/div>\n\t\t\t\t\t\t<\/div>\n\t\t\t\t<\/div>\n\t\t\t\t\t<\/div>\n\t\t\t\t<\/div>\n\t\t<div class=\"elementor-element elementor-element-895d320 e-flex e-con-boxed e-con e-parent\" data-id=\"895d320\" data-element_type=\"container\" data-e-type=\"container\">\n\t\t\t\t\t<div class=\"e-con-inner\">\n\t\t\t\t<div class=\"elementor-element elementor-element-41ae3a8 elementor-widget elementor-widget-qi_addons_for_elementor_typeout_text\" data-id=\"41ae3a8\" data-element_type=\"widget\" data-e-type=\"widget\" data-widget_type=\"qi_addons_for_elementor_typeout_text.default\">\n\t\t\t\t<div class=\"elementor-widget-container\">\n\t\t\t\t\t<div class=\"qodef-shortcode qodef-m qodef-qi-typeout-text\" data-strings=\"[&quot;ZOETE SCHATKIST, EEN BETOVEREND GESCHENK ...&quot;]\" data-cursor=\"|\">\n\t<h2 class=\"qodef-m-text\">\n\t\t\t\t\tUN\t\t\t\t<span class=\"qodef-typeout-holder\">\n\t\t\t<span class=\"qodef-typeout\"><\/span>\n\t\t<\/span>\n\t<\/h2>\n<\/div>\n\t\t\t\t<\/div>\n\t\t\t\t<\/div>\n\t\t\t\t\t<\/div>\n\t\t\t\t<\/div>\n\t\t<div class=\"elementor-element elementor-element-f5c3b5b e-flex e-con-boxed e-con e-parent\" data-id=\"f5c3b5b\" data-element_type=\"container\" data-e-type=\"container\">\n\t\t\t\t\t<div class=\"e-con-inner\">\n\t\t<div class=\"elementor-element elementor-element-c725db6 e-con-full e-flex e-con e-child\" data-id=\"c725db6\" data-element_type=\"container\" data-e-type=\"container\">\n\t\t\t\t<div class=\"elementor-element elementor-element-26fada9 elementor-widget elementor-widget-heading\" data-id=\"26fada9\" data-element_type=\"widget\" data-e-type=\"widget\" data-widget_type=\"heading.default\">\n\t\t\t\t<div class=\"elementor-widget-container\">\n\t\t\t\t\t<h5 class=\"elementor-heading-title elementor-size-default\">un joli coffre \u00e0 tr\u00e9sors en guise de cadeau<\/h5>\t\t\t\t<\/div>\n\t\t\t\t<\/div>\n\t\t\t\t<div class=\"elementor-element elementor-element-09b54f5 elementor-widget elementor-widget-spacer\" data-id=\"09b54f5\" data-element_type=\"widget\" data-e-type=\"widget\" data-widget_type=\"spacer.default\">\n\t\t\t\t<div class=\"elementor-widget-container\">\n\t\t\t\t\t\t\t<div class=\"elementor-spacer\">\n\t\t\t<div class=\"elementor-spacer-inner\"><\/div>\n\t\t<\/div>\n\t\t\t\t\t\t<\/div>\n\t\t\t\t<\/div>\n\t\t\t\t<div class=\"elementor-element elementor-element-f574441 elementor-widget elementor-widget-heading\" data-id=\"f574441\" data-element_type=\"widget\" data-e-type=\"widget\" data-widget_type=\"heading.default\">\n\t\t\t\t<div class=\"elementor-widget-container\">\n\t\t\t\t\t<h4 class=\"elementor-heading-title elementor-size-default\">LE cadeau id\u00e9al \u00e0 offrir<\/h4>\t\t\t\t<\/div>\n\t\t\t\t<\/div>\n\t\t\t\t<div class=\"elementor-element elementor-element-026d977 elementor-widget elementor-widget-global elementor-global-18446 elementor-widget-spacer\" data-id=\"026d977\" data-element_type=\"widget\" data-e-type=\"widget\" data-widget_type=\"spacer.default\">\n\t\t\t\t<div class=\"elementor-widget-container\">\n\t\t\t\t\t\t\t<div class=\"elementor-spacer\">\n\t\t\t<div class=\"elementor-spacer-inner\"><\/div>\n\t\t<\/div>\n\t\t\t\t\t\t<\/div>\n\t\t\t\t<\/div>\n\t\t\t\t<div class=\"elementor-element elementor-element-d6da342 elementor-widget__width-initial elementor-widget elementor-widget-text-editor\" data-id=\"d6da342\" data-element_type=\"widget\" data-e-type=\"widget\" data-widget_type=\"text-editor.default\">\n\t\t\t\t<div class=\"elementor-widget-container\">\n\t\t\t\t\t\t\t\t\t<p>Certains cadeaux sont plus qu'une surprise. Ils sont une exp\u00e9rience, un moment d'\u00e9merveillement. C'est exactement ce que propose le coffre aux tr\u00e9sors de Bebin, une collection soigneusement s\u00e9lectionn\u00e9e de cr\u00e9ations de bonbons sophistiqu\u00e9es, cr\u00e9\u00e9es pour surprendre et enchanter.<\/p><p>Chaque bo\u00eete abrite un morceau de l\u00e9gende : une collection de bijoux sucr\u00e9s qui brillent comme des pierres pr\u00e9cieuses. Un petit rituel magique \u00e0 partager ou \u00e0 savourer seul. Un cadeau qui dure, un go\u00fbt dont on se souvient, un moment que l'on partage.<\/p>\t\t\t\t\t\t\t\t<\/div>\n\t\t\t\t<\/div>\n\t\t\t\t<div class=\"elementor-element elementor-element-720bb14 elementor-widget elementor-widget-spacer\" data-id=\"720bb14\" data-element_type=\"widget\" data-e-type=\"widget\" data-widget_type=\"spacer.default\">\n\t\t\t\t<div class=\"elementor-widget-container\">\n\t\t\t\t\t\t\t<div class=\"elementor-spacer\">\n\t\t\t<div class=\"elementor-spacer-inner\"><\/div>\n\t\t<\/div>\n\t\t\t\t\t\t<\/div>\n\t\t\t\t<\/div>\n\t\t\t\t<div class=\"elementor-element elementor-element-fdd3cf3 elementor-align-left elementor-widget elementor-widget-button\" data-id=\"fdd3cf3\" data-element_type=\"widget\" data-e-type=\"widget\" data-widget_type=\"button.default\">\n\t\t\t\t<div class=\"elementor-widget-container\">\n\t\t\t\t\t\t\t\t\t<div class=\"elementor-button-wrapper\">\n\t\t\t\t\t<a class=\"elementor-button elementor-button-link elementor-size-sm\" href=\"https:\/\/bebijn.be\/fr\/bonbons-uniques\/\">\n\t\t\t\t\t\t<span class=\"elementor-button-content-wrapper\">\n\t\t\t\t\t\t\t\t\t<span class=\"elementor-button-text\">D\u00c9COUVREZ NOS CADEAUX MAGIQUES<\/span>\n\t\t\t\t\t<\/span>\n\t\t\t\t\t<\/a>\n\t\t\t\t<\/div>\n\t\t\t\t\t\t\t\t<\/div>\n\t\t\t\t<\/div>\n\t\t\t\t<\/div>\n\t\t\t\t\t<\/div>\n\t\t\t\t<\/div>\n\t\t<div class=\"elementor-element elementor-element-0df2471 e-flex e-con-boxed e-con e-parent\" data-id=\"0df2471\" data-element_type=\"container\" data-e-type=\"container\" data-settings=\"{&quot;background_background&quot;:&quot;classic&quot;}\">\n\t\t\t\t\t<div class=\"e-con-inner\">\n\t\t<div class=\"elementor-element elementor-element-8a30878 e-con-full e-flex e-con e-child\" data-id=\"8a30878\" data-element_type=\"container\" data-e-type=\"container\">\n\t\t\t\t<div class=\"elementor-element elementor-element-351f726 elementor-widget elementor-widget-image\" data-id=\"351f726\" data-element_type=\"widget\" data-e-type=\"widget\" data-widget_type=\"image.default\">\n\t\t\t\t<div class=\"elementor-widget-container\">\n\t\t\t\t\t\t\t\t\t\t\t\t\t\t\t<img fetchpriority=\"high\" decoding=\"async\" width=\"800\" height=\"800\" src=\"https:\/\/bebijn.be\/wp-content\/uploads\/2025\/01\/A05-roze-rood-2-lagen-doosje-75gr.jpg\" class=\"attachment-full size-full wp-image-16998\" alt=\"\" srcset=\"https:\/\/bebijn.be\/wp-content\/uploads\/2025\/01\/A05-roze-rood-2-lagen-doosje-75gr.jpg 800w, https:\/\/bebijn.be\/wp-content\/uploads\/2025\/01\/A05-roze-rood-2-lagen-doosje-75gr-300x300.jpg 300w, https:\/\/bebijn.be\/wp-content\/uploads\/2025\/01\/A05-roze-rood-2-lagen-doosje-75gr-150x150.jpg 150w, https:\/\/bebijn.be\/wp-content\/uploads\/2025\/01\/A05-roze-rood-2-lagen-doosje-75gr-768x768.jpg 768w, https:\/\/bebijn.be\/wp-content\/uploads\/2025\/01\/A05-roze-rood-2-lagen-doosje-75gr-600x600.jpg 600w, https:\/\/bebijn.be\/wp-content\/uploads\/2025\/01\/A05-roze-rood-2-lagen-doosje-75gr-100x100.jpg 100w\" sizes=\"(max-width: 800px) 100vw, 800px\" \/>\t\t\t\t\t\t\t\t\t\t\t\t\t\t\t<\/div>\n\t\t\t\t<\/div>\n\t\t\t\t<\/div>\n\t\t<div class=\"elementor-element elementor-element-cb47ea9 e-con-full e-flex e-con e-child\" data-id=\"cb47ea9\" data-element_type=\"container\" data-e-type=\"container\">\n\t\t\t\t<div class=\"elementor-element elementor-element-babcefa elementor-widget elementor-widget-image\" data-id=\"babcefa\" data-element_type=\"widget\" data-e-type=\"widget\" data-widget_type=\"image.default\">\n\t\t\t\t<div class=\"elementor-widget-container\">\n\t\t\t\t\t\t\t\t\t\t\t\t\t\t\t<img decoding=\"async\" width=\"74\" height=\"74\" src=\"https:\/\/bebijn.be\/wp-content\/uploads\/2024\/12\/Bebijn-Icoon-v1.svg\" class=\"attachment-large size-large wp-image-16052\" alt=\"\" \/>\t\t\t\t\t\t\t\t\t\t\t\t\t\t\t<\/div>\n\t\t\t\t<\/div>\n\t\t\t\t<\/div>\n\t\t<div class=\"elementor-element elementor-element-2b5c8cd e-con-full e-flex e-con e-child\" data-id=\"2b5c8cd\" data-element_type=\"container\" data-e-type=\"container\">\n\t\t\t\t<div class=\"elementor-element elementor-element-fda264a elementor-widget elementor-widget-image\" data-id=\"fda264a\" data-element_type=\"widget\" data-e-type=\"widget\" data-widget_type=\"image.default\">\n\t\t\t\t<div class=\"elementor-widget-container\">\n\t\t\t\t\t\t\t\t\t\t\t\t\t\t\t<img decoding=\"async\" width=\"546\" height=\"500\" src=\"https:\/\/bebijn.be\/wp-content\/uploads\/2024\/12\/gum6-e1748965646268.png\" class=\"attachment-full size-full wp-image-16069\" alt=\"\" \/>\t\t\t\t\t\t\t\t\t\t\t\t\t\t\t<\/div>\n\t\t\t\t<\/div>\n\t\t\t\t<\/div>\n\t\t\t\t\t<\/div>\n\t\t\t\t<\/div>\n\t\t<div class=\"elementor-element elementor-element-97c02e4 e-flex e-con-boxed e-con e-parent\" data-id=\"97c02e4\" data-element_type=\"container\" data-e-type=\"container\">\n\t\t\t\t\t<div class=\"e-con-inner\">\n\t\t<div class=\"elementor-element elementor-element-83f7dff e-con-full e-flex e-con e-child\" data-id=\"83f7dff\" data-element_type=\"container\" data-e-type=\"container\">\n\t\t\t\t<div class=\"elementor-element elementor-element-2acd6ce elementor-widget elementor-widget-heading\" data-id=\"2acd6ce\" data-element_type=\"widget\" data-e-type=\"widget\" data-widget_type=\"heading.default\">\n\t\t\t\t<div class=\"elementor-widget-container\">\n\t\t\t\t\t<h5 class=\"elementor-heading-title elementor-size-default\">SURPRENDRE QUELQU'UN<\/h5>\t\t\t\t<\/div>\n\t\t\t\t<\/div>\n\t\t\t\t<div class=\"elementor-element elementor-element-e2d1c57 elementor-widget elementor-widget-global elementor-global-18446 elementor-widget-spacer\" data-id=\"e2d1c57\" data-element_type=\"widget\" data-e-type=\"widget\" data-widget_type=\"spacer.default\">\n\t\t\t\t<div class=\"elementor-widget-container\">\n\t\t\t\t\t\t\t<div class=\"elementor-spacer\">\n\t\t\t<div class=\"elementor-spacer-inner\"><\/div>\n\t\t<\/div>\n\t\t\t\t\t\t<\/div>\n\t\t\t\t<\/div>\n\t\t\t\t<div class=\"elementor-element elementor-element-a389921 elementor-widget elementor-widget-heading\" data-id=\"a389921\" data-element_type=\"widget\" data-e-type=\"widget\" data-widget_type=\"heading.default\">\n\t\t\t\t<div class=\"elementor-widget-container\">\n\t\t\t\t\t<h4 class=\"elementor-heading-title elementor-size-default\">PEUT ENCHANTER UN MOMENT UNIQUE<\/h4>\t\t\t\t<\/div>\n\t\t\t\t<\/div>\n\t\t\t\t<div class=\"elementor-element elementor-element-cba5b9a elementor-widget elementor-widget-global elementor-global-18446 elementor-widget-spacer\" data-id=\"cba5b9a\" data-element_type=\"widget\" data-e-type=\"widget\" data-widget_type=\"spacer.default\">\n\t\t\t\t<div class=\"elementor-widget-container\">\n\t\t\t\t\t\t\t<div class=\"elementor-spacer\">\n\t\t\t<div class=\"elementor-spacer-inner\"><\/div>\n\t\t<\/div>\n\t\t\t\t\t\t<\/div>\n\t\t\t\t<\/div>\n\t\t\t\t<div class=\"elementor-element elementor-element-7899d5e elementor-widget__width-initial elementor-widget elementor-widget-text-editor\" data-id=\"7899d5e\" data-element_type=\"widget\" data-e-type=\"widget\" data-widget_type=\"text-editor.default\">\n\t\t\t\t<div class=\"elementor-widget-container\">\n\t\t\t\t\t\t\t\t\t<p><span style=\"font-size: 12.0pt; line-height: 107%;\"><span style=\"font-size: 14px; text-align: left; background-color: #ffffff;\">Que vous soyez \u00e0 la recherche d'un cadeau magique pour vous-m\u00eame ou d'un cadeau parfait pour quelqu'un d'autre, notre bo\u00eete \u00e0 tr\u00e9sors offre quelque chose de sp\u00e9cial pour chaque occasion.\u00a0<\/span><\/span><\/p><p><span style=\"font-size: 12.0pt; line-height: 107%;\"><span style=\"font-size: 14px; text-align: left; background-color: #ffffff;\">\u00a0<\/span><\/span><\/p><p><span style=\"font-size: 12.0pt; line-height: 107%;\"><span style=\"font-size: 14px; text-align: left; background-color: #ffffff;\">Laissez-vous tenter par les tr\u00e9sors les plus doux et offrez-vous ou offrez \u00e0 quelqu'un d'autre un moment de d\u00e9tente, o\u00f9 la magie d'un ruisseau de douceur est omnipr\u00e9sente.\u00a0<\/span><\/span><\/p>\t\t\t\t\t\t\t\t<\/div>\n\t\t\t\t<\/div>\n\t\t\t\t<\/div>\n\t\t\t\t\t<\/div>\n\t\t\t\t<\/div>\n\t\t\t\t<\/div>","protected":false},"excerpt":{"rendered":"<p>UN coffre \u00e0 tr\u00e9sors en cadeau LE cadeau id\u00e9al \u00e0 offrir Certains cadeaux sont plus qu'une surprise. Ils sont une exp\u00e9rience, un moment d'\u00e9merveillement. Le coffre \u00e0 tr\u00e9sors...<\/p>","protected":false},"author":2,"featured_media":0,"parent":0,"menu_order":0,"comment_status":"closed","ping_status":"closed","template":"","meta":{"footnotes":""},"class_list":["post-17936","page","type-page","status-publish","hentry"],"yoast_head":"<!-- This site is optimized with the Yoast SEO Premium plugin v24.2 (Yoast SEO v27.4) - https:\/\/yoast.com\/product\/yoast-seo-premium-wordpress\/ -->\n<title>GESCHENKEN - Artisanale snoep op maat | Bebijn<\/title>\n<meta name=\"robots\" content=\"index, follow, max-snippet:-1, max-image-preview:large, max-video-preview:-1\" \/>\n<link rel=\"canonical\" href=\"https:\/\/bebijn.be\/fr\/cadeaux\/\" \/>\n<script type=\"application\/ld+json\" class=\"yoast-schema-graph\">{\"@context\":\"https:\\\/\\\/schema.org\",\"@graph\":[{\"@type\":\"WebPage\",\"@id\":\"https:\\\/\\\/bebijn.be\\\/geschenken\\\/\",\"url\":\"https:\\\/\\\/bebijn.be\\\/geschenken\\\/\",\"name\":\"GESCHENKEN - Artisanale snoep op maat | Bebijn\",\"isPartOf\":{\"@id\":\"https:\\\/\\\/bebijn.be\\\/#website\"},\"primaryImageOfPage\":{\"@id\":\"https:\\\/\\\/bebijn.be\\\/geschenken\\\/#primaryimage\"},\"image\":{\"@id\":\"https:\\\/\\\/bebijn.be\\\/geschenken\\\/#primaryimage\"},\"thumbnailUrl\":\"https:\\\/\\\/bebijn.be\\\/wp-content\\\/uploads\\\/2025\\\/01\\\/A05-roze-rood-2-lagen-doosje-75gr.jpg\",\"datePublished\":\"2025-02-16T11:16:51+00:00\",\"dateModified\":\"2025-06-24T20:13:45+00:00\",\"breadcrumb\":{\"@id\":\"https:\\\/\\\/bebijn.be\\\/geschenken\\\/#breadcrumb\"},\"inLanguage\":\"fr-BE\",\"potentialAction\":[{\"@type\":\"ReadAction\",\"target\":[\"https:\\\/\\\/bebijn.be\\\/geschenken\\\/\"]}]},{\"@type\":\"ImageObject\",\"inLanguage\":\"fr-BE\",\"@id\":\"https:\\\/\\\/bebijn.be\\\/geschenken\\\/#primaryimage\",\"url\":\"https:\\\/\\\/bebijn.be\\\/wp-content\\\/uploads\\\/2025\\\/01\\\/A05-roze-rood-2-lagen-doosje-75gr.jpg\",\"contentUrl\":\"https:\\\/\\\/bebijn.be\\\/wp-content\\\/uploads\\\/2025\\\/01\\\/A05-roze-rood-2-lagen-doosje-75gr.jpg\"},{\"@type\":\"BreadcrumbList\",\"@id\":\"https:\\\/\\\/bebijn.be\\\/geschenken\\\/#breadcrumb\",\"itemListElement\":[{\"@type\":\"ListItem\",\"position\":1,\"name\":\"Home\",\"item\":\"https:\\\/\\\/bebijn.be\\\/\"},{\"@type\":\"ListItem\",\"position\":2,\"name\":\"GESCHENKEN\"}]},{\"@type\":\"WebSite\",\"@id\":\"https:\\\/\\\/bebijn.be\\\/#website\",\"url\":\"https:\\\/\\\/bebijn.be\\\/\",\"name\":\"Bebijn | Artisanale snoep op maat\",\"description\":\"confiserie en snoep voor gastronomie marketing geschenk\",\"publisher\":{\"@id\":\"https:\\\/\\\/bebijn.be\\\/#organization\"},\"potentialAction\":[{\"@type\":\"SearchAction\",\"target\":{\"@type\":\"EntryPoint\",\"urlTemplate\":\"https:\\\/\\\/bebijn.be\\\/?s={search_term_string}\"},\"query-input\":{\"@type\":\"PropertyValueSpecification\",\"valueRequired\":true,\"valueName\":\"search_term_string\"}}],\"inLanguage\":\"fr-BE\"},{\"@type\":\"Organization\",\"@id\":\"https:\\\/\\\/bebijn.be\\\/#organization\",\"name\":\"Bebijn\",\"url\":\"https:\\\/\\\/bebijn.be\\\/\",\"logo\":{\"@type\":\"ImageObject\",\"inLanguage\":\"fr-BE\",\"@id\":\"https:\\\/\\\/bebijn.be\\\/#\\\/schema\\\/logo\\\/image\\\/\",\"url\":\"https:\\\/\\\/bebijn.be\\\/wp-content\\\/uploads\\\/2024\\\/12\\\/Bebijn-Logo-RGB-v1.png\",\"contentUrl\":\"https:\\\/\\\/bebijn.be\\\/wp-content\\\/uploads\\\/2024\\\/12\\\/Bebijn-Logo-RGB-v1.png\",\"width\":800,\"height\":800,\"caption\":\"Bebijn\"},\"image\":{\"@id\":\"https:\\\/\\\/bebijn.be\\\/#\\\/schema\\\/logo\\\/image\\\/\"},\"sameAs\":[\"https:\\\/\\\/www.facebook.com\\\/bebijn\\\/\",\"https:\\\/\\\/www.instagram.com\\\/bebijn.sweets\\\/\"]}]}<\/script>\n<!-- \/ Yoast SEO Premium plugin. -->","yoast_head_json":{"title":"Bonbons artisanaux sur mesure | Bebijn","robots":{"index":"index","follow":"follow","max-snippet":"max-snippet:-1","max-image-preview":"max-image-preview:large","max-video-preview":"max-video-preview:-1"},"canonical":"https:\/\/bebijn.be\/fr\/cadeaux\/","schema":{"@context":"https:\/\/schema.org","@graph":[{"@type":"WebPage","@id":"https:\/\/bebijn.be\/geschenken\/","url":"https:\/\/bebijn.be\/geschenken\/","name":"Bonbons artisanaux sur mesure | Bebijn","isPartOf":{"@id":"https:\/\/bebijn.be\/#website"},"primaryImageOfPage":{"@id":"https:\/\/bebijn.be\/geschenken\/#primaryimage"},"image":{"@id":"https:\/\/bebijn.be\/geschenken\/#primaryimage"},"thumbnailUrl":"https:\/\/bebijn.be\/wp-content\/uploads\/2025\/01\/A05-roze-rood-2-lagen-doosje-75gr.jpg","datePublished":"2025-02-16T11:16:51+00:00","dateModified":"2025-06-24T20:13:45+00:00","breadcrumb":{"@id":"https:\/\/bebijn.be\/geschenken\/#breadcrumb"},"inLanguage":"fr-BE","potentialAction":[{"@type":"ReadAction","target":["https:\/\/bebijn.be\/geschenken\/"]}]},{"@type":"ImageObject","inLanguage":"fr-BE","@id":"https:\/\/bebijn.be\/geschenken\/#primaryimage","url":"https:\/\/bebijn.be\/wp-content\/uploads\/2025\/01\/A05-roze-rood-2-lagen-doosje-75gr.jpg","contentUrl":"https:\/\/bebijn.be\/wp-content\/uploads\/2025\/01\/A05-roze-rood-2-lagen-doosje-75gr.jpg"},{"@type":"BreadcrumbList","@id":"https:\/\/bebijn.be\/geschenken\/#breadcrumb","itemListElement":[{"@type":"ListItem","position":1,"name":"Home","item":"https:\/\/bebijn.be\/"},{"@type":"ListItem","position":2,"name":"GESCHENKEN"}]},{"@type":"WebSite","@id":"https:\/\/bebijn.be\/#website","url":"https:\/\/bebijn.be\/","name":"Bebijn | Sucreries artisanales personnalis\u00e9es","description":"confiserie et bonbons pour la gastronomie cadeau marketing","publisher":{"@id":"https:\/\/bebijn.be\/#organization"},"potentialAction":[{"@type":"SearchAction","target":{"@type":"EntryPoint","urlTemplate":"https:\/\/bebijn.be\/?s={search_term_string}"},"query-input":{"@type":"PropertyValueSpecification","valueRequired":true,"valueName":"search_term_string"}}],"inLanguage":"fr-BE"},{"@type":"Organization","@id":"https:\/\/bebijn.be\/#organization","name":"Bebijn","url":"https:\/\/bebijn.be\/","logo":{"@type":"ImageObject","inLanguage":"fr-BE","@id":"https:\/\/bebijn.be\/#\/schema\/logo\/image\/","url":"https:\/\/bebijn.be\/wp-content\/uploads\/2024\/12\/Bebijn-Logo-RGB-v1.png","contentUrl":"https:\/\/bebijn.be\/wp-content\/uploads\/2024\/12\/Bebijn-Logo-RGB-v1.png","width":800,"height":800,"caption":"Bebijn"},"image":{"@id":"https:\/\/bebijn.be\/#\/schema\/logo\/image\/"},"sameAs":["https:\/\/www.facebook.com\/bebijn\/","https:\/\/www.instagram.com\/bebijn.sweets\/"]}]}},"_links":{"self":[{"href":"https:\/\/bebijn.be\/fr\/wp-json\/wp\/v2\/pages\/17936","targetHints":{"allow":["GET"]}}],"collection":[{"href":"https:\/\/bebijn.be\/fr\/wp-json\/wp\/v2\/pages"}],"about":[{"href":"https:\/\/bebijn.be\/fr\/wp-json\/wp\/v2\/types\/page"}],"author":[{"embeddable":true,"href":"https:\/\/bebijn.be\/fr\/wp-json\/wp\/v2\/users\/2"}],"replies":[{"embeddable":true,"href":"https:\/\/bebijn.be\/fr\/wp-json\/wp\/v2\/comments?post=17936"}],"version-history":[{"count":46,"href":"https:\/\/bebijn.be\/fr\/wp-json\/wp\/v2\/pages\/17936\/revisions"}],"predecessor-version":[{"id":19057,"href":"https:\/\/bebijn.be\/fr\/wp-json\/wp\/v2\/pages\/17936\/revisions\/19057"}],"wp:attachment":[{"href":"https:\/\/bebijn.be\/fr\/wp-json\/wp\/v2\/media?parent=17936"}],"curies":[{"name":"wp","href":"https:\/\/api.w.org\/{rel}","templated":true}]}}