{"id":17091,"date":"2025-01-25T10:43:38","date_gmt":"2025-01-25T09:43:38","guid":{"rendered":"https:\/\/deezine.be\/bebijn\/?post_type=product&#038;p=17091"},"modified":"2026-04-15T13:51:21","modified_gmt":"2026-04-15T11:51:21","slug":"nougat","status":"publish","type":"product","link":"https:\/\/bebijn.be\/fr\/product\/amandel-hazelnoot-pistache-honing\/","title":{"rendered":"Amande - Noisette - Pistache - Miel"},"content":{"rendered":"<p><span>Le nougat soft bebine \u00e0 la noisette, \u00e0 la pistache, \u00e0 l'amande et au miel est une v\u00e9ritable malle aux tr\u00e9sors pleine d'explosions de saveurs. Le nougat Luxe renferme des noisettes, des pistaches et des amandes croquantes, tandis que le miel sucr\u00e9 donne un \u00e9clat dor\u00e9 \u00e0 cette cr\u00e9ation culinaire. <\/span><\/p>\n<p>id\u00e9al pour accompagner le caf\u00e9 comme mignardise, addition, une douceur \u00e0 d\u00e9guster ou \u00e0 offrir comme cadeau original, une douceur artisanale Bebijn.<\/p>\n<p><span>Chaque bouch\u00e9e r\u00e9v\u00e8le une succulente symphonie de noix et de miel, avec un \u00e9quilibre parfait entre le croquant et l'onctuosit\u00e9. Une g\u00e2terie inoubliable qui enchante les papilles et c\u00e9l\u00e8bre l'art de la gourmandise. Nougat mou de premi\u00e8re qualit\u00e9<\/span><\/p>","protected":false},"excerpt":{"rendered":"<p>zachte nougat van bebijn met hazelnoot, pistache, amandel en honing is als een schatkist vol smaakexplosies. De Luxe nougat omarmt de knapperige hazelnoten, pistachenoten en amandelen, terwijl de zoete honing&#8230;<\/p>","protected":false},"featured_media":17027,"template":"","meta":[],"product_brand":[],"product_cat":[77],"product_tag":[],"class_list":{"0":"post-17091","1":"product","2":"type-product","3":"status-publish","4":"has-post-thumbnail","6":"product_cat-nougat","8":"first","9":"instock","10":"taxable","11":"shipping-taxable","12":"purchasable","13":"product-type-simple"},"yoast_head":"<!-- This site is optimized with the Yoast SEO Premium plugin v24.2 (Yoast SEO v27.4) - https:\/\/yoast.com\/product\/yoast-seo-premium-wordpress\/ -->\n<title>Amandel \u2022 Hazelnoot \u2022 Pistache \u2022 Honing - Artisanale snoep op maat | Bebijn<\/title>\n<meta name=\"description\" content=\"Luxe nougat van Bebijn met hazelnoot, pistache, amandel en honing: een schatkist vol smaakexplosies, een weelderige symfonie van noten en honing. \ud83c\udf30\ud83c\udf6f\ud83c\udf6c\" \/>\n<meta name=\"robots\" content=\"index, follow, max-snippet:-1, max-image-preview:large, max-video-preview:-1\" \/>\n<link rel=\"canonical\" href=\"https:\/\/bebijn.be\/fr\/produit\/nougat\/\" \/>\n<script type=\"application\/ld+json\" class=\"yoast-schema-graph\">{\"@context\":\"https:\\\/\\\/schema.org\",\"@graph\":[{\"@type\":\"WebPage\",\"@id\":\"https:\\\/\\\/bebijn.be\\\/product\\\/amandel-hazelnoot-pistache-honing\\\/\",\"url\":\"https:\\\/\\\/bebijn.be\\\/product\\\/amandel-hazelnoot-pistache-honing\\\/\",\"name\":\"Amandel \u2022 Hazelnoot \u2022 Pistache \u2022 Honing - Artisanale snoep op maat | Bebijn\",\"isPartOf\":{\"@id\":\"https:\\\/\\\/bebijn.be\\\/#website\"},\"primaryImageOfPage\":{\"@id\":\"https:\\\/\\\/bebijn.be\\\/product\\\/amandel-hazelnoot-pistache-honing\\\/#primaryimage\"},\"image\":{\"@id\":\"https:\\\/\\\/bebijn.be\\\/product\\\/amandel-hazelnoot-pistache-honing\\\/#primaryimage\"},\"thumbnailUrl\":\"https:\\\/\\\/bebijn.be\\\/wp-content\\\/uploads\\\/2025\\\/01\\\/nougat-luxe.jpg\",\"datePublished\":\"2025-01-25T09:43:38+00:00\",\"dateModified\":\"2026-04-15T11:51:21+00:00\",\"description\":\"Luxe nougat van Bebijn met hazelnoot, pistache, amandel en honing: een schatkist vol smaakexplosies, een weelderige symfonie van noten en honing. \ud83c\udf30\ud83c\udf6f\ud83c\udf6c\",\"breadcrumb\":{\"@id\":\"https:\\\/\\\/bebijn.be\\\/product\\\/amandel-hazelnoot-pistache-honing\\\/#breadcrumb\"},\"inLanguage\":\"fr-BE\",\"potentialAction\":[{\"@type\":\"ReadAction\",\"target\":[\"https:\\\/\\\/bebijn.be\\\/product\\\/amandel-hazelnoot-pistache-honing\\\/\"]}]},{\"@type\":\"ImageObject\",\"inLanguage\":\"fr-BE\",\"@id\":\"https:\\\/\\\/bebijn.be\\\/product\\\/amandel-hazelnoot-pistache-honing\\\/#primaryimage\",\"url\":\"https:\\\/\\\/bebijn.be\\\/wp-content\\\/uploads\\\/2025\\\/01\\\/nougat-luxe.jpg\",\"contentUrl\":\"https:\\\/\\\/bebijn.be\\\/wp-content\\\/uploads\\\/2025\\\/01\\\/nougat-luxe.jpg\",\"width\":800,\"height\":600},{\"@type\":\"BreadcrumbList\",\"@id\":\"https:\\\/\\\/bebijn.be\\\/product\\\/amandel-hazelnoot-pistache-honing\\\/#breadcrumb\",\"itemListElement\":[{\"@type\":\"ListItem\",\"position\":1,\"name\":\"Home\",\"item\":\"https:\\\/\\\/bebijn.be\\\/\"},{\"@type\":\"ListItem\",\"position\":2,\"name\":\"Winkel Bebijn\",\"item\":\"https:\\\/\\\/bebijn.be\\\/winkel-bebijn\\\/\"},{\"@type\":\"ListItem\",\"position\":3,\"name\":\"Amandel \u2022 Hazelnoot \u2022 Pistache \u2022 Honing\"}]},{\"@type\":\"WebSite\",\"@id\":\"https:\\\/\\\/bebijn.be\\\/#website\",\"url\":\"https:\\\/\\\/bebijn.be\\\/\",\"name\":\"Bebijn | Artisanale snoep op maat\",\"description\":\"confiserie en snoep voor gastronomie marketing geschenk\",\"publisher\":{\"@id\":\"https:\\\/\\\/bebijn.be\\\/#organization\"},\"potentialAction\":[{\"@type\":\"SearchAction\",\"target\":{\"@type\":\"EntryPoint\",\"urlTemplate\":\"https:\\\/\\\/bebijn.be\\\/?s={search_term_string}\"},\"query-input\":{\"@type\":\"PropertyValueSpecification\",\"valueRequired\":true,\"valueName\":\"search_term_string\"}}],\"inLanguage\":\"fr-BE\"},{\"@type\":\"Organization\",\"@id\":\"https:\\\/\\\/bebijn.be\\\/#organization\",\"name\":\"Bebijn\",\"url\":\"https:\\\/\\\/bebijn.be\\\/\",\"logo\":{\"@type\":\"ImageObject\",\"inLanguage\":\"fr-BE\",\"@id\":\"https:\\\/\\\/bebijn.be\\\/#\\\/schema\\\/logo\\\/image\\\/\",\"url\":\"https:\\\/\\\/bebijn.be\\\/wp-content\\\/uploads\\\/2024\\\/12\\\/Bebijn-Logo-RGB-v1.png\",\"contentUrl\":\"https:\\\/\\\/bebijn.be\\\/wp-content\\\/uploads\\\/2024\\\/12\\\/Bebijn-Logo-RGB-v1.png\",\"width\":800,\"height\":800,\"caption\":\"Bebijn\"},\"image\":{\"@id\":\"https:\\\/\\\/bebijn.be\\\/#\\\/schema\\\/logo\\\/image\\\/\"},\"sameAs\":[\"https:\\\/\\\/www.facebook.com\\\/bebijn\\\/\",\"https:\\\/\\\/www.instagram.com\\\/bebijn.sweets\\\/\"]}]}<\/script>\n<meta property=\"product:price:amount\" content=\"45.00\" \/>\n<meta property=\"product:price:currency\" content=\"EUR\" \/>\n<meta property=\"og:availability\" content=\"instock\" \/>\n<meta property=\"product:availability\" content=\"instock\" \/>\n<meta property=\"product:retailer_item_id\" content=\"399\" \/>\n<meta property=\"product:condition\" content=\"new\" \/>\n<!-- \/ Yoast SEO Premium plugin. -->","yoast_head_json":{"title":"Amande - Noisette - Pistache - Miel - Friandises artisanales | Bebijn","description":"Nougat de luxe de Bebijn \u00e0 la noisette, \u00e0 la pistache, \u00e0 l'amande et au miel : un coffre aux tr\u00e9sors plein d'explosions de saveurs, une somptueuse symphonie de noix et de miel. \ud83c\udf30\ud83c\udf6f\ud83c\udf6c","robots":{"index":"index","follow":"follow","max-snippet":"max-snippet:-1","max-image-preview":"max-image-preview:large","max-video-preview":"max-video-preview:-1"},"canonical":"https:\/\/bebijn.be\/fr\/produit\/nougat\/","schema":{"@context":"https:\/\/schema.org","@graph":[{"@type":"WebPage","@id":"https:\/\/bebijn.be\/product\/amandel-hazelnoot-pistache-honing\/","url":"https:\/\/bebijn.be\/product\/amandel-hazelnoot-pistache-honing\/","name":"Amande - Noisette - Pistache - Miel - Friandises artisanales | Bebijn","isPartOf":{"@id":"https:\/\/bebijn.be\/#website"},"primaryImageOfPage":{"@id":"https:\/\/bebijn.be\/product\/amandel-hazelnoot-pistache-honing\/#primaryimage"},"image":{"@id":"https:\/\/bebijn.be\/product\/amandel-hazelnoot-pistache-honing\/#primaryimage"},"thumbnailUrl":"https:\/\/bebijn.be\/wp-content\/uploads\/2025\/01\/nougat-luxe.jpg","datePublished":"2025-01-25T09:43:38+00:00","dateModified":"2026-04-15T11:51:21+00:00","description":"Nougat de luxe de Bebijn \u00e0 la noisette, \u00e0 la pistache, \u00e0 l'amande et au miel : un coffre aux tr\u00e9sors plein d'explosions de saveurs, une somptueuse symphonie de noix et de miel. \ud83c\udf30\ud83c\udf6f\ud83c\udf6c","breadcrumb":{"@id":"https:\/\/bebijn.be\/product\/amandel-hazelnoot-pistache-honing\/#breadcrumb"},"inLanguage":"fr-BE","potentialAction":[{"@type":"ReadAction","target":["https:\/\/bebijn.be\/product\/amandel-hazelnoot-pistache-honing\/"]}]},{"@type":"ImageObject","inLanguage":"fr-BE","@id":"https:\/\/bebijn.be\/product\/amandel-hazelnoot-pistache-honing\/#primaryimage","url":"https:\/\/bebijn.be\/wp-content\/uploads\/2025\/01\/nougat-luxe.jpg","contentUrl":"https:\/\/bebijn.be\/wp-content\/uploads\/2025\/01\/nougat-luxe.jpg","width":800,"height":600},{"@type":"BreadcrumbList","@id":"https:\/\/bebijn.be\/product\/amandel-hazelnoot-pistache-honing\/#breadcrumb","itemListElement":[{"@type":"ListItem","position":1,"name":"Home","item":"https:\/\/bebijn.be\/"},{"@type":"ListItem","position":2,"name":"Winkel Bebijn","item":"https:\/\/bebijn.be\/winkel-bebijn\/"},{"@type":"ListItem","position":3,"name":"Amandel \u2022 Hazelnoot \u2022 Pistache \u2022 Honing"}]},{"@type":"WebSite","@id":"https:\/\/bebijn.be\/#website","url":"https:\/\/bebijn.be\/","name":"Bebijn | Sucreries artisanales personnalis\u00e9es","description":"confiserie et bonbons pour la gastronomie cadeau marketing","publisher":{"@id":"https:\/\/bebijn.be\/#organization"},"potentialAction":[{"@type":"SearchAction","target":{"@type":"EntryPoint","urlTemplate":"https:\/\/bebijn.be\/?s={search_term_string}"},"query-input":{"@type":"PropertyValueSpecification","valueRequired":true,"valueName":"search_term_string"}}],"inLanguage":"fr-BE"},{"@type":"Organization","@id":"https:\/\/bebijn.be\/#organization","name":"Bebijn","url":"https:\/\/bebijn.be\/","logo":{"@type":"ImageObject","inLanguage":"fr-BE","@id":"https:\/\/bebijn.be\/#\/schema\/logo\/image\/","url":"https:\/\/bebijn.be\/wp-content\/uploads\/2024\/12\/Bebijn-Logo-RGB-v1.png","contentUrl":"https:\/\/bebijn.be\/wp-content\/uploads\/2024\/12\/Bebijn-Logo-RGB-v1.png","width":800,"height":800,"caption":"Bebijn"},"image":{"@id":"https:\/\/bebijn.be\/#\/schema\/logo\/image\/"},"sameAs":["https:\/\/www.facebook.com\/bebijn\/","https:\/\/www.instagram.com\/bebijn.sweets\/"]}]},"product_price_amount":"45.00","product_price_currency":"EUR","og_availability":"instock","product_availability":"instock","product_retailer_item_id":"399","product_condition":"new"},"_links":{"self":[{"href":"https:\/\/bebijn.be\/fr\/wp-json\/wp\/v2\/product\/17091","targetHints":{"allow":["GET"]}}],"collection":[{"href":"https:\/\/bebijn.be\/fr\/wp-json\/wp\/v2\/product"}],"about":[{"href":"https:\/\/bebijn.be\/fr\/wp-json\/wp\/v2\/types\/product"}],"version-history":[{"count":1,"href":"https:\/\/bebijn.be\/fr\/wp-json\/wp\/v2\/product\/17091\/revisions"}],"predecessor-version":[{"id":19294,"href":"https:\/\/bebijn.be\/fr\/wp-json\/wp\/v2\/product\/17091\/revisions\/19294"}],"wp:featuredmedia":[{"embeddable":true,"href":"https:\/\/bebijn.be\/fr\/wp-json\/wp\/v2\/media\/17027"}],"wp:attachment":[{"href":"https:\/\/bebijn.be\/fr\/wp-json\/wp\/v2\/media?parent=17091"}],"wp:term":[{"taxonomy":"product_brand","embeddable":true,"href":"https:\/\/bebijn.be\/fr\/wp-json\/wp\/v2\/product_brand?post=17091"},{"taxonomy":"product_cat","embeddable":true,"href":"https:\/\/bebijn.be\/fr\/wp-json\/wp\/v2\/product_cat?post=17091"},{"taxonomy":"product_tag","embeddable":true,"href":"https:\/\/bebijn.be\/fr\/wp-json\/wp\/v2\/product_tag?post=17091"}],"curies":[{"name":"wp","href":"https:\/\/api.w.org\/{rel}","templated":true}]}}