{"id":17092,"date":"2025-01-25T10:43:38","date_gmt":"2025-01-25T09:43:38","guid":{"rendered":"https:\/\/deezine.be\/bebijn\/?post_type=product&#038;p=17092"},"modified":"2026-03-27T12:21:48","modified_gmt":"2026-03-27T10:21:48","slug":"nougat-cacahuetes-amandes-sel-chocolat-miel","status":"publish","type":"product","link":"https:\/\/bebijn.be\/fr\/product\/pinda-amandel-zout-chocolade-honing\/","title":{"rendered":"Cacahu\u00e8te - Amande - Sel - Chocolat - Miel"},"content":{"rendered":"<div class=\"flex-1 overflow-hidden\">\n<div class=\"react-scroll-to-bottom--css-tyuyu-79elbk h-full dark:bg-gray-800\">\n<div class=\"react-scroll-to-bottom--css-tyuyu-1n7m0yu\">\n<div class=\"flex flex-col text-sm dark:bg-gray-800\">\n<div class=\"group final-completion w-full text-token-text-primary border-b border-black\/10 gizmo:border-0 dark:border-gray-900\/50 gizmo:dark:border-0 bg-gray-50 gizmo:bg-transparent dark:bg-[#444654] gizmo:dark:bg-transparent\" data-testid=\"conversation-turn-141\">\n<div class=\"p-4 justify-center text-base md:gap-6 md:py-6 m-auto\">\n<div class=\"flex flex-1 gap-4 text-base mx-auto md:gap-6 gizmo:gap-3 gizmo:md:px-5 gizmo:lg:px-1 gizmo:xl:px-5 md:max-w-2xl lg:max-w-[38rem] gizmo:md:max-w-3xl gizmo:lg:max-w-[40rem] gizmo:xl:max-w-[48rem] xl:max-w-3xl }\">\n<div class=\"relative flex w-[calc(100%-50px)] flex-col gizmo:w-full lg:w-[calc(100%-115px)] agent-turn\">\n<div class=\"flex-col gap-1 md:gap-3\">\n<div class=\"flex flex-grow flex-col gap-3 max-w-full\">\n<div class=\"min-h-[20px] flex flex-col items-start gap-3 whitespace-pre-wrap break-words overflow-x-auto\">\n<div class=\"markdown prose w-full break-words dark:prose-invert light\">\n<p>Le nougat artisanal Bebijn aux cacahu\u00e8tes, au miel, au sel, au chocolat et aux amandes est un chef-d'\u0153uvre de sophistication sucr\u00e9e et sal\u00e9e. Des cacahu\u00e8tes et des amandes croquantes avec la douceur du miel, tandis qu'une touche de sel \u00e9quilibre les saveurs. L'ajout de chocolat ajoute une dimension riche et velout\u00e9e \u00e0 cette cr\u00e9ation culinaire.<\/p>\n<p>id\u00e9al pour accompagner le caf\u00e9 comme mignardise, addition, une douceur \u00e0 d\u00e9guster ou \u00e0 offrir comme cadeau original, une douceur artisanale Bebijn.<\/p>\n<p>Chaque bouch\u00e9e r\u00e9v\u00e8le une sensation gustative qui r\u00e9unit une symphonie de sucr\u00e9 et de sal\u00e9, caressant vos papilles avec une harmonie complexe de saveurs et de textures. Un r\u00e9gal inoubliable pour les gourmands et les amateurs d'artisanat.<\/p>\n<\/div>\n<\/div>\n<\/div>\n<\/div>\n<\/div>\n<\/div>\n<\/div>\n<\/div>\n<div class=\"h-36 md:h-48 flex-shrink-0\"><\/div>\n<\/div>\n<\/div>\n<\/div>\n<\/div>","protected":false},"excerpt":{"rendered":"<p>Artisanale nougat van Bebijn met pinda, honing, zout, chocolade en amandel is als een meesterwerk van zoete en hartige verfijning. knapperige pinda&#8217;s en amandelen met de zachte zoetheid van honing,&#8230;<\/p>","protected":false},"featured_media":17025,"template":"","meta":[],"product_brand":[],"product_cat":[77],"product_tag":[],"class_list":{"0":"post-17092","1":"product","2":"type-product","3":"status-publish","4":"has-post-thumbnail","6":"product_cat-nougat","8":"first","9":"instock","10":"taxable","11":"shipping-taxable","12":"purchasable","13":"product-type-simple"},"yoast_head":"<!-- This site is optimized with the Yoast SEO Premium plugin v24.2 (Yoast SEO v27.4) - https:\/\/yoast.com\/product\/yoast-seo-premium-wordpress\/ -->\n<title>Pinda \u2022 Amandel \u2022 Zout \u2022 Chocolade \u2022 Honing - Artisanale snoep op maat | Bebijn<\/title>\n<meta name=\"description\" content=\"Artisanale nougat van Bebijn met pinda, honing, zout, chocolade en amandel: een meesterwerk van zoet en hartig, een harmonie van smaken en texturen. \ud83e\udd5c\ud83c\udf6f\ud83c\udf6b\ud83c\udf30\ud83c\udf6c\" \/>\n<meta name=\"robots\" content=\"index, follow, max-snippet:-1, max-image-preview:large, max-video-preview:-1\" \/>\n<link rel=\"canonical\" href=\"https:\/\/bebijn.be\/fr\/produit\/nougat-cacahuetes-amandes-sel-chocolat-miel\/\" \/>\n<script type=\"application\/ld+json\" class=\"yoast-schema-graph\">{\"@context\":\"https:\\\/\\\/schema.org\",\"@graph\":[{\"@type\":\"WebPage\",\"@id\":\"https:\\\/\\\/bebijn.be\\\/product\\\/pinda-amandel-zout-chocolade-honing\\\/\",\"url\":\"https:\\\/\\\/bebijn.be\\\/product\\\/pinda-amandel-zout-chocolade-honing\\\/\",\"name\":\"Pinda \u2022 Amandel \u2022 Zout \u2022 Chocolade \u2022 Honing - Artisanale snoep op maat | Bebijn\",\"isPartOf\":{\"@id\":\"https:\\\/\\\/bebijn.be\\\/#website\"},\"primaryImageOfPage\":{\"@id\":\"https:\\\/\\\/bebijn.be\\\/product\\\/pinda-amandel-zout-chocolade-honing\\\/#primaryimage\"},\"image\":{\"@id\":\"https:\\\/\\\/bebijn.be\\\/product\\\/pinda-amandel-zout-chocolade-honing\\\/#primaryimage\"},\"thumbnailUrl\":\"https:\\\/\\\/bebijn.be\\\/wp-content\\\/uploads\\\/2025\\\/01\\\/nougat-choco.jpg\",\"datePublished\":\"2025-01-25T09:43:38+00:00\",\"dateModified\":\"2026-03-27T10:21:48+00:00\",\"description\":\"Artisanale nougat van Bebijn met pinda, honing, zout, chocolade en amandel: een meesterwerk van zoet en hartig, een harmonie van smaken en texturen. \ud83e\udd5c\ud83c\udf6f\ud83c\udf6b\ud83c\udf30\ud83c\udf6c\",\"breadcrumb\":{\"@id\":\"https:\\\/\\\/bebijn.be\\\/product\\\/pinda-amandel-zout-chocolade-honing\\\/#breadcrumb\"},\"inLanguage\":\"fr-BE\",\"potentialAction\":[{\"@type\":\"ReadAction\",\"target\":[\"https:\\\/\\\/bebijn.be\\\/product\\\/pinda-amandel-zout-chocolade-honing\\\/\"]}]},{\"@type\":\"ImageObject\",\"inLanguage\":\"fr-BE\",\"@id\":\"https:\\\/\\\/bebijn.be\\\/product\\\/pinda-amandel-zout-chocolade-honing\\\/#primaryimage\",\"url\":\"https:\\\/\\\/bebijn.be\\\/wp-content\\\/uploads\\\/2025\\\/01\\\/nougat-choco.jpg\",\"contentUrl\":\"https:\\\/\\\/bebijn.be\\\/wp-content\\\/uploads\\\/2025\\\/01\\\/nougat-choco.jpg\",\"width\":800,\"height\":800},{\"@type\":\"BreadcrumbList\",\"@id\":\"https:\\\/\\\/bebijn.be\\\/product\\\/pinda-amandel-zout-chocolade-honing\\\/#breadcrumb\",\"itemListElement\":[{\"@type\":\"ListItem\",\"position\":1,\"name\":\"Home\",\"item\":\"https:\\\/\\\/bebijn.be\\\/\"},{\"@type\":\"ListItem\",\"position\":2,\"name\":\"Winkel Bebijn\",\"item\":\"https:\\\/\\\/bebijn.be\\\/winkel-bebijn\\\/\"},{\"@type\":\"ListItem\",\"position\":3,\"name\":\"Pinda \u2022 Amandel \u2022 Zout \u2022 Chocolade \u2022 Honing\"}]},{\"@type\":\"WebSite\",\"@id\":\"https:\\\/\\\/bebijn.be\\\/#website\",\"url\":\"https:\\\/\\\/bebijn.be\\\/\",\"name\":\"Bebijn | Artisanale snoep op maat\",\"description\":\"confiserie en snoep voor gastronomie marketing geschenk\",\"publisher\":{\"@id\":\"https:\\\/\\\/bebijn.be\\\/#organization\"},\"potentialAction\":[{\"@type\":\"SearchAction\",\"target\":{\"@type\":\"EntryPoint\",\"urlTemplate\":\"https:\\\/\\\/bebijn.be\\\/?s={search_term_string}\"},\"query-input\":{\"@type\":\"PropertyValueSpecification\",\"valueRequired\":true,\"valueName\":\"search_term_string\"}}],\"inLanguage\":\"fr-BE\"},{\"@type\":\"Organization\",\"@id\":\"https:\\\/\\\/bebijn.be\\\/#organization\",\"name\":\"Bebijn\",\"url\":\"https:\\\/\\\/bebijn.be\\\/\",\"logo\":{\"@type\":\"ImageObject\",\"inLanguage\":\"fr-BE\",\"@id\":\"https:\\\/\\\/bebijn.be\\\/#\\\/schema\\\/logo\\\/image\\\/\",\"url\":\"https:\\\/\\\/bebijn.be\\\/wp-content\\\/uploads\\\/2024\\\/12\\\/Bebijn-Logo-RGB-v1.png\",\"contentUrl\":\"https:\\\/\\\/bebijn.be\\\/wp-content\\\/uploads\\\/2024\\\/12\\\/Bebijn-Logo-RGB-v1.png\",\"width\":800,\"height\":800,\"caption\":\"Bebijn\"},\"image\":{\"@id\":\"https:\\\/\\\/bebijn.be\\\/#\\\/schema\\\/logo\\\/image\\\/\"},\"sameAs\":[\"https:\\\/\\\/www.facebook.com\\\/bebijn\\\/\",\"https:\\\/\\\/www.instagram.com\\\/bebijn.sweets\\\/\"]}]}<\/script>\n<meta property=\"product:price:amount\" content=\"45.00\" \/>\n<meta property=\"product:price:currency\" content=\"EUR\" \/>\n<meta property=\"og:availability\" content=\"instock\" \/>\n<meta property=\"product:availability\" content=\"instock\" \/>\n<meta property=\"product:retailer_item_id\" content=\"671\" \/>\n<meta property=\"product:condition\" content=\"new\" \/>\n<!-- \/ Yoast SEO Premium plugin. -->","yoast_head_json":{"title":"Cacahu\u00e8te - Amande - Sel - Chocolat - Miel - Friandises artisanales | Bebijn","description":"Nougat artisanal de Bebijn \u00e0 la cacahu\u00e8te, au miel, au sel, au chocolat et \u00e0 l'amande : un chef-d'\u0153uvre de sucr\u00e9-sal\u00e9, une harmonie de saveurs et de textures. \ud83e\udd5c\ud83c\udf6f\ud83c\udf6b\ud83c\udf30\ud83c\udf6c","robots":{"index":"index","follow":"follow","max-snippet":"max-snippet:-1","max-image-preview":"max-image-preview:large","max-video-preview":"max-video-preview:-1"},"canonical":"https:\/\/bebijn.be\/fr\/produit\/nougat-cacahuetes-amandes-sel-chocolat-miel\/","schema":{"@context":"https:\/\/schema.org","@graph":[{"@type":"WebPage","@id":"https:\/\/bebijn.be\/product\/pinda-amandel-zout-chocolade-honing\/","url":"https:\/\/bebijn.be\/product\/pinda-amandel-zout-chocolade-honing\/","name":"Cacahu\u00e8te - Amande - Sel - Chocolat - Miel - Friandises artisanales | Bebijn","isPartOf":{"@id":"https:\/\/bebijn.be\/#website"},"primaryImageOfPage":{"@id":"https:\/\/bebijn.be\/product\/pinda-amandel-zout-chocolade-honing\/#primaryimage"},"image":{"@id":"https:\/\/bebijn.be\/product\/pinda-amandel-zout-chocolade-honing\/#primaryimage"},"thumbnailUrl":"https:\/\/bebijn.be\/wp-content\/uploads\/2025\/01\/nougat-choco.jpg","datePublished":"2025-01-25T09:43:38+00:00","dateModified":"2026-03-27T10:21:48+00:00","description":"Nougat artisanal de Bebijn \u00e0 la cacahu\u00e8te, au miel, au sel, au chocolat et \u00e0 l'amande : un chef-d'\u0153uvre de sucr\u00e9-sal\u00e9, une harmonie de saveurs et de textures. \ud83e\udd5c\ud83c\udf6f\ud83c\udf6b\ud83c\udf30\ud83c\udf6c","breadcrumb":{"@id":"https:\/\/bebijn.be\/product\/pinda-amandel-zout-chocolade-honing\/#breadcrumb"},"inLanguage":"fr-BE","potentialAction":[{"@type":"ReadAction","target":["https:\/\/bebijn.be\/product\/pinda-amandel-zout-chocolade-honing\/"]}]},{"@type":"ImageObject","inLanguage":"fr-BE","@id":"https:\/\/bebijn.be\/product\/pinda-amandel-zout-chocolade-honing\/#primaryimage","url":"https:\/\/bebijn.be\/wp-content\/uploads\/2025\/01\/nougat-choco.jpg","contentUrl":"https:\/\/bebijn.be\/wp-content\/uploads\/2025\/01\/nougat-choco.jpg","width":800,"height":800},{"@type":"BreadcrumbList","@id":"https:\/\/bebijn.be\/product\/pinda-amandel-zout-chocolade-honing\/#breadcrumb","itemListElement":[{"@type":"ListItem","position":1,"name":"Home","item":"https:\/\/bebijn.be\/"},{"@type":"ListItem","position":2,"name":"Winkel Bebijn","item":"https:\/\/bebijn.be\/winkel-bebijn\/"},{"@type":"ListItem","position":3,"name":"Pinda \u2022 Amandel \u2022 Zout \u2022 Chocolade \u2022 Honing"}]},{"@type":"WebSite","@id":"https:\/\/bebijn.be\/#website","url":"https:\/\/bebijn.be\/","name":"Bebijn | Sucreries artisanales personnalis\u00e9es","description":"confiserie et bonbons pour la gastronomie cadeau marketing","publisher":{"@id":"https:\/\/bebijn.be\/#organization"},"potentialAction":[{"@type":"SearchAction","target":{"@type":"EntryPoint","urlTemplate":"https:\/\/bebijn.be\/?s={search_term_string}"},"query-input":{"@type":"PropertyValueSpecification","valueRequired":true,"valueName":"search_term_string"}}],"inLanguage":"fr-BE"},{"@type":"Organization","@id":"https:\/\/bebijn.be\/#organization","name":"Bebijn","url":"https:\/\/bebijn.be\/","logo":{"@type":"ImageObject","inLanguage":"fr-BE","@id":"https:\/\/bebijn.be\/#\/schema\/logo\/image\/","url":"https:\/\/bebijn.be\/wp-content\/uploads\/2024\/12\/Bebijn-Logo-RGB-v1.png","contentUrl":"https:\/\/bebijn.be\/wp-content\/uploads\/2024\/12\/Bebijn-Logo-RGB-v1.png","width":800,"height":800,"caption":"Bebijn"},"image":{"@id":"https:\/\/bebijn.be\/#\/schema\/logo\/image\/"},"sameAs":["https:\/\/www.facebook.com\/bebijn\/","https:\/\/www.instagram.com\/bebijn.sweets\/"]}]},"product_price_amount":"45.00","product_price_currency":"EUR","og_availability":"instock","product_availability":"instock","product_retailer_item_id":"671","product_condition":"new"},"_links":{"self":[{"href":"https:\/\/bebijn.be\/fr\/wp-json\/wp\/v2\/product\/17092","targetHints":{"allow":["GET"]}}],"collection":[{"href":"https:\/\/bebijn.be\/fr\/wp-json\/wp\/v2\/product"}],"about":[{"href":"https:\/\/bebijn.be\/fr\/wp-json\/wp\/v2\/types\/product"}],"version-history":[{"count":1,"href":"https:\/\/bebijn.be\/fr\/wp-json\/wp\/v2\/product\/17092\/revisions"}],"predecessor-version":[{"id":18554,"href":"https:\/\/bebijn.be\/fr\/wp-json\/wp\/v2\/product\/17092\/revisions\/18554"}],"wp:featuredmedia":[{"embeddable":true,"href":"https:\/\/bebijn.be\/fr\/wp-json\/wp\/v2\/media\/17025"}],"wp:attachment":[{"href":"https:\/\/bebijn.be\/fr\/wp-json\/wp\/v2\/media?parent=17092"}],"wp:term":[{"taxonomy":"product_brand","embeddable":true,"href":"https:\/\/bebijn.be\/fr\/wp-json\/wp\/v2\/product_brand?post=17092"},{"taxonomy":"product_cat","embeddable":true,"href":"https:\/\/bebijn.be\/fr\/wp-json\/wp\/v2\/product_cat?post=17092"},{"taxonomy":"product_tag","embeddable":true,"href":"https:\/\/bebijn.be\/fr\/wp-json\/wp\/v2\/product_tag?post=17092"}],"curies":[{"name":"wp","href":"https:\/\/api.w.org\/{rel}","templated":true}]}}