{"id":17093,"date":"2025-01-25T10:43:38","date_gmt":"2025-01-25T09:43:38","guid":{"rendered":"https:\/\/deezine.be\/bebijn\/?post_type=product&#038;p=17093"},"modified":"2026-04-15T13:51:21","modified_gmt":"2026-04-15T11:51:21","slug":"a-gommi-cumin-anis","status":"publish","type":"product","link":"https:\/\/bebijn.be\/fr\/product\/komijn-anijs\/","title":{"rendered":"Cumin - Anis"},"content":{"rendered":"<p data-start=\"0\" data-end=\"404\"><strong data-start=\"30\" data-end=\"68\">Bonbons Bevin au cumin et \u00e0 l'anis<\/strong> est une cr\u00e9ation aromatique surprenante o\u00f9 se m\u00ealent piquant et douceur. Le cumin apporte une chaleur terreuse, l\u00e9g\u00e8rement noiset\u00e9e, tandis que l'anis apporte une fra\u00eecheur \u00e9l\u00e9gante et l\u00e9g\u00e8rement sucr\u00e9e. Ensemble, ils forment un \u00e9quilibre unique et gourmand qui rappelle les infusions sophistiqu\u00e9es : subtil, rond et intrigant.<\/p>\n<p data-start=\"406\" data-end=\"529\">Id\u00e9al pour accompagner le caf\u00e9 comme mignardise, l'addition, une douceur \u00e0 d\u00e9guster ou \u00e0 offrir comme cadeau original.<\/p>\n<p data-start=\"531\" data-end=\"657\">Pour les gourmands qui aiment les saveurs distinctes et aromatiques, ce bonbon est une sensation particuli\u00e8re et \u00e9l\u00e9gante \u00e0 base d'herbes.<\/p>","protected":false},"excerpt":{"rendered":"<p data-start=\"0\" data-end=\"404\"><strong data-start=\"30\" data-end=\"68\">Bonbons Bevin au cumin et \u00e0 l'anis<\/strong> est une cr\u00e9ation aromatique surprenante o\u00f9 se m\u00ealent piquant et douceur. Le cumin apporte une chaleur terreuse, l\u00e9g\u00e8rement noiset\u00e9e, tandis que l'anis apporte une fra\u00eecheur \u00e9l\u00e9gante et l\u00e9g\u00e8rement sucr\u00e9e. Ensemble, ils forment un \u00e9quilibre unique et gourmand qui rappelle les infusions sophistiqu\u00e9es : subtil, rond et intrigant.<\/p>\n<p data-start=\"406\" data-end=\"529\">Id\u00e9al pour accompagner le caf\u00e9 comme mignardise, l'addition, une douceur \u00e0 d\u00e9guster ou \u00e0 offrir comme cadeau original.<\/p>\n<p data-start=\"531\" data-end=\"657\">Pour les gourmands qui aiment les saveurs distinctes et aromatiques, ce bonbon est une sensation particuli\u00e8re et \u00e9l\u00e9gante \u00e0 base d'herbes.<\/p>","protected":false},"featured_media":19673,"template":"","meta":[],"product_brand":[],"product_cat":[69],"product_tag":[],"class_list":{"0":"post-17093","1":"product","2":"type-product","3":"status-publish","4":"has-post-thumbnail","6":"product_cat-bebijn-assortiment-gommen","8":"first","9":"instock","10":"taxable","11":"shipping-taxable","12":"purchasable","13":"product-type-simple"},"yoast_head":"<!-- This site is optimized with the Yoast SEO Premium plugin v24.2 (Yoast SEO v27.4) - https:\/\/yoast.com\/product\/yoast-seo-premium-wordpress\/ -->\n<title>Komijn \u2022 Anijs - Artisanale snoep op maat | Bebijn<\/title>\n<meta name=\"description\" content=\"Bebijn snoepje met komijn en anijs: warm, aromatisch en uniek \u2014 aardse komijn ontmoet zachte, frisse anijs. \u2728\ud83c\udf3f\ud83c\udf6c\" \/>\n<meta name=\"robots\" content=\"index, follow, max-snippet:-1, max-image-preview:large, max-video-preview:-1\" \/>\n<link rel=\"canonical\" href=\"https:\/\/bebijn.be\/fr\/produit\/a-gommi-cumin-anis\/\" \/>\n<script type=\"application\/ld+json\" class=\"yoast-schema-graph\">{\"@context\":\"https:\\\/\\\/schema.org\",\"@graph\":[{\"@type\":\"WebPage\",\"@id\":\"https:\\\/\\\/bebijn.be\\\/product\\\/komijn-anijs\\\/\",\"url\":\"https:\\\/\\\/bebijn.be\\\/product\\\/komijn-anijs\\\/\",\"name\":\"Komijn \u2022 Anijs - Artisanale snoep op maat | Bebijn\",\"isPartOf\":{\"@id\":\"https:\\\/\\\/bebijn.be\\\/#website\"},\"primaryImageOfPage\":{\"@id\":\"https:\\\/\\\/bebijn.be\\\/product\\\/komijn-anijs\\\/#primaryimage\"},\"image\":{\"@id\":\"https:\\\/\\\/bebijn.be\\\/product\\\/komijn-anijs\\\/#primaryimage\"},\"thumbnailUrl\":\"https:\\\/\\\/bebijn.be\\\/wp-content\\\/uploads\\\/2025\\\/12\\\/027-lichtbruin-bebijn-karamel.jpg\",\"datePublished\":\"2025-01-25T09:43:38+00:00\",\"dateModified\":\"2026-04-15T11:51:21+00:00\",\"description\":\"Bebijn snoepje met komijn en anijs: warm, aromatisch en uniek \u2014 aardse komijn ontmoet zachte, frisse anijs. \u2728\ud83c\udf3f\ud83c\udf6c\",\"breadcrumb\":{\"@id\":\"https:\\\/\\\/bebijn.be\\\/product\\\/komijn-anijs\\\/#breadcrumb\"},\"inLanguage\":\"fr-BE\",\"potentialAction\":[{\"@type\":\"ReadAction\",\"target\":[\"https:\\\/\\\/bebijn.be\\\/product\\\/komijn-anijs\\\/\"]}]},{\"@type\":\"ImageObject\",\"inLanguage\":\"fr-BE\",\"@id\":\"https:\\\/\\\/bebijn.be\\\/product\\\/komijn-anijs\\\/#primaryimage\",\"url\":\"https:\\\/\\\/bebijn.be\\\/wp-content\\\/uploads\\\/2025\\\/12\\\/027-lichtbruin-bebijn-karamel.jpg\",\"contentUrl\":\"https:\\\/\\\/bebijn.be\\\/wp-content\\\/uploads\\\/2025\\\/12\\\/027-lichtbruin-bebijn-karamel.jpg\",\"width\":800,\"height\":800},{\"@type\":\"BreadcrumbList\",\"@id\":\"https:\\\/\\\/bebijn.be\\\/product\\\/komijn-anijs\\\/#breadcrumb\",\"itemListElement\":[{\"@type\":\"ListItem\",\"position\":1,\"name\":\"Home\",\"item\":\"https:\\\/\\\/bebijn.be\\\/\"},{\"@type\":\"ListItem\",\"position\":2,\"name\":\"Winkel Bebijn\",\"item\":\"https:\\\/\\\/bebijn.be\\\/winkel-bebijn\\\/\"},{\"@type\":\"ListItem\",\"position\":3,\"name\":\"Komijn \u2022 Anijs\"}]},{\"@type\":\"WebSite\",\"@id\":\"https:\\\/\\\/bebijn.be\\\/#website\",\"url\":\"https:\\\/\\\/bebijn.be\\\/\",\"name\":\"Bebijn | Artisanale snoep op maat\",\"description\":\"confiserie en snoep voor gastronomie marketing geschenk\",\"publisher\":{\"@id\":\"https:\\\/\\\/bebijn.be\\\/#organization\"},\"potentialAction\":[{\"@type\":\"SearchAction\",\"target\":{\"@type\":\"EntryPoint\",\"urlTemplate\":\"https:\\\/\\\/bebijn.be\\\/?s={search_term_string}\"},\"query-input\":{\"@type\":\"PropertyValueSpecification\",\"valueRequired\":true,\"valueName\":\"search_term_string\"}}],\"inLanguage\":\"fr-BE\"},{\"@type\":\"Organization\",\"@id\":\"https:\\\/\\\/bebijn.be\\\/#organization\",\"name\":\"Bebijn\",\"url\":\"https:\\\/\\\/bebijn.be\\\/\",\"logo\":{\"@type\":\"ImageObject\",\"inLanguage\":\"fr-BE\",\"@id\":\"https:\\\/\\\/bebijn.be\\\/#\\\/schema\\\/logo\\\/image\\\/\",\"url\":\"https:\\\/\\\/bebijn.be\\\/wp-content\\\/uploads\\\/2024\\\/12\\\/Bebijn-Logo-RGB-v1.png\",\"contentUrl\":\"https:\\\/\\\/bebijn.be\\\/wp-content\\\/uploads\\\/2024\\\/12\\\/Bebijn-Logo-RGB-v1.png\",\"width\":800,\"height\":800,\"caption\":\"Bebijn\"},\"image\":{\"@id\":\"https:\\\/\\\/bebijn.be\\\/#\\\/schema\\\/logo\\\/image\\\/\"},\"sameAs\":[\"https:\\\/\\\/www.facebook.com\\\/bebijn\\\/\",\"https:\\\/\\\/www.instagram.com\\\/bebijn.sweets\\\/\"]}]}<\/script>\n<meta property=\"product:price:amount\" content=\"33.00\" \/>\n<meta property=\"product:price:currency\" content=\"EUR\" \/>\n<meta property=\"og:availability\" content=\"instock\" \/>\n<meta property=\"product:availability\" content=\"instock\" \/>\n<meta property=\"product:retailer_item_id\" content=\"komianij\" \/>\n<meta property=\"product:condition\" content=\"new\" \/>\n<!-- \/ Yoast SEO Premium plugin. -->","yoast_head_json":{"title":"Cumin - Anis - Bonbons artisanaux | Bebijn","description":"Bonbons Bebi au cumin et \u00e0 l'anis : chauds, aromatiques et uniques - le cumin terreux rencontre l'anis doux et frais. \u2728\ud83c\udf3f\ud83c\udf6c","robots":{"index":"index","follow":"follow","max-snippet":"max-snippet:-1","max-image-preview":"max-image-preview:large","max-video-preview":"max-video-preview:-1"},"canonical":"https:\/\/bebijn.be\/fr\/produit\/a-gommi-cumin-anis\/","schema":{"@context":"https:\/\/schema.org","@graph":[{"@type":"WebPage","@id":"https:\/\/bebijn.be\/product\/komijn-anijs\/","url":"https:\/\/bebijn.be\/product\/komijn-anijs\/","name":"Cumin - Anis - Bonbons artisanaux | Bebijn","isPartOf":{"@id":"https:\/\/bebijn.be\/#website"},"primaryImageOfPage":{"@id":"https:\/\/bebijn.be\/product\/komijn-anijs\/#primaryimage"},"image":{"@id":"https:\/\/bebijn.be\/product\/komijn-anijs\/#primaryimage"},"thumbnailUrl":"https:\/\/bebijn.be\/wp-content\/uploads\/2025\/12\/027-lichtbruin-bebijn-karamel.jpg","datePublished":"2025-01-25T09:43:38+00:00","dateModified":"2026-04-15T11:51:21+00:00","description":"Bonbons Bebi au cumin et \u00e0 l'anis : chauds, aromatiques et uniques - le cumin terreux rencontre l'anis doux et frais. \u2728\ud83c\udf3f\ud83c\udf6c","breadcrumb":{"@id":"https:\/\/bebijn.be\/product\/komijn-anijs\/#breadcrumb"},"inLanguage":"fr-BE","potentialAction":[{"@type":"ReadAction","target":["https:\/\/bebijn.be\/product\/komijn-anijs\/"]}]},{"@type":"ImageObject","inLanguage":"fr-BE","@id":"https:\/\/bebijn.be\/product\/komijn-anijs\/#primaryimage","url":"https:\/\/bebijn.be\/wp-content\/uploads\/2025\/12\/027-lichtbruin-bebijn-karamel.jpg","contentUrl":"https:\/\/bebijn.be\/wp-content\/uploads\/2025\/12\/027-lichtbruin-bebijn-karamel.jpg","width":800,"height":800},{"@type":"BreadcrumbList","@id":"https:\/\/bebijn.be\/product\/komijn-anijs\/#breadcrumb","itemListElement":[{"@type":"ListItem","position":1,"name":"Home","item":"https:\/\/bebijn.be\/"},{"@type":"ListItem","position":2,"name":"Winkel Bebijn","item":"https:\/\/bebijn.be\/winkel-bebijn\/"},{"@type":"ListItem","position":3,"name":"Komijn \u2022 Anijs"}]},{"@type":"WebSite","@id":"https:\/\/bebijn.be\/#website","url":"https:\/\/bebijn.be\/","name":"Bebijn | Sucreries artisanales personnalis\u00e9es","description":"confiserie et bonbons pour la gastronomie cadeau marketing","publisher":{"@id":"https:\/\/bebijn.be\/#organization"},"potentialAction":[{"@type":"SearchAction","target":{"@type":"EntryPoint","urlTemplate":"https:\/\/bebijn.be\/?s={search_term_string}"},"query-input":{"@type":"PropertyValueSpecification","valueRequired":true,"valueName":"search_term_string"}}],"inLanguage":"fr-BE"},{"@type":"Organization","@id":"https:\/\/bebijn.be\/#organization","name":"Bebijn","url":"https:\/\/bebijn.be\/","logo":{"@type":"ImageObject","inLanguage":"fr-BE","@id":"https:\/\/bebijn.be\/#\/schema\/logo\/image\/","url":"https:\/\/bebijn.be\/wp-content\/uploads\/2024\/12\/Bebijn-Logo-RGB-v1.png","contentUrl":"https:\/\/bebijn.be\/wp-content\/uploads\/2024\/12\/Bebijn-Logo-RGB-v1.png","width":800,"height":800,"caption":"Bebijn"},"image":{"@id":"https:\/\/bebijn.be\/#\/schema\/logo\/image\/"},"sameAs":["https:\/\/www.facebook.com\/bebijn\/","https:\/\/www.instagram.com\/bebijn.sweets\/"]}]},"product_price_amount":"33.00","product_price_currency":"EUR","og_availability":"instock","product_availability":"instock","product_retailer_item_id":"komianij","product_condition":"new"},"_links":{"self":[{"href":"https:\/\/bebijn.be\/fr\/wp-json\/wp\/v2\/product\/17093","targetHints":{"allow":["GET"]}}],"collection":[{"href":"https:\/\/bebijn.be\/fr\/wp-json\/wp\/v2\/product"}],"about":[{"href":"https:\/\/bebijn.be\/fr\/wp-json\/wp\/v2\/types\/product"}],"version-history":[{"count":2,"href":"https:\/\/bebijn.be\/fr\/wp-json\/wp\/v2\/product\/17093\/revisions"}],"predecessor-version":[{"id":19656,"href":"https:\/\/bebijn.be\/fr\/wp-json\/wp\/v2\/product\/17093\/revisions\/19656"}],"wp:featuredmedia":[{"embeddable":true,"href":"https:\/\/bebijn.be\/fr\/wp-json\/wp\/v2\/media\/19673"}],"wp:attachment":[{"href":"https:\/\/bebijn.be\/fr\/wp-json\/wp\/v2\/media?parent=17093"}],"wp:term":[{"taxonomy":"product_brand","embeddable":true,"href":"https:\/\/bebijn.be\/fr\/wp-json\/wp\/v2\/product_brand?post=17093"},{"taxonomy":"product_cat","embeddable":true,"href":"https:\/\/bebijn.be\/fr\/wp-json\/wp\/v2\/product_cat?post=17093"},{"taxonomy":"product_tag","embeddable":true,"href":"https:\/\/bebijn.be\/fr\/wp-json\/wp\/v2\/product_tag?post=17093"}],"curies":[{"name":"wp","href":"https:\/\/api.w.org\/{rel}","templated":true}]}}