{"id":17096,"date":"2025-01-25T10:43:38","date_gmt":"2025-01-25T09:43:38","guid":{"rendered":"https:\/\/deezine.be\/bebijn\/?post_type=product&#038;p=17096"},"modified":"2026-04-15T13:51:21","modified_gmt":"2026-04-15T11:51:21","slug":"fibergommi-peer-black-pepper","status":"publish","type":"product","link":"https:\/\/bebijn.be\/fr\/product\/peer-kaneel\/","title":{"rendered":"Poire - Cannelle"},"content":{"rendered":"<p data-start=\"0\" data-end=\"380\"><strong data-start=\"30\" data-end=\"67\">Bonbons Bevin \u00e0 la poire et \u00e0 la cannelle<\/strong> est une friandise chaleureuse et sophistiqu\u00e9e dans laquelle s'allient un fruit\u00e9 doux et une profondeur \u00e9pic\u00e9e. La d\u00e9licieuse poire forme une base douce et \u00e9l\u00e9gante, tandis que la l\u00e9g\u00e8re touche de cannelle apporte une chaleur subtile et un ar\u00f4me l\u00e9g\u00e8rement nostalgique. Le r\u00e9sultat est une confiserie harmonieuse, \u00e0 la fois moelleuse et pleine de caract\u00e8re.<\/p>\n<p data-start=\"382\" data-end=\"505\">Id\u00e9al pour accompagner le caf\u00e9 comme mignardise, l'addition, une douceur \u00e0 d\u00e9guster ou \u00e0 offrir comme cadeau original.<\/p>\n<p data-start=\"507\" data-end=\"635\">Pour les amateurs de saveurs douces et l\u00e9g\u00e8rement \u00e9pic\u00e9es, ce bonbon est une d\u00e9licieuse friandise r\u00e9confortante \u00e0 l'\u00e9quilibre d\u00e9licat.<\/p>","protected":false},"excerpt":{"rendered":"<p data-start=\"0\" data-end=\"380\"><strong data-start=\"30\" data-end=\"67\">Bonbons Bevin \u00e0 la poire et \u00e0 la cannelle<\/strong> est une friandise chaleureuse et sophistiqu\u00e9e dans laquelle s'allient un fruit\u00e9 doux et une profondeur \u00e9pic\u00e9e. La d\u00e9licieuse poire forme une base douce et \u00e9l\u00e9gante, tandis que la l\u00e9g\u00e8re touche de cannelle apporte une chaleur subtile et un ar\u00f4me l\u00e9g\u00e8rement nostalgique. Le r\u00e9sultat est une confiserie harmonieuse, \u00e0 la fois moelleuse et pleine de caract\u00e8re.<\/p>\n<p data-start=\"382\" data-end=\"505\">Id\u00e9al pour accompagner le caf\u00e9 comme mignardise, l'addition, une douceur \u00e0 d\u00e9guster ou \u00e0 offrir comme cadeau original.<\/p>\n<p data-start=\"507\" data-end=\"635\">Pour les amateurs de saveurs douces et l\u00e9g\u00e8rement \u00e9pic\u00e9es, ce bonbon est une d\u00e9licieuse friandise r\u00e9confortante \u00e0 l'\u00e9quilibre d\u00e9licat.<\/p>","protected":false},"featured_media":19661,"template":"","meta":[],"product_brand":[],"product_cat":[69],"product_tag":[],"class_list":{"0":"post-17096","1":"product","2":"type-product","3":"status-publish","4":"has-post-thumbnail","6":"product_cat-bebijn-assortiment-gommen","8":"first","9":"instock","10":"taxable","11":"shipping-taxable","12":"purchasable","13":"product-type-simple"},"yoast_head":"<!-- This site is optimized with the Yoast SEO Premium plugin v24.2 (Yoast SEO v27.4) - https:\/\/yoast.com\/product\/yoast-seo-premium-wordpress\/ -->\n<title>Peer \u2022 Kaneel - Artisanale snoep op maat | Bebijn<\/title>\n<meta name=\"description\" content=\"Bebijn snoepje met peer en kaneel: zacht, warm en elegant \u2014 honingzoete peer omarmd door fijne kaneelkruidigheid. \ud83c\udf50\u2728\ud83c\udf3f\ud83c\udf6c\" \/>\n<meta name=\"robots\" content=\"index, follow, max-snippet:-1, max-image-preview:large, max-video-preview:-1\" \/>\n<link rel=\"canonical\" href=\"https:\/\/bebijn.be\/fr\/produit\/fibergommi-peer-black-pepper\/\" \/>\n<script type=\"application\/ld+json\" class=\"yoast-schema-graph\">{\"@context\":\"https:\\\/\\\/schema.org\",\"@graph\":[{\"@type\":\"WebPage\",\"@id\":\"https:\\\/\\\/bebijn.be\\\/product\\\/peer-kaneel\\\/\",\"url\":\"https:\\\/\\\/bebijn.be\\\/product\\\/peer-kaneel\\\/\",\"name\":\"Peer \u2022 Kaneel - Artisanale snoep op maat | Bebijn\",\"isPartOf\":{\"@id\":\"https:\\\/\\\/bebijn.be\\\/#website\"},\"primaryImageOfPage\":{\"@id\":\"https:\\\/\\\/bebijn.be\\\/product\\\/peer-kaneel\\\/#primaryimage\"},\"image\":{\"@id\":\"https:\\\/\\\/bebijn.be\\\/product\\\/peer-kaneel\\\/#primaryimage\"},\"thumbnailUrl\":\"https:\\\/\\\/bebijn.be\\\/wp-content\\\/uploads\\\/2025\\\/12\\\/011-lichtbruin-bebijn.jpg\",\"datePublished\":\"2025-01-25T09:43:38+00:00\",\"dateModified\":\"2026-04-15T11:51:21+00:00\",\"description\":\"Bebijn snoepje met peer en kaneel: zacht, warm en elegant \u2014 honingzoete peer omarmd door fijne kaneelkruidigheid. \ud83c\udf50\u2728\ud83c\udf3f\ud83c\udf6c\",\"breadcrumb\":{\"@id\":\"https:\\\/\\\/bebijn.be\\\/product\\\/peer-kaneel\\\/#breadcrumb\"},\"inLanguage\":\"fr-BE\",\"potentialAction\":[{\"@type\":\"ReadAction\",\"target\":[\"https:\\\/\\\/bebijn.be\\\/product\\\/peer-kaneel\\\/\"]}]},{\"@type\":\"ImageObject\",\"inLanguage\":\"fr-BE\",\"@id\":\"https:\\\/\\\/bebijn.be\\\/product\\\/peer-kaneel\\\/#primaryimage\",\"url\":\"https:\\\/\\\/bebijn.be\\\/wp-content\\\/uploads\\\/2025\\\/12\\\/011-lichtbruin-bebijn.jpg\",\"contentUrl\":\"https:\\\/\\\/bebijn.be\\\/wp-content\\\/uploads\\\/2025\\\/12\\\/011-lichtbruin-bebijn.jpg\",\"width\":800,\"height\":800},{\"@type\":\"BreadcrumbList\",\"@id\":\"https:\\\/\\\/bebijn.be\\\/product\\\/peer-kaneel\\\/#breadcrumb\",\"itemListElement\":[{\"@type\":\"ListItem\",\"position\":1,\"name\":\"Home\",\"item\":\"https:\\\/\\\/bebijn.be\\\/\"},{\"@type\":\"ListItem\",\"position\":2,\"name\":\"Winkel Bebijn\",\"item\":\"https:\\\/\\\/bebijn.be\\\/winkel-bebijn\\\/\"},{\"@type\":\"ListItem\",\"position\":3,\"name\":\"Peer \u2022 Kaneel\"}]},{\"@type\":\"WebSite\",\"@id\":\"https:\\\/\\\/bebijn.be\\\/#website\",\"url\":\"https:\\\/\\\/bebijn.be\\\/\",\"name\":\"Bebijn | Artisanale snoep op maat\",\"description\":\"confiserie en snoep voor gastronomie marketing geschenk\",\"publisher\":{\"@id\":\"https:\\\/\\\/bebijn.be\\\/#organization\"},\"potentialAction\":[{\"@type\":\"SearchAction\",\"target\":{\"@type\":\"EntryPoint\",\"urlTemplate\":\"https:\\\/\\\/bebijn.be\\\/?s={search_term_string}\"},\"query-input\":{\"@type\":\"PropertyValueSpecification\",\"valueRequired\":true,\"valueName\":\"search_term_string\"}}],\"inLanguage\":\"fr-BE\"},{\"@type\":\"Organization\",\"@id\":\"https:\\\/\\\/bebijn.be\\\/#organization\",\"name\":\"Bebijn\",\"url\":\"https:\\\/\\\/bebijn.be\\\/\",\"logo\":{\"@type\":\"ImageObject\",\"inLanguage\":\"fr-BE\",\"@id\":\"https:\\\/\\\/bebijn.be\\\/#\\\/schema\\\/logo\\\/image\\\/\",\"url\":\"https:\\\/\\\/bebijn.be\\\/wp-content\\\/uploads\\\/2024\\\/12\\\/Bebijn-Logo-RGB-v1.png\",\"contentUrl\":\"https:\\\/\\\/bebijn.be\\\/wp-content\\\/uploads\\\/2024\\\/12\\\/Bebijn-Logo-RGB-v1.png\",\"width\":800,\"height\":800,\"caption\":\"Bebijn\"},\"image\":{\"@id\":\"https:\\\/\\\/bebijn.be\\\/#\\\/schema\\\/logo\\\/image\\\/\"},\"sameAs\":[\"https:\\\/\\\/www.facebook.com\\\/bebijn\\\/\",\"https:\\\/\\\/www.instagram.com\\\/bebijn.sweets\\\/\"]}]}<\/script>\n<meta property=\"product:price:amount\" content=\"33.00\" \/>\n<meta property=\"product:price:currency\" content=\"EUR\" \/>\n<meta property=\"og:availability\" content=\"instock\" \/>\n<meta property=\"product:availability\" content=\"instock\" \/>\n<meta property=\"product:retailer_item_id\" content=\"peerkane\" \/>\n<meta property=\"product:condition\" content=\"new\" \/>\n<!-- \/ Yoast SEO Premium plugin. -->","yoast_head_json":{"title":"Poire - Cannelle - Bonbons artisanaux sur mesure | Bebijn","description":"Bonbon Bebi \u00e0 la poire et \u00e0 la cannelle : doux, chaleureux et \u00e9l\u00e9gant - poire mielleuse embrass\u00e9e par un fin piquant de cannelle. \ud83c\udf50\u2728\ud83c\udf3f\ud83c\udf6c","robots":{"index":"index","follow":"follow","max-snippet":"max-snippet:-1","max-image-preview":"max-image-preview:large","max-video-preview":"max-video-preview:-1"},"canonical":"https:\/\/bebijn.be\/fr\/produit\/fibergommi-peer-black-pepper\/","schema":{"@context":"https:\/\/schema.org","@graph":[{"@type":"WebPage","@id":"https:\/\/bebijn.be\/product\/peer-kaneel\/","url":"https:\/\/bebijn.be\/product\/peer-kaneel\/","name":"Poire - Cannelle - Bonbons artisanaux sur mesure | Bebijn","isPartOf":{"@id":"https:\/\/bebijn.be\/#website"},"primaryImageOfPage":{"@id":"https:\/\/bebijn.be\/product\/peer-kaneel\/#primaryimage"},"image":{"@id":"https:\/\/bebijn.be\/product\/peer-kaneel\/#primaryimage"},"thumbnailUrl":"https:\/\/bebijn.be\/wp-content\/uploads\/2025\/12\/011-lichtbruin-bebijn.jpg","datePublished":"2025-01-25T09:43:38+00:00","dateModified":"2026-04-15T11:51:21+00:00","description":"Bonbon Bebi \u00e0 la poire et \u00e0 la cannelle : doux, chaleureux et \u00e9l\u00e9gant - poire mielleuse embrass\u00e9e par un fin piquant de cannelle. \ud83c\udf50\u2728\ud83c\udf3f\ud83c\udf6c","breadcrumb":{"@id":"https:\/\/bebijn.be\/product\/peer-kaneel\/#breadcrumb"},"inLanguage":"fr-BE","potentialAction":[{"@type":"ReadAction","target":["https:\/\/bebijn.be\/product\/peer-kaneel\/"]}]},{"@type":"ImageObject","inLanguage":"fr-BE","@id":"https:\/\/bebijn.be\/product\/peer-kaneel\/#primaryimage","url":"https:\/\/bebijn.be\/wp-content\/uploads\/2025\/12\/011-lichtbruin-bebijn.jpg","contentUrl":"https:\/\/bebijn.be\/wp-content\/uploads\/2025\/12\/011-lichtbruin-bebijn.jpg","width":800,"height":800},{"@type":"BreadcrumbList","@id":"https:\/\/bebijn.be\/product\/peer-kaneel\/#breadcrumb","itemListElement":[{"@type":"ListItem","position":1,"name":"Home","item":"https:\/\/bebijn.be\/"},{"@type":"ListItem","position":2,"name":"Winkel Bebijn","item":"https:\/\/bebijn.be\/winkel-bebijn\/"},{"@type":"ListItem","position":3,"name":"Peer \u2022 Kaneel"}]},{"@type":"WebSite","@id":"https:\/\/bebijn.be\/#website","url":"https:\/\/bebijn.be\/","name":"Bebijn | Sucreries artisanales personnalis\u00e9es","description":"confiserie et bonbons pour la gastronomie cadeau marketing","publisher":{"@id":"https:\/\/bebijn.be\/#organization"},"potentialAction":[{"@type":"SearchAction","target":{"@type":"EntryPoint","urlTemplate":"https:\/\/bebijn.be\/?s={search_term_string}"},"query-input":{"@type":"PropertyValueSpecification","valueRequired":true,"valueName":"search_term_string"}}],"inLanguage":"fr-BE"},{"@type":"Organization","@id":"https:\/\/bebijn.be\/#organization","name":"Bebijn","url":"https:\/\/bebijn.be\/","logo":{"@type":"ImageObject","inLanguage":"fr-BE","@id":"https:\/\/bebijn.be\/#\/schema\/logo\/image\/","url":"https:\/\/bebijn.be\/wp-content\/uploads\/2024\/12\/Bebijn-Logo-RGB-v1.png","contentUrl":"https:\/\/bebijn.be\/wp-content\/uploads\/2024\/12\/Bebijn-Logo-RGB-v1.png","width":800,"height":800,"caption":"Bebijn"},"image":{"@id":"https:\/\/bebijn.be\/#\/schema\/logo\/image\/"},"sameAs":["https:\/\/www.facebook.com\/bebijn\/","https:\/\/www.instagram.com\/bebijn.sweets\/"]}]},"product_price_amount":"33.00","product_price_currency":"EUR","og_availability":"instock","product_availability":"instock","product_retailer_item_id":"peerkane","product_condition":"new"},"_links":{"self":[{"href":"https:\/\/bebijn.be\/fr\/wp-json\/wp\/v2\/product\/17096","targetHints":{"allow":["GET"]}}],"collection":[{"href":"https:\/\/bebijn.be\/fr\/wp-json\/wp\/v2\/product"}],"about":[{"href":"https:\/\/bebijn.be\/fr\/wp-json\/wp\/v2\/types\/product"}],"version-history":[{"count":2,"href":"https:\/\/bebijn.be\/fr\/wp-json\/wp\/v2\/product\/17096\/revisions"}],"predecessor-version":[{"id":19649,"href":"https:\/\/bebijn.be\/fr\/wp-json\/wp\/v2\/product\/17096\/revisions\/19649"}],"wp:featuredmedia":[{"embeddable":true,"href":"https:\/\/bebijn.be\/fr\/wp-json\/wp\/v2\/media\/19661"}],"wp:attachment":[{"href":"https:\/\/bebijn.be\/fr\/wp-json\/wp\/v2\/media?parent=17096"}],"wp:term":[{"taxonomy":"product_brand","embeddable":true,"href":"https:\/\/bebijn.be\/fr\/wp-json\/wp\/v2\/product_brand?post=17096"},{"taxonomy":"product_cat","embeddable":true,"href":"https:\/\/bebijn.be\/fr\/wp-json\/wp\/v2\/product_cat?post=17096"},{"taxonomy":"product_tag","embeddable":true,"href":"https:\/\/bebijn.be\/fr\/wp-json\/wp\/v2\/product_tag?post=17096"}],"curies":[{"name":"wp","href":"https:\/\/api.w.org\/{rel}","templated":true}]}}