{"id":17097,"date":"2025-01-25T10:43:38","date_gmt":"2025-01-25T09:43:38","guid":{"rendered":"https:\/\/deezine.be\/bebijn\/?post_type=product&#038;p=17097"},"modified":"2026-03-18T12:27:50","modified_gmt":"2026-03-18T10:27:50","slug":"sour-agrummi-orange-citron-vert-citron-vert","status":"publish","type":"product","link":"https:\/\/bebijn.be\/fr\/product\/sinaas-limoen-citroen-agrumi-mix\/","title":{"rendered":"AGRUMMIES"},"content":{"rendered":"<p>Ce m\u00e9lange Bebi contient 3 bonbons, le citron vert, le citron et l'orange. C'est comme une triade d'agrumes en parfaite harmonie. La fra\u00eecheur croustillante du citron vert, l'\u00e9clat p\u00e9tillant du citron et la douceur juteuse de l'orange se combinent pour former une symphonie savoureuse.<\/p>\n<p>id\u00e9al pour accompagner le caf\u00e9 comme mignardise, addition, un bonbon \u00e0 d\u00e9guster ou \u00e0 offrir comme cadeau original, un bonbon artisanal Bebijn<\/p>\n<p>Ces friandises promettent une exp\u00e9rience gustative vivifiante et rafra\u00eechissante, chaque pi\u00e8ce offrant une \u00e9tincelle de joie citronn\u00e9e. Un r\u00e9gal ensoleill\u00e9 pour les sens<\/p>","protected":false},"excerpt":{"rendered":"<p>Ce m\u00e9lange Bebi contient 3 bonbons, le citron vert, le citron et l'orange. C'est comme une triade d'agrumes en parfaite harmonie. La fra\u00eecheur croustillante du citron vert, l'\u00e9clat p\u00e9tillant du citron et la douceur juteuse de l'orange se combinent pour former une symphonie savoureuse.<\/p>\n<p>id\u00e9al pour accompagner le caf\u00e9 comme mignardise, addition, un bonbon \u00e0 d\u00e9guster ou \u00e0 offrir comme cadeau original, un bonbon artisanal Bebijn<\/p>\n<p>Ces friandises promettent une exp\u00e9rience gustative vivifiante et rafra\u00eechissante, chaque pi\u00e8ce offrant une \u00e9tincelle de joie citronn\u00e9e. Un r\u00e9gal ensoleill\u00e9 pour les sens<\/p>","protected":false},"featured_media":19091,"template":"","meta":[],"product_brand":[],"product_cat":[69],"product_tag":[],"class_list":{"0":"post-17097","1":"product","2":"type-product","3":"status-publish","4":"has-post-thumbnail","6":"product_cat-bebijn-assortiment-gommen","8":"first","9":"instock","10":"taxable","11":"shipping-taxable","12":"purchasable","13":"product-type-simple"},"yoast_head":"<!-- This site is optimized with the Yoast SEO Premium plugin v24.2 (Yoast SEO v27.4) - https:\/\/yoast.com\/product\/yoast-seo-premium-wordpress\/ -->\n<title>AGRUMMIES - Artisanale snoep op maat | Bebijn<\/title>\n<meta name=\"description\" content=\"Bebijn snoepjes met limoen, citroen en sinaasappel: een harmonieuze citrusdrieklank, een knisperend en zonnig festijn in elke hap! \ud83c\udf4b\ud83c\udf4a\ud83c\udf6c\" \/>\n<meta name=\"robots\" content=\"index, follow, max-snippet:-1, max-image-preview:large, max-video-preview:-1\" \/>\n<link rel=\"canonical\" href=\"https:\/\/bebijn.be\/fr\/produit\/sour-agrummi-orange-citron-vert-citron-vert\/\" \/>\n<script type=\"application\/ld+json\" class=\"yoast-schema-graph\">{\"@context\":\"https:\\\/\\\/schema.org\",\"@graph\":[{\"@type\":\"WebPage\",\"@id\":\"https:\\\/\\\/bebijn.be\\\/product\\\/sinaas-limoen-citroen-agrumi-mix\\\/\",\"url\":\"https:\\\/\\\/bebijn.be\\\/product\\\/sinaas-limoen-citroen-agrumi-mix\\\/\",\"name\":\"AGRUMMIES - Artisanale snoep op maat | Bebijn\",\"isPartOf\":{\"@id\":\"https:\\\/\\\/bebijn.be\\\/#website\"},\"primaryImageOfPage\":{\"@id\":\"https:\\\/\\\/bebijn.be\\\/product\\\/sinaas-limoen-citroen-agrumi-mix\\\/#primaryimage\"},\"image\":{\"@id\":\"https:\\\/\\\/bebijn.be\\\/product\\\/sinaas-limoen-citroen-agrumi-mix\\\/#primaryimage\"},\"thumbnailUrl\":\"https:\\\/\\\/bebijn.be\\\/wp-content\\\/uploads\\\/2025\\\/06\\\/001-agrum-bebijn-mix.jpg\",\"datePublished\":\"2025-01-25T09:43:38+00:00\",\"dateModified\":\"2026-03-18T10:27:50+00:00\",\"description\":\"Bebijn snoepjes met limoen, citroen en sinaasappel: een harmonieuze citrusdrieklank, een knisperend en zonnig festijn in elke hap! \ud83c\udf4b\ud83c\udf4a\ud83c\udf6c\",\"breadcrumb\":{\"@id\":\"https:\\\/\\\/bebijn.be\\\/product\\\/sinaas-limoen-citroen-agrumi-mix\\\/#breadcrumb\"},\"inLanguage\":\"fr-BE\",\"potentialAction\":[{\"@type\":\"ReadAction\",\"target\":[\"https:\\\/\\\/bebijn.be\\\/product\\\/sinaas-limoen-citroen-agrumi-mix\\\/\"]}]},{\"@type\":\"ImageObject\",\"inLanguage\":\"fr-BE\",\"@id\":\"https:\\\/\\\/bebijn.be\\\/product\\\/sinaas-limoen-citroen-agrumi-mix\\\/#primaryimage\",\"url\":\"https:\\\/\\\/bebijn.be\\\/wp-content\\\/uploads\\\/2025\\\/06\\\/001-agrum-bebijn-mix.jpg\",\"contentUrl\":\"https:\\\/\\\/bebijn.be\\\/wp-content\\\/uploads\\\/2025\\\/06\\\/001-agrum-bebijn-mix.jpg\",\"width\":800,\"height\":800},{\"@type\":\"BreadcrumbList\",\"@id\":\"https:\\\/\\\/bebijn.be\\\/product\\\/sinaas-limoen-citroen-agrumi-mix\\\/#breadcrumb\",\"itemListElement\":[{\"@type\":\"ListItem\",\"position\":1,\"name\":\"Home\",\"item\":\"https:\\\/\\\/bebijn.be\\\/\"},{\"@type\":\"ListItem\",\"position\":2,\"name\":\"Winkel Bebijn\",\"item\":\"https:\\\/\\\/bebijn.be\\\/winkel-bebijn\\\/\"},{\"@type\":\"ListItem\",\"position\":3,\"name\":\"AGRUMMIES\"}]},{\"@type\":\"WebSite\",\"@id\":\"https:\\\/\\\/bebijn.be\\\/#website\",\"url\":\"https:\\\/\\\/bebijn.be\\\/\",\"name\":\"Bebijn | Artisanale snoep op maat\",\"description\":\"confiserie en snoep voor gastronomie marketing geschenk\",\"publisher\":{\"@id\":\"https:\\\/\\\/bebijn.be\\\/#organization\"},\"potentialAction\":[{\"@type\":\"SearchAction\",\"target\":{\"@type\":\"EntryPoint\",\"urlTemplate\":\"https:\\\/\\\/bebijn.be\\\/?s={search_term_string}\"},\"query-input\":{\"@type\":\"PropertyValueSpecification\",\"valueRequired\":true,\"valueName\":\"search_term_string\"}}],\"inLanguage\":\"fr-BE\"},{\"@type\":\"Organization\",\"@id\":\"https:\\\/\\\/bebijn.be\\\/#organization\",\"name\":\"Bebijn\",\"url\":\"https:\\\/\\\/bebijn.be\\\/\",\"logo\":{\"@type\":\"ImageObject\",\"inLanguage\":\"fr-BE\",\"@id\":\"https:\\\/\\\/bebijn.be\\\/#\\\/schema\\\/logo\\\/image\\\/\",\"url\":\"https:\\\/\\\/bebijn.be\\\/wp-content\\\/uploads\\\/2024\\\/12\\\/Bebijn-Logo-RGB-v1.png\",\"contentUrl\":\"https:\\\/\\\/bebijn.be\\\/wp-content\\\/uploads\\\/2024\\\/12\\\/Bebijn-Logo-RGB-v1.png\",\"width\":800,\"height\":800,\"caption\":\"Bebijn\"},\"image\":{\"@id\":\"https:\\\/\\\/bebijn.be\\\/#\\\/schema\\\/logo\\\/image\\\/\"},\"sameAs\":[\"https:\\\/\\\/www.facebook.com\\\/bebijn\\\/\",\"https:\\\/\\\/www.instagram.com\\\/bebijn.sweets\\\/\"]}]}<\/script>\n<meta property=\"product:price:amount\" content=\"27.00\" \/>\n<meta property=\"product:price:currency\" content=\"EUR\" \/>\n<meta property=\"og:availability\" content=\"instock\" \/>\n<meta property=\"product:availability\" content=\"instock\" \/>\n<meta property=\"product:retailer_item_id\" content=\"1483\" \/>\n<meta property=\"product:condition\" content=\"new\" \/>\n<!-- \/ Yoast SEO Premium plugin. -->","yoast_head_json":{"title":"AGRUMMIES - Bonbons artisanaux faits sur commande | Bebijn","description":"Bonbons Bebi au citron vert, au citron et \u00e0 l'orange : une triade d'agrumes harmonieuse, une gourmandise croquante et ensoleill\u00e9e \u00e0 chaque bouch\u00e9e ! \ud83c\udf4b\ud83c\udf4a\ud83c\udf6c","robots":{"index":"index","follow":"follow","max-snippet":"max-snippet:-1","max-image-preview":"max-image-preview:large","max-video-preview":"max-video-preview:-1"},"canonical":"https:\/\/bebijn.be\/fr\/produit\/sour-agrummi-orange-citron-vert-citron-vert\/","schema":{"@context":"https:\/\/schema.org","@graph":[{"@type":"WebPage","@id":"https:\/\/bebijn.be\/product\/sinaas-limoen-citroen-agrumi-mix\/","url":"https:\/\/bebijn.be\/product\/sinaas-limoen-citroen-agrumi-mix\/","name":"AGRUMMIES - Bonbons artisanaux faits sur commande | Bebijn","isPartOf":{"@id":"https:\/\/bebijn.be\/#website"},"primaryImageOfPage":{"@id":"https:\/\/bebijn.be\/product\/sinaas-limoen-citroen-agrumi-mix\/#primaryimage"},"image":{"@id":"https:\/\/bebijn.be\/product\/sinaas-limoen-citroen-agrumi-mix\/#primaryimage"},"thumbnailUrl":"https:\/\/bebijn.be\/wp-content\/uploads\/2025\/06\/001-agrum-bebijn-mix.jpg","datePublished":"2025-01-25T09:43:38+00:00","dateModified":"2026-03-18T10:27:50+00:00","description":"Bonbons Bebi au citron vert, au citron et \u00e0 l'orange : une triade d'agrumes harmonieuse, une gourmandise croquante et ensoleill\u00e9e \u00e0 chaque bouch\u00e9e ! \ud83c\udf4b\ud83c\udf4a\ud83c\udf6c","breadcrumb":{"@id":"https:\/\/bebijn.be\/product\/sinaas-limoen-citroen-agrumi-mix\/#breadcrumb"},"inLanguage":"fr-BE","potentialAction":[{"@type":"ReadAction","target":["https:\/\/bebijn.be\/product\/sinaas-limoen-citroen-agrumi-mix\/"]}]},{"@type":"ImageObject","inLanguage":"fr-BE","@id":"https:\/\/bebijn.be\/product\/sinaas-limoen-citroen-agrumi-mix\/#primaryimage","url":"https:\/\/bebijn.be\/wp-content\/uploads\/2025\/06\/001-agrum-bebijn-mix.jpg","contentUrl":"https:\/\/bebijn.be\/wp-content\/uploads\/2025\/06\/001-agrum-bebijn-mix.jpg","width":800,"height":800},{"@type":"BreadcrumbList","@id":"https:\/\/bebijn.be\/product\/sinaas-limoen-citroen-agrumi-mix\/#breadcrumb","itemListElement":[{"@type":"ListItem","position":1,"name":"Home","item":"https:\/\/bebijn.be\/"},{"@type":"ListItem","position":2,"name":"Winkel Bebijn","item":"https:\/\/bebijn.be\/winkel-bebijn\/"},{"@type":"ListItem","position":3,"name":"AGRUMMIES"}]},{"@type":"WebSite","@id":"https:\/\/bebijn.be\/#website","url":"https:\/\/bebijn.be\/","name":"Bebijn | Sucreries artisanales personnalis\u00e9es","description":"confiserie et bonbons pour la gastronomie cadeau marketing","publisher":{"@id":"https:\/\/bebijn.be\/#organization"},"potentialAction":[{"@type":"SearchAction","target":{"@type":"EntryPoint","urlTemplate":"https:\/\/bebijn.be\/?s={search_term_string}"},"query-input":{"@type":"PropertyValueSpecification","valueRequired":true,"valueName":"search_term_string"}}],"inLanguage":"fr-BE"},{"@type":"Organization","@id":"https:\/\/bebijn.be\/#organization","name":"Bebijn","url":"https:\/\/bebijn.be\/","logo":{"@type":"ImageObject","inLanguage":"fr-BE","@id":"https:\/\/bebijn.be\/#\/schema\/logo\/image\/","url":"https:\/\/bebijn.be\/wp-content\/uploads\/2024\/12\/Bebijn-Logo-RGB-v1.png","contentUrl":"https:\/\/bebijn.be\/wp-content\/uploads\/2024\/12\/Bebijn-Logo-RGB-v1.png","width":800,"height":800,"caption":"Bebijn"},"image":{"@id":"https:\/\/bebijn.be\/#\/schema\/logo\/image\/"},"sameAs":["https:\/\/www.facebook.com\/bebijn\/","https:\/\/www.instagram.com\/bebijn.sweets\/"]}]},"product_price_amount":"27.00","product_price_currency":"EUR","og_availability":"instock","product_availability":"instock","product_retailer_item_id":"1483","product_condition":"new"},"_links":{"self":[{"href":"https:\/\/bebijn.be\/fr\/wp-json\/wp\/v2\/product\/17097","targetHints":{"allow":["GET"]}}],"collection":[{"href":"https:\/\/bebijn.be\/fr\/wp-json\/wp\/v2\/product"}],"about":[{"href":"https:\/\/bebijn.be\/fr\/wp-json\/wp\/v2\/types\/product"}],"version-history":[{"count":5,"href":"https:\/\/bebijn.be\/fr\/wp-json\/wp\/v2\/product\/17097\/revisions"}],"predecessor-version":[{"id":19666,"href":"https:\/\/bebijn.be\/fr\/wp-json\/wp\/v2\/product\/17097\/revisions\/19666"}],"wp:featuredmedia":[{"embeddable":true,"href":"https:\/\/bebijn.be\/fr\/wp-json\/wp\/v2\/media\/19091"}],"wp:attachment":[{"href":"https:\/\/bebijn.be\/fr\/wp-json\/wp\/v2\/media?parent=17097"}],"wp:term":[{"taxonomy":"product_brand","embeddable":true,"href":"https:\/\/bebijn.be\/fr\/wp-json\/wp\/v2\/product_brand?post=17097"},{"taxonomy":"product_cat","embeddable":true,"href":"https:\/\/bebijn.be\/fr\/wp-json\/wp\/v2\/product_cat?post=17097"},{"taxonomy":"product_tag","embeddable":true,"href":"https:\/\/bebijn.be\/fr\/wp-json\/wp\/v2\/product_tag?post=17097"}],"curies":[{"name":"wp","href":"https:\/\/api.w.org\/{rel}","templated":true}]}}