{"id":17099,"date":"2025-01-25T10:43:39","date_gmt":"2025-01-25T09:43:39","guid":{"rendered":"https:\/\/deezine.be\/bebijn\/?post_type=product&#038;p=17099"},"modified":"2026-03-24T13:36:56","modified_gmt":"2026-03-24T11:36:56","slug":"p-gommi-ananas-poivre-noir","status":"publish","type":"product","link":"https:\/\/bebijn.be\/fr\/product\/ananas-zwarte-peper\/","title":{"rendered":"Ananas - Poivre noir"},"content":{"rendered":"<p data-start=\"0\" data-end=\"374\"><strong data-start=\"30\" data-end=\"75\">Bonbons Bevin \u00e0 l'ananas et au poivre noir<\/strong> est une combinaison magnifique et sophistiqu\u00e9e de douceur tropicale et de chaleur \u00e9pic\u00e9e. L'ananas apporte une douceur ensoleill\u00e9e et fra\u00eeche, tandis que le poivre noir apporte une chaleur subtile et piquante qui donne de la profondeur au fruit. Un \u00e9quilibre passionnant entre le sucr\u00e9, le frais et le l\u00e9g\u00e8rement \u00e9pic\u00e9.<\/p>\n<p data-start=\"376\" data-end=\"499\">Id\u00e9al pour accompagner le caf\u00e9 comme mignardise, l'addition, une douceur \u00e0 d\u00e9guster ou \u00e0 offrir comme cadeau original.<\/p>\n<p data-start=\"501\" data-end=\"606\">Pour les palais aventureux, ce bonbon est une exp\u00e9rience gustative surprenante, pleine de caract\u00e8re et d'\u00e9l\u00e9gance.<\/p>","protected":false},"excerpt":{"rendered":"<p data-start=\"0\" data-end=\"374\"><strong data-start=\"30\" data-end=\"75\">Bonbons Bevin \u00e0 l'ananas et au poivre noir<\/strong> est une combinaison magnifique et sophistiqu\u00e9e de douceur tropicale et de chaleur \u00e9pic\u00e9e. L'ananas apporte une douceur ensoleill\u00e9e et fra\u00eeche, tandis que le poivre noir apporte une chaleur subtile et piquante qui donne de la profondeur au fruit. Un \u00e9quilibre passionnant entre le sucr\u00e9, le frais et le l\u00e9g\u00e8rement \u00e9pic\u00e9.<\/p>\n<p data-start=\"376\" data-end=\"499\">Id\u00e9al pour accompagner le caf\u00e9 comme mignardise, l'addition, une douceur \u00e0 d\u00e9guster ou \u00e0 offrir comme cadeau original.<\/p>\n<p data-start=\"501\" data-end=\"606\">Pour les palais aventureux, ce bonbon est une exp\u00e9rience gustative surprenante, pleine de caract\u00e8re et d'\u00e9l\u00e9gance.<\/p>","protected":false},"featured_media":19786,"template":"","meta":[],"product_brand":[],"product_cat":[69],"product_tag":[],"class_list":{"0":"post-17099","1":"product","2":"type-product","3":"status-publish","4":"has-post-thumbnail","6":"product_cat-bebijn-assortiment-gommen","8":"first","9":"instock","10":"taxable","11":"shipping-taxable","12":"purchasable","13":"product-type-simple"},"yoast_head":"<!-- This site is optimized with the Yoast SEO Premium plugin v24.2 (Yoast SEO v27.4) - https:\/\/yoast.com\/product\/yoast-seo-premium-wordpress\/ -->\n<title>Ananas \u2022 Zwarte peper - Artisanale snoep op maat | Bebijn<\/title>\n<meta name=\"description\" content=\"Bebijn snoepje met ananas en zwarte peper: tropisch zoet met een kruidige kick \u2014 fris, spannend en verfijnd. \ud83c\udf4d\u2728\ud83c\udf3f\ud83c\udf6c\" \/>\n<meta name=\"robots\" content=\"index, follow, max-snippet:-1, max-image-preview:large, max-video-preview:-1\" \/>\n<link rel=\"canonical\" href=\"https:\/\/bebijn.be\/fr\/produit\/p-gommi-ananas-poivre-noir\/\" \/>\n<script type=\"application\/ld+json\" class=\"yoast-schema-graph\">{\"@context\":\"https:\\\/\\\/schema.org\",\"@graph\":[{\"@type\":\"WebPage\",\"@id\":\"https:\\\/\\\/bebijn.be\\\/product\\\/ananas-zwarte-peper\\\/\",\"url\":\"https:\\\/\\\/bebijn.be\\\/product\\\/ananas-zwarte-peper\\\/\",\"name\":\"Ananas \u2022 Zwarte peper - Artisanale snoep op maat | Bebijn\",\"isPartOf\":{\"@id\":\"https:\\\/\\\/bebijn.be\\\/#website\"},\"primaryImageOfPage\":{\"@id\":\"https:\\\/\\\/bebijn.be\\\/product\\\/ananas-zwarte-peper\\\/#primaryimage\"},\"image\":{\"@id\":\"https:\\\/\\\/bebijn.be\\\/product\\\/ananas-zwarte-peper\\\/#primaryimage\"},\"thumbnailUrl\":\"https:\\\/\\\/bebijn.be\\\/wp-content\\\/uploads\\\/2025\\\/01\\\/015-geel-bebijn-handwerk.jpg\",\"datePublished\":\"2025-01-25T09:43:39+00:00\",\"dateModified\":\"2026-03-24T11:36:56+00:00\",\"description\":\"Bebijn snoepje met ananas en zwarte peper: tropisch zoet met een kruidige kick \u2014 fris, spannend en verfijnd. \ud83c\udf4d\u2728\ud83c\udf3f\ud83c\udf6c\",\"breadcrumb\":{\"@id\":\"https:\\\/\\\/bebijn.be\\\/product\\\/ananas-zwarte-peper\\\/#breadcrumb\"},\"inLanguage\":\"fr-BE\",\"potentialAction\":[{\"@type\":\"ReadAction\",\"target\":[\"https:\\\/\\\/bebijn.be\\\/product\\\/ananas-zwarte-peper\\\/\"]}]},{\"@type\":\"ImageObject\",\"inLanguage\":\"fr-BE\",\"@id\":\"https:\\\/\\\/bebijn.be\\\/product\\\/ananas-zwarte-peper\\\/#primaryimage\",\"url\":\"https:\\\/\\\/bebijn.be\\\/wp-content\\\/uploads\\\/2025\\\/01\\\/015-geel-bebijn-handwerk.jpg\",\"contentUrl\":\"https:\\\/\\\/bebijn.be\\\/wp-content\\\/uploads\\\/2025\\\/01\\\/015-geel-bebijn-handwerk.jpg\",\"width\":800,\"height\":800},{\"@type\":\"BreadcrumbList\",\"@id\":\"https:\\\/\\\/bebijn.be\\\/product\\\/ananas-zwarte-peper\\\/#breadcrumb\",\"itemListElement\":[{\"@type\":\"ListItem\",\"position\":1,\"name\":\"Home\",\"item\":\"https:\\\/\\\/bebijn.be\\\/\"},{\"@type\":\"ListItem\",\"position\":2,\"name\":\"Winkel Bebijn\",\"item\":\"https:\\\/\\\/bebijn.be\\\/winkel-bebijn\\\/\"},{\"@type\":\"ListItem\",\"position\":3,\"name\":\"Ananas \u2022 Zwarte peper\"}]},{\"@type\":\"WebSite\",\"@id\":\"https:\\\/\\\/bebijn.be\\\/#website\",\"url\":\"https:\\\/\\\/bebijn.be\\\/\",\"name\":\"Bebijn | Artisanale snoep op maat\",\"description\":\"confiserie en snoep voor gastronomie marketing geschenk\",\"publisher\":{\"@id\":\"https:\\\/\\\/bebijn.be\\\/#organization\"},\"potentialAction\":[{\"@type\":\"SearchAction\",\"target\":{\"@type\":\"EntryPoint\",\"urlTemplate\":\"https:\\\/\\\/bebijn.be\\\/?s={search_term_string}\"},\"query-input\":{\"@type\":\"PropertyValueSpecification\",\"valueRequired\":true,\"valueName\":\"search_term_string\"}}],\"inLanguage\":\"fr-BE\"},{\"@type\":\"Organization\",\"@id\":\"https:\\\/\\\/bebijn.be\\\/#organization\",\"name\":\"Bebijn\",\"url\":\"https:\\\/\\\/bebijn.be\\\/\",\"logo\":{\"@type\":\"ImageObject\",\"inLanguage\":\"fr-BE\",\"@id\":\"https:\\\/\\\/bebijn.be\\\/#\\\/schema\\\/logo\\\/image\\\/\",\"url\":\"https:\\\/\\\/bebijn.be\\\/wp-content\\\/uploads\\\/2024\\\/12\\\/Bebijn-Logo-RGB-v1.png\",\"contentUrl\":\"https:\\\/\\\/bebijn.be\\\/wp-content\\\/uploads\\\/2024\\\/12\\\/Bebijn-Logo-RGB-v1.png\",\"width\":800,\"height\":800,\"caption\":\"Bebijn\"},\"image\":{\"@id\":\"https:\\\/\\\/bebijn.be\\\/#\\\/schema\\\/logo\\\/image\\\/\"},\"sameAs\":[\"https:\\\/\\\/www.facebook.com\\\/bebijn\\\/\",\"https:\\\/\\\/www.instagram.com\\\/bebijn.sweets\\\/\"]}]}<\/script>\n<meta property=\"product:price:amount\" content=\"33.00\" \/>\n<meta property=\"product:price:currency\" content=\"EUR\" \/>\n<meta property=\"og:availability\" content=\"instock\" \/>\n<meta property=\"product:availability\" content=\"instock\" \/>\n<meta property=\"product:retailer_item_id\" content=\"gomananpepe\" \/>\n<meta property=\"product:condition\" content=\"new\" \/>\n<!-- \/ Yoast SEO Premium plugin. -->","yoast_head_json":{"title":"Ananas - Poivre noir - Bonbons artisanaux sur mesure | Bebijn","description":"Bonbon Bebi \u00e0 l'ananas et au poivre noir : douceur tropicale avec un coup de pouce \u00e9pic\u00e9 - frais, excitant et raffin\u00e9. \ud83c\udf4d\u2728\ud83c\udf3f\ud83c\udf6c","robots":{"index":"index","follow":"follow","max-snippet":"max-snippet:-1","max-image-preview":"max-image-preview:large","max-video-preview":"max-video-preview:-1"},"canonical":"https:\/\/bebijn.be\/fr\/produit\/p-gommi-ananas-poivre-noir\/","schema":{"@context":"https:\/\/schema.org","@graph":[{"@type":"WebPage","@id":"https:\/\/bebijn.be\/product\/ananas-zwarte-peper\/","url":"https:\/\/bebijn.be\/product\/ananas-zwarte-peper\/","name":"Ananas - Poivre noir - Bonbons artisanaux sur mesure | Bebijn","isPartOf":{"@id":"https:\/\/bebijn.be\/#website"},"primaryImageOfPage":{"@id":"https:\/\/bebijn.be\/product\/ananas-zwarte-peper\/#primaryimage"},"image":{"@id":"https:\/\/bebijn.be\/product\/ananas-zwarte-peper\/#primaryimage"},"thumbnailUrl":"https:\/\/bebijn.be\/wp-content\/uploads\/2025\/01\/015-geel-bebijn-handwerk.jpg","datePublished":"2025-01-25T09:43:39+00:00","dateModified":"2026-03-24T11:36:56+00:00","description":"Bonbon Bebi \u00e0 l'ananas et au poivre noir : douceur tropicale avec un coup de pouce \u00e9pic\u00e9 - frais, excitant et raffin\u00e9. \ud83c\udf4d\u2728\ud83c\udf3f\ud83c\udf6c","breadcrumb":{"@id":"https:\/\/bebijn.be\/product\/ananas-zwarte-peper\/#breadcrumb"},"inLanguage":"fr-BE","potentialAction":[{"@type":"ReadAction","target":["https:\/\/bebijn.be\/product\/ananas-zwarte-peper\/"]}]},{"@type":"ImageObject","inLanguage":"fr-BE","@id":"https:\/\/bebijn.be\/product\/ananas-zwarte-peper\/#primaryimage","url":"https:\/\/bebijn.be\/wp-content\/uploads\/2025\/01\/015-geel-bebijn-handwerk.jpg","contentUrl":"https:\/\/bebijn.be\/wp-content\/uploads\/2025\/01\/015-geel-bebijn-handwerk.jpg","width":800,"height":800},{"@type":"BreadcrumbList","@id":"https:\/\/bebijn.be\/product\/ananas-zwarte-peper\/#breadcrumb","itemListElement":[{"@type":"ListItem","position":1,"name":"Home","item":"https:\/\/bebijn.be\/"},{"@type":"ListItem","position":2,"name":"Winkel Bebijn","item":"https:\/\/bebijn.be\/winkel-bebijn\/"},{"@type":"ListItem","position":3,"name":"Ananas \u2022 Zwarte peper"}]},{"@type":"WebSite","@id":"https:\/\/bebijn.be\/#website","url":"https:\/\/bebijn.be\/","name":"Bebijn | Sucreries artisanales personnalis\u00e9es","description":"confiserie et bonbons pour la gastronomie cadeau marketing","publisher":{"@id":"https:\/\/bebijn.be\/#organization"},"potentialAction":[{"@type":"SearchAction","target":{"@type":"EntryPoint","urlTemplate":"https:\/\/bebijn.be\/?s={search_term_string}"},"query-input":{"@type":"PropertyValueSpecification","valueRequired":true,"valueName":"search_term_string"}}],"inLanguage":"fr-BE"},{"@type":"Organization","@id":"https:\/\/bebijn.be\/#organization","name":"Bebijn","url":"https:\/\/bebijn.be\/","logo":{"@type":"ImageObject","inLanguage":"fr-BE","@id":"https:\/\/bebijn.be\/#\/schema\/logo\/image\/","url":"https:\/\/bebijn.be\/wp-content\/uploads\/2024\/12\/Bebijn-Logo-RGB-v1.png","contentUrl":"https:\/\/bebijn.be\/wp-content\/uploads\/2024\/12\/Bebijn-Logo-RGB-v1.png","width":800,"height":800,"caption":"Bebijn"},"image":{"@id":"https:\/\/bebijn.be\/#\/schema\/logo\/image\/"},"sameAs":["https:\/\/www.facebook.com\/bebijn\/","https:\/\/www.instagram.com\/bebijn.sweets\/"]}]},"product_price_amount":"33.00","product_price_currency":"EUR","og_availability":"instock","product_availability":"instock","product_retailer_item_id":"gomananpepe","product_condition":"new"},"_links":{"self":[{"href":"https:\/\/bebijn.be\/fr\/wp-json\/wp\/v2\/product\/17099","targetHints":{"allow":["GET"]}}],"collection":[{"href":"https:\/\/bebijn.be\/fr\/wp-json\/wp\/v2\/product"}],"about":[{"href":"https:\/\/bebijn.be\/fr\/wp-json\/wp\/v2\/types\/product"}],"version-history":[{"count":1,"href":"https:\/\/bebijn.be\/fr\/wp-json\/wp\/v2\/product\/17099\/revisions"}],"predecessor-version":[{"id":19777,"href":"https:\/\/bebijn.be\/fr\/wp-json\/wp\/v2\/product\/17099\/revisions\/19777"}],"wp:featuredmedia":[{"embeddable":true,"href":"https:\/\/bebijn.be\/fr\/wp-json\/wp\/v2\/media\/19786"}],"wp:attachment":[{"href":"https:\/\/bebijn.be\/fr\/wp-json\/wp\/v2\/media?parent=17099"}],"wp:term":[{"taxonomy":"product_brand","embeddable":true,"href":"https:\/\/bebijn.be\/fr\/wp-json\/wp\/v2\/product_brand?post=17099"},{"taxonomy":"product_cat","embeddable":true,"href":"https:\/\/bebijn.be\/fr\/wp-json\/wp\/v2\/product_cat?post=17099"},{"taxonomy":"product_tag","embeddable":true,"href":"https:\/\/bebijn.be\/fr\/wp-json\/wp\/v2\/product_tag?post=17099"}],"curies":[{"name":"wp","href":"https:\/\/api.w.org\/{rel}","templated":true}]}}