{"id":17100,"date":"2025-01-25T10:43:39","date_gmt":"2025-01-25T09:43:39","guid":{"rendered":"https:\/\/deezine.be\/bebijn\/?post_type=product&#038;p=17100"},"modified":"2026-03-30T17:21:57","modified_gmt":"2026-03-30T15:21:57","slug":"6-x-1-kg-candy-moment","status":"publish","type":"product","link":"https:\/\/bebijn.be\/fr\/product\/gommetjes-snoepmoment-6-x-1-kg-promo\/","title":{"rendered":"gommes SNOEPMOMENT 6 x 1 kg PROMO"},"content":{"rendered":"<p>6Kg ou typiquement 1000 d\u00e9licieuses gommes pectines Orange - Fruit de la passion jaune (Maracuja)<\/p>\n<p>Emball\u00e9 par kg, 6 sacs dans une bo\u00eete<\/p>\n<p>id\u00e9al comme mignardise ...une douceur surprenante avec le caf\u00e9 ou tout simplement \u00e0 d\u00e9guster \u00e0 tout moment ! <strong>A +\/- 15 cents l'unit\u00e9<\/strong><\/p>\n<p>Dur\u00e9e de conservation minimale de 5 mois<br \/>\nLIVRAISON GRATUITE en Belgique et co\u00fbts fortement r\u00e9duits pour les pays voisins<\/p>","protected":false},"excerpt":{"rendered":"<p>6Kg ou typiquement 1000 d\u00e9licieuses gommes pectines Orange - Fruit de la passion jaune (Maracuja)<\/p>\n<p>Emball\u00e9 par kg, 6 sacs dans une bo\u00eete<\/p>\n<p>id\u00e9al comme mignardise ...une douceur surprenante avec le caf\u00e9 ou tout simplement \u00e0 d\u00e9guster \u00e0 tout moment ! <strong>A +\/- 15 cents l'unit\u00e9<\/strong><\/p>\n<p>Dur\u00e9e de conservation minimale de 5 mois<br \/>\nLIVRAISON GRATUITE en Belgique et co\u00fbts fortement r\u00e9duits pour les pays voisins<\/p>","protected":false},"featured_media":18873,"template":"","meta":[],"product_brand":[],"product_cat":[71],"product_tag":[],"class_list":{"0":"post-17100","1":"product","2":"type-product","3":"status-publish","4":"has-post-thumbnail","6":"product_cat-bebijn-assortiment-in-a-box","8":"first","9":"instock","10":"taxable","11":"shipping-taxable","12":"purchasable","13":"product-type-simple"},"yoast_head":"<!-- This site is optimized with the Yoast SEO Premium plugin v24.2 (Yoast SEO v27.4) - https:\/\/yoast.com\/product\/yoast-seo-premium-wordpress\/ -->\n<title>gommetjes SNOEPMOMENT 6 x 1 kg PROMO - Artisanale snoep op maat | Bebijn<\/title>\n<meta name=\"description\" content=\"1000-tal heerlijke gastronomische snoepjes verpakt per kg, 6kg heerlijk originele snoep\" \/>\n<meta name=\"robots\" content=\"index, follow, max-snippet:-1, max-image-preview:large, max-video-preview:-1\" \/>\n<link rel=\"canonical\" href=\"https:\/\/bebijn.be\/fr\/produit\/6-x-1-kg-candy-moment\/\" \/>\n<script type=\"application\/ld+json\" class=\"yoast-schema-graph\">{\"@context\":\"https:\\\/\\\/schema.org\",\"@graph\":[{\"@type\":\"WebPage\",\"@id\":\"https:\\\/\\\/bebijn.be\\\/product\\\/gommetjes-snoepmoment-6-x-1-kg-promo\\\/\",\"url\":\"https:\\\/\\\/bebijn.be\\\/product\\\/gommetjes-snoepmoment-6-x-1-kg-promo\\\/\",\"name\":\"gommetjes SNOEPMOMENT 6 x 1 kg PROMO - Artisanale snoep op maat | Bebijn\",\"isPartOf\":{\"@id\":\"https:\\\/\\\/bebijn.be\\\/#website\"},\"primaryImageOfPage\":{\"@id\":\"https:\\\/\\\/bebijn.be\\\/product\\\/gommetjes-snoepmoment-6-x-1-kg-promo\\\/#primaryimage\"},\"image\":{\"@id\":\"https:\\\/\\\/bebijn.be\\\/product\\\/gommetjes-snoepmoment-6-x-1-kg-promo\\\/#primaryimage\"},\"thumbnailUrl\":\"https:\\\/\\\/bebijn.be\\\/wp-content\\\/uploads\\\/2025\\\/06\\\/bebijn-box-snoepmoment-v3.jpg\",\"datePublished\":\"2025-01-25T09:43:39+00:00\",\"dateModified\":\"2026-03-30T15:21:57+00:00\",\"description\":\"1000-tal heerlijke gastronomische snoepjes verpakt per kg, 6kg heerlijk originele snoep\",\"breadcrumb\":{\"@id\":\"https:\\\/\\\/bebijn.be\\\/product\\\/gommetjes-snoepmoment-6-x-1-kg-promo\\\/#breadcrumb\"},\"inLanguage\":\"fr-BE\",\"potentialAction\":[{\"@type\":\"ReadAction\",\"target\":[\"https:\\\/\\\/bebijn.be\\\/product\\\/gommetjes-snoepmoment-6-x-1-kg-promo\\\/\"]}]},{\"@type\":\"ImageObject\",\"inLanguage\":\"fr-BE\",\"@id\":\"https:\\\/\\\/bebijn.be\\\/product\\\/gommetjes-snoepmoment-6-x-1-kg-promo\\\/#primaryimage\",\"url\":\"https:\\\/\\\/bebijn.be\\\/wp-content\\\/uploads\\\/2025\\\/06\\\/bebijn-box-snoepmoment-v3.jpg\",\"contentUrl\":\"https:\\\/\\\/bebijn.be\\\/wp-content\\\/uploads\\\/2025\\\/06\\\/bebijn-box-snoepmoment-v3.jpg\",\"width\":600,\"height\":600},{\"@type\":\"BreadcrumbList\",\"@id\":\"https:\\\/\\\/bebijn.be\\\/product\\\/gommetjes-snoepmoment-6-x-1-kg-promo\\\/#breadcrumb\",\"itemListElement\":[{\"@type\":\"ListItem\",\"position\":1,\"name\":\"Home\",\"item\":\"https:\\\/\\\/bebijn.be\\\/\"},{\"@type\":\"ListItem\",\"position\":2,\"name\":\"Winkel Bebijn\",\"item\":\"https:\\\/\\\/bebijn.be\\\/winkel-bebijn\\\/\"},{\"@type\":\"ListItem\",\"position\":3,\"name\":\"gommetjes SNOEPMOMENT 6 x 1 kg PROMO\"}]},{\"@type\":\"WebSite\",\"@id\":\"https:\\\/\\\/bebijn.be\\\/#website\",\"url\":\"https:\\\/\\\/bebijn.be\\\/\",\"name\":\"Bebijn | Artisanale snoep op maat\",\"description\":\"confiserie en snoep voor gastronomie marketing geschenk\",\"publisher\":{\"@id\":\"https:\\\/\\\/bebijn.be\\\/#organization\"},\"potentialAction\":[{\"@type\":\"SearchAction\",\"target\":{\"@type\":\"EntryPoint\",\"urlTemplate\":\"https:\\\/\\\/bebijn.be\\\/?s={search_term_string}\"},\"query-input\":{\"@type\":\"PropertyValueSpecification\",\"valueRequired\":true,\"valueName\":\"search_term_string\"}}],\"inLanguage\":\"fr-BE\"},{\"@type\":\"Organization\",\"@id\":\"https:\\\/\\\/bebijn.be\\\/#organization\",\"name\":\"Bebijn\",\"url\":\"https:\\\/\\\/bebijn.be\\\/\",\"logo\":{\"@type\":\"ImageObject\",\"inLanguage\":\"fr-BE\",\"@id\":\"https:\\\/\\\/bebijn.be\\\/#\\\/schema\\\/logo\\\/image\\\/\",\"url\":\"https:\\\/\\\/bebijn.be\\\/wp-content\\\/uploads\\\/2024\\\/12\\\/Bebijn-Logo-RGB-v1.png\",\"contentUrl\":\"https:\\\/\\\/bebijn.be\\\/wp-content\\\/uploads\\\/2024\\\/12\\\/Bebijn-Logo-RGB-v1.png\",\"width\":800,\"height\":800,\"caption\":\"Bebijn\"},\"image\":{\"@id\":\"https:\\\/\\\/bebijn.be\\\/#\\\/schema\\\/logo\\\/image\\\/\"},\"sameAs\":[\"https:\\\/\\\/www.facebook.com\\\/bebijn\\\/\",\"https:\\\/\\\/www.instagram.com\\\/bebijn.sweets\\\/\"]}]}<\/script>\n<meta property=\"product:price:amount\" content=\"145.00\" \/>\n<meta property=\"product:price:currency\" content=\"EUR\" \/>\n<meta property=\"og:availability\" content=\"instock\" \/>\n<meta property=\"product:availability\" content=\"instock\" \/>\n<meta property=\"product:retailer_item_id\" content=\"3368\" \/>\n<meta property=\"product:condition\" content=\"new\" \/>\n<!-- \/ Yoast SEO Premium plugin. -->","yoast_head_json":{"title":"gommes SNOEPMOMENT 6 x 1 kg PROMO - Bonbons artisanaux personnalis\u00e9s | Bebijn","description":"1000 bonbons d\u00e9licieux emball\u00e9s par kg, 6kg de d\u00e9licieux bonbons originaux","robots":{"index":"index","follow":"follow","max-snippet":"max-snippet:-1","max-image-preview":"max-image-preview:large","max-video-preview":"max-video-preview:-1"},"canonical":"https:\/\/bebijn.be\/fr\/produit\/6-x-1-kg-candy-moment\/","schema":{"@context":"https:\/\/schema.org","@graph":[{"@type":"WebPage","@id":"https:\/\/bebijn.be\/product\/gommetjes-snoepmoment-6-x-1-kg-promo\/","url":"https:\/\/bebijn.be\/product\/gommetjes-snoepmoment-6-x-1-kg-promo\/","name":"gommes SNOEPMOMENT 6 x 1 kg PROMO - Bonbons artisanaux personnalis\u00e9s | Bebijn","isPartOf":{"@id":"https:\/\/bebijn.be\/#website"},"primaryImageOfPage":{"@id":"https:\/\/bebijn.be\/product\/gommetjes-snoepmoment-6-x-1-kg-promo\/#primaryimage"},"image":{"@id":"https:\/\/bebijn.be\/product\/gommetjes-snoepmoment-6-x-1-kg-promo\/#primaryimage"},"thumbnailUrl":"https:\/\/bebijn.be\/wp-content\/uploads\/2025\/06\/bebijn-box-snoepmoment-v3.jpg","datePublished":"2025-01-25T09:43:39+00:00","dateModified":"2026-03-30T15:21:57+00:00","description":"1000 bonbons d\u00e9licieux emball\u00e9s par kg, 6kg de d\u00e9licieux bonbons originaux","breadcrumb":{"@id":"https:\/\/bebijn.be\/product\/gommetjes-snoepmoment-6-x-1-kg-promo\/#breadcrumb"},"inLanguage":"fr-BE","potentialAction":[{"@type":"ReadAction","target":["https:\/\/bebijn.be\/product\/gommetjes-snoepmoment-6-x-1-kg-promo\/"]}]},{"@type":"ImageObject","inLanguage":"fr-BE","@id":"https:\/\/bebijn.be\/product\/gommetjes-snoepmoment-6-x-1-kg-promo\/#primaryimage","url":"https:\/\/bebijn.be\/wp-content\/uploads\/2025\/06\/bebijn-box-snoepmoment-v3.jpg","contentUrl":"https:\/\/bebijn.be\/wp-content\/uploads\/2025\/06\/bebijn-box-snoepmoment-v3.jpg","width":600,"height":600},{"@type":"BreadcrumbList","@id":"https:\/\/bebijn.be\/product\/gommetjes-snoepmoment-6-x-1-kg-promo\/#breadcrumb","itemListElement":[{"@type":"ListItem","position":1,"name":"Home","item":"https:\/\/bebijn.be\/"},{"@type":"ListItem","position":2,"name":"Winkel Bebijn","item":"https:\/\/bebijn.be\/winkel-bebijn\/"},{"@type":"ListItem","position":3,"name":"gommetjes SNOEPMOMENT 6 x 1 kg PROMO"}]},{"@type":"WebSite","@id":"https:\/\/bebijn.be\/#website","url":"https:\/\/bebijn.be\/","name":"Bebijn | Sucreries artisanales personnalis\u00e9es","description":"confiserie et bonbons pour la gastronomie cadeau marketing","publisher":{"@id":"https:\/\/bebijn.be\/#organization"},"potentialAction":[{"@type":"SearchAction","target":{"@type":"EntryPoint","urlTemplate":"https:\/\/bebijn.be\/?s={search_term_string}"},"query-input":{"@type":"PropertyValueSpecification","valueRequired":true,"valueName":"search_term_string"}}],"inLanguage":"fr-BE"},{"@type":"Organization","@id":"https:\/\/bebijn.be\/#organization","name":"Bebijn","url":"https:\/\/bebijn.be\/","logo":{"@type":"ImageObject","inLanguage":"fr-BE","@id":"https:\/\/bebijn.be\/#\/schema\/logo\/image\/","url":"https:\/\/bebijn.be\/wp-content\/uploads\/2024\/12\/Bebijn-Logo-RGB-v1.png","contentUrl":"https:\/\/bebijn.be\/wp-content\/uploads\/2024\/12\/Bebijn-Logo-RGB-v1.png","width":800,"height":800,"caption":"Bebijn"},"image":{"@id":"https:\/\/bebijn.be\/#\/schema\/logo\/image\/"},"sameAs":["https:\/\/www.facebook.com\/bebijn\/","https:\/\/www.instagram.com\/bebijn.sweets\/"]}]},"product_price_amount":"145.00","product_price_currency":"EUR","og_availability":"instock","product_availability":"instock","product_retailer_item_id":"3368","product_condition":"new"},"_links":{"self":[{"href":"https:\/\/bebijn.be\/fr\/wp-json\/wp\/v2\/product\/17100","targetHints":{"allow":["GET"]}}],"collection":[{"href":"https:\/\/bebijn.be\/fr\/wp-json\/wp\/v2\/product"}],"about":[{"href":"https:\/\/bebijn.be\/fr\/wp-json\/wp\/v2\/types\/product"}],"version-history":[{"count":4,"href":"https:\/\/bebijn.be\/fr\/wp-json\/wp\/v2\/product\/17100\/revisions"}],"predecessor-version":[{"id":19925,"href":"https:\/\/bebijn.be\/fr\/wp-json\/wp\/v2\/product\/17100\/revisions\/19925"}],"wp:featuredmedia":[{"embeddable":true,"href":"https:\/\/bebijn.be\/fr\/wp-json\/wp\/v2\/media\/18873"}],"wp:attachment":[{"href":"https:\/\/bebijn.be\/fr\/wp-json\/wp\/v2\/media?parent=17100"}],"wp:term":[{"taxonomy":"product_brand","embeddable":true,"href":"https:\/\/bebijn.be\/fr\/wp-json\/wp\/v2\/product_brand?post=17100"},{"taxonomy":"product_cat","embeddable":true,"href":"https:\/\/bebijn.be\/fr\/wp-json\/wp\/v2\/product_cat?post=17100"},{"taxonomy":"product_tag","embeddable":true,"href":"https:\/\/bebijn.be\/fr\/wp-json\/wp\/v2\/product_tag?post=17100"}],"curies":[{"name":"wp","href":"https:\/\/api.w.org\/{rel}","templated":true}]}}