{"id":17103,"date":"2025-01-25T10:43:39","date_gmt":"2025-01-25T09:43:39","guid":{"rendered":"https:\/\/deezine.be\/bebijn\/?post_type=product&#038;p=17103"},"modified":"2025-09-01T22:29:06","modified_gmt":"2025-09-01T20:29:06","slug":"p-gommi-citron-cardamome","status":"publish","type":"product","link":"https:\/\/bebijn.be\/fr\/product\/citroen-kardemom\/","title":{"rendered":"Citron - Cardamome"},"content":{"rendered":"<p>Les bonbons Bebi au citron et \u00e0 la cardamome sont une danse joyeuse entre la fra\u00eecheur des agrumes et la chaleur des \u00e9pices. Le citron enivrant embrasse la cardamome exotique et, ensemble, ils forment une chor\u00e9graphie savoureuse.<\/p>\n<p>Id\u00e9al avec le caf\u00e9 comme mignardise, addition, un bonbon \u00e0 d\u00e9guster ou \u00e0 offrir comme cadeau original, un bonbon artisanal Bebijn.<\/p>\n<p>Ces deux saveurs douces sont un v\u00e9ritable festin culinaire, o\u00f9 fra\u00eecheur et piquant dansent en harmonie, enchantant vos papilles gustatives d'un spectacle savoureux.<\/p>\n<p>Un plaisir d\u00e9licieux et sensoriel pour les amateurs de plats savoureux et ludiques.<\/p>","protected":false},"excerpt":{"rendered":"<p>Les bonbons Bebi au citron et \u00e0 la cardamome sont une danse joyeuse entre la fra\u00eecheur des agrumes et la chaleur des \u00e9pices. Le citron enivrant embrasse la cardamome exotique et, ensemble, ils forment une chor\u00e9graphie savoureuse.<\/p>\n<p>Id\u00e9al avec le caf\u00e9 comme mignardise, addition, un bonbon \u00e0 d\u00e9guster ou \u00e0 offrir comme cadeau original, un bonbon artisanal Bebijn.<\/p>\n<p>Ces deux saveurs douces sont un v\u00e9ritable festin culinaire, o\u00f9 fra\u00eecheur et piquant dansent en harmonie, enchantant vos papilles gustatives d'un spectacle savoureux.<\/p>\n<p>Un plaisir d\u00e9licieux et sensoriel pour les amateurs de plats savoureux et ludiques.<\/p>","protected":false},"featured_media":16858,"template":"","meta":[],"product_brand":[],"product_cat":[69],"product_tag":[],"class_list":{"0":"post-17103","1":"product","2":"type-product","3":"status-publish","4":"has-post-thumbnail","6":"product_cat-bebijn-assortiment-gommen","8":"first","9":"outofstock","10":"taxable","11":"shipping-taxable","12":"purchasable","13":"product-type-simple"},"yoast_head":"<!-- This site is optimized with the Yoast SEO Premium plugin v24.2 (Yoast SEO v27.4) - https:\/\/yoast.com\/product\/yoast-seo-premium-wordpress\/ -->\n<title>Citroen \u2022 Kardemom - Artisanale snoep op maat | Bebijn<\/title>\n<meta name=\"description\" content=\"Bebijn snoepjes met citroen en kardemom: een vrolijke dans van frisheid en kruidige warmte, een smaakvolle choreografie voor je zintuigen. \ud83c\udf4b\ud83c\udf3f\ud83c\udf75\" \/>\n<meta name=\"robots\" content=\"index, follow, max-snippet:-1, max-image-preview:large, max-video-preview:-1\" \/>\n<link rel=\"canonical\" href=\"https:\/\/bebijn.be\/fr\/produit\/p-gommi-citron-cardamome\/\" \/>\n<script type=\"application\/ld+json\" class=\"yoast-schema-graph\">{\"@context\":\"https:\\\/\\\/schema.org\",\"@graph\":[{\"@type\":\"WebPage\",\"@id\":\"https:\\\/\\\/bebijn.be\\\/product\\\/citroen-kardemom\\\/\",\"url\":\"https:\\\/\\\/bebijn.be\\\/product\\\/citroen-kardemom\\\/\",\"name\":\"Citroen \u2022 Kardemom - Artisanale snoep op maat | Bebijn\",\"isPartOf\":{\"@id\":\"https:\\\/\\\/bebijn.be\\\/#website\"},\"primaryImageOfPage\":{\"@id\":\"https:\\\/\\\/bebijn.be\\\/product\\\/citroen-kardemom\\\/#primaryimage\"},\"image\":{\"@id\":\"https:\\\/\\\/bebijn.be\\\/product\\\/citroen-kardemom\\\/#primaryimage\"},\"thumbnailUrl\":\"https:\\\/\\\/bebijn.be\\\/wp-content\\\/uploads\\\/2025\\\/01\\\/003-doorz-bebijn-snoep-op-maat.jpg\",\"datePublished\":\"2025-01-25T09:43:39+00:00\",\"dateModified\":\"2025-09-01T20:29:06+00:00\",\"description\":\"Bebijn snoepjes met citroen en kardemom: een vrolijke dans van frisheid en kruidige warmte, een smaakvolle choreografie voor je zintuigen. \ud83c\udf4b\ud83c\udf3f\ud83c\udf75\",\"breadcrumb\":{\"@id\":\"https:\\\/\\\/bebijn.be\\\/product\\\/citroen-kardemom\\\/#breadcrumb\"},\"inLanguage\":\"fr-BE\",\"potentialAction\":[{\"@type\":\"ReadAction\",\"target\":[\"https:\\\/\\\/bebijn.be\\\/product\\\/citroen-kardemom\\\/\"]}]},{\"@type\":\"ImageObject\",\"inLanguage\":\"fr-BE\",\"@id\":\"https:\\\/\\\/bebijn.be\\\/product\\\/citroen-kardemom\\\/#primaryimage\",\"url\":\"https:\\\/\\\/bebijn.be\\\/wp-content\\\/uploads\\\/2025\\\/01\\\/003-doorz-bebijn-snoep-op-maat.jpg\",\"contentUrl\":\"https:\\\/\\\/bebijn.be\\\/wp-content\\\/uploads\\\/2025\\\/01\\\/003-doorz-bebijn-snoep-op-maat.jpg\",\"width\":800,\"height\":800},{\"@type\":\"BreadcrumbList\",\"@id\":\"https:\\\/\\\/bebijn.be\\\/product\\\/citroen-kardemom\\\/#breadcrumb\",\"itemListElement\":[{\"@type\":\"ListItem\",\"position\":1,\"name\":\"Home\",\"item\":\"https:\\\/\\\/bebijn.be\\\/\"},{\"@type\":\"ListItem\",\"position\":2,\"name\":\"Winkel Bebijn\",\"item\":\"https:\\\/\\\/bebijn.be\\\/winkel-bebijn\\\/\"},{\"@type\":\"ListItem\",\"position\":3,\"name\":\"Citroen \u2022 Kardemom\"}]},{\"@type\":\"WebSite\",\"@id\":\"https:\\\/\\\/bebijn.be\\\/#website\",\"url\":\"https:\\\/\\\/bebijn.be\\\/\",\"name\":\"Bebijn | Artisanale snoep op maat\",\"description\":\"confiserie en snoep voor gastronomie marketing geschenk\",\"publisher\":{\"@id\":\"https:\\\/\\\/bebijn.be\\\/#organization\"},\"potentialAction\":[{\"@type\":\"SearchAction\",\"target\":{\"@type\":\"EntryPoint\",\"urlTemplate\":\"https:\\\/\\\/bebijn.be\\\/?s={search_term_string}\"},\"query-input\":{\"@type\":\"PropertyValueSpecification\",\"valueRequired\":true,\"valueName\":\"search_term_string\"}}],\"inLanguage\":\"fr-BE\"},{\"@type\":\"Organization\",\"@id\":\"https:\\\/\\\/bebijn.be\\\/#organization\",\"name\":\"Bebijn\",\"url\":\"https:\\\/\\\/bebijn.be\\\/\",\"logo\":{\"@type\":\"ImageObject\",\"inLanguage\":\"fr-BE\",\"@id\":\"https:\\\/\\\/bebijn.be\\\/#\\\/schema\\\/logo\\\/image\\\/\",\"url\":\"https:\\\/\\\/bebijn.be\\\/wp-content\\\/uploads\\\/2024\\\/12\\\/Bebijn-Logo-RGB-v1.png\",\"contentUrl\":\"https:\\\/\\\/bebijn.be\\\/wp-content\\\/uploads\\\/2024\\\/12\\\/Bebijn-Logo-RGB-v1.png\",\"width\":800,\"height\":800,\"caption\":\"Bebijn\"},\"image\":{\"@id\":\"https:\\\/\\\/bebijn.be\\\/#\\\/schema\\\/logo\\\/image\\\/\"},\"sameAs\":[\"https:\\\/\\\/www.facebook.com\\\/bebijn\\\/\",\"https:\\\/\\\/www.instagram.com\\\/bebijn.sweets\\\/\"]}]}<\/script>\n<meta property=\"product:price:amount\" content=\"33.00\" \/>\n<meta property=\"product:price:currency\" content=\"EUR\" \/>\n<meta property=\"og:availability\" content=\"out of stock\" \/>\n<meta property=\"product:availability\" content=\"out of stock\" \/>\n<meta property=\"product:retailer_item_id\" content=\"3738\" \/>\n<meta property=\"product:condition\" content=\"new\" \/>\n<!-- \/ Yoast SEO Premium plugin. -->","yoast_head_json":{"title":"Citron - Cardamome - Friandises artisanales personnalis\u00e9es | Bebijn","description":"Bonbons Bebi au citron et \u00e0 la cardamome : une danse joyeuse de fra\u00eecheur et de chaleur \u00e9pic\u00e9e, une chor\u00e9graphie savoureuse pour vos sens. \ud83c\udf4b\ud83c\udf3f\ud83c\udf75","robots":{"index":"index","follow":"follow","max-snippet":"max-snippet:-1","max-image-preview":"max-image-preview:large","max-video-preview":"max-video-preview:-1"},"canonical":"https:\/\/bebijn.be\/fr\/produit\/p-gommi-citron-cardamome\/","schema":{"@context":"https:\/\/schema.org","@graph":[{"@type":"WebPage","@id":"https:\/\/bebijn.be\/product\/citroen-kardemom\/","url":"https:\/\/bebijn.be\/product\/citroen-kardemom\/","name":"Citron - Cardamome - Friandises artisanales personnalis\u00e9es | Bebijn","isPartOf":{"@id":"https:\/\/bebijn.be\/#website"},"primaryImageOfPage":{"@id":"https:\/\/bebijn.be\/product\/citroen-kardemom\/#primaryimage"},"image":{"@id":"https:\/\/bebijn.be\/product\/citroen-kardemom\/#primaryimage"},"thumbnailUrl":"https:\/\/bebijn.be\/wp-content\/uploads\/2025\/01\/003-doorz-bebijn-snoep-op-maat.jpg","datePublished":"2025-01-25T09:43:39+00:00","dateModified":"2025-09-01T20:29:06+00:00","description":"Bonbons Bebi au citron et \u00e0 la cardamome : une danse joyeuse de fra\u00eecheur et de chaleur \u00e9pic\u00e9e, une chor\u00e9graphie savoureuse pour vos sens. \ud83c\udf4b\ud83c\udf3f\ud83c\udf75","breadcrumb":{"@id":"https:\/\/bebijn.be\/product\/citroen-kardemom\/#breadcrumb"},"inLanguage":"fr-BE","potentialAction":[{"@type":"ReadAction","target":["https:\/\/bebijn.be\/product\/citroen-kardemom\/"]}]},{"@type":"ImageObject","inLanguage":"fr-BE","@id":"https:\/\/bebijn.be\/product\/citroen-kardemom\/#primaryimage","url":"https:\/\/bebijn.be\/wp-content\/uploads\/2025\/01\/003-doorz-bebijn-snoep-op-maat.jpg","contentUrl":"https:\/\/bebijn.be\/wp-content\/uploads\/2025\/01\/003-doorz-bebijn-snoep-op-maat.jpg","width":800,"height":800},{"@type":"BreadcrumbList","@id":"https:\/\/bebijn.be\/product\/citroen-kardemom\/#breadcrumb","itemListElement":[{"@type":"ListItem","position":1,"name":"Home","item":"https:\/\/bebijn.be\/"},{"@type":"ListItem","position":2,"name":"Winkel Bebijn","item":"https:\/\/bebijn.be\/winkel-bebijn\/"},{"@type":"ListItem","position":3,"name":"Citroen \u2022 Kardemom"}]},{"@type":"WebSite","@id":"https:\/\/bebijn.be\/#website","url":"https:\/\/bebijn.be\/","name":"Bebijn | Sucreries artisanales personnalis\u00e9es","description":"confiserie et bonbons pour la gastronomie cadeau marketing","publisher":{"@id":"https:\/\/bebijn.be\/#organization"},"potentialAction":[{"@type":"SearchAction","target":{"@type":"EntryPoint","urlTemplate":"https:\/\/bebijn.be\/?s={search_term_string}"},"query-input":{"@type":"PropertyValueSpecification","valueRequired":true,"valueName":"search_term_string"}}],"inLanguage":"fr-BE"},{"@type":"Organization","@id":"https:\/\/bebijn.be\/#organization","name":"Bebijn","url":"https:\/\/bebijn.be\/","logo":{"@type":"ImageObject","inLanguage":"fr-BE","@id":"https:\/\/bebijn.be\/#\/schema\/logo\/image\/","url":"https:\/\/bebijn.be\/wp-content\/uploads\/2024\/12\/Bebijn-Logo-RGB-v1.png","contentUrl":"https:\/\/bebijn.be\/wp-content\/uploads\/2024\/12\/Bebijn-Logo-RGB-v1.png","width":800,"height":800,"caption":"Bebijn"},"image":{"@id":"https:\/\/bebijn.be\/#\/schema\/logo\/image\/"},"sameAs":["https:\/\/www.facebook.com\/bebijn\/","https:\/\/www.instagram.com\/bebijn.sweets\/"]}]},"product_price_amount":"33.00","product_price_currency":"EUR","og_availability":"out of stock","product_availability":"out of stock","product_retailer_item_id":"3738","product_condition":"new"},"_links":{"self":[{"href":"https:\/\/bebijn.be\/fr\/wp-json\/wp\/v2\/product\/17103","targetHints":{"allow":["GET"]}}],"collection":[{"href":"https:\/\/bebijn.be\/fr\/wp-json\/wp\/v2\/product"}],"about":[{"href":"https:\/\/bebijn.be\/fr\/wp-json\/wp\/v2\/types\/product"}],"version-history":[{"count":3,"href":"https:\/\/bebijn.be\/fr\/wp-json\/wp\/v2\/product\/17103\/revisions"}],"predecessor-version":[{"id":19397,"href":"https:\/\/bebijn.be\/fr\/wp-json\/wp\/v2\/product\/17103\/revisions\/19397"}],"wp:featuredmedia":[{"embeddable":true,"href":"https:\/\/bebijn.be\/fr\/wp-json\/wp\/v2\/media\/16858"}],"wp:attachment":[{"href":"https:\/\/bebijn.be\/fr\/wp-json\/wp\/v2\/media?parent=17103"}],"wp:term":[{"taxonomy":"product_brand","embeddable":true,"href":"https:\/\/bebijn.be\/fr\/wp-json\/wp\/v2\/product_brand?post=17103"},{"taxonomy":"product_cat","embeddable":true,"href":"https:\/\/bebijn.be\/fr\/wp-json\/wp\/v2\/product_cat?post=17103"},{"taxonomy":"product_tag","embeddable":true,"href":"https:\/\/bebijn.be\/fr\/wp-json\/wp\/v2\/product_tag?post=17103"}],"curies":[{"name":"wp","href":"https:\/\/api.w.org\/{rel}","templated":true}]}}