{"id":17133,"date":"2025-01-25T10:44:01","date_gmt":"2025-01-25T09:44:01","guid":{"rendered":"https:\/\/deezine.be\/bebijn\/?post_type=product&#038;p=17133"},"modified":"2026-03-30T17:19:48","modified_gmt":"2026-03-30T15:19:48","slug":"bebijn-deluxe-gastronomic-confiserie-mix-6-x-1-kg","status":"publish","type":"product","link":"https:\/\/bebijn.be\/fr\/product\/bebijn-deluxe-gastronomische-confiserie-mix-6-x-1-kg\/","title":{"rendered":"Bebijn DELUXE confiserie gourmet MIX - 6 x 1 kg"},"content":{"rendered":"<p>Un m\u00e9lange vari\u00e9 et surprenant de confections artisanales totalisant typiquement plus de 940 pi\u00e8ces compos\u00e9es de :<\/p>\n<p>2 x 1 kg de courant Candy Moment<br \/>\n1 x 1 kg Guimauve ou Marshmallow au choix du confiseur<br \/>\n1 x 1 kg de nougat au choix du confiseur<br \/>\n2 x 1 kg de gomme au choix du confiseur, en 2 textures et saveurs diff\u00e9rentes selon la saison<\/p>\n<p>id\u00e9al comme mignardise ...une douceur surprenante comme garniture de caf\u00e9 ou tout simplement \u00e0 d\u00e9guster \u00e0 tout moment ! <strong>A +\/- 19 cents l'unit\u00e9<\/strong><\/p>\n<p>Dur\u00e9e de conservation minimale de 3 mois<br \/>\nLIVRAISON GRATUITE en Belgique et co\u00fbts fortement r\u00e9duits pour les pays voisins<\/p>","protected":false},"excerpt":{"rendered":"<p>Un m\u00e9lange vari\u00e9 et surprenant de confections artisanales totalisant typiquement plus de 940 pi\u00e8ces compos\u00e9es de :<\/p>\n<p>2 x 1 kg de courant Candy Moment<br \/>\n1 x 1 kg Guimauve ou Marshmallow au choix du confiseur<br \/>\n1 x 1 kg de nougat au choix du confiseur<br \/>\n2 x 1 kg de gomme au choix du confiseur, en 2 textures et saveurs diff\u00e9rentes selon la saison<\/p>\n<p>id\u00e9al comme mignardise ...une douceur surprenante comme garniture de caf\u00e9 ou tout simplement \u00e0 d\u00e9guster \u00e0 tout moment ! <strong>A +\/- 19 cents l'unit\u00e9<\/strong><\/p>\n<p>Dur\u00e9e de conservation minimale de 3 mois<br \/>\nLIVRAISON GRATUITE en Belgique et co\u00fbts fortement r\u00e9duits pour les pays voisins<\/p>","protected":false},"featured_media":18872,"template":"","meta":[],"product_brand":[],"product_cat":[71],"product_tag":[],"class_list":{"0":"post-17133","1":"product","2":"type-product","3":"status-publish","4":"has-post-thumbnail","6":"product_cat-bebijn-assortiment-in-a-box","8":"first","9":"instock","10":"taxable","11":"shipping-taxable","12":"purchasable","13":"product-type-simple"},"yoast_head":"<!-- This site is optimized with the Yoast SEO Premium plugin v24.2 (Yoast SEO v27.4) - https:\/\/yoast.com\/product\/yoast-seo-premium-wordpress\/ -->\n<title>Bebijn DELUXE gastronomische confiserie MIX - 6 x 1 kg - Artisanale snoep op maat | Bebijn<\/title>\n<meta name=\"description\" content=\"Bijzondere mix van smaken en texturen ni gastronomische snoep\" \/>\n<meta name=\"robots\" content=\"index, follow, max-snippet:-1, max-image-preview:large, max-video-preview:-1\" \/>\n<link rel=\"canonical\" href=\"https:\/\/bebijn.be\/fr\/produit\/bebijn-deluxe-gastronomic-confiserie-mix-6-x-1-kg\/\" \/>\n<script type=\"application\/ld+json\" class=\"yoast-schema-graph\">{\"@context\":\"https:\\\/\\\/schema.org\",\"@graph\":[{\"@type\":\"WebPage\",\"@id\":\"https:\\\/\\\/bebijn.be\\\/product\\\/bebijn-deluxe-gastronomische-confiserie-mix-6-x-1-kg\\\/\",\"url\":\"https:\\\/\\\/bebijn.be\\\/product\\\/bebijn-deluxe-gastronomische-confiserie-mix-6-x-1-kg\\\/\",\"name\":\"Bebijn DELUXE gastronomische confiserie MIX - 6 x 1 kg - Artisanale snoep op maat | Bebijn\",\"isPartOf\":{\"@id\":\"https:\\\/\\\/bebijn.be\\\/#website\"},\"primaryImageOfPage\":{\"@id\":\"https:\\\/\\\/bebijn.be\\\/product\\\/bebijn-deluxe-gastronomische-confiserie-mix-6-x-1-kg\\\/#primaryimage\"},\"image\":{\"@id\":\"https:\\\/\\\/bebijn.be\\\/product\\\/bebijn-deluxe-gastronomische-confiserie-mix-6-x-1-kg\\\/#primaryimage\"},\"thumbnailUrl\":\"https:\\\/\\\/bebijn.be\\\/wp-content\\\/uploads\\\/2025\\\/06\\\/bebijn-box-luxe-snoepmix-v2.jpg\",\"datePublished\":\"2025-01-25T09:44:01+00:00\",\"dateModified\":\"2026-03-30T15:19:48+00:00\",\"description\":\"Bijzondere mix van smaken en texturen ni gastronomische snoep\",\"breadcrumb\":{\"@id\":\"https:\\\/\\\/bebijn.be\\\/product\\\/bebijn-deluxe-gastronomische-confiserie-mix-6-x-1-kg\\\/#breadcrumb\"},\"inLanguage\":\"fr-BE\",\"potentialAction\":[{\"@type\":\"ReadAction\",\"target\":[\"https:\\\/\\\/bebijn.be\\\/product\\\/bebijn-deluxe-gastronomische-confiserie-mix-6-x-1-kg\\\/\"]}]},{\"@type\":\"ImageObject\",\"inLanguage\":\"fr-BE\",\"@id\":\"https:\\\/\\\/bebijn.be\\\/product\\\/bebijn-deluxe-gastronomische-confiserie-mix-6-x-1-kg\\\/#primaryimage\",\"url\":\"https:\\\/\\\/bebijn.be\\\/wp-content\\\/uploads\\\/2025\\\/06\\\/bebijn-box-luxe-snoepmix-v2.jpg\",\"contentUrl\":\"https:\\\/\\\/bebijn.be\\\/wp-content\\\/uploads\\\/2025\\\/06\\\/bebijn-box-luxe-snoepmix-v2.jpg\",\"width\":800,\"height\":800},{\"@type\":\"BreadcrumbList\",\"@id\":\"https:\\\/\\\/bebijn.be\\\/product\\\/bebijn-deluxe-gastronomische-confiserie-mix-6-x-1-kg\\\/#breadcrumb\",\"itemListElement\":[{\"@type\":\"ListItem\",\"position\":1,\"name\":\"Home\",\"item\":\"https:\\\/\\\/bebijn.be\\\/\"},{\"@type\":\"ListItem\",\"position\":2,\"name\":\"Winkel Bebijn\",\"item\":\"https:\\\/\\\/bebijn.be\\\/winkel-bebijn\\\/\"},{\"@type\":\"ListItem\",\"position\":3,\"name\":\"Bebijn DELUXE gastronomische confiserie MIX &#8211; 6 x 1 kg\"}]},{\"@type\":\"WebSite\",\"@id\":\"https:\\\/\\\/bebijn.be\\\/#website\",\"url\":\"https:\\\/\\\/bebijn.be\\\/\",\"name\":\"Bebijn | Artisanale snoep op maat\",\"description\":\"confiserie en snoep voor gastronomie marketing geschenk\",\"publisher\":{\"@id\":\"https:\\\/\\\/bebijn.be\\\/#organization\"},\"potentialAction\":[{\"@type\":\"SearchAction\",\"target\":{\"@type\":\"EntryPoint\",\"urlTemplate\":\"https:\\\/\\\/bebijn.be\\\/?s={search_term_string}\"},\"query-input\":{\"@type\":\"PropertyValueSpecification\",\"valueRequired\":true,\"valueName\":\"search_term_string\"}}],\"inLanguage\":\"fr-BE\"},{\"@type\":\"Organization\",\"@id\":\"https:\\\/\\\/bebijn.be\\\/#organization\",\"name\":\"Bebijn\",\"url\":\"https:\\\/\\\/bebijn.be\\\/\",\"logo\":{\"@type\":\"ImageObject\",\"inLanguage\":\"fr-BE\",\"@id\":\"https:\\\/\\\/bebijn.be\\\/#\\\/schema\\\/logo\\\/image\\\/\",\"url\":\"https:\\\/\\\/bebijn.be\\\/wp-content\\\/uploads\\\/2024\\\/12\\\/Bebijn-Logo-RGB-v1.png\",\"contentUrl\":\"https:\\\/\\\/bebijn.be\\\/wp-content\\\/uploads\\\/2024\\\/12\\\/Bebijn-Logo-RGB-v1.png\",\"width\":800,\"height\":800,\"caption\":\"Bebijn\"},\"image\":{\"@id\":\"https:\\\/\\\/bebijn.be\\\/#\\\/schema\\\/logo\\\/image\\\/\"},\"sameAs\":[\"https:\\\/\\\/www.facebook.com\\\/bebijn\\\/\",\"https:\\\/\\\/www.instagram.com\\\/bebijn.sweets\\\/\"]}]}<\/script>\n<meta property=\"product:price:amount\" content=\"179.00\" \/>\n<meta property=\"product:price:currency\" content=\"EUR\" \/>\n<meta property=\"og:availability\" content=\"instock\" \/>\n<meta property=\"product:availability\" content=\"instock\" \/>\n<meta property=\"product:retailer_item_id\" content=\"4346\" \/>\n<meta property=\"product:condition\" content=\"new\" \/>\n<!-- \/ Yoast SEO Premium plugin. -->","yoast_head_json":{"title":"Bebijn DELUXE gourmet confiserie MIX - 6 x 1 kg - Confiseries artisanales faites sur commande | Bebijn","description":"Extraordinaire m\u00e9lange de saveurs et de textures dans les bonbons gourmands","robots":{"index":"index","follow":"follow","max-snippet":"max-snippet:-1","max-image-preview":"max-image-preview:large","max-video-preview":"max-video-preview:-1"},"canonical":"https:\/\/bebijn.be\/fr\/produit\/bebijn-deluxe-gastronomic-confiserie-mix-6-x-1-kg\/","schema":{"@context":"https:\/\/schema.org","@graph":[{"@type":"WebPage","@id":"https:\/\/bebijn.be\/product\/bebijn-deluxe-gastronomische-confiserie-mix-6-x-1-kg\/","url":"https:\/\/bebijn.be\/product\/bebijn-deluxe-gastronomische-confiserie-mix-6-x-1-kg\/","name":"Bebijn DELUXE gourmet confiserie MIX - 6 x 1 kg - Confiseries artisanales faites sur commande | Bebijn","isPartOf":{"@id":"https:\/\/bebijn.be\/#website"},"primaryImageOfPage":{"@id":"https:\/\/bebijn.be\/product\/bebijn-deluxe-gastronomische-confiserie-mix-6-x-1-kg\/#primaryimage"},"image":{"@id":"https:\/\/bebijn.be\/product\/bebijn-deluxe-gastronomische-confiserie-mix-6-x-1-kg\/#primaryimage"},"thumbnailUrl":"https:\/\/bebijn.be\/wp-content\/uploads\/2025\/06\/bebijn-box-luxe-snoepmix-v2.jpg","datePublished":"2025-01-25T09:44:01+00:00","dateModified":"2026-03-30T15:19:48+00:00","description":"Extraordinaire m\u00e9lange de saveurs et de textures dans les bonbons gourmands","breadcrumb":{"@id":"https:\/\/bebijn.be\/product\/bebijn-deluxe-gastronomische-confiserie-mix-6-x-1-kg\/#breadcrumb"},"inLanguage":"fr-BE","potentialAction":[{"@type":"ReadAction","target":["https:\/\/bebijn.be\/product\/bebijn-deluxe-gastronomische-confiserie-mix-6-x-1-kg\/"]}]},{"@type":"ImageObject","inLanguage":"fr-BE","@id":"https:\/\/bebijn.be\/product\/bebijn-deluxe-gastronomische-confiserie-mix-6-x-1-kg\/#primaryimage","url":"https:\/\/bebijn.be\/wp-content\/uploads\/2025\/06\/bebijn-box-luxe-snoepmix-v2.jpg","contentUrl":"https:\/\/bebijn.be\/wp-content\/uploads\/2025\/06\/bebijn-box-luxe-snoepmix-v2.jpg","width":800,"height":800},{"@type":"BreadcrumbList","@id":"https:\/\/bebijn.be\/product\/bebijn-deluxe-gastronomische-confiserie-mix-6-x-1-kg\/#breadcrumb","itemListElement":[{"@type":"ListItem","position":1,"name":"Home","item":"https:\/\/bebijn.be\/"},{"@type":"ListItem","position":2,"name":"Winkel Bebijn","item":"https:\/\/bebijn.be\/winkel-bebijn\/"},{"@type":"ListItem","position":3,"name":"Bebijn DELUXE gastronomische confiserie MIX &#8211; 6 x 1 kg"}]},{"@type":"WebSite","@id":"https:\/\/bebijn.be\/#website","url":"https:\/\/bebijn.be\/","name":"Bebijn | Sucreries artisanales personnalis\u00e9es","description":"confiserie et bonbons pour la gastronomie cadeau marketing","publisher":{"@id":"https:\/\/bebijn.be\/#organization"},"potentialAction":[{"@type":"SearchAction","target":{"@type":"EntryPoint","urlTemplate":"https:\/\/bebijn.be\/?s={search_term_string}"},"query-input":{"@type":"PropertyValueSpecification","valueRequired":true,"valueName":"search_term_string"}}],"inLanguage":"fr-BE"},{"@type":"Organization","@id":"https:\/\/bebijn.be\/#organization","name":"Bebijn","url":"https:\/\/bebijn.be\/","logo":{"@type":"ImageObject","inLanguage":"fr-BE","@id":"https:\/\/bebijn.be\/#\/schema\/logo\/image\/","url":"https:\/\/bebijn.be\/wp-content\/uploads\/2024\/12\/Bebijn-Logo-RGB-v1.png","contentUrl":"https:\/\/bebijn.be\/wp-content\/uploads\/2024\/12\/Bebijn-Logo-RGB-v1.png","width":800,"height":800,"caption":"Bebijn"},"image":{"@id":"https:\/\/bebijn.be\/#\/schema\/logo\/image\/"},"sameAs":["https:\/\/www.facebook.com\/bebijn\/","https:\/\/www.instagram.com\/bebijn.sweets\/"]}]},"product_price_amount":"179.00","product_price_currency":"EUR","og_availability":"instock","product_availability":"instock","product_retailer_item_id":"4346","product_condition":"new"},"_links":{"self":[{"href":"https:\/\/bebijn.be\/fr\/wp-json\/wp\/v2\/product\/17133","targetHints":{"allow":["GET"]}}],"collection":[{"href":"https:\/\/bebijn.be\/fr\/wp-json\/wp\/v2\/product"}],"about":[{"href":"https:\/\/bebijn.be\/fr\/wp-json\/wp\/v2\/types\/product"}],"version-history":[{"count":2,"href":"https:\/\/bebijn.be\/fr\/wp-json\/wp\/v2\/product\/17133\/revisions"}],"predecessor-version":[{"id":19922,"href":"https:\/\/bebijn.be\/fr\/wp-json\/wp\/v2\/product\/17133\/revisions\/19922"}],"wp:featuredmedia":[{"embeddable":true,"href":"https:\/\/bebijn.be\/fr\/wp-json\/wp\/v2\/media\/18872"}],"wp:attachment":[{"href":"https:\/\/bebijn.be\/fr\/wp-json\/wp\/v2\/media?parent=17133"}],"wp:term":[{"taxonomy":"product_brand","embeddable":true,"href":"https:\/\/bebijn.be\/fr\/wp-json\/wp\/v2\/product_brand?post=17133"},{"taxonomy":"product_cat","embeddable":true,"href":"https:\/\/bebijn.be\/fr\/wp-json\/wp\/v2\/product_cat?post=17133"},{"taxonomy":"product_tag","embeddable":true,"href":"https:\/\/bebijn.be\/fr\/wp-json\/wp\/v2\/product_tag?post=17133"}],"curies":[{"name":"wp","href":"https:\/\/api.w.org\/{rel}","templated":true}]}}