{"id":17192,"date":"2025-01-25T10:45:10","date_gmt":"2025-01-25T09:45:10","guid":{"rendered":"https:\/\/deezine.be\/bebijn\/?post_type=product&#038;p=17192"},"modified":"2025-01-25T10:45:57","modified_gmt":"2025-01-25T09:45:57","slug":"citron-vert-basilic-7","status":"publish","type":"product","link":"https:\/\/bebijn.be\/fr\/product\/roos-vlierbloesem\/","title":{"rendered":"Rose - Fleur de sureau"},"content":{"rendered":"<p><span>Un bonbon Bebi \u00e0 la rose et \u00e0 la fleur de sureau est comme un jardin de fleurs enchanteur \u00e0 chaque bouch\u00e9e. La saveur d\u00e9licatement sucr\u00e9e de la rose est rehauss\u00e9e par les notes florales subtiles de la fleur de sureau. Ce bonbon offre une exp\u00e9rience gustative \u00e9l\u00e9gante et romantique qui caresse vos sens. Un r\u00e9gal pour les amoureux des fleurs et de la douceur.<\/span><\/p>\n<p>id\u00e9al pour accompagner le caf\u00e9 comme mignardise, addition, un bonbon \u00e0 d\u00e9guster ou \u00e0 offrir comme cadeau original, un bonbon artisanal Bebijn<\/p>\n<p><span>Bonbons \u00e0 la rose et \u00e0 la fleur de sureau : une prairie de fleurs enchanteresse dans chaque bouch\u00e9e<\/span><\/p>","protected":false},"excerpt":{"rendered":"<p>Een Bebijn snoepje met roos en vlierbloesem is als een betoverende bloementuin in elke hap. De delicaat zoete rozensmaak wordt versterkt door de subtiele, bloemige tonen van vlierbloesem. Dit snoepje&#8230;<\/p>","protected":false},"featured_media":16901,"template":"","meta":[],"product_brand":[],"product_cat":[70],"product_tag":[],"class_list":{"0":"post-17192","1":"product","2":"type-product","3":"status-publish","4":"has-post-thumbnail","6":"product_cat-uit-bebijn-assortiment","8":"first","9":"outofstock","10":"taxable","11":"shipping-taxable","12":"purchasable","13":"product-type-simple"},"yoast_head":"<!-- This site is optimized with the Yoast SEO Premium plugin v24.2 (Yoast SEO v27.4) - https:\/\/yoast.com\/product\/yoast-seo-premium-wordpress\/ -->\n<title>Roos \u2022 Vlierbloesem - Artisanale snoep op maat | Bebijn<\/title>\n<meta name=\"description\" content=\"Een Bebijn snoepje met roos en vlierbloesem snoep: een betoverende bloemenweide in elke hap. \ud83c\udf39\ud83c\udf3c\" \/>\n<meta name=\"robots\" content=\"index, follow, max-snippet:-1, max-image-preview:large, max-video-preview:-1\" \/>\n<link rel=\"canonical\" href=\"https:\/\/bebijn.be\/fr\/produit\/citron-vert-basilic-7\/\" \/>\n<script type=\"application\/ld+json\" class=\"yoast-schema-graph\">{\"@context\":\"https:\\\/\\\/schema.org\",\"@graph\":[{\"@type\":\"WebPage\",\"@id\":\"https:\\\/\\\/bebijn.be\\\/product\\\/roos-vlierbloesem\\\/\",\"url\":\"https:\\\/\\\/bebijn.be\\\/product\\\/roos-vlierbloesem\\\/\",\"name\":\"Roos \u2022 Vlierbloesem - Artisanale snoep op maat | Bebijn\",\"isPartOf\":{\"@id\":\"https:\\\/\\\/bebijn.be\\\/#website\"},\"primaryImageOfPage\":{\"@id\":\"https:\\\/\\\/bebijn.be\\\/product\\\/roos-vlierbloesem\\\/#primaryimage\"},\"image\":{\"@id\":\"https:\\\/\\\/bebijn.be\\\/product\\\/roos-vlierbloesem\\\/#primaryimage\"},\"thumbnailUrl\":\"https:\\\/\\\/bebijn.be\\\/wp-content\\\/uploads\\\/2025\\\/01\\\/017-rood-doorz-bebijn-artisanale-snoep-.jpg\",\"datePublished\":\"2025-01-25T09:45:10+00:00\",\"dateModified\":\"2025-01-25T09:45:57+00:00\",\"description\":\"Een Bebijn snoepje met roos en vlierbloesem snoep: een betoverende bloemenweide in elke hap. \ud83c\udf39\ud83c\udf3c\",\"breadcrumb\":{\"@id\":\"https:\\\/\\\/bebijn.be\\\/product\\\/roos-vlierbloesem\\\/#breadcrumb\"},\"inLanguage\":\"fr-BE\",\"potentialAction\":[{\"@type\":\"ReadAction\",\"target\":[\"https:\\\/\\\/bebijn.be\\\/product\\\/roos-vlierbloesem\\\/\"]}]},{\"@type\":\"ImageObject\",\"inLanguage\":\"fr-BE\",\"@id\":\"https:\\\/\\\/bebijn.be\\\/product\\\/roos-vlierbloesem\\\/#primaryimage\",\"url\":\"https:\\\/\\\/bebijn.be\\\/wp-content\\\/uploads\\\/2025\\\/01\\\/017-rood-doorz-bebijn-artisanale-snoep-.jpg\",\"contentUrl\":\"https:\\\/\\\/bebijn.be\\\/wp-content\\\/uploads\\\/2025\\\/01\\\/017-rood-doorz-bebijn-artisanale-snoep-.jpg\",\"width\":800,\"height\":800},{\"@type\":\"BreadcrumbList\",\"@id\":\"https:\\\/\\\/bebijn.be\\\/product\\\/roos-vlierbloesem\\\/#breadcrumb\",\"itemListElement\":[{\"@type\":\"ListItem\",\"position\":1,\"name\":\"Home\",\"item\":\"https:\\\/\\\/bebijn.be\\\/\"},{\"@type\":\"ListItem\",\"position\":2,\"name\":\"Winkel Bebijn\",\"item\":\"https:\\\/\\\/bebijn.be\\\/winkel-bebijn\\\/\"},{\"@type\":\"ListItem\",\"position\":3,\"name\":\"Roos \u2022 Vlierbloesem\"}]},{\"@type\":\"WebSite\",\"@id\":\"https:\\\/\\\/bebijn.be\\\/#website\",\"url\":\"https:\\\/\\\/bebijn.be\\\/\",\"name\":\"Bebijn | Artisanale snoep op maat\",\"description\":\"confiserie en snoep voor gastronomie marketing geschenk\",\"publisher\":{\"@id\":\"https:\\\/\\\/bebijn.be\\\/#organization\"},\"potentialAction\":[{\"@type\":\"SearchAction\",\"target\":{\"@type\":\"EntryPoint\",\"urlTemplate\":\"https:\\\/\\\/bebijn.be\\\/?s={search_term_string}\"},\"query-input\":{\"@type\":\"PropertyValueSpecification\",\"valueRequired\":true,\"valueName\":\"search_term_string\"}}],\"inLanguage\":\"fr-BE\"},{\"@type\":\"Organization\",\"@id\":\"https:\\\/\\\/bebijn.be\\\/#organization\",\"name\":\"Bebijn\",\"url\":\"https:\\\/\\\/bebijn.be\\\/\",\"logo\":{\"@type\":\"ImageObject\",\"inLanguage\":\"fr-BE\",\"@id\":\"https:\\\/\\\/bebijn.be\\\/#\\\/schema\\\/logo\\\/image\\\/\",\"url\":\"https:\\\/\\\/bebijn.be\\\/wp-content\\\/uploads\\\/2024\\\/12\\\/Bebijn-Logo-RGB-v1.png\",\"contentUrl\":\"https:\\\/\\\/bebijn.be\\\/wp-content\\\/uploads\\\/2024\\\/12\\\/Bebijn-Logo-RGB-v1.png\",\"width\":800,\"height\":800,\"caption\":\"Bebijn\"},\"image\":{\"@id\":\"https:\\\/\\\/bebijn.be\\\/#\\\/schema\\\/logo\\\/image\\\/\"},\"sameAs\":[\"https:\\\/\\\/www.facebook.com\\\/bebijn\\\/\",\"https:\\\/\\\/www.instagram.com\\\/bebijn.sweets\\\/\"]}]}<\/script>\n<meta property=\"product:price:amount\" content=\"33.00\" \/>\n<meta property=\"product:price:currency\" content=\"EUR\" \/>\n<meta property=\"og:availability\" content=\"out of stock\" \/>\n<meta property=\"product:availability\" content=\"out of stock\" \/>\n<meta property=\"product:retailer_item_id\" content=\"4594\" \/>\n<meta property=\"product:condition\" content=\"new\" \/>\n<!-- \/ Yoast SEO Premium plugin. -->","yoast_head_json":{"title":"Rose - Fleur de sureau - Bonbons artisanaux sur mesure | Bebijn","description":"Un bonbon Bebi \u00e0 la rose et \u00e0 la fleur de sureau : une prairie fleurie enchanteresse \u00e0 chaque bouch\u00e9e. \ud83c\udf39\ud83c\udf3c","robots":{"index":"index","follow":"follow","max-snippet":"max-snippet:-1","max-image-preview":"max-image-preview:large","max-video-preview":"max-video-preview:-1"},"canonical":"https:\/\/bebijn.be\/fr\/produit\/citron-vert-basilic-7\/","schema":{"@context":"https:\/\/schema.org","@graph":[{"@type":"WebPage","@id":"https:\/\/bebijn.be\/product\/roos-vlierbloesem\/","url":"https:\/\/bebijn.be\/product\/roos-vlierbloesem\/","name":"Rose - Fleur de sureau - Bonbons artisanaux sur mesure | Bebijn","isPartOf":{"@id":"https:\/\/bebijn.be\/#website"},"primaryImageOfPage":{"@id":"https:\/\/bebijn.be\/product\/roos-vlierbloesem\/#primaryimage"},"image":{"@id":"https:\/\/bebijn.be\/product\/roos-vlierbloesem\/#primaryimage"},"thumbnailUrl":"https:\/\/bebijn.be\/wp-content\/uploads\/2025\/01\/017-rood-doorz-bebijn-artisanale-snoep-.jpg","datePublished":"2025-01-25T09:45:10+00:00","dateModified":"2025-01-25T09:45:57+00:00","description":"Un bonbon Bebi \u00e0 la rose et \u00e0 la fleur de sureau : une prairie fleurie enchanteresse \u00e0 chaque bouch\u00e9e. \ud83c\udf39\ud83c\udf3c","breadcrumb":{"@id":"https:\/\/bebijn.be\/product\/roos-vlierbloesem\/#breadcrumb"},"inLanguage":"fr-BE","potentialAction":[{"@type":"ReadAction","target":["https:\/\/bebijn.be\/product\/roos-vlierbloesem\/"]}]},{"@type":"ImageObject","inLanguage":"fr-BE","@id":"https:\/\/bebijn.be\/product\/roos-vlierbloesem\/#primaryimage","url":"https:\/\/bebijn.be\/wp-content\/uploads\/2025\/01\/017-rood-doorz-bebijn-artisanale-snoep-.jpg","contentUrl":"https:\/\/bebijn.be\/wp-content\/uploads\/2025\/01\/017-rood-doorz-bebijn-artisanale-snoep-.jpg","width":800,"height":800},{"@type":"BreadcrumbList","@id":"https:\/\/bebijn.be\/product\/roos-vlierbloesem\/#breadcrumb","itemListElement":[{"@type":"ListItem","position":1,"name":"Home","item":"https:\/\/bebijn.be\/"},{"@type":"ListItem","position":2,"name":"Winkel Bebijn","item":"https:\/\/bebijn.be\/winkel-bebijn\/"},{"@type":"ListItem","position":3,"name":"Roos \u2022 Vlierbloesem"}]},{"@type":"WebSite","@id":"https:\/\/bebijn.be\/#website","url":"https:\/\/bebijn.be\/","name":"Bebijn | Sucreries artisanales personnalis\u00e9es","description":"confiserie et bonbons pour la gastronomie cadeau marketing","publisher":{"@id":"https:\/\/bebijn.be\/#organization"},"potentialAction":[{"@type":"SearchAction","target":{"@type":"EntryPoint","urlTemplate":"https:\/\/bebijn.be\/?s={search_term_string}"},"query-input":{"@type":"PropertyValueSpecification","valueRequired":true,"valueName":"search_term_string"}}],"inLanguage":"fr-BE"},{"@type":"Organization","@id":"https:\/\/bebijn.be\/#organization","name":"Bebijn","url":"https:\/\/bebijn.be\/","logo":{"@type":"ImageObject","inLanguage":"fr-BE","@id":"https:\/\/bebijn.be\/#\/schema\/logo\/image\/","url":"https:\/\/bebijn.be\/wp-content\/uploads\/2024\/12\/Bebijn-Logo-RGB-v1.png","contentUrl":"https:\/\/bebijn.be\/wp-content\/uploads\/2024\/12\/Bebijn-Logo-RGB-v1.png","width":800,"height":800,"caption":"Bebijn"},"image":{"@id":"https:\/\/bebijn.be\/#\/schema\/logo\/image\/"},"sameAs":["https:\/\/www.facebook.com\/bebijn\/","https:\/\/www.instagram.com\/bebijn.sweets\/"]}]},"product_price_amount":"33.00","product_price_currency":"EUR","og_availability":"out of stock","product_availability":"out of stock","product_retailer_item_id":"4594","product_condition":"new"},"_links":{"self":[{"href":"https:\/\/bebijn.be\/fr\/wp-json\/wp\/v2\/product\/17192","targetHints":{"allow":["GET"]}}],"collection":[{"href":"https:\/\/bebijn.be\/fr\/wp-json\/wp\/v2\/product"}],"about":[{"href":"https:\/\/bebijn.be\/fr\/wp-json\/wp\/v2\/types\/product"}],"version-history":[{"count":0,"href":"https:\/\/bebijn.be\/fr\/wp-json\/wp\/v2\/product\/17192\/revisions"}],"wp:featuredmedia":[{"embeddable":true,"href":"https:\/\/bebijn.be\/fr\/wp-json\/wp\/v2\/media\/16901"}],"wp:attachment":[{"href":"https:\/\/bebijn.be\/fr\/wp-json\/wp\/v2\/media?parent=17192"}],"wp:term":[{"taxonomy":"product_brand","embeddable":true,"href":"https:\/\/bebijn.be\/fr\/wp-json\/wp\/v2\/product_brand?post=17192"},{"taxonomy":"product_cat","embeddable":true,"href":"https:\/\/bebijn.be\/fr\/wp-json\/wp\/v2\/product_cat?post=17192"},{"taxonomy":"product_tag","embeddable":true,"href":"https:\/\/bebijn.be\/fr\/wp-json\/wp\/v2\/product_tag?post=17192"}],"curies":[{"name":"wp","href":"https:\/\/api.w.org\/{rel}","templated":true}]}}