{"id":17196,"date":"2025-01-25T10:45:10","date_gmt":"2025-01-25T09:45:10","guid":{"rendered":"https:\/\/deezine.be\/bebijn\/?post_type=product&#038;p=17196"},"modified":"2025-07-07T18:29:23","modified_gmt":"2025-07-07T16:29:23","slug":"gingembre-genievre-2","status":"publish","type":"product","link":"https:\/\/bebijn.be\/fr\/product\/limoen-zwarte-peper\/","title":{"rendered":"Citron vert - Poivre noir"},"content":{"rendered":"<p>Un chewing-gum Bebi au citron vert et au poivre noir est un chef-d'\u0153uvre de contrastes gustatifs, o\u00f9 les saveurs fra\u00eeches du citron vert rencontrent harmonieusement les tons \u00e9pic\u00e9s et terreux du poivre noir dans un bonbon.<\/p>\n<p>id\u00e9al pour accompagner le caf\u00e9 comme mignardise, addition, un bonbon \u00e0 d\u00e9guster ou \u00e0 offrir comme cadeau original, un bonbon artisanal Bebijn<\/p>\n<p>Le citron vert apporte une explosion exaltante de luminosit\u00e9 citronn\u00e9e qui rafra\u00eechit et attise les papilles. L'ajout de poivre noir conf\u00e8re une profondeur intrigante \u00e0 cette friandise, avec sa note chaude et \u00e9pic\u00e9e et un subtil soup\u00e7on de piquant qui promet un voyage gustatif aventureux.<\/p>\n<p>Ce bonbon offre une exp\u00e9rience gustative stimulante mais \u00e9tonnamment \u00e9quilibr\u00e9e. C'est comme une danse de saveurs sur la langue, le citron vert vivifiant et le poivre noir audacieux se compl\u00e9tant et s'\u00e9quilibrant mutuellement. C'est une friandise savoureuse pour ceux qui recherchent une exp\u00e9rience culinaire unique et inoubliable.<\/p>\n<p>&nbsp;<\/p>","protected":false},"excerpt":{"rendered":"<p>Een Bebijn gommetje met limoen en zwarte peper is als een meesterwerk van smaakcontrasten, waarbij de frisse smaken van limoen harmonieus samenkomen met de pittige, aardse tinten van zwarte peper&#8230;<\/p>","protected":false},"featured_media":16956,"template":"","meta":[],"product_brand":[],"product_cat":[70],"product_tag":[],"class_list":{"0":"post-17196","1":"product","2":"type-product","3":"status-publish","4":"has-post-thumbnail","6":"product_cat-uit-bebijn-assortiment","8":"first","9":"outofstock","10":"taxable","11":"shipping-taxable","12":"purchasable","13":"product-type-simple"},"yoast_head":"<!-- This site is optimized with the Yoast SEO Premium plugin v24.2 (Yoast SEO v27.4) - https:\/\/yoast.com\/product\/yoast-seo-premium-wordpress\/ -->\n<title>Limoen\u2022 Zwarte Peper - Artisanale snoep op maat | Bebijn<\/title>\n<meta name=\"description\" content=\"Een Bebijn gommetje met limoen en zwarte peper is als een meesterwerk van smaakcontrasten, waarbij de frisse smaken van limoen harmonieus samenkomen met de pittige, aardse tinten van zwarte peper in een snoepje.\" \/>\n<meta name=\"robots\" content=\"index, follow, max-snippet:-1, max-image-preview:large, max-video-preview:-1\" \/>\n<link rel=\"canonical\" href=\"https:\/\/bebijn.be\/fr\/produit\/gingembre-genievre-2\/\" \/>\n<script type=\"application\/ld+json\" class=\"yoast-schema-graph\">{\"@context\":\"https:\\\/\\\/schema.org\",\"@graph\":[{\"@type\":\"WebPage\",\"@id\":\"https:\\\/\\\/bebijn.be\\\/product\\\/limoen-zwarte-peper\\\/\",\"url\":\"https:\\\/\\\/bebijn.be\\\/product\\\/limoen-zwarte-peper\\\/\",\"name\":\"Limoen\u2022 Zwarte Peper - Artisanale snoep op maat | Bebijn\",\"isPartOf\":{\"@id\":\"https:\\\/\\\/bebijn.be\\\/#website\"},\"primaryImageOfPage\":{\"@id\":\"https:\\\/\\\/bebijn.be\\\/product\\\/limoen-zwarte-peper\\\/#primaryimage\"},\"image\":{\"@id\":\"https:\\\/\\\/bebijn.be\\\/product\\\/limoen-zwarte-peper\\\/#primaryimage\"},\"thumbnailUrl\":\"https:\\\/\\\/bebijn.be\\\/wp-content\\\/uploads\\\/2025\\\/01\\\/033-groen.jpg\",\"datePublished\":\"2025-01-25T09:45:10+00:00\",\"dateModified\":\"2025-07-07T16:29:23+00:00\",\"description\":\"Een Bebijn gommetje met limoen en zwarte peper is als een meesterwerk van smaakcontrasten, waarbij de frisse smaken van limoen harmonieus samenkomen met de pittige, aardse tinten van zwarte peper in een snoepje.\",\"breadcrumb\":{\"@id\":\"https:\\\/\\\/bebijn.be\\\/product\\\/limoen-zwarte-peper\\\/#breadcrumb\"},\"inLanguage\":\"fr-BE\",\"potentialAction\":[{\"@type\":\"ReadAction\",\"target\":[\"https:\\\/\\\/bebijn.be\\\/product\\\/limoen-zwarte-peper\\\/\"]}]},{\"@type\":\"ImageObject\",\"inLanguage\":\"fr-BE\",\"@id\":\"https:\\\/\\\/bebijn.be\\\/product\\\/limoen-zwarte-peper\\\/#primaryimage\",\"url\":\"https:\\\/\\\/bebijn.be\\\/wp-content\\\/uploads\\\/2025\\\/01\\\/033-groen.jpg\",\"contentUrl\":\"https:\\\/\\\/bebijn.be\\\/wp-content\\\/uploads\\\/2025\\\/01\\\/033-groen.jpg\",\"width\":800,\"height\":800},{\"@type\":\"BreadcrumbList\",\"@id\":\"https:\\\/\\\/bebijn.be\\\/product\\\/limoen-zwarte-peper\\\/#breadcrumb\",\"itemListElement\":[{\"@type\":\"ListItem\",\"position\":1,\"name\":\"Home\",\"item\":\"https:\\\/\\\/bebijn.be\\\/\"},{\"@type\":\"ListItem\",\"position\":2,\"name\":\"Winkel Bebijn\",\"item\":\"https:\\\/\\\/bebijn.be\\\/winkel-bebijn\\\/\"},{\"@type\":\"ListItem\",\"position\":3,\"name\":\"Limoen\u2022 Zwarte Peper\"}]},{\"@type\":\"WebSite\",\"@id\":\"https:\\\/\\\/bebijn.be\\\/#website\",\"url\":\"https:\\\/\\\/bebijn.be\\\/\",\"name\":\"Bebijn | Artisanale snoep op maat\",\"description\":\"confiserie en snoep voor gastronomie marketing geschenk\",\"publisher\":{\"@id\":\"https:\\\/\\\/bebijn.be\\\/#organization\"},\"potentialAction\":[{\"@type\":\"SearchAction\",\"target\":{\"@type\":\"EntryPoint\",\"urlTemplate\":\"https:\\\/\\\/bebijn.be\\\/?s={search_term_string}\"},\"query-input\":{\"@type\":\"PropertyValueSpecification\",\"valueRequired\":true,\"valueName\":\"search_term_string\"}}],\"inLanguage\":\"fr-BE\"},{\"@type\":\"Organization\",\"@id\":\"https:\\\/\\\/bebijn.be\\\/#organization\",\"name\":\"Bebijn\",\"url\":\"https:\\\/\\\/bebijn.be\\\/\",\"logo\":{\"@type\":\"ImageObject\",\"inLanguage\":\"fr-BE\",\"@id\":\"https:\\\/\\\/bebijn.be\\\/#\\\/schema\\\/logo\\\/image\\\/\",\"url\":\"https:\\\/\\\/bebijn.be\\\/wp-content\\\/uploads\\\/2024\\\/12\\\/Bebijn-Logo-RGB-v1.png\",\"contentUrl\":\"https:\\\/\\\/bebijn.be\\\/wp-content\\\/uploads\\\/2024\\\/12\\\/Bebijn-Logo-RGB-v1.png\",\"width\":800,\"height\":800,\"caption\":\"Bebijn\"},\"image\":{\"@id\":\"https:\\\/\\\/bebijn.be\\\/#\\\/schema\\\/logo\\\/image\\\/\"},\"sameAs\":[\"https:\\\/\\\/www.facebook.com\\\/bebijn\\\/\",\"https:\\\/\\\/www.instagram.com\\\/bebijn.sweets\\\/\"]}]}<\/script>\n<meta property=\"product:price:amount\" content=\"33.00\" \/>\n<meta property=\"product:price:currency\" content=\"EUR\" \/>\n<meta property=\"og:availability\" content=\"out of stock\" \/>\n<meta property=\"product:availability\" content=\"out of stock\" \/>\n<meta property=\"product:retailer_item_id\" content=\"4617\" \/>\n<meta property=\"product:condition\" content=\"new\" \/>\n<!-- \/ Yoast SEO Premium plugin. -->","yoast_head_json":{"title":"Citron vert - Poivre noir - Confiseries artisanales sur mesure | Bebijn","description":"Un chewing-gum Bebi au citron vert et au poivre noir est un chef-d'\u0153uvre de contrastes gustatifs, o\u00f9 les saveurs fra\u00eeches du citron vert rencontrent harmonieusement les tons \u00e9pic\u00e9s et terreux du poivre noir dans un bonbon.","robots":{"index":"index","follow":"follow","max-snippet":"max-snippet:-1","max-image-preview":"max-image-preview:large","max-video-preview":"max-video-preview:-1"},"canonical":"https:\/\/bebijn.be\/fr\/produit\/gingembre-genievre-2\/","schema":{"@context":"https:\/\/schema.org","@graph":[{"@type":"WebPage","@id":"https:\/\/bebijn.be\/product\/limoen-zwarte-peper\/","url":"https:\/\/bebijn.be\/product\/limoen-zwarte-peper\/","name":"Citron vert - Poivre noir - Confiseries artisanales sur mesure | Bebijn","isPartOf":{"@id":"https:\/\/bebijn.be\/#website"},"primaryImageOfPage":{"@id":"https:\/\/bebijn.be\/product\/limoen-zwarte-peper\/#primaryimage"},"image":{"@id":"https:\/\/bebijn.be\/product\/limoen-zwarte-peper\/#primaryimage"},"thumbnailUrl":"https:\/\/bebijn.be\/wp-content\/uploads\/2025\/01\/033-groen.jpg","datePublished":"2025-01-25T09:45:10+00:00","dateModified":"2025-07-07T16:29:23+00:00","description":"Un chewing-gum Bebi au citron vert et au poivre noir est un chef-d'\u0153uvre de contrastes gustatifs, o\u00f9 les saveurs fra\u00eeches du citron vert rencontrent harmonieusement les tons \u00e9pic\u00e9s et terreux du poivre noir dans un bonbon.","breadcrumb":{"@id":"https:\/\/bebijn.be\/product\/limoen-zwarte-peper\/#breadcrumb"},"inLanguage":"fr-BE","potentialAction":[{"@type":"ReadAction","target":["https:\/\/bebijn.be\/product\/limoen-zwarte-peper\/"]}]},{"@type":"ImageObject","inLanguage":"fr-BE","@id":"https:\/\/bebijn.be\/product\/limoen-zwarte-peper\/#primaryimage","url":"https:\/\/bebijn.be\/wp-content\/uploads\/2025\/01\/033-groen.jpg","contentUrl":"https:\/\/bebijn.be\/wp-content\/uploads\/2025\/01\/033-groen.jpg","width":800,"height":800},{"@type":"BreadcrumbList","@id":"https:\/\/bebijn.be\/product\/limoen-zwarte-peper\/#breadcrumb","itemListElement":[{"@type":"ListItem","position":1,"name":"Home","item":"https:\/\/bebijn.be\/"},{"@type":"ListItem","position":2,"name":"Winkel Bebijn","item":"https:\/\/bebijn.be\/winkel-bebijn\/"},{"@type":"ListItem","position":3,"name":"Limoen\u2022 Zwarte Peper"}]},{"@type":"WebSite","@id":"https:\/\/bebijn.be\/#website","url":"https:\/\/bebijn.be\/","name":"Bebijn | Sucreries artisanales personnalis\u00e9es","description":"confiserie et bonbons pour la gastronomie cadeau marketing","publisher":{"@id":"https:\/\/bebijn.be\/#organization"},"potentialAction":[{"@type":"SearchAction","target":{"@type":"EntryPoint","urlTemplate":"https:\/\/bebijn.be\/?s={search_term_string}"},"query-input":{"@type":"PropertyValueSpecification","valueRequired":true,"valueName":"search_term_string"}}],"inLanguage":"fr-BE"},{"@type":"Organization","@id":"https:\/\/bebijn.be\/#organization","name":"Bebijn","url":"https:\/\/bebijn.be\/","logo":{"@type":"ImageObject","inLanguage":"fr-BE","@id":"https:\/\/bebijn.be\/#\/schema\/logo\/image\/","url":"https:\/\/bebijn.be\/wp-content\/uploads\/2024\/12\/Bebijn-Logo-RGB-v1.png","contentUrl":"https:\/\/bebijn.be\/wp-content\/uploads\/2024\/12\/Bebijn-Logo-RGB-v1.png","width":800,"height":800,"caption":"Bebijn"},"image":{"@id":"https:\/\/bebijn.be\/#\/schema\/logo\/image\/"},"sameAs":["https:\/\/www.facebook.com\/bebijn\/","https:\/\/www.instagram.com\/bebijn.sweets\/"]}]},"product_price_amount":"33.00","product_price_currency":"EUR","og_availability":"out of stock","product_availability":"out of stock","product_retailer_item_id":"4617","product_condition":"new"},"_links":{"self":[{"href":"https:\/\/bebijn.be\/fr\/wp-json\/wp\/v2\/product\/17196","targetHints":{"allow":["GET"]}}],"collection":[{"href":"https:\/\/bebijn.be\/fr\/wp-json\/wp\/v2\/product"}],"about":[{"href":"https:\/\/bebijn.be\/fr\/wp-json\/wp\/v2\/types\/product"}],"version-history":[{"count":1,"href":"https:\/\/bebijn.be\/fr\/wp-json\/wp\/v2\/product\/17196\/revisions"}],"predecessor-version":[{"id":18860,"href":"https:\/\/bebijn.be\/fr\/wp-json\/wp\/v2\/product\/17196\/revisions\/18860"}],"wp:featuredmedia":[{"embeddable":true,"href":"https:\/\/bebijn.be\/fr\/wp-json\/wp\/v2\/media\/16956"}],"wp:attachment":[{"href":"https:\/\/bebijn.be\/fr\/wp-json\/wp\/v2\/media?parent=17196"}],"wp:term":[{"taxonomy":"product_brand","embeddable":true,"href":"https:\/\/bebijn.be\/fr\/wp-json\/wp\/v2\/product_brand?post=17196"},{"taxonomy":"product_cat","embeddable":true,"href":"https:\/\/bebijn.be\/fr\/wp-json\/wp\/v2\/product_cat?post=17196"},{"taxonomy":"product_tag","embeddable":true,"href":"https:\/\/bebijn.be\/fr\/wp-json\/wp\/v2\/product_tag?post=17196"}],"curies":[{"name":"wp","href":"https:\/\/api.w.org\/{rel}","templated":true}]}}