{"id":17209,"date":"2025-01-25T10:45:31","date_gmt":"2025-01-25T09:45:31","guid":{"rendered":"https:\/\/deezine.be\/bebijn\/?post_type=product&#038;p=17209"},"modified":"2026-03-30T17:17:03","modified_gmt":"2026-03-30T15:17:03","slug":"6-x-1-kg-candy-moment-3","status":"publish","type":"product","link":"https:\/\/bebijn.be\/fr\/product\/bebijn-3-3-gom-mm-box\/","title":{"rendered":"Bebin 3 &amp; 3 Gum + MM BOX"},"content":{"rendered":"<p>6Kg de bonbons<\/p>\n<p>3 kg ou environ 400 guimauves de saison<br \/>\n3 kg de bonbons courants (500 pi\u00e8ces)<\/p>\n<p>Emball\u00e9 par kg, 6 sacs dans une bo\u00eete<\/p>\n<p>id\u00e9al comme mignardise ...une douceur surprenante avec le caf\u00e9 ou tout simplement \u00e0 d\u00e9guster \u00e0 tout moment ! <strong>A +\/- 17 cents l'unit\u00e9<\/strong><\/p>\n<p>Dur\u00e9e de conservation d'au moins 4 mois<br \/>\nLIVRAISON GRATUITE en Belgique et co\u00fbts fortement r\u00e9duits pour les pays voisins<\/p>","protected":false},"excerpt":{"rendered":"<p>6Kg de bonbons<\/p>\n<p>3 kg ou environ 400 guimauves de saison<br \/>\n3 kg de bonbons courants (500 pi\u00e8ces)<\/p>\n<p>Emball\u00e9 par kg, 6 sacs dans une bo\u00eete<\/p>\n<p>id\u00e9al comme mignardise ...une douceur surprenante avec le caf\u00e9 ou tout simplement \u00e0 d\u00e9guster \u00e0 tout moment ! <strong>A +\/- 17 cents l'unit\u00e9<\/strong><\/p>\n<p>Dur\u00e9e de conservation d'au moins 4 mois<br \/>\nLIVRAISON GRATUITE en Belgique et co\u00fbts fortement r\u00e9duits pour les pays voisins<\/p>","protected":false},"featured_media":18878,"template":"","meta":[],"product_brand":[],"product_cat":[71],"product_tag":[],"class_list":{"0":"post-17209","1":"product","2":"type-product","3":"status-publish","4":"has-post-thumbnail","6":"product_cat-bebijn-assortiment-in-a-box","8":"first","9":"instock","10":"taxable","11":"shipping-taxable","12":"purchasable","13":"product-type-simple"},"yoast_head":"<!-- This site is optimized with the Yoast SEO Premium plugin v24.2 (Yoast SEO v27.4) - https:\/\/yoast.com\/product\/yoast-seo-premium-wordpress\/ -->\n<title>Bebijn 3 &amp; 3 Gom + MM BOX - Artisanale snoep op maat | Bebijn<\/title>\n<meta name=\"description\" content=\"gastronomische mix volgens seizoen in Marshmallows en gommen\" \/>\n<meta name=\"robots\" content=\"index, follow, max-snippet:-1, max-image-preview:large, max-video-preview:-1\" \/>\n<link rel=\"canonical\" href=\"https:\/\/bebijn.be\/fr\/produit\/6-x-1-kg-candy-moment-3\/\" \/>\n<script type=\"application\/ld+json\" class=\"yoast-schema-graph\">{\"@context\":\"https:\\\/\\\/schema.org\",\"@graph\":[{\"@type\":\"WebPage\",\"@id\":\"https:\\\/\\\/bebijn.be\\\/product\\\/bebijn-3-3-gom-mm-box\\\/\",\"url\":\"https:\\\/\\\/bebijn.be\\\/product\\\/bebijn-3-3-gom-mm-box\\\/\",\"name\":\"Bebijn 3 & 3 Gom + MM BOX - Artisanale snoep op maat | Bebijn\",\"isPartOf\":{\"@id\":\"https:\\\/\\\/bebijn.be\\\/#website\"},\"primaryImageOfPage\":{\"@id\":\"https:\\\/\\\/bebijn.be\\\/product\\\/bebijn-3-3-gom-mm-box\\\/#primaryimage\"},\"image\":{\"@id\":\"https:\\\/\\\/bebijn.be\\\/product\\\/bebijn-3-3-gom-mm-box\\\/#primaryimage\"},\"thumbnailUrl\":\"https:\\\/\\\/bebijn.be\\\/wp-content\\\/uploads\\\/2025\\\/06\\\/bebijn-box-sm-marshmallow-boxcf.jpg\",\"datePublished\":\"2025-01-25T09:45:31+00:00\",\"dateModified\":\"2026-03-30T15:17:03+00:00\",\"description\":\"gastronomische mix volgens seizoen in Marshmallows en gommen\",\"breadcrumb\":{\"@id\":\"https:\\\/\\\/bebijn.be\\\/product\\\/bebijn-3-3-gom-mm-box\\\/#breadcrumb\"},\"inLanguage\":\"fr-BE\",\"potentialAction\":[{\"@type\":\"ReadAction\",\"target\":[\"https:\\\/\\\/bebijn.be\\\/product\\\/bebijn-3-3-gom-mm-box\\\/\"]}]},{\"@type\":\"ImageObject\",\"inLanguage\":\"fr-BE\",\"@id\":\"https:\\\/\\\/bebijn.be\\\/product\\\/bebijn-3-3-gom-mm-box\\\/#primaryimage\",\"url\":\"https:\\\/\\\/bebijn.be\\\/wp-content\\\/uploads\\\/2025\\\/06\\\/bebijn-box-sm-marshmallow-boxcf.jpg\",\"contentUrl\":\"https:\\\/\\\/bebijn.be\\\/wp-content\\\/uploads\\\/2025\\\/06\\\/bebijn-box-sm-marshmallow-boxcf.jpg\",\"width\":800,\"height\":800},{\"@type\":\"BreadcrumbList\",\"@id\":\"https:\\\/\\\/bebijn.be\\\/product\\\/bebijn-3-3-gom-mm-box\\\/#breadcrumb\",\"itemListElement\":[{\"@type\":\"ListItem\",\"position\":1,\"name\":\"Home\",\"item\":\"https:\\\/\\\/bebijn.be\\\/\"},{\"@type\":\"ListItem\",\"position\":2,\"name\":\"Winkel Bebijn\",\"item\":\"https:\\\/\\\/bebijn.be\\\/winkel-bebijn\\\/\"},{\"@type\":\"ListItem\",\"position\":3,\"name\":\"Bebijn 3 &#038; 3 Gom + MM BOX\"}]},{\"@type\":\"WebSite\",\"@id\":\"https:\\\/\\\/bebijn.be\\\/#website\",\"url\":\"https:\\\/\\\/bebijn.be\\\/\",\"name\":\"Bebijn | Artisanale snoep op maat\",\"description\":\"confiserie en snoep voor gastronomie marketing geschenk\",\"publisher\":{\"@id\":\"https:\\\/\\\/bebijn.be\\\/#organization\"},\"potentialAction\":[{\"@type\":\"SearchAction\",\"target\":{\"@type\":\"EntryPoint\",\"urlTemplate\":\"https:\\\/\\\/bebijn.be\\\/?s={search_term_string}\"},\"query-input\":{\"@type\":\"PropertyValueSpecification\",\"valueRequired\":true,\"valueName\":\"search_term_string\"}}],\"inLanguage\":\"fr-BE\"},{\"@type\":\"Organization\",\"@id\":\"https:\\\/\\\/bebijn.be\\\/#organization\",\"name\":\"Bebijn\",\"url\":\"https:\\\/\\\/bebijn.be\\\/\",\"logo\":{\"@type\":\"ImageObject\",\"inLanguage\":\"fr-BE\",\"@id\":\"https:\\\/\\\/bebijn.be\\\/#\\\/schema\\\/logo\\\/image\\\/\",\"url\":\"https:\\\/\\\/bebijn.be\\\/wp-content\\\/uploads\\\/2024\\\/12\\\/Bebijn-Logo-RGB-v1.png\",\"contentUrl\":\"https:\\\/\\\/bebijn.be\\\/wp-content\\\/uploads\\\/2024\\\/12\\\/Bebijn-Logo-RGB-v1.png\",\"width\":800,\"height\":800,\"caption\":\"Bebijn\"},\"image\":{\"@id\":\"https:\\\/\\\/bebijn.be\\\/#\\\/schema\\\/logo\\\/image\\\/\"},\"sameAs\":[\"https:\\\/\\\/www.facebook.com\\\/bebijn\\\/\",\"https:\\\/\\\/www.instagram.com\\\/bebijn.sweets\\\/\"]}]}<\/script>\n<meta property=\"product:price:amount\" content=\"165.00\" \/>\n<meta property=\"product:price:currency\" content=\"EUR\" \/>\n<meta property=\"og:availability\" content=\"instock\" \/>\n<meta property=\"product:availability\" content=\"instock\" \/>\n<meta property=\"product:retailer_item_id\" content=\"4629\" \/>\n<meta property=\"product:condition\" content=\"new\" \/>\n<!-- \/ Yoast SEO Premium plugin. -->","yoast_head_json":{"title":"Bebijn 3 &amp; 3 Gum + MM BOX - Bonbons artisanaux fabriqu\u00e9s sur commande | Bebijn","description":"m\u00e9lange gourmet selon la saison en guimauves et gommes","robots":{"index":"index","follow":"follow","max-snippet":"max-snippet:-1","max-image-preview":"max-image-preview:large","max-video-preview":"max-video-preview:-1"},"canonical":"https:\/\/bebijn.be\/fr\/produit\/6-x-1-kg-candy-moment-3\/","schema":{"@context":"https:\/\/schema.org","@graph":[{"@type":"WebPage","@id":"https:\/\/bebijn.be\/product\/bebijn-3-3-gom-mm-box\/","url":"https:\/\/bebijn.be\/product\/bebijn-3-3-gom-mm-box\/","name":"Bebijn 3 &amp; 3 Gum + MM BOX - Bonbons artisanaux fabriqu\u00e9s sur commande | Bebijn","isPartOf":{"@id":"https:\/\/bebijn.be\/#website"},"primaryImageOfPage":{"@id":"https:\/\/bebijn.be\/product\/bebijn-3-3-gom-mm-box\/#primaryimage"},"image":{"@id":"https:\/\/bebijn.be\/product\/bebijn-3-3-gom-mm-box\/#primaryimage"},"thumbnailUrl":"https:\/\/bebijn.be\/wp-content\/uploads\/2025\/06\/bebijn-box-sm-marshmallow-boxcf.jpg","datePublished":"2025-01-25T09:45:31+00:00","dateModified":"2026-03-30T15:17:03+00:00","description":"m\u00e9lange gourmet selon la saison en guimauves et gommes","breadcrumb":{"@id":"https:\/\/bebijn.be\/product\/bebijn-3-3-gom-mm-box\/#breadcrumb"},"inLanguage":"fr-BE","potentialAction":[{"@type":"ReadAction","target":["https:\/\/bebijn.be\/product\/bebijn-3-3-gom-mm-box\/"]}]},{"@type":"ImageObject","inLanguage":"fr-BE","@id":"https:\/\/bebijn.be\/product\/bebijn-3-3-gom-mm-box\/#primaryimage","url":"https:\/\/bebijn.be\/wp-content\/uploads\/2025\/06\/bebijn-box-sm-marshmallow-boxcf.jpg","contentUrl":"https:\/\/bebijn.be\/wp-content\/uploads\/2025\/06\/bebijn-box-sm-marshmallow-boxcf.jpg","width":800,"height":800},{"@type":"BreadcrumbList","@id":"https:\/\/bebijn.be\/product\/bebijn-3-3-gom-mm-box\/#breadcrumb","itemListElement":[{"@type":"ListItem","position":1,"name":"Home","item":"https:\/\/bebijn.be\/"},{"@type":"ListItem","position":2,"name":"Winkel Bebijn","item":"https:\/\/bebijn.be\/winkel-bebijn\/"},{"@type":"ListItem","position":3,"name":"Bebijn 3 &#038; 3 Gom + MM BOX"}]},{"@type":"WebSite","@id":"https:\/\/bebijn.be\/#website","url":"https:\/\/bebijn.be\/","name":"Bebijn | Sucreries artisanales personnalis\u00e9es","description":"confiserie et bonbons pour la gastronomie cadeau marketing","publisher":{"@id":"https:\/\/bebijn.be\/#organization"},"potentialAction":[{"@type":"SearchAction","target":{"@type":"EntryPoint","urlTemplate":"https:\/\/bebijn.be\/?s={search_term_string}"},"query-input":{"@type":"PropertyValueSpecification","valueRequired":true,"valueName":"search_term_string"}}],"inLanguage":"fr-BE"},{"@type":"Organization","@id":"https:\/\/bebijn.be\/#organization","name":"Bebijn","url":"https:\/\/bebijn.be\/","logo":{"@type":"ImageObject","inLanguage":"fr-BE","@id":"https:\/\/bebijn.be\/#\/schema\/logo\/image\/","url":"https:\/\/bebijn.be\/wp-content\/uploads\/2024\/12\/Bebijn-Logo-RGB-v1.png","contentUrl":"https:\/\/bebijn.be\/wp-content\/uploads\/2024\/12\/Bebijn-Logo-RGB-v1.png","width":800,"height":800,"caption":"Bebijn"},"image":{"@id":"https:\/\/bebijn.be\/#\/schema\/logo\/image\/"},"sameAs":["https:\/\/www.facebook.com\/bebijn\/","https:\/\/www.instagram.com\/bebijn.sweets\/"]}]},"product_price_amount":"165.00","product_price_currency":"EUR","og_availability":"instock","product_availability":"instock","product_retailer_item_id":"4629","product_condition":"new"},"_links":{"self":[{"href":"https:\/\/bebijn.be\/fr\/wp-json\/wp\/v2\/product\/17209","targetHints":{"allow":["GET"]}}],"collection":[{"href":"https:\/\/bebijn.be\/fr\/wp-json\/wp\/v2\/product"}],"about":[{"href":"https:\/\/bebijn.be\/fr\/wp-json\/wp\/v2\/types\/product"}],"version-history":[{"count":2,"href":"https:\/\/bebijn.be\/fr\/wp-json\/wp\/v2\/product\/17209\/revisions"}],"predecessor-version":[{"id":19920,"href":"https:\/\/bebijn.be\/fr\/wp-json\/wp\/v2\/product\/17209\/revisions\/19920"}],"wp:featuredmedia":[{"embeddable":true,"href":"https:\/\/bebijn.be\/fr\/wp-json\/wp\/v2\/media\/18878"}],"wp:attachment":[{"href":"https:\/\/bebijn.be\/fr\/wp-json\/wp\/v2\/media?parent=17209"}],"wp:term":[{"taxonomy":"product_brand","embeddable":true,"href":"https:\/\/bebijn.be\/fr\/wp-json\/wp\/v2\/product_brand?post=17209"},{"taxonomy":"product_cat","embeddable":true,"href":"https:\/\/bebijn.be\/fr\/wp-json\/wp\/v2\/product_cat?post=17209"},{"taxonomy":"product_tag","embeddable":true,"href":"https:\/\/bebijn.be\/fr\/wp-json\/wp\/v2\/product_tag?post=17209"}],"curies":[{"name":"wp","href":"https:\/\/api.w.org\/{rel}","templated":true}]}}