{"id":17212,"date":"2025-01-25T10:45:31","date_gmt":"2025-01-25T09:45:31","guid":{"rendered":"https:\/\/deezine.be\/bebijn\/?post_type=product&#038;p=17212"},"modified":"2025-01-25T10:46:18","modified_gmt":"2025-01-25T09:46:18","slug":"gingembre-genievre-3","status":"publish","type":"product","link":"https:\/\/bebijn.be\/fr\/product\/peer-kruidnagel\/","title":{"rendered":"Poire - Clou de girofle"},"content":{"rendered":"<p>Un bonbon artisanal gourmet \u00e0 la poire et au clou de girofle est d\u00e9crit comme une fusion sublime de la douceur d\u00e9licate de la poire m\u00fbre avec les notes profondes, chaudes et \u00e9pic\u00e9es du clou de girofle.<\/p>\n<p>id\u00e9al pour accompagner le caf\u00e9 comme une mignardise, un billet, une douceur \u00e0 d\u00e9guster ou \u00e0 offrir comme un cadeau original<\/p>\n<p>Le go\u00fbt de la poire dans cette confiserie apporte une essence juteuse et naturellement sucr\u00e9e, rappelant une poire parfaitement m\u00fbre cueillie directement sur l'arbre. Elle offre une douceur rafra\u00eechissante avec de subtiles touches d'ar\u00f4mes floraux.<\/p>\n<p>En m\u00eame temps, le clou de girofle ajoute une complexit\u00e9 captivante \u00e0 l'exp\u00e9rience gustative. Le clou de girofle offre un piquant chaud et terreux, avec de l\u00e9g\u00e8res notes de muscade et de cannelle. Il ajoute de la profondeur et une touche de myst\u00e8re au bonbon, ce qui en fait une exp\u00e9rience gustative distinctive et sophistiqu\u00e9e.<\/p>\n<p>Ensemble, la poire et le clou de girofle cr\u00e9ent un bonbon gourmand qui atteint un \u00e9quilibre harmonieux entre douceur et piquant. C'est une v\u00e9ritable \u0153uvre d'art pour les papilles, o\u00f9 la douceur de la poire et la chaleur du clou de girofle s'unissent dans une symphonie de saveurs unique et inoubliable. Cette confiserie offre une exp\u00e9rience sensuelle qui stimule les sens et inspire une profonde appr\u00e9ciation de l'art culinaire.<\/p>","protected":false},"excerpt":{"rendered":"<p>Een gastronomisch artisanaal snoepje met peer en kruidnagel kan het best worden omschreven als een sublieme samensmelting van de delicate zoetheid van rijpe peer met de diepe, warme en kruidige&#8230;<\/p>","protected":false},"featured_media":16907,"template":"","meta":[],"product_brand":[],"product_cat":[70],"product_tag":[],"class_list":{"0":"post-17212","1":"product","2":"type-product","3":"status-publish","4":"has-post-thumbnail","6":"product_cat-uit-bebijn-assortiment","8":"first","9":"outofstock","10":"taxable","11":"shipping-taxable","12":"purchasable","13":"product-type-simple"},"yoast_head":"<!-- This site is optimized with the Yoast SEO Premium plugin v24.2 (Yoast SEO v27.4) - https:\/\/yoast.com\/product\/yoast-seo-premium-wordpress\/ -->\n<title>Peer \u2022 Kruidnagel - Artisanale snoep op maat | Bebijn<\/title>\n<meta name=\"description\" content=\"Een Bebijn gommetje met peer en kruidnagel: een zoete symfonie met rijpe fruitigheid en warme kruidigheid, een culinair genot in elke hap. \ud83c\udf50\ud83c\udf3f\" \/>\n<meta name=\"robots\" content=\"index, follow, max-snippet:-1, max-image-preview:large, max-video-preview:-1\" \/>\n<link rel=\"canonical\" href=\"https:\/\/bebijn.be\/fr\/produit\/gingembre-genievre-3\/\" \/>\n<script type=\"application\/ld+json\" class=\"yoast-schema-graph\">{\"@context\":\"https:\\\/\\\/schema.org\",\"@graph\":[{\"@type\":\"WebPage\",\"@id\":\"https:\\\/\\\/bebijn.be\\\/product\\\/peer-kruidnagel\\\/\",\"url\":\"https:\\\/\\\/bebijn.be\\\/product\\\/peer-kruidnagel\\\/\",\"name\":\"Peer \u2022 Kruidnagel - Artisanale snoep op maat | Bebijn\",\"isPartOf\":{\"@id\":\"https:\\\/\\\/bebijn.be\\\/#website\"},\"primaryImageOfPage\":{\"@id\":\"https:\\\/\\\/bebijn.be\\\/product\\\/peer-kruidnagel\\\/#primaryimage\"},\"image\":{\"@id\":\"https:\\\/\\\/bebijn.be\\\/product\\\/peer-kruidnagel\\\/#primaryimage\"},\"thumbnailUrl\":\"https:\\\/\\\/bebijn.be\\\/wp-content\\\/uploads\\\/2025\\\/01\\\/019-doorz.jpg\",\"datePublished\":\"2025-01-25T09:45:31+00:00\",\"dateModified\":\"2025-01-25T09:46:18+00:00\",\"description\":\"Een Bebijn gommetje met peer en kruidnagel: een zoete symfonie met rijpe fruitigheid en warme kruidigheid, een culinair genot in elke hap. \ud83c\udf50\ud83c\udf3f\",\"breadcrumb\":{\"@id\":\"https:\\\/\\\/bebijn.be\\\/product\\\/peer-kruidnagel\\\/#breadcrumb\"},\"inLanguage\":\"fr-BE\",\"potentialAction\":[{\"@type\":\"ReadAction\",\"target\":[\"https:\\\/\\\/bebijn.be\\\/product\\\/peer-kruidnagel\\\/\"]}]},{\"@type\":\"ImageObject\",\"inLanguage\":\"fr-BE\",\"@id\":\"https:\\\/\\\/bebijn.be\\\/product\\\/peer-kruidnagel\\\/#primaryimage\",\"url\":\"https:\\\/\\\/bebijn.be\\\/wp-content\\\/uploads\\\/2025\\\/01\\\/019-doorz.jpg\",\"contentUrl\":\"https:\\\/\\\/bebijn.be\\\/wp-content\\\/uploads\\\/2025\\\/01\\\/019-doorz.jpg\",\"width\":800,\"height\":800},{\"@type\":\"BreadcrumbList\",\"@id\":\"https:\\\/\\\/bebijn.be\\\/product\\\/peer-kruidnagel\\\/#breadcrumb\",\"itemListElement\":[{\"@type\":\"ListItem\",\"position\":1,\"name\":\"Home\",\"item\":\"https:\\\/\\\/bebijn.be\\\/\"},{\"@type\":\"ListItem\",\"position\":2,\"name\":\"Winkel Bebijn\",\"item\":\"https:\\\/\\\/bebijn.be\\\/winkel-bebijn\\\/\"},{\"@type\":\"ListItem\",\"position\":3,\"name\":\"Peer \u2022 Kruidnagel\"}]},{\"@type\":\"WebSite\",\"@id\":\"https:\\\/\\\/bebijn.be\\\/#website\",\"url\":\"https:\\\/\\\/bebijn.be\\\/\",\"name\":\"Bebijn | Artisanale snoep op maat\",\"description\":\"confiserie en snoep voor gastronomie marketing geschenk\",\"publisher\":{\"@id\":\"https:\\\/\\\/bebijn.be\\\/#organization\"},\"potentialAction\":[{\"@type\":\"SearchAction\",\"target\":{\"@type\":\"EntryPoint\",\"urlTemplate\":\"https:\\\/\\\/bebijn.be\\\/?s={search_term_string}\"},\"query-input\":{\"@type\":\"PropertyValueSpecification\",\"valueRequired\":true,\"valueName\":\"search_term_string\"}}],\"inLanguage\":\"fr-BE\"},{\"@type\":\"Organization\",\"@id\":\"https:\\\/\\\/bebijn.be\\\/#organization\",\"name\":\"Bebijn\",\"url\":\"https:\\\/\\\/bebijn.be\\\/\",\"logo\":{\"@type\":\"ImageObject\",\"inLanguage\":\"fr-BE\",\"@id\":\"https:\\\/\\\/bebijn.be\\\/#\\\/schema\\\/logo\\\/image\\\/\",\"url\":\"https:\\\/\\\/bebijn.be\\\/wp-content\\\/uploads\\\/2024\\\/12\\\/Bebijn-Logo-RGB-v1.png\",\"contentUrl\":\"https:\\\/\\\/bebijn.be\\\/wp-content\\\/uploads\\\/2024\\\/12\\\/Bebijn-Logo-RGB-v1.png\",\"width\":800,\"height\":800,\"caption\":\"Bebijn\"},\"image\":{\"@id\":\"https:\\\/\\\/bebijn.be\\\/#\\\/schema\\\/logo\\\/image\\\/\"},\"sameAs\":[\"https:\\\/\\\/www.facebook.com\\\/bebijn\\\/\",\"https:\\\/\\\/www.instagram.com\\\/bebijn.sweets\\\/\"]}]}<\/script>\n<meta property=\"product:price:amount\" content=\"33.00\" \/>\n<meta property=\"product:price:currency\" content=\"EUR\" \/>\n<meta property=\"og:availability\" content=\"out of stock\" \/>\n<meta property=\"product:availability\" content=\"out of stock\" \/>\n<meta property=\"product:retailer_item_id\" content=\"4652\" \/>\n<meta property=\"product:condition\" content=\"new\" \/>\n<!-- \/ Yoast SEO Premium plugin. -->","yoast_head_json":{"title":"Poire - Clou de girofle - Bonbons artisanaux personnalis\u00e9s | Bebijn","description":"Une gomme Bebine \u00e0 la poire et au clou de girofle : une douce symphonie au fruit\u00e9 m\u00fbr et au piquant chaleureux, un d\u00e9lice culinaire \u00e0 chaque bouch\u00e9e. \ud83c\udf50\ud83c\udf3f","robots":{"index":"index","follow":"follow","max-snippet":"max-snippet:-1","max-image-preview":"max-image-preview:large","max-video-preview":"max-video-preview:-1"},"canonical":"https:\/\/bebijn.be\/fr\/produit\/gingembre-genievre-3\/","schema":{"@context":"https:\/\/schema.org","@graph":[{"@type":"WebPage","@id":"https:\/\/bebijn.be\/product\/peer-kruidnagel\/","url":"https:\/\/bebijn.be\/product\/peer-kruidnagel\/","name":"Poire - Clou de girofle - Bonbons artisanaux personnalis\u00e9s | Bebijn","isPartOf":{"@id":"https:\/\/bebijn.be\/#website"},"primaryImageOfPage":{"@id":"https:\/\/bebijn.be\/product\/peer-kruidnagel\/#primaryimage"},"image":{"@id":"https:\/\/bebijn.be\/product\/peer-kruidnagel\/#primaryimage"},"thumbnailUrl":"https:\/\/bebijn.be\/wp-content\/uploads\/2025\/01\/019-doorz.jpg","datePublished":"2025-01-25T09:45:31+00:00","dateModified":"2025-01-25T09:46:18+00:00","description":"Une gomme Bebine \u00e0 la poire et au clou de girofle : une douce symphonie au fruit\u00e9 m\u00fbr et au piquant chaleureux, un d\u00e9lice culinaire \u00e0 chaque bouch\u00e9e. \ud83c\udf50\ud83c\udf3f","breadcrumb":{"@id":"https:\/\/bebijn.be\/product\/peer-kruidnagel\/#breadcrumb"},"inLanguage":"fr-BE","potentialAction":[{"@type":"ReadAction","target":["https:\/\/bebijn.be\/product\/peer-kruidnagel\/"]}]},{"@type":"ImageObject","inLanguage":"fr-BE","@id":"https:\/\/bebijn.be\/product\/peer-kruidnagel\/#primaryimage","url":"https:\/\/bebijn.be\/wp-content\/uploads\/2025\/01\/019-doorz.jpg","contentUrl":"https:\/\/bebijn.be\/wp-content\/uploads\/2025\/01\/019-doorz.jpg","width":800,"height":800},{"@type":"BreadcrumbList","@id":"https:\/\/bebijn.be\/product\/peer-kruidnagel\/#breadcrumb","itemListElement":[{"@type":"ListItem","position":1,"name":"Home","item":"https:\/\/bebijn.be\/"},{"@type":"ListItem","position":2,"name":"Winkel Bebijn","item":"https:\/\/bebijn.be\/winkel-bebijn\/"},{"@type":"ListItem","position":3,"name":"Peer \u2022 Kruidnagel"}]},{"@type":"WebSite","@id":"https:\/\/bebijn.be\/#website","url":"https:\/\/bebijn.be\/","name":"Bebijn | Sucreries artisanales personnalis\u00e9es","description":"confiserie et bonbons pour la gastronomie cadeau marketing","publisher":{"@id":"https:\/\/bebijn.be\/#organization"},"potentialAction":[{"@type":"SearchAction","target":{"@type":"EntryPoint","urlTemplate":"https:\/\/bebijn.be\/?s={search_term_string}"},"query-input":{"@type":"PropertyValueSpecification","valueRequired":true,"valueName":"search_term_string"}}],"inLanguage":"fr-BE"},{"@type":"Organization","@id":"https:\/\/bebijn.be\/#organization","name":"Bebijn","url":"https:\/\/bebijn.be\/","logo":{"@type":"ImageObject","inLanguage":"fr-BE","@id":"https:\/\/bebijn.be\/#\/schema\/logo\/image\/","url":"https:\/\/bebijn.be\/wp-content\/uploads\/2024\/12\/Bebijn-Logo-RGB-v1.png","contentUrl":"https:\/\/bebijn.be\/wp-content\/uploads\/2024\/12\/Bebijn-Logo-RGB-v1.png","width":800,"height":800,"caption":"Bebijn"},"image":{"@id":"https:\/\/bebijn.be\/#\/schema\/logo\/image\/"},"sameAs":["https:\/\/www.facebook.com\/bebijn\/","https:\/\/www.instagram.com\/bebijn.sweets\/"]}]},"product_price_amount":"33.00","product_price_currency":"EUR","og_availability":"out of stock","product_availability":"out of stock","product_retailer_item_id":"4652","product_condition":"new"},"_links":{"self":[{"href":"https:\/\/bebijn.be\/fr\/wp-json\/wp\/v2\/product\/17212","targetHints":{"allow":["GET"]}}],"collection":[{"href":"https:\/\/bebijn.be\/fr\/wp-json\/wp\/v2\/product"}],"about":[{"href":"https:\/\/bebijn.be\/fr\/wp-json\/wp\/v2\/types\/product"}],"version-history":[{"count":0,"href":"https:\/\/bebijn.be\/fr\/wp-json\/wp\/v2\/product\/17212\/revisions"}],"wp:featuredmedia":[{"embeddable":true,"href":"https:\/\/bebijn.be\/fr\/wp-json\/wp\/v2\/media\/16907"}],"wp:attachment":[{"href":"https:\/\/bebijn.be\/fr\/wp-json\/wp\/v2\/media?parent=17212"}],"wp:term":[{"taxonomy":"product_brand","embeddable":true,"href":"https:\/\/bebijn.be\/fr\/wp-json\/wp\/v2\/product_brand?post=17212"},{"taxonomy":"product_cat","embeddable":true,"href":"https:\/\/bebijn.be\/fr\/wp-json\/wp\/v2\/product_cat?post=17212"},{"taxonomy":"product_tag","embeddable":true,"href":"https:\/\/bebijn.be\/fr\/wp-json\/wp\/v2\/product_tag?post=17212"}],"curies":[{"name":"wp","href":"https:\/\/api.w.org\/{rel}","templated":true}]}}