{"id":17231,"date":"2025-01-25T10:45:53","date_gmt":"2025-01-25T09:45:53","guid":{"rendered":"https:\/\/deezine.be\/bebijn\/?post_type=product&#038;p=17231"},"modified":"2025-01-25T10:46:35","modified_gmt":"2025-01-25T09:46:35","slug":"citron-vert-basilic-15","status":"publish","type":"product","link":"https:\/\/bebijn.be\/fr\/product\/salie-oranjebloesem\/","title":{"rendered":"Sauge - Fleur d'oranger"},"content":{"rendered":"<p><span>Le bonbon Bebijn \u00e0 la sauge et \u00e0 la fleur d'oranger est comme un voyage de d\u00e9couverte gustative o\u00f9 la profondeur terreuse de la sauge se m\u00eale \u00e0 l'enchantement doux et floral de la fleur d'oranger. C'est une harmonie de saveurs qui enveloppe vos papilles d'une combinaison unique de sophistication \u00e9pic\u00e9e et de douceur exotique.<\/span><\/p>\n<p>id\u00e9al pour accompagner le caf\u00e9 comme mignardise, addition, un bonbon \u00e0 d\u00e9guster ou \u00e0 offrir comme cadeau original, un bonbon artisanal Bebijn<\/p>\n<p><span>Chaque bouch\u00e9e est une aventure culinaire qui c\u00e9l\u00e8bre la complexit\u00e9 des \u00e9pices et la douceur subtile des notes florales, vous entra\u00eenant dans un voyage de surprises savoureuses. Un r\u00e9gal pour les gourmands \u00e0 la recherche d'une exp\u00e9rience gustative distinctive.<\/span><\/p>","protected":false},"excerpt":{"rendered":"<p>Het Bebijn snoepje met salie en oranjebloesem is als een smaakvolle ontdekkingsreis waar de aardse diepte van salie zich vermengt met de zoete, bloemige betovering van oranjebloesem. Het is een&#8230;<\/p>","protected":false},"featured_media":16966,"template":"","meta":[],"product_brand":[],"product_cat":[70],"product_tag":[],"class_list":{"0":"post-17231","1":"product","2":"type-product","3":"status-publish","4":"has-post-thumbnail","6":"product_cat-uit-bebijn-assortiment","8":"first","9":"outofstock","10":"taxable","11":"shipping-taxable","12":"purchasable","13":"product-type-simple"},"yoast_head":"<!-- This site is optimized with the Yoast SEO Premium plugin v24.2 (Yoast SEO v27.4) - https:\/\/yoast.com\/product\/yoast-seo-premium-wordpress\/ -->\n<title>Salie \u2022 Oranjebloesem - Artisanale snoep op maat | Bebijn<\/title>\n<meta name=\"description\" content=\"Het Bebijn snoepje met salie en oranjebloesem: een smaakavontuur waar aardse diepte en bloemige zoetheid samensmelten tot een verrukkelijke harmonie. \ud83c\udf3f\ud83c\udf4a\ud83c\udf6c\" \/>\n<meta name=\"robots\" content=\"index, follow, max-snippet:-1, max-image-preview:large, max-video-preview:-1\" \/>\n<link rel=\"canonical\" href=\"https:\/\/bebijn.be\/fr\/produit\/citron-vert-basilic-15\/\" \/>\n<script type=\"application\/ld+json\" class=\"yoast-schema-graph\">{\"@context\":\"https:\\\/\\\/schema.org\",\"@graph\":[{\"@type\":\"WebPage\",\"@id\":\"https:\\\/\\\/bebijn.be\\\/product\\\/salie-oranjebloesem\\\/\",\"url\":\"https:\\\/\\\/bebijn.be\\\/product\\\/salie-oranjebloesem\\\/\",\"name\":\"Salie \u2022 Oranjebloesem - Artisanale snoep op maat | Bebijn\",\"isPartOf\":{\"@id\":\"https:\\\/\\\/bebijn.be\\\/#website\"},\"primaryImageOfPage\":{\"@id\":\"https:\\\/\\\/bebijn.be\\\/product\\\/salie-oranjebloesem\\\/#primaryimage\"},\"image\":{\"@id\":\"https:\\\/\\\/bebijn.be\\\/product\\\/salie-oranjebloesem\\\/#primaryimage\"},\"thumbnailUrl\":\"https:\\\/\\\/bebijn.be\\\/wp-content\\\/uploads\\\/2025\\\/01\\\/040-oranje-bebijn-snoep.jpg\",\"datePublished\":\"2025-01-25T09:45:53+00:00\",\"dateModified\":\"2025-01-25T09:46:35+00:00\",\"description\":\"Het Bebijn snoepje met salie en oranjebloesem: een smaakavontuur waar aardse diepte en bloemige zoetheid samensmelten tot een verrukkelijke harmonie. \ud83c\udf3f\ud83c\udf4a\ud83c\udf6c\",\"breadcrumb\":{\"@id\":\"https:\\\/\\\/bebijn.be\\\/product\\\/salie-oranjebloesem\\\/#breadcrumb\"},\"inLanguage\":\"fr-BE\",\"potentialAction\":[{\"@type\":\"ReadAction\",\"target\":[\"https:\\\/\\\/bebijn.be\\\/product\\\/salie-oranjebloesem\\\/\"]}]},{\"@type\":\"ImageObject\",\"inLanguage\":\"fr-BE\",\"@id\":\"https:\\\/\\\/bebijn.be\\\/product\\\/salie-oranjebloesem\\\/#primaryimage\",\"url\":\"https:\\\/\\\/bebijn.be\\\/wp-content\\\/uploads\\\/2025\\\/01\\\/040-oranje-bebijn-snoep.jpg\",\"contentUrl\":\"https:\\\/\\\/bebijn.be\\\/wp-content\\\/uploads\\\/2025\\\/01\\\/040-oranje-bebijn-snoep.jpg\",\"width\":800,\"height\":800},{\"@type\":\"BreadcrumbList\",\"@id\":\"https:\\\/\\\/bebijn.be\\\/product\\\/salie-oranjebloesem\\\/#breadcrumb\",\"itemListElement\":[{\"@type\":\"ListItem\",\"position\":1,\"name\":\"Home\",\"item\":\"https:\\\/\\\/bebijn.be\\\/\"},{\"@type\":\"ListItem\",\"position\":2,\"name\":\"Winkel Bebijn\",\"item\":\"https:\\\/\\\/bebijn.be\\\/winkel-bebijn\\\/\"},{\"@type\":\"ListItem\",\"position\":3,\"name\":\"Salie \u2022 Oranjebloesem\"}]},{\"@type\":\"WebSite\",\"@id\":\"https:\\\/\\\/bebijn.be\\\/#website\",\"url\":\"https:\\\/\\\/bebijn.be\\\/\",\"name\":\"Bebijn | Artisanale snoep op maat\",\"description\":\"confiserie en snoep voor gastronomie marketing geschenk\",\"publisher\":{\"@id\":\"https:\\\/\\\/bebijn.be\\\/#organization\"},\"potentialAction\":[{\"@type\":\"SearchAction\",\"target\":{\"@type\":\"EntryPoint\",\"urlTemplate\":\"https:\\\/\\\/bebijn.be\\\/?s={search_term_string}\"},\"query-input\":{\"@type\":\"PropertyValueSpecification\",\"valueRequired\":true,\"valueName\":\"search_term_string\"}}],\"inLanguage\":\"fr-BE\"},{\"@type\":\"Organization\",\"@id\":\"https:\\\/\\\/bebijn.be\\\/#organization\",\"name\":\"Bebijn\",\"url\":\"https:\\\/\\\/bebijn.be\\\/\",\"logo\":{\"@type\":\"ImageObject\",\"inLanguage\":\"fr-BE\",\"@id\":\"https:\\\/\\\/bebijn.be\\\/#\\\/schema\\\/logo\\\/image\\\/\",\"url\":\"https:\\\/\\\/bebijn.be\\\/wp-content\\\/uploads\\\/2024\\\/12\\\/Bebijn-Logo-RGB-v1.png\",\"contentUrl\":\"https:\\\/\\\/bebijn.be\\\/wp-content\\\/uploads\\\/2024\\\/12\\\/Bebijn-Logo-RGB-v1.png\",\"width\":800,\"height\":800,\"caption\":\"Bebijn\"},\"image\":{\"@id\":\"https:\\\/\\\/bebijn.be\\\/#\\\/schema\\\/logo\\\/image\\\/\"},\"sameAs\":[\"https:\\\/\\\/www.facebook.com\\\/bebijn\\\/\",\"https:\\\/\\\/www.instagram.com\\\/bebijn.sweets\\\/\"]}]}<\/script>\n<meta property=\"product:price:amount\" content=\"33.00\" \/>\n<meta property=\"product:price:currency\" content=\"EUR\" \/>\n<meta property=\"og:availability\" content=\"out of stock\" \/>\n<meta property=\"product:availability\" content=\"out of stock\" \/>\n<meta property=\"product:retailer_item_id\" content=\"4698\" \/>\n<meta property=\"product:condition\" content=\"new\" \/>\n<!-- \/ Yoast SEO Premium plugin. -->","yoast_head_json":{"title":"Sage - Fleur d'oranger - Confiseries artisanales personnalis\u00e9es | Bebijn","description":"Le bonbon Bebi \u00e0 la sauge et \u00e0 la fleur d'oranger : une aventure gustative o\u00f9 profondeur terrienne et douceur florale se fondent en une harmonie d\u00e9lectable. \ud83c\udf3f\ud83c\udf4a\ud83c\udf6c","robots":{"index":"index","follow":"follow","max-snippet":"max-snippet:-1","max-image-preview":"max-image-preview:large","max-video-preview":"max-video-preview:-1"},"canonical":"https:\/\/bebijn.be\/fr\/produit\/citron-vert-basilic-15\/","schema":{"@context":"https:\/\/schema.org","@graph":[{"@type":"WebPage","@id":"https:\/\/bebijn.be\/product\/salie-oranjebloesem\/","url":"https:\/\/bebijn.be\/product\/salie-oranjebloesem\/","name":"Sage - Fleur d'oranger - Confiseries artisanales personnalis\u00e9es | Bebijn","isPartOf":{"@id":"https:\/\/bebijn.be\/#website"},"primaryImageOfPage":{"@id":"https:\/\/bebijn.be\/product\/salie-oranjebloesem\/#primaryimage"},"image":{"@id":"https:\/\/bebijn.be\/product\/salie-oranjebloesem\/#primaryimage"},"thumbnailUrl":"https:\/\/bebijn.be\/wp-content\/uploads\/2025\/01\/040-oranje-bebijn-snoep.jpg","datePublished":"2025-01-25T09:45:53+00:00","dateModified":"2025-01-25T09:46:35+00:00","description":"Le bonbon Bebi \u00e0 la sauge et \u00e0 la fleur d'oranger : une aventure gustative o\u00f9 profondeur terrienne et douceur florale se fondent en une harmonie d\u00e9lectable. \ud83c\udf3f\ud83c\udf4a\ud83c\udf6c","breadcrumb":{"@id":"https:\/\/bebijn.be\/product\/salie-oranjebloesem\/#breadcrumb"},"inLanguage":"fr-BE","potentialAction":[{"@type":"ReadAction","target":["https:\/\/bebijn.be\/product\/salie-oranjebloesem\/"]}]},{"@type":"ImageObject","inLanguage":"fr-BE","@id":"https:\/\/bebijn.be\/product\/salie-oranjebloesem\/#primaryimage","url":"https:\/\/bebijn.be\/wp-content\/uploads\/2025\/01\/040-oranje-bebijn-snoep.jpg","contentUrl":"https:\/\/bebijn.be\/wp-content\/uploads\/2025\/01\/040-oranje-bebijn-snoep.jpg","width":800,"height":800},{"@type":"BreadcrumbList","@id":"https:\/\/bebijn.be\/product\/salie-oranjebloesem\/#breadcrumb","itemListElement":[{"@type":"ListItem","position":1,"name":"Home","item":"https:\/\/bebijn.be\/"},{"@type":"ListItem","position":2,"name":"Winkel Bebijn","item":"https:\/\/bebijn.be\/winkel-bebijn\/"},{"@type":"ListItem","position":3,"name":"Salie \u2022 Oranjebloesem"}]},{"@type":"WebSite","@id":"https:\/\/bebijn.be\/#website","url":"https:\/\/bebijn.be\/","name":"Bebijn | Sucreries artisanales personnalis\u00e9es","description":"confiserie et bonbons pour la gastronomie cadeau marketing","publisher":{"@id":"https:\/\/bebijn.be\/#organization"},"potentialAction":[{"@type":"SearchAction","target":{"@type":"EntryPoint","urlTemplate":"https:\/\/bebijn.be\/?s={search_term_string}"},"query-input":{"@type":"PropertyValueSpecification","valueRequired":true,"valueName":"search_term_string"}}],"inLanguage":"fr-BE"},{"@type":"Organization","@id":"https:\/\/bebijn.be\/#organization","name":"Bebijn","url":"https:\/\/bebijn.be\/","logo":{"@type":"ImageObject","inLanguage":"fr-BE","@id":"https:\/\/bebijn.be\/#\/schema\/logo\/image\/","url":"https:\/\/bebijn.be\/wp-content\/uploads\/2024\/12\/Bebijn-Logo-RGB-v1.png","contentUrl":"https:\/\/bebijn.be\/wp-content\/uploads\/2024\/12\/Bebijn-Logo-RGB-v1.png","width":800,"height":800,"caption":"Bebijn"},"image":{"@id":"https:\/\/bebijn.be\/#\/schema\/logo\/image\/"},"sameAs":["https:\/\/www.facebook.com\/bebijn\/","https:\/\/www.instagram.com\/bebijn.sweets\/"]}]},"product_price_amount":"33.00","product_price_currency":"EUR","og_availability":"out of stock","product_availability":"out of stock","product_retailer_item_id":"4698","product_condition":"new"},"_links":{"self":[{"href":"https:\/\/bebijn.be\/fr\/wp-json\/wp\/v2\/product\/17231","targetHints":{"allow":["GET"]}}],"collection":[{"href":"https:\/\/bebijn.be\/fr\/wp-json\/wp\/v2\/product"}],"about":[{"href":"https:\/\/bebijn.be\/fr\/wp-json\/wp\/v2\/types\/product"}],"version-history":[{"count":0,"href":"https:\/\/bebijn.be\/fr\/wp-json\/wp\/v2\/product\/17231\/revisions"}],"wp:featuredmedia":[{"embeddable":true,"href":"https:\/\/bebijn.be\/fr\/wp-json\/wp\/v2\/media\/16966"}],"wp:attachment":[{"href":"https:\/\/bebijn.be\/fr\/wp-json\/wp\/v2\/media?parent=17231"}],"wp:term":[{"taxonomy":"product_brand","embeddable":true,"href":"https:\/\/bebijn.be\/fr\/wp-json\/wp\/v2\/product_brand?post=17231"},{"taxonomy":"product_cat","embeddable":true,"href":"https:\/\/bebijn.be\/fr\/wp-json\/wp\/v2\/product_cat?post=17231"},{"taxonomy":"product_tag","embeddable":true,"href":"https:\/\/bebijn.be\/fr\/wp-json\/wp\/v2\/product_tag?post=17231"}],"curies":[{"name":"wp","href":"https:\/\/api.w.org\/{rel}","templated":true}]}}