{"id":17238,"date":"2025-01-25T10:45:53","date_gmt":"2025-01-25T09:45:53","guid":{"rendered":"https:\/\/deezine.be\/bebijn\/?post_type=product&#038;p=17238"},"modified":"2025-01-25T10:46:48","modified_gmt":"2025-01-25T09:46:48","slug":"p-gommi-pamplemousse-romarin-3","status":"publish","type":"product","link":"https:\/\/bebijn.be\/fr\/product\/den-oranjebloesem-2\/","title":{"rendered":"Pin - Fleur d'oranger"},"content":{"rendered":"<p>Le bonbon \u00e0 la pectine Bebi au pin et \u00e0 la fleur d'oranger est comme une promenade enchanteresse dans une for\u00eat de pins parfum\u00e9e par une journ\u00e9e ensoleill\u00e9e. La profondeur terreuse du pin est subtilement embellie par les notes florales et citronn\u00e9es de la fleur d'oranger.<\/p>\n<p>id\u00e9al pour accompagner le caf\u00e9 comme une mignardise, un billet, une douceur \u00e0 d\u00e9guster ou \u00e0 offrir comme un cadeau original<\/p>\n<p>Ensemble, ils cr\u00e9ent une exp\u00e9rience gustative qui entra\u00eene vos papilles dans un voyage \u00e0 travers la nature, o\u00f9 se m\u00ealent notes r\u00e9sineuses et fleurs d\u00e9licates. Chaque bouch\u00e9e offre une harmonie de saveurs qui fait revivre les parfums vivifiants de la for\u00eat, enveloppant vos sens de tranquillit\u00e9 et de fra\u00eecheur. Un plaisir inoubliable pour les amoureux de la nature et des saveurs raffin\u00e9es.<\/p>","protected":false},"excerpt":{"rendered":"<p>Het Bebijn pectine snoepje met den en oranjebloesem is als een betoverende wandeling in een geurig naaldbos op een zonnige dag. De aardse diepte van den wordt subtiel verfraaid met&#8230;<\/p>","protected":false},"featured_media":16887,"template":"","meta":[],"product_brand":[],"product_cat":[70],"product_tag":[],"class_list":{"0":"post-17238","1":"product","2":"type-product","3":"status-publish","4":"has-post-thumbnail","6":"product_cat-uit-bebijn-assortiment","8":"first","9":"outofstock","10":"taxable","11":"shipping-taxable","12":"purchasable","13":"product-type-simple"},"yoast_head":"<!-- This site is optimized with the Yoast SEO Premium plugin v24.2 (Yoast SEO v27.4) - https:\/\/yoast.com\/product\/yoast-seo-premium-wordpress\/ -->\n<title>Den \u2022 Oranjebloesem - Artisanale snoep op maat | Bebijn<\/title>\n<meta name=\"description\" content=\"Een Bebijn pectine met den en oranjebloesem: een betoverende wandeling in een geurig naaldbos, waar aardse diepte en bloemige frisheid samenkomen. \ud83c\udf32\ud83c\udf4a\ud83c\udf6c\" \/>\n<meta name=\"robots\" content=\"index, follow, max-snippet:-1, max-image-preview:large, max-video-preview:-1\" \/>\n<link rel=\"canonical\" href=\"https:\/\/bebijn.be\/fr\/produit\/p-gommi-pamplemousse-romarin-3\/\" \/>\n<script type=\"application\/ld+json\" class=\"yoast-schema-graph\">{\"@context\":\"https:\\\/\\\/schema.org\",\"@graph\":[{\"@type\":\"WebPage\",\"@id\":\"https:\\\/\\\/bebijn.be\\\/product\\\/den-oranjebloesem-2\\\/\",\"url\":\"https:\\\/\\\/bebijn.be\\\/product\\\/den-oranjebloesem-2\\\/\",\"name\":\"Den \u2022 Oranjebloesem - Artisanale snoep op maat | Bebijn\",\"isPartOf\":{\"@id\":\"https:\\\/\\\/bebijn.be\\\/#website\"},\"primaryImageOfPage\":{\"@id\":\"https:\\\/\\\/bebijn.be\\\/product\\\/den-oranjebloesem-2\\\/#primaryimage\"},\"image\":{\"@id\":\"https:\\\/\\\/bebijn.be\\\/product\\\/den-oranjebloesem-2\\\/#primaryimage\"},\"thumbnailUrl\":\"https:\\\/\\\/bebijn.be\\\/wp-content\\\/uploads\\\/2025\\\/01\\\/014-donker-groen-bebijn-mignardise-gom-zacht.jpg\",\"datePublished\":\"2025-01-25T09:45:53+00:00\",\"dateModified\":\"2025-01-25T09:46:48+00:00\",\"description\":\"Een Bebijn pectine met den en oranjebloesem: een betoverende wandeling in een geurig naaldbos, waar aardse diepte en bloemige frisheid samenkomen. \ud83c\udf32\ud83c\udf4a\ud83c\udf6c\",\"breadcrumb\":{\"@id\":\"https:\\\/\\\/bebijn.be\\\/product\\\/den-oranjebloesem-2\\\/#breadcrumb\"},\"inLanguage\":\"fr-BE\",\"potentialAction\":[{\"@type\":\"ReadAction\",\"target\":[\"https:\\\/\\\/bebijn.be\\\/product\\\/den-oranjebloesem-2\\\/\"]}]},{\"@type\":\"ImageObject\",\"inLanguage\":\"fr-BE\",\"@id\":\"https:\\\/\\\/bebijn.be\\\/product\\\/den-oranjebloesem-2\\\/#primaryimage\",\"url\":\"https:\\\/\\\/bebijn.be\\\/wp-content\\\/uploads\\\/2025\\\/01\\\/014-donker-groen-bebijn-mignardise-gom-zacht.jpg\",\"contentUrl\":\"https:\\\/\\\/bebijn.be\\\/wp-content\\\/uploads\\\/2025\\\/01\\\/014-donker-groen-bebijn-mignardise-gom-zacht.jpg\",\"width\":800,\"height\":800},{\"@type\":\"BreadcrumbList\",\"@id\":\"https:\\\/\\\/bebijn.be\\\/product\\\/den-oranjebloesem-2\\\/#breadcrumb\",\"itemListElement\":[{\"@type\":\"ListItem\",\"position\":1,\"name\":\"Home\",\"item\":\"https:\\\/\\\/bebijn.be\\\/\"},{\"@type\":\"ListItem\",\"position\":2,\"name\":\"Winkel Bebijn\",\"item\":\"https:\\\/\\\/bebijn.be\\\/winkel-bebijn\\\/\"},{\"@type\":\"ListItem\",\"position\":3,\"name\":\"Den \u2022 Oranjebloesem\"}]},{\"@type\":\"WebSite\",\"@id\":\"https:\\\/\\\/bebijn.be\\\/#website\",\"url\":\"https:\\\/\\\/bebijn.be\\\/\",\"name\":\"Bebijn | Artisanale snoep op maat\",\"description\":\"confiserie en snoep voor gastronomie marketing geschenk\",\"publisher\":{\"@id\":\"https:\\\/\\\/bebijn.be\\\/#organization\"},\"potentialAction\":[{\"@type\":\"SearchAction\",\"target\":{\"@type\":\"EntryPoint\",\"urlTemplate\":\"https:\\\/\\\/bebijn.be\\\/?s={search_term_string}\"},\"query-input\":{\"@type\":\"PropertyValueSpecification\",\"valueRequired\":true,\"valueName\":\"search_term_string\"}}],\"inLanguage\":\"fr-BE\"},{\"@type\":\"Organization\",\"@id\":\"https:\\\/\\\/bebijn.be\\\/#organization\",\"name\":\"Bebijn\",\"url\":\"https:\\\/\\\/bebijn.be\\\/\",\"logo\":{\"@type\":\"ImageObject\",\"inLanguage\":\"fr-BE\",\"@id\":\"https:\\\/\\\/bebijn.be\\\/#\\\/schema\\\/logo\\\/image\\\/\",\"url\":\"https:\\\/\\\/bebijn.be\\\/wp-content\\\/uploads\\\/2024\\\/12\\\/Bebijn-Logo-RGB-v1.png\",\"contentUrl\":\"https:\\\/\\\/bebijn.be\\\/wp-content\\\/uploads\\\/2024\\\/12\\\/Bebijn-Logo-RGB-v1.png\",\"width\":800,\"height\":800,\"caption\":\"Bebijn\"},\"image\":{\"@id\":\"https:\\\/\\\/bebijn.be\\\/#\\\/schema\\\/logo\\\/image\\\/\"},\"sameAs\":[\"https:\\\/\\\/www.facebook.com\\\/bebijn\\\/\",\"https:\\\/\\\/www.instagram.com\\\/bebijn.sweets\\\/\"]}]}<\/script>\n<meta property=\"product:price:amount\" content=\"33.00\" \/>\n<meta property=\"product:price:currency\" content=\"EUR\" \/>\n<meta property=\"og:availability\" content=\"out of stock\" \/>\n<meta property=\"product:availability\" content=\"out of stock\" \/>\n<meta property=\"product:retailer_item_id\" content=\"4748\" \/>\n<meta property=\"product:condition\" content=\"new\" \/>\n<!-- \/ Yoast SEO Premium plugin. -->","yoast_head_json":{"title":"Pin - Fleur d'oranger - Confiseries artisanales sur commande | Bebijn","description":"Une pectine de Bevin au pin et \u00e0 la fleur d'oranger : une promenade enchanteresse dans une for\u00eat de conif\u00e8res parfum\u00e9e, o\u00f9 profondeur terrienne et fra\u00eecheur florale se rejoignent. \ud83c\udf32\ud83c\udf4a\ud83c\udf6c","robots":{"index":"index","follow":"follow","max-snippet":"max-snippet:-1","max-image-preview":"max-image-preview:large","max-video-preview":"max-video-preview:-1"},"canonical":"https:\/\/bebijn.be\/fr\/produit\/p-gommi-pamplemousse-romarin-3\/","schema":{"@context":"https:\/\/schema.org","@graph":[{"@type":"WebPage","@id":"https:\/\/bebijn.be\/product\/den-oranjebloesem-2\/","url":"https:\/\/bebijn.be\/product\/den-oranjebloesem-2\/","name":"Pin - Fleur d'oranger - Confiseries artisanales sur commande | Bebijn","isPartOf":{"@id":"https:\/\/bebijn.be\/#website"},"primaryImageOfPage":{"@id":"https:\/\/bebijn.be\/product\/den-oranjebloesem-2\/#primaryimage"},"image":{"@id":"https:\/\/bebijn.be\/product\/den-oranjebloesem-2\/#primaryimage"},"thumbnailUrl":"https:\/\/bebijn.be\/wp-content\/uploads\/2025\/01\/014-donker-groen-bebijn-mignardise-gom-zacht.jpg","datePublished":"2025-01-25T09:45:53+00:00","dateModified":"2025-01-25T09:46:48+00:00","description":"Une pectine de Bevin au pin et \u00e0 la fleur d'oranger : une promenade enchanteresse dans une for\u00eat de conif\u00e8res parfum\u00e9e, o\u00f9 profondeur terrienne et fra\u00eecheur florale se rejoignent. \ud83c\udf32\ud83c\udf4a\ud83c\udf6c","breadcrumb":{"@id":"https:\/\/bebijn.be\/product\/den-oranjebloesem-2\/#breadcrumb"},"inLanguage":"fr-BE","potentialAction":[{"@type":"ReadAction","target":["https:\/\/bebijn.be\/product\/den-oranjebloesem-2\/"]}]},{"@type":"ImageObject","inLanguage":"fr-BE","@id":"https:\/\/bebijn.be\/product\/den-oranjebloesem-2\/#primaryimage","url":"https:\/\/bebijn.be\/wp-content\/uploads\/2025\/01\/014-donker-groen-bebijn-mignardise-gom-zacht.jpg","contentUrl":"https:\/\/bebijn.be\/wp-content\/uploads\/2025\/01\/014-donker-groen-bebijn-mignardise-gom-zacht.jpg","width":800,"height":800},{"@type":"BreadcrumbList","@id":"https:\/\/bebijn.be\/product\/den-oranjebloesem-2\/#breadcrumb","itemListElement":[{"@type":"ListItem","position":1,"name":"Home","item":"https:\/\/bebijn.be\/"},{"@type":"ListItem","position":2,"name":"Winkel Bebijn","item":"https:\/\/bebijn.be\/winkel-bebijn\/"},{"@type":"ListItem","position":3,"name":"Den \u2022 Oranjebloesem"}]},{"@type":"WebSite","@id":"https:\/\/bebijn.be\/#website","url":"https:\/\/bebijn.be\/","name":"Bebijn | Sucreries artisanales personnalis\u00e9es","description":"confiserie et bonbons pour la gastronomie cadeau marketing","publisher":{"@id":"https:\/\/bebijn.be\/#organization"},"potentialAction":[{"@type":"SearchAction","target":{"@type":"EntryPoint","urlTemplate":"https:\/\/bebijn.be\/?s={search_term_string}"},"query-input":{"@type":"PropertyValueSpecification","valueRequired":true,"valueName":"search_term_string"}}],"inLanguage":"fr-BE"},{"@type":"Organization","@id":"https:\/\/bebijn.be\/#organization","name":"Bebijn","url":"https:\/\/bebijn.be\/","logo":{"@type":"ImageObject","inLanguage":"fr-BE","@id":"https:\/\/bebijn.be\/#\/schema\/logo\/image\/","url":"https:\/\/bebijn.be\/wp-content\/uploads\/2024\/12\/Bebijn-Logo-RGB-v1.png","contentUrl":"https:\/\/bebijn.be\/wp-content\/uploads\/2024\/12\/Bebijn-Logo-RGB-v1.png","width":800,"height":800,"caption":"Bebijn"},"image":{"@id":"https:\/\/bebijn.be\/#\/schema\/logo\/image\/"},"sameAs":["https:\/\/www.facebook.com\/bebijn\/","https:\/\/www.instagram.com\/bebijn.sweets\/"]}]},"product_price_amount":"33.00","product_price_currency":"EUR","og_availability":"out of stock","product_availability":"out of stock","product_retailer_item_id":"4748","product_condition":"new"},"_links":{"self":[{"href":"https:\/\/bebijn.be\/fr\/wp-json\/wp\/v2\/product\/17238","targetHints":{"allow":["GET"]}}],"collection":[{"href":"https:\/\/bebijn.be\/fr\/wp-json\/wp\/v2\/product"}],"about":[{"href":"https:\/\/bebijn.be\/fr\/wp-json\/wp\/v2\/types\/product"}],"version-history":[{"count":0,"href":"https:\/\/bebijn.be\/fr\/wp-json\/wp\/v2\/product\/17238\/revisions"}],"wp:featuredmedia":[{"embeddable":true,"href":"https:\/\/bebijn.be\/fr\/wp-json\/wp\/v2\/media\/16887"}],"wp:attachment":[{"href":"https:\/\/bebijn.be\/fr\/wp-json\/wp\/v2\/media?parent=17238"}],"wp:term":[{"taxonomy":"product_brand","embeddable":true,"href":"https:\/\/bebijn.be\/fr\/wp-json\/wp\/v2\/product_brand?post=17238"},{"taxonomy":"product_cat","embeddable":true,"href":"https:\/\/bebijn.be\/fr\/wp-json\/wp\/v2\/product_cat?post=17238"},{"taxonomy":"product_tag","embeddable":true,"href":"https:\/\/bebijn.be\/fr\/wp-json\/wp\/v2\/product_tag?post=17238"}],"curies":[{"name":"wp","href":"https:\/\/api.w.org\/{rel}","templated":true}]}}