{"id":17254,"date":"2025-01-25T10:46:15","date_gmt":"2025-01-25T09:46:15","guid":{"rendered":"https:\/\/deezine.be\/bebijn\/?post_type=product&#038;p=17254"},"modified":"2026-01-26T22:53:58","modified_gmt":"2026-01-26T20:53:58","slug":"gingembre-cumin-4","status":"publish","type":"product","link":"https:\/\/bebijn.be\/fr\/product\/framboos-sinaasappel\/","title":{"rendered":"Framboise - Orange"},"content":{"rendered":"<p data-start=\"0\" data-end=\"346\"><strong data-start=\"30\" data-end=\"77\">Gomme Bebine \u00e0 la framboise et \u00e0 l'orange<\/strong> est une combinaison ludique de fruits rouges frais et d'agrumes ensoleill\u00e9s. La framboise apporte une douceur vive et moelleuse avec un soup\u00e7on de fra\u00eecheur, tandis que l'orange apporte un ton chaud et p\u00e9tillant. Ensemble, ils cr\u00e9ent un joyeux \u00e9quilibre entre une l\u00e9g\u00e8re acidit\u00e9 et une douceur ensoleill\u00e9e.<\/p>\n<p data-start=\"348\" data-end=\"471\">Id\u00e9al pour accompagner le caf\u00e9 comme mignardise, l'addition, une douceur \u00e0 d\u00e9guster ou \u00e0 offrir comme cadeau original.<\/p>\n<p data-start=\"473\" data-end=\"619\">Pour les amateurs de contrastes fruit\u00e9s, cette gomme est une friandise fra\u00eeche et \u00e9l\u00e9gante, \u00e0 la saveur \u00e0 la fois surprenante et harmonieuse.<\/p>","protected":false},"excerpt":{"rendered":"<p data-start=\"0\" data-end=\"346\"><strong data-start=\"30\" data-end=\"77\">Gomme Bebine \u00e0 la framboise et \u00e0 l'orange<\/strong> est une combinaison ludique de fruits rouges frais et d'agrumes ensoleill\u00e9s. La framboise apporte une douceur vive et moelleuse avec un soup\u00e7on de fra\u00eecheur, tandis que l'orange apporte un ton chaud et p\u00e9tillant. Ensemble, ils cr\u00e9ent un joyeux \u00e9quilibre entre une l\u00e9g\u00e8re acidit\u00e9 et une douceur ensoleill\u00e9e.<\/p>\n<p data-start=\"348\" data-end=\"471\">Id\u00e9al pour accompagner le caf\u00e9 comme mignardise, l'addition, une douceur \u00e0 d\u00e9guster ou \u00e0 offrir comme cadeau original.<\/p>\n<p data-start=\"473\" data-end=\"619\">Pour les amateurs de contrastes fruit\u00e9s, cette gomme est une friandise fra\u00eeche et \u00e9l\u00e9gante, \u00e0 la saveur \u00e0 la fois surprenante et harmonieuse.<\/p>","protected":false},"featured_media":16868,"template":"","meta":[],"product_brand":[],"product_cat":[69],"product_tag":[],"class_list":{"0":"post-17254","1":"product","2":"type-product","3":"status-publish","4":"has-post-thumbnail","6":"product_cat-bebijn-assortiment-gommen","8":"first","9":"outofstock","10":"taxable","11":"shipping-taxable","12":"purchasable","13":"product-type-simple"},"yoast_head":"<!-- This site is optimized with the Yoast SEO Premium plugin v24.2 (Yoast SEO v27.4) - https:\/\/yoast.com\/product\/yoast-seo-premium-wordpress\/ -->\n<title>Framboos \u2022 Sinaasappel - Artisanale snoep op maat | Bebijn<\/title>\n<meta name=\"description\" content=\"Bebijn gommetje met framboos en sinaasappel: fris rood fruit ontmoet zonnige citrus in een speelse, elegante en vrolijk zoete hap. \ud83c\udf4a\ud83c\udf53\ud83c\udf6c\" \/>\n<meta name=\"robots\" content=\"index, follow, max-snippet:-1, max-image-preview:large, max-video-preview:-1\" \/>\n<link rel=\"canonical\" href=\"https:\/\/bebijn.be\/fr\/produit\/gingembre-cumin-4\/\" \/>\n<script type=\"application\/ld+json\" class=\"yoast-schema-graph\">{\"@context\":\"https:\\\/\\\/schema.org\",\"@graph\":[{\"@type\":\"WebPage\",\"@id\":\"https:\\\/\\\/bebijn.be\\\/product\\\/framboos-sinaasappel\\\/\",\"url\":\"https:\\\/\\\/bebijn.be\\\/product\\\/framboos-sinaasappel\\\/\",\"name\":\"Framboos \u2022 Sinaasappel - Artisanale snoep op maat | Bebijn\",\"isPartOf\":{\"@id\":\"https:\\\/\\\/bebijn.be\\\/#website\"},\"primaryImageOfPage\":{\"@id\":\"https:\\\/\\\/bebijn.be\\\/product\\\/framboos-sinaasappel\\\/#primaryimage\"},\"image\":{\"@id\":\"https:\\\/\\\/bebijn.be\\\/product\\\/framboos-sinaasappel\\\/#primaryimage\"},\"thumbnailUrl\":\"https:\\\/\\\/bebijn.be\\\/wp-content\\\/uploads\\\/2025\\\/01\\\/006-oranje.jpg\",\"datePublished\":\"2025-01-25T09:46:15+00:00\",\"dateModified\":\"2026-01-26T20:53:58+00:00\",\"description\":\"Bebijn gommetje met framboos en sinaasappel: fris rood fruit ontmoet zonnige citrus in een speelse, elegante en vrolijk zoete hap. \ud83c\udf4a\ud83c\udf53\ud83c\udf6c\",\"breadcrumb\":{\"@id\":\"https:\\\/\\\/bebijn.be\\\/product\\\/framboos-sinaasappel\\\/#breadcrumb\"},\"inLanguage\":\"fr-BE\",\"potentialAction\":[{\"@type\":\"ReadAction\",\"target\":[\"https:\\\/\\\/bebijn.be\\\/product\\\/framboos-sinaasappel\\\/\"]}]},{\"@type\":\"ImageObject\",\"inLanguage\":\"fr-BE\",\"@id\":\"https:\\\/\\\/bebijn.be\\\/product\\\/framboos-sinaasappel\\\/#primaryimage\",\"url\":\"https:\\\/\\\/bebijn.be\\\/wp-content\\\/uploads\\\/2025\\\/01\\\/006-oranje.jpg\",\"contentUrl\":\"https:\\\/\\\/bebijn.be\\\/wp-content\\\/uploads\\\/2025\\\/01\\\/006-oranje.jpg\",\"width\":800,\"height\":800},{\"@type\":\"BreadcrumbList\",\"@id\":\"https:\\\/\\\/bebijn.be\\\/product\\\/framboos-sinaasappel\\\/#breadcrumb\",\"itemListElement\":[{\"@type\":\"ListItem\",\"position\":1,\"name\":\"Home\",\"item\":\"https:\\\/\\\/bebijn.be\\\/\"},{\"@type\":\"ListItem\",\"position\":2,\"name\":\"Winkel Bebijn\",\"item\":\"https:\\\/\\\/bebijn.be\\\/winkel-bebijn\\\/\"},{\"@type\":\"ListItem\",\"position\":3,\"name\":\"Framboos \u2022 Sinaasappel\"}]},{\"@type\":\"WebSite\",\"@id\":\"https:\\\/\\\/bebijn.be\\\/#website\",\"url\":\"https:\\\/\\\/bebijn.be\\\/\",\"name\":\"Bebijn | Artisanale snoep op maat\",\"description\":\"confiserie en snoep voor gastronomie marketing geschenk\",\"publisher\":{\"@id\":\"https:\\\/\\\/bebijn.be\\\/#organization\"},\"potentialAction\":[{\"@type\":\"SearchAction\",\"target\":{\"@type\":\"EntryPoint\",\"urlTemplate\":\"https:\\\/\\\/bebijn.be\\\/?s={search_term_string}\"},\"query-input\":{\"@type\":\"PropertyValueSpecification\",\"valueRequired\":true,\"valueName\":\"search_term_string\"}}],\"inLanguage\":\"fr-BE\"},{\"@type\":\"Organization\",\"@id\":\"https:\\\/\\\/bebijn.be\\\/#organization\",\"name\":\"Bebijn\",\"url\":\"https:\\\/\\\/bebijn.be\\\/\",\"logo\":{\"@type\":\"ImageObject\",\"inLanguage\":\"fr-BE\",\"@id\":\"https:\\\/\\\/bebijn.be\\\/#\\\/schema\\\/logo\\\/image\\\/\",\"url\":\"https:\\\/\\\/bebijn.be\\\/wp-content\\\/uploads\\\/2024\\\/12\\\/Bebijn-Logo-RGB-v1.png\",\"contentUrl\":\"https:\\\/\\\/bebijn.be\\\/wp-content\\\/uploads\\\/2024\\\/12\\\/Bebijn-Logo-RGB-v1.png\",\"width\":800,\"height\":800,\"caption\":\"Bebijn\"},\"image\":{\"@id\":\"https:\\\/\\\/bebijn.be\\\/#\\\/schema\\\/logo\\\/image\\\/\"},\"sameAs\":[\"https:\\\/\\\/www.facebook.com\\\/bebijn\\\/\",\"https:\\\/\\\/www.instagram.com\\\/bebijn.sweets\\\/\"]}]}<\/script>\n<meta property=\"product:price:amount\" content=\"33.00\" \/>\n<meta property=\"product:price:currency\" content=\"EUR\" \/>\n<meta property=\"og:availability\" content=\"out of stock\" \/>\n<meta property=\"product:availability\" content=\"out of stock\" \/>\n<meta property=\"product:retailer_item_id\" content=\"4767\" \/>\n<meta property=\"product:condition\" content=\"new\" \/>\n<!-- \/ Yoast SEO Premium plugin. -->","yoast_head_json":{"title":"Framboise - Orange - Confiseries artisanales faites sur commande | Bebijn","description":"Bebi gummy \u00e0 la framboise et \u00e0 l'orange : les fruits rouges frais rencontrent les agrumes ensoleill\u00e9s dans une bouch\u00e9e ludique, \u00e9l\u00e9gante et joyeusement sucr\u00e9e. \ud83c\udf4a\ud83c\udf53\ud83c\udf6c","robots":{"index":"index","follow":"follow","max-snippet":"max-snippet:-1","max-image-preview":"max-image-preview:large","max-video-preview":"max-video-preview:-1"},"canonical":"https:\/\/bebijn.be\/fr\/produit\/gingembre-cumin-4\/","schema":{"@context":"https:\/\/schema.org","@graph":[{"@type":"WebPage","@id":"https:\/\/bebijn.be\/product\/framboos-sinaasappel\/","url":"https:\/\/bebijn.be\/product\/framboos-sinaasappel\/","name":"Framboise - Orange - Confiseries artisanales faites sur commande | Bebijn","isPartOf":{"@id":"https:\/\/bebijn.be\/#website"},"primaryImageOfPage":{"@id":"https:\/\/bebijn.be\/product\/framboos-sinaasappel\/#primaryimage"},"image":{"@id":"https:\/\/bebijn.be\/product\/framboos-sinaasappel\/#primaryimage"},"thumbnailUrl":"https:\/\/bebijn.be\/wp-content\/uploads\/2025\/01\/006-oranje.jpg","datePublished":"2025-01-25T09:46:15+00:00","dateModified":"2026-01-26T20:53:58+00:00","description":"Bebi gummy \u00e0 la framboise et \u00e0 l'orange : les fruits rouges frais rencontrent les agrumes ensoleill\u00e9s dans une bouch\u00e9e ludique, \u00e9l\u00e9gante et joyeusement sucr\u00e9e. \ud83c\udf4a\ud83c\udf53\ud83c\udf6c","breadcrumb":{"@id":"https:\/\/bebijn.be\/product\/framboos-sinaasappel\/#breadcrumb"},"inLanguage":"fr-BE","potentialAction":[{"@type":"ReadAction","target":["https:\/\/bebijn.be\/product\/framboos-sinaasappel\/"]}]},{"@type":"ImageObject","inLanguage":"fr-BE","@id":"https:\/\/bebijn.be\/product\/framboos-sinaasappel\/#primaryimage","url":"https:\/\/bebijn.be\/wp-content\/uploads\/2025\/01\/006-oranje.jpg","contentUrl":"https:\/\/bebijn.be\/wp-content\/uploads\/2025\/01\/006-oranje.jpg","width":800,"height":800},{"@type":"BreadcrumbList","@id":"https:\/\/bebijn.be\/product\/framboos-sinaasappel\/#breadcrumb","itemListElement":[{"@type":"ListItem","position":1,"name":"Home","item":"https:\/\/bebijn.be\/"},{"@type":"ListItem","position":2,"name":"Winkel Bebijn","item":"https:\/\/bebijn.be\/winkel-bebijn\/"},{"@type":"ListItem","position":3,"name":"Framboos \u2022 Sinaasappel"}]},{"@type":"WebSite","@id":"https:\/\/bebijn.be\/#website","url":"https:\/\/bebijn.be\/","name":"Bebijn | Sucreries artisanales personnalis\u00e9es","description":"confiserie et bonbons pour la gastronomie cadeau marketing","publisher":{"@id":"https:\/\/bebijn.be\/#organization"},"potentialAction":[{"@type":"SearchAction","target":{"@type":"EntryPoint","urlTemplate":"https:\/\/bebijn.be\/?s={search_term_string}"},"query-input":{"@type":"PropertyValueSpecification","valueRequired":true,"valueName":"search_term_string"}}],"inLanguage":"fr-BE"},{"@type":"Organization","@id":"https:\/\/bebijn.be\/#organization","name":"Bebijn","url":"https:\/\/bebijn.be\/","logo":{"@type":"ImageObject","inLanguage":"fr-BE","@id":"https:\/\/bebijn.be\/#\/schema\/logo\/image\/","url":"https:\/\/bebijn.be\/wp-content\/uploads\/2024\/12\/Bebijn-Logo-RGB-v1.png","contentUrl":"https:\/\/bebijn.be\/wp-content\/uploads\/2024\/12\/Bebijn-Logo-RGB-v1.png","width":800,"height":800,"caption":"Bebijn"},"image":{"@id":"https:\/\/bebijn.be\/#\/schema\/logo\/image\/"},"sameAs":["https:\/\/www.facebook.com\/bebijn\/","https:\/\/www.instagram.com\/bebijn.sweets\/"]}]},"product_price_amount":"33.00","product_price_currency":"EUR","og_availability":"out of stock","product_availability":"out of stock","product_retailer_item_id":"4767","product_condition":"new"},"_links":{"self":[{"href":"https:\/\/bebijn.be\/fr\/wp-json\/wp\/v2\/product\/17254","targetHints":{"allow":["GET"]}}],"collection":[{"href":"https:\/\/bebijn.be\/fr\/wp-json\/wp\/v2\/product"}],"about":[{"href":"https:\/\/bebijn.be\/fr\/wp-json\/wp\/v2\/types\/product"}],"version-history":[{"count":2,"href":"https:\/\/bebijn.be\/fr\/wp-json\/wp\/v2\/product\/17254\/revisions"}],"predecessor-version":[{"id":19501,"href":"https:\/\/bebijn.be\/fr\/wp-json\/wp\/v2\/product\/17254\/revisions\/19501"}],"wp:featuredmedia":[{"embeddable":true,"href":"https:\/\/bebijn.be\/fr\/wp-json\/wp\/v2\/media\/16868"}],"wp:attachment":[{"href":"https:\/\/bebijn.be\/fr\/wp-json\/wp\/v2\/media?parent=17254"}],"wp:term":[{"taxonomy":"product_brand","embeddable":true,"href":"https:\/\/bebijn.be\/fr\/wp-json\/wp\/v2\/product_brand?post=17254"},{"taxonomy":"product_cat","embeddable":true,"href":"https:\/\/bebijn.be\/fr\/wp-json\/wp\/v2\/product_cat?post=17254"},{"taxonomy":"product_tag","embeddable":true,"href":"https:\/\/bebijn.be\/fr\/wp-json\/wp\/v2\/product_tag?post=17254"}],"curies":[{"name":"wp","href":"https:\/\/api.w.org\/{rel}","templated":true}]}}