{"id":17300,"date":"2025-01-25T10:46:59","date_gmt":"2025-01-25T09:46:59","guid":{"rendered":"https:\/\/deezine.be\/bebijn\/?post_type=product&#038;p=17300"},"modified":"2025-07-25T10:59:38","modified_gmt":"2025-07-25T08:59:38","slug":"lavande-rose-3","status":"publish","type":"product","link":"https:\/\/bebijn.be\/fr\/product\/vlierbloesem-basilicum\/","title":{"rendered":"Fleur de sureau - Basilic"},"content":{"rendered":"<p>Une confection de fleurs de sureau et d'estragon est comme une danse hypnotique d'\u00e9l\u00e9gance florale et d'excentricit\u00e9 \u00e9pic\u00e9e.<\/p>\n<p>id\u00e9al pour accompagner le caf\u00e9 comme mignardise, addition, un bonbon \u00e0 d\u00e9guster ou \u00e0 offrir comme cadeau original, un bonbon artisanal Bebijn<\/p>\n<p>Les d\u00e9licates notes florales de la fleur de sureau sont rehauss\u00e9es par le piquant d\u00e9licat du basilic, ce qui donne une sensation gustative unique et inoubliable.<\/p>\n<p>Chaque bouch\u00e9e apporte une harmonie de floralit\u00e9 douce et de piquant d\u00e9licat, les nuances subtiles des deux ingr\u00e9dients s'unissant pour cr\u00e9er un d\u00e9lice raffin\u00e9. Un r\u00e9gal qui ravit les papilles par ses plaisirs d\u00e9licats et aromatiques.<\/p>\n<p>&nbsp;<\/p>","protected":false},"excerpt":{"rendered":"<p>Een snoepje met vlierbloesem en dragon is als een betoverende dans van bloemige elegantie en kruidige excentriciteit. ideaal voor bij de koffie als mignardise, rekening, een snoepje om van te&#8230;<\/p>","protected":false},"featured_media":16867,"template":"","meta":[],"product_brand":[],"product_cat":[69],"product_tag":[],"class_list":{"0":"post-17300","1":"product","2":"type-product","3":"status-publish","4":"has-post-thumbnail","6":"product_cat-bebijn-assortiment-gommen","8":"first","9":"outofstock","10":"taxable","11":"shipping-taxable","12":"purchasable","13":"product-type-simple"},"yoast_head":"<!-- This site is optimized with the Yoast SEO Premium plugin v24.2 (Yoast SEO v27.4) - https:\/\/yoast.com\/product\/yoast-seo-premium-wordpress\/ -->\n<title>Vlierbloesem \u2022 Basilicum - Artisanale snoep op maat | Bebijn<\/title>\n<meta name=\"description\" content=\"Bebijn Snoepje met vlierbloesem en basilicum: een betoverende mix van bloemige elegantie en kruidige excentriciteit, een unieke smaaksensatie. \ud83c\udf39\ud83c\udf3f\ud83c\udf6c\" \/>\n<meta name=\"robots\" content=\"index, follow, max-snippet:-1, max-image-preview:large, max-video-preview:-1\" \/>\n<link rel=\"canonical\" href=\"https:\/\/bebijn.be\/fr\/produit\/lavande-rose-3\/\" \/>\n<script type=\"application\/ld+json\" class=\"yoast-schema-graph\">{\"@context\":\"https:\\\/\\\/schema.org\",\"@graph\":[{\"@type\":\"WebPage\",\"@id\":\"https:\\\/\\\/bebijn.be\\\/product\\\/vlierbloesem-basilicum\\\/\",\"url\":\"https:\\\/\\\/bebijn.be\\\/product\\\/vlierbloesem-basilicum\\\/\",\"name\":\"Vlierbloesem \u2022 Basilicum - Artisanale snoep op maat | Bebijn\",\"isPartOf\":{\"@id\":\"https:\\\/\\\/bebijn.be\\\/#website\"},\"primaryImageOfPage\":{\"@id\":\"https:\\\/\\\/bebijn.be\\\/product\\\/vlierbloesem-basilicum\\\/#primaryimage\"},\"image\":{\"@id\":\"https:\\\/\\\/bebijn.be\\\/product\\\/vlierbloesem-basilicum\\\/#primaryimage\"},\"thumbnailUrl\":\"https:\\\/\\\/bebijn.be\\\/wp-content\\\/uploads\\\/2025\\\/01\\\/006-licht-groen-bebijn-confiserie.jpg\",\"datePublished\":\"2025-01-25T09:46:59+00:00\",\"dateModified\":\"2025-07-25T08:59:38+00:00\",\"description\":\"Bebijn Snoepje met vlierbloesem en basilicum: een betoverende mix van bloemige elegantie en kruidige excentriciteit, een unieke smaaksensatie. \ud83c\udf39\ud83c\udf3f\ud83c\udf6c\",\"breadcrumb\":{\"@id\":\"https:\\\/\\\/bebijn.be\\\/product\\\/vlierbloesem-basilicum\\\/#breadcrumb\"},\"inLanguage\":\"fr-BE\",\"potentialAction\":[{\"@type\":\"ReadAction\",\"target\":[\"https:\\\/\\\/bebijn.be\\\/product\\\/vlierbloesem-basilicum\\\/\"]}]},{\"@type\":\"ImageObject\",\"inLanguage\":\"fr-BE\",\"@id\":\"https:\\\/\\\/bebijn.be\\\/product\\\/vlierbloesem-basilicum\\\/#primaryimage\",\"url\":\"https:\\\/\\\/bebijn.be\\\/wp-content\\\/uploads\\\/2025\\\/01\\\/006-licht-groen-bebijn-confiserie.jpg\",\"contentUrl\":\"https:\\\/\\\/bebijn.be\\\/wp-content\\\/uploads\\\/2025\\\/01\\\/006-licht-groen-bebijn-confiserie.jpg\",\"width\":800,\"height\":800},{\"@type\":\"BreadcrumbList\",\"@id\":\"https:\\\/\\\/bebijn.be\\\/product\\\/vlierbloesem-basilicum\\\/#breadcrumb\",\"itemListElement\":[{\"@type\":\"ListItem\",\"position\":1,\"name\":\"Home\",\"item\":\"https:\\\/\\\/bebijn.be\\\/\"},{\"@type\":\"ListItem\",\"position\":2,\"name\":\"Winkel Bebijn\",\"item\":\"https:\\\/\\\/bebijn.be\\\/winkel-bebijn\\\/\"},{\"@type\":\"ListItem\",\"position\":3,\"name\":\"Vlierbloesem \u2022 Basilicum\"}]},{\"@type\":\"WebSite\",\"@id\":\"https:\\\/\\\/bebijn.be\\\/#website\",\"url\":\"https:\\\/\\\/bebijn.be\\\/\",\"name\":\"Bebijn | Artisanale snoep op maat\",\"description\":\"confiserie en snoep voor gastronomie marketing geschenk\",\"publisher\":{\"@id\":\"https:\\\/\\\/bebijn.be\\\/#organization\"},\"potentialAction\":[{\"@type\":\"SearchAction\",\"target\":{\"@type\":\"EntryPoint\",\"urlTemplate\":\"https:\\\/\\\/bebijn.be\\\/?s={search_term_string}\"},\"query-input\":{\"@type\":\"PropertyValueSpecification\",\"valueRequired\":true,\"valueName\":\"search_term_string\"}}],\"inLanguage\":\"fr-BE\"},{\"@type\":\"Organization\",\"@id\":\"https:\\\/\\\/bebijn.be\\\/#organization\",\"name\":\"Bebijn\",\"url\":\"https:\\\/\\\/bebijn.be\\\/\",\"logo\":{\"@type\":\"ImageObject\",\"inLanguage\":\"fr-BE\",\"@id\":\"https:\\\/\\\/bebijn.be\\\/#\\\/schema\\\/logo\\\/image\\\/\",\"url\":\"https:\\\/\\\/bebijn.be\\\/wp-content\\\/uploads\\\/2024\\\/12\\\/Bebijn-Logo-RGB-v1.png\",\"contentUrl\":\"https:\\\/\\\/bebijn.be\\\/wp-content\\\/uploads\\\/2024\\\/12\\\/Bebijn-Logo-RGB-v1.png\",\"width\":800,\"height\":800,\"caption\":\"Bebijn\"},\"image\":{\"@id\":\"https:\\\/\\\/bebijn.be\\\/#\\\/schema\\\/logo\\\/image\\\/\"},\"sameAs\":[\"https:\\\/\\\/www.facebook.com\\\/bebijn\\\/\",\"https:\\\/\\\/www.instagram.com\\\/bebijn.sweets\\\/\"]}]}<\/script>\n<meta property=\"product:price:amount\" content=\"33.00\" \/>\n<meta property=\"product:price:currency\" content=\"EUR\" \/>\n<meta property=\"og:availability\" content=\"out of stock\" \/>\n<meta property=\"product:availability\" content=\"out of stock\" \/>\n<meta property=\"product:retailer_item_id\" content=\"4944\" \/>\n<meta property=\"product:condition\" content=\"new\" \/>\n<!-- \/ Yoast SEO Premium plugin. -->","yoast_head_json":{"title":"Fleur de sureau - Basilic - Confiserie artisanale personnalis\u00e9e | Bebijn","description":"Bebi Candy \u00e0 la fleur de sureau et au basilic : un m\u00e9lange enchanteur d'\u00e9l\u00e9gance florale et d'excentricit\u00e9 \u00e9pic\u00e9e, une sensation gustative unique. \ud83c\udf39\ud83c\udf3f\ud83c\udf6c","robots":{"index":"index","follow":"follow","max-snippet":"max-snippet:-1","max-image-preview":"max-image-preview:large","max-video-preview":"max-video-preview:-1"},"canonical":"https:\/\/bebijn.be\/fr\/produit\/lavande-rose-3\/","schema":{"@context":"https:\/\/schema.org","@graph":[{"@type":"WebPage","@id":"https:\/\/bebijn.be\/product\/vlierbloesem-basilicum\/","url":"https:\/\/bebijn.be\/product\/vlierbloesem-basilicum\/","name":"Fleur de sureau - Basilic - Confiserie artisanale personnalis\u00e9e | Bebijn","isPartOf":{"@id":"https:\/\/bebijn.be\/#website"},"primaryImageOfPage":{"@id":"https:\/\/bebijn.be\/product\/vlierbloesem-basilicum\/#primaryimage"},"image":{"@id":"https:\/\/bebijn.be\/product\/vlierbloesem-basilicum\/#primaryimage"},"thumbnailUrl":"https:\/\/bebijn.be\/wp-content\/uploads\/2025\/01\/006-licht-groen-bebijn-confiserie.jpg","datePublished":"2025-01-25T09:46:59+00:00","dateModified":"2025-07-25T08:59:38+00:00","description":"Bebi Candy \u00e0 la fleur de sureau et au basilic : un m\u00e9lange enchanteur d'\u00e9l\u00e9gance florale et d'excentricit\u00e9 \u00e9pic\u00e9e, une sensation gustative unique. \ud83c\udf39\ud83c\udf3f\ud83c\udf6c","breadcrumb":{"@id":"https:\/\/bebijn.be\/product\/vlierbloesem-basilicum\/#breadcrumb"},"inLanguage":"fr-BE","potentialAction":[{"@type":"ReadAction","target":["https:\/\/bebijn.be\/product\/vlierbloesem-basilicum\/"]}]},{"@type":"ImageObject","inLanguage":"fr-BE","@id":"https:\/\/bebijn.be\/product\/vlierbloesem-basilicum\/#primaryimage","url":"https:\/\/bebijn.be\/wp-content\/uploads\/2025\/01\/006-licht-groen-bebijn-confiserie.jpg","contentUrl":"https:\/\/bebijn.be\/wp-content\/uploads\/2025\/01\/006-licht-groen-bebijn-confiserie.jpg","width":800,"height":800},{"@type":"BreadcrumbList","@id":"https:\/\/bebijn.be\/product\/vlierbloesem-basilicum\/#breadcrumb","itemListElement":[{"@type":"ListItem","position":1,"name":"Home","item":"https:\/\/bebijn.be\/"},{"@type":"ListItem","position":2,"name":"Winkel Bebijn","item":"https:\/\/bebijn.be\/winkel-bebijn\/"},{"@type":"ListItem","position":3,"name":"Vlierbloesem \u2022 Basilicum"}]},{"@type":"WebSite","@id":"https:\/\/bebijn.be\/#website","url":"https:\/\/bebijn.be\/","name":"Bebijn | Sucreries artisanales personnalis\u00e9es","description":"confiserie et bonbons pour la gastronomie cadeau marketing","publisher":{"@id":"https:\/\/bebijn.be\/#organization"},"potentialAction":[{"@type":"SearchAction","target":{"@type":"EntryPoint","urlTemplate":"https:\/\/bebijn.be\/?s={search_term_string}"},"query-input":{"@type":"PropertyValueSpecification","valueRequired":true,"valueName":"search_term_string"}}],"inLanguage":"fr-BE"},{"@type":"Organization","@id":"https:\/\/bebijn.be\/#organization","name":"Bebijn","url":"https:\/\/bebijn.be\/","logo":{"@type":"ImageObject","inLanguage":"fr-BE","@id":"https:\/\/bebijn.be\/#\/schema\/logo\/image\/","url":"https:\/\/bebijn.be\/wp-content\/uploads\/2024\/12\/Bebijn-Logo-RGB-v1.png","contentUrl":"https:\/\/bebijn.be\/wp-content\/uploads\/2024\/12\/Bebijn-Logo-RGB-v1.png","width":800,"height":800,"caption":"Bebijn"},"image":{"@id":"https:\/\/bebijn.be\/#\/schema\/logo\/image\/"},"sameAs":["https:\/\/www.facebook.com\/bebijn\/","https:\/\/www.instagram.com\/bebijn.sweets\/"]}]},"product_price_amount":"33.00","product_price_currency":"EUR","og_availability":"out of stock","product_availability":"out of stock","product_retailer_item_id":"4944","product_condition":"new"},"_links":{"self":[{"href":"https:\/\/bebijn.be\/fr\/wp-json\/wp\/v2\/product\/17300","targetHints":{"allow":["GET"]}}],"collection":[{"href":"https:\/\/bebijn.be\/fr\/wp-json\/wp\/v2\/product"}],"about":[{"href":"https:\/\/bebijn.be\/fr\/wp-json\/wp\/v2\/types\/product"}],"version-history":[{"count":2,"href":"https:\/\/bebijn.be\/fr\/wp-json\/wp\/v2\/product\/17300\/revisions"}],"predecessor-version":[{"id":19226,"href":"https:\/\/bebijn.be\/fr\/wp-json\/wp\/v2\/product\/17300\/revisions\/19226"}],"wp:featuredmedia":[{"embeddable":true,"href":"https:\/\/bebijn.be\/fr\/wp-json\/wp\/v2\/media\/16867"}],"wp:attachment":[{"href":"https:\/\/bebijn.be\/fr\/wp-json\/wp\/v2\/media?parent=17300"}],"wp:term":[{"taxonomy":"product_brand","embeddable":true,"href":"https:\/\/bebijn.be\/fr\/wp-json\/wp\/v2\/product_brand?post=17300"},{"taxonomy":"product_cat","embeddable":true,"href":"https:\/\/bebijn.be\/fr\/wp-json\/wp\/v2\/product_cat?post=17300"},{"taxonomy":"product_tag","embeddable":true,"href":"https:\/\/bebijn.be\/fr\/wp-json\/wp\/v2\/product_tag?post=17300"}],"curies":[{"name":"wp","href":"https:\/\/api.w.org\/{rel}","templated":true}]}}