{"id":17320,"date":"2025-01-25T10:47:19","date_gmt":"2025-01-25T09:47:19","guid":{"rendered":"https:\/\/deezine.be\/bebijn\/?post_type=product&#038;p=17320"},"modified":"2025-10-21T18:19:29","modified_gmt":"2025-10-21T16:19:29","slug":"citron-vert-basilic-43","status":"publish","type":"product","link":"https:\/\/bebijn.be\/fr\/product\/aardbei-framboos-4\/","title":{"rendered":"Fraise - Framboise"},"content":{"rendered":"<p data-start=\"83\" data-end=\"468\"><strong data-start=\"113\" data-end=\"155\">Bonbons Bebin \u00e0 la fraise et \u00e0 la framboise<\/strong> est une s\u00e9duction fruit\u00e9e classique pleine de douceur de fruits rouges. La fraise sucr\u00e9e et m\u00fbre constitue une base douce, tandis que la framboise apporte une touche fra\u00eeche et l\u00e9g\u00e8rement acidul\u00e9e. Ensemble, ils forment un duo harmonieux, \u00e0 la fois familier et vibrant, dont la saveur rappelle celle des fruits d'\u00e9t\u00e9 dans toute leur splendeur.<\/p>\n<p data-start=\"470\" data-end=\"591\">Id\u00e9al pour accompagner le caf\u00e9 comme mignardise, l'addition, une douceur \u00e0 d\u00e9guster ou \u00e0 offrir comme cadeau original.<\/p>\n<p data-start=\"593\" data-end=\"705\">Un r\u00e9gal pour les amateurs de fruits rouges purs qui aiment la douceur arrondie avec une touche de fra\u00eecheur et d'\u00e9l\u00e9gance.<\/p>","protected":false},"excerpt":{"rendered":"<p data-start=\"83\" data-end=\"468\"><strong data-start=\"113\" data-end=\"155\">Bonbons Bebin \u00e0 la fraise et \u00e0 la framboise<\/strong> est une s\u00e9duction fruit\u00e9e classique pleine de douceur de fruits rouges. La fraise sucr\u00e9e et m\u00fbre constitue une base douce, tandis que la framboise apporte une touche fra\u00eeche et l\u00e9g\u00e8rement acidul\u00e9e. Ensemble, ils forment un duo harmonieux, \u00e0 la fois familier et vibrant, dont la saveur rappelle celle des fruits d'\u00e9t\u00e9 dans toute leur splendeur.<\/p>\n<p data-start=\"470\" data-end=\"591\">Id\u00e9al pour accompagner le caf\u00e9 comme mignardise, l'addition, une douceur \u00e0 d\u00e9guster ou \u00e0 offrir comme cadeau original.<\/p>\n<p data-start=\"593\" data-end=\"705\">Un r\u00e9gal pour les amateurs de fruits rouges purs qui aiment la douceur arrondie avec une touche de fra\u00eecheur et d'\u00e9l\u00e9gance.<\/p>","protected":false},"featured_media":16927,"template":"","meta":[],"product_brand":[],"product_cat":[70],"product_tag":[],"class_list":{"0":"post-17320","1":"product","2":"type-product","3":"status-publish","4":"has-post-thumbnail","6":"product_cat-uit-bebijn-assortiment","8":"first","9":"outofstock","10":"taxable","11":"shipping-taxable","12":"purchasable","13":"product-type-simple"},"yoast_head":"<!-- This site is optimized with the Yoast SEO Premium plugin v24.2 (Yoast SEO v27.4) - https:\/\/yoast.com\/product\/yoast-seo-premium-wordpress\/ -->\n<title>Aardbei \u2022 Framboos - Artisanale snoep op maat | Bebijn<\/title>\n<meta name=\"description\" content=\"Bebijn snoepje met aardbei en framboos: een zomerse mix van zoete zachtheid en frisse besjes, vol fruitige charme en elegantie. \ud83c\udf53\ud83c\udf53\ud83c\udf6c\" \/>\n<meta name=\"robots\" content=\"index, follow, max-snippet:-1, max-image-preview:large, max-video-preview:-1\" \/>\n<link rel=\"canonical\" href=\"https:\/\/bebijn.be\/fr\/produit\/citron-vert-basilic-43\/\" \/>\n<script type=\"application\/ld+json\" class=\"yoast-schema-graph\">{\"@context\":\"https:\\\/\\\/schema.org\",\"@graph\":[{\"@type\":\"WebPage\",\"@id\":\"https:\\\/\\\/bebijn.be\\\/product\\\/aardbei-framboos-4\\\/\",\"url\":\"https:\\\/\\\/bebijn.be\\\/product\\\/aardbei-framboos-4\\\/\",\"name\":\"Aardbei \u2022 Framboos - Artisanale snoep op maat | Bebijn\",\"isPartOf\":{\"@id\":\"https:\\\/\\\/bebijn.be\\\/#website\"},\"primaryImageOfPage\":{\"@id\":\"https:\\\/\\\/bebijn.be\\\/product\\\/aardbei-framboos-4\\\/#primaryimage\"},\"image\":{\"@id\":\"https:\\\/\\\/bebijn.be\\\/product\\\/aardbei-framboos-4\\\/#primaryimage\"},\"thumbnailUrl\":\"https:\\\/\\\/bebijn.be\\\/wp-content\\\/uploads\\\/2025\\\/01\\\/024-rood-bebijn-grootmoeders-snoep.jpg\",\"datePublished\":\"2025-01-25T09:47:19+00:00\",\"dateModified\":\"2025-10-21T16:19:29+00:00\",\"description\":\"Bebijn snoepje met aardbei en framboos: een zomerse mix van zoete zachtheid en frisse besjes, vol fruitige charme en elegantie. \ud83c\udf53\ud83c\udf53\ud83c\udf6c\",\"breadcrumb\":{\"@id\":\"https:\\\/\\\/bebijn.be\\\/product\\\/aardbei-framboos-4\\\/#breadcrumb\"},\"inLanguage\":\"fr-BE\",\"potentialAction\":[{\"@type\":\"ReadAction\",\"target\":[\"https:\\\/\\\/bebijn.be\\\/product\\\/aardbei-framboos-4\\\/\"]}]},{\"@type\":\"ImageObject\",\"inLanguage\":\"fr-BE\",\"@id\":\"https:\\\/\\\/bebijn.be\\\/product\\\/aardbei-framboos-4\\\/#primaryimage\",\"url\":\"https:\\\/\\\/bebijn.be\\\/wp-content\\\/uploads\\\/2025\\\/01\\\/024-rood-bebijn-grootmoeders-snoep.jpg\",\"contentUrl\":\"https:\\\/\\\/bebijn.be\\\/wp-content\\\/uploads\\\/2025\\\/01\\\/024-rood-bebijn-grootmoeders-snoep.jpg\",\"width\":800,\"height\":600},{\"@type\":\"BreadcrumbList\",\"@id\":\"https:\\\/\\\/bebijn.be\\\/product\\\/aardbei-framboos-4\\\/#breadcrumb\",\"itemListElement\":[{\"@type\":\"ListItem\",\"position\":1,\"name\":\"Home\",\"item\":\"https:\\\/\\\/bebijn.be\\\/\"},{\"@type\":\"ListItem\",\"position\":2,\"name\":\"Winkel Bebijn\",\"item\":\"https:\\\/\\\/bebijn.be\\\/winkel-bebijn\\\/\"},{\"@type\":\"ListItem\",\"position\":3,\"name\":\"Aardbei \u2022 Framboos\"}]},{\"@type\":\"WebSite\",\"@id\":\"https:\\\/\\\/bebijn.be\\\/#website\",\"url\":\"https:\\\/\\\/bebijn.be\\\/\",\"name\":\"Bebijn | Artisanale snoep op maat\",\"description\":\"confiserie en snoep voor gastronomie marketing geschenk\",\"publisher\":{\"@id\":\"https:\\\/\\\/bebijn.be\\\/#organization\"},\"potentialAction\":[{\"@type\":\"SearchAction\",\"target\":{\"@type\":\"EntryPoint\",\"urlTemplate\":\"https:\\\/\\\/bebijn.be\\\/?s={search_term_string}\"},\"query-input\":{\"@type\":\"PropertyValueSpecification\",\"valueRequired\":true,\"valueName\":\"search_term_string\"}}],\"inLanguage\":\"fr-BE\"},{\"@type\":\"Organization\",\"@id\":\"https:\\\/\\\/bebijn.be\\\/#organization\",\"name\":\"Bebijn\",\"url\":\"https:\\\/\\\/bebijn.be\\\/\",\"logo\":{\"@type\":\"ImageObject\",\"inLanguage\":\"fr-BE\",\"@id\":\"https:\\\/\\\/bebijn.be\\\/#\\\/schema\\\/logo\\\/image\\\/\",\"url\":\"https:\\\/\\\/bebijn.be\\\/wp-content\\\/uploads\\\/2024\\\/12\\\/Bebijn-Logo-RGB-v1.png\",\"contentUrl\":\"https:\\\/\\\/bebijn.be\\\/wp-content\\\/uploads\\\/2024\\\/12\\\/Bebijn-Logo-RGB-v1.png\",\"width\":800,\"height\":800,\"caption\":\"Bebijn\"},\"image\":{\"@id\":\"https:\\\/\\\/bebijn.be\\\/#\\\/schema\\\/logo\\\/image\\\/\"},\"sameAs\":[\"https:\\\/\\\/www.facebook.com\\\/bebijn\\\/\",\"https:\\\/\\\/www.instagram.com\\\/bebijn.sweets\\\/\"]}]}<\/script>\n<meta property=\"product:price:amount\" content=\"33.00\" \/>\n<meta property=\"product:price:currency\" content=\"EUR\" \/>\n<meta property=\"og:availability\" content=\"out of stock\" \/>\n<meta property=\"product:availability\" content=\"out of stock\" \/>\n<meta property=\"product:retailer_item_id\" content=\"4987\" \/>\n<meta property=\"product:condition\" content=\"new\" \/>\n<!-- \/ Yoast SEO Premium plugin. -->","yoast_head_json":{"title":"Fraise - Framboise - Confiserie artisanale personnalis\u00e9e | Bebijn","description":"Bonbons Bebi \u00e0 la fraise et \u00e0 la framboise : un m\u00e9lange estival de douceur sucr\u00e9e et de baies fra\u00eeches, plein de charme fruit\u00e9 et d'\u00e9l\u00e9gance. \ud83c\udf53\ud83c\udf53\ud83c\udf6c","robots":{"index":"index","follow":"follow","max-snippet":"max-snippet:-1","max-image-preview":"max-image-preview:large","max-video-preview":"max-video-preview:-1"},"canonical":"https:\/\/bebijn.be\/fr\/produit\/citron-vert-basilic-43\/","schema":{"@context":"https:\/\/schema.org","@graph":[{"@type":"WebPage","@id":"https:\/\/bebijn.be\/product\/aardbei-framboos-4\/","url":"https:\/\/bebijn.be\/product\/aardbei-framboos-4\/","name":"Fraise - Framboise - Confiserie artisanale personnalis\u00e9e | Bebijn","isPartOf":{"@id":"https:\/\/bebijn.be\/#website"},"primaryImageOfPage":{"@id":"https:\/\/bebijn.be\/product\/aardbei-framboos-4\/#primaryimage"},"image":{"@id":"https:\/\/bebijn.be\/product\/aardbei-framboos-4\/#primaryimage"},"thumbnailUrl":"https:\/\/bebijn.be\/wp-content\/uploads\/2025\/01\/024-rood-bebijn-grootmoeders-snoep.jpg","datePublished":"2025-01-25T09:47:19+00:00","dateModified":"2025-10-21T16:19:29+00:00","description":"Bonbons Bebi \u00e0 la fraise et \u00e0 la framboise : un m\u00e9lange estival de douceur sucr\u00e9e et de baies fra\u00eeches, plein de charme fruit\u00e9 et d'\u00e9l\u00e9gance. \ud83c\udf53\ud83c\udf53\ud83c\udf6c","breadcrumb":{"@id":"https:\/\/bebijn.be\/product\/aardbei-framboos-4\/#breadcrumb"},"inLanguage":"fr-BE","potentialAction":[{"@type":"ReadAction","target":["https:\/\/bebijn.be\/product\/aardbei-framboos-4\/"]}]},{"@type":"ImageObject","inLanguage":"fr-BE","@id":"https:\/\/bebijn.be\/product\/aardbei-framboos-4\/#primaryimage","url":"https:\/\/bebijn.be\/wp-content\/uploads\/2025\/01\/024-rood-bebijn-grootmoeders-snoep.jpg","contentUrl":"https:\/\/bebijn.be\/wp-content\/uploads\/2025\/01\/024-rood-bebijn-grootmoeders-snoep.jpg","width":800,"height":600},{"@type":"BreadcrumbList","@id":"https:\/\/bebijn.be\/product\/aardbei-framboos-4\/#breadcrumb","itemListElement":[{"@type":"ListItem","position":1,"name":"Home","item":"https:\/\/bebijn.be\/"},{"@type":"ListItem","position":2,"name":"Winkel Bebijn","item":"https:\/\/bebijn.be\/winkel-bebijn\/"},{"@type":"ListItem","position":3,"name":"Aardbei \u2022 Framboos"}]},{"@type":"WebSite","@id":"https:\/\/bebijn.be\/#website","url":"https:\/\/bebijn.be\/","name":"Bebijn | Sucreries artisanales personnalis\u00e9es","description":"confiserie et bonbons pour la gastronomie cadeau marketing","publisher":{"@id":"https:\/\/bebijn.be\/#organization"},"potentialAction":[{"@type":"SearchAction","target":{"@type":"EntryPoint","urlTemplate":"https:\/\/bebijn.be\/?s={search_term_string}"},"query-input":{"@type":"PropertyValueSpecification","valueRequired":true,"valueName":"search_term_string"}}],"inLanguage":"fr-BE"},{"@type":"Organization","@id":"https:\/\/bebijn.be\/#organization","name":"Bebijn","url":"https:\/\/bebijn.be\/","logo":{"@type":"ImageObject","inLanguage":"fr-BE","@id":"https:\/\/bebijn.be\/#\/schema\/logo\/image\/","url":"https:\/\/bebijn.be\/wp-content\/uploads\/2024\/12\/Bebijn-Logo-RGB-v1.png","contentUrl":"https:\/\/bebijn.be\/wp-content\/uploads\/2024\/12\/Bebijn-Logo-RGB-v1.png","width":800,"height":800,"caption":"Bebijn"},"image":{"@id":"https:\/\/bebijn.be\/#\/schema\/logo\/image\/"},"sameAs":["https:\/\/www.facebook.com\/bebijn\/","https:\/\/www.instagram.com\/bebijn.sweets\/"]}]},"product_price_amount":"33.00","product_price_currency":"EUR","og_availability":"out of stock","product_availability":"out of stock","product_retailer_item_id":"4987","product_condition":"new"},"_links":{"self":[{"href":"https:\/\/bebijn.be\/fr\/wp-json\/wp\/v2\/product\/17320","targetHints":{"allow":["GET"]}}],"collection":[{"href":"https:\/\/bebijn.be\/fr\/wp-json\/wp\/v2\/product"}],"about":[{"href":"https:\/\/bebijn.be\/fr\/wp-json\/wp\/v2\/types\/product"}],"version-history":[{"count":2,"href":"https:\/\/bebijn.be\/fr\/wp-json\/wp\/v2\/product\/17320\/revisions"}],"predecessor-version":[{"id":19392,"href":"https:\/\/bebijn.be\/fr\/wp-json\/wp\/v2\/product\/17320\/revisions\/19392"}],"wp:featuredmedia":[{"embeddable":true,"href":"https:\/\/bebijn.be\/fr\/wp-json\/wp\/v2\/media\/16927"}],"wp:attachment":[{"href":"https:\/\/bebijn.be\/fr\/wp-json\/wp\/v2\/media?parent=17320"}],"wp:term":[{"taxonomy":"product_brand","embeddable":true,"href":"https:\/\/bebijn.be\/fr\/wp-json\/wp\/v2\/product_brand?post=17320"},{"taxonomy":"product_cat","embeddable":true,"href":"https:\/\/bebijn.be\/fr\/wp-json\/wp\/v2\/product_cat?post=17320"},{"taxonomy":"product_tag","embeddable":true,"href":"https:\/\/bebijn.be\/fr\/wp-json\/wp\/v2\/product_tag?post=17320"}],"curies":[{"name":"wp","href":"https:\/\/api.w.org\/{rel}","templated":true}]}}