{"id":17323,"date":"2025-01-25T10:47:19","date_gmt":"2025-01-25T09:47:19","guid":{"rendered":"https:\/\/deezine.be\/bebijn\/?post_type=product&#038;p=17323"},"modified":"2025-07-30T10:12:50","modified_gmt":"2025-07-30T08:12:50","slug":"lavande-framboise-2","status":"publish","type":"product","link":"https:\/\/bebijn.be\/fr\/product\/lavendel-framboos-2\/","title":{"rendered":"Lavande - Framboise"},"content":{"rendered":"<p data-start=\"0\" data-end=\"391\">Un bonbon aux framboises et \u00e0 la lavande apporte une d\u00e9licate harmonie entre la douceur fruit\u00e9e et les douces notes florales. La framboise fournit une base pleine et juteuse, tandis que la lavande ajoute un accent floral subtil qui donne \u00e0 la saveur de la profondeur et de la sophistication. Le r\u00e9sultat est un bonbon \u00e9l\u00e9gant et l\u00e9g\u00e8rement aromatique, \u00e0 la saveur \u00e9tonnamment vari\u00e9e.<\/p>\n<p data-start=\"393\" data-end=\"514\">Id\u00e9al pour accompagner le caf\u00e9 comme mignardise, l'addition, une douceur \u00e0 d\u00e9guster ou \u00e0 offrir comme cadeau original.<\/p>\n<p data-start=\"516\" data-end=\"670\">Parfait pour les amateurs de combinaisons inhabituelles avec une touche sophistiqu\u00e9e. Cette friandise surprend et d\u00e9tend, avec une saveur qui dure longtemps.<\/p>","protected":false},"excerpt":{"rendered":"<p data-start=\"0\" data-end=\"391\">Un bonbon aux framboises et \u00e0 la lavande apporte une d\u00e9licate harmonie entre la douceur fruit\u00e9e et les douces notes florales. La framboise fournit une base pleine et juteuse, tandis que la lavande ajoute un accent floral subtil qui donne \u00e0 la saveur de la profondeur et de la sophistication. Le r\u00e9sultat est un bonbon \u00e9l\u00e9gant et l\u00e9g\u00e8rement aromatique, \u00e0 la saveur \u00e9tonnamment vari\u00e9e.<\/p>\n<p data-start=\"393\" data-end=\"514\">Id\u00e9al pour accompagner le caf\u00e9 comme mignardise, l'addition, une douceur \u00e0 d\u00e9guster ou \u00e0 offrir comme cadeau original.<\/p>\n<p data-start=\"516\" data-end=\"670\">Parfait pour les amateurs de combinaisons inhabituelles avec une touche sophistiqu\u00e9e. Cette friandise surprend et d\u00e9tend, avec une saveur qui dure longtemps.<\/p>","protected":false},"featured_media":19222,"template":"","meta":[],"product_brand":[],"product_cat":[70],"product_tag":[],"class_list":{"0":"post-17323","1":"product","2":"type-product","3":"status-publish","4":"has-post-thumbnail","6":"product_cat-uit-bebijn-assortiment","8":"first","9":"outofstock","10":"taxable","11":"shipping-taxable","12":"purchasable","13":"product-type-simple"},"yoast_head":"<!-- This site is optimized with the Yoast SEO Premium plugin v24.2 (Yoast SEO v27.4) - https:\/\/yoast.com\/product\/yoast-seo-premium-wordpress\/ -->\n<title>Lavendel \u2022 Framboos - Artisanale snoep op maat | Bebijn<\/title>\n<meta name=\"description\" content=\"Snoepje met framboos en lavendel: een zachte mix van fruitige zoetheid en florale finesse, verrassend en verfijnd. \ud83c\udf53\ud83d\udc9c\ud83c\udf6c\" \/>\n<meta name=\"robots\" content=\"index, follow, max-snippet:-1, max-image-preview:large, max-video-preview:-1\" \/>\n<link rel=\"canonical\" href=\"https:\/\/bebijn.be\/fr\/produit\/lavande-framboise-2\/\" \/>\n<script type=\"application\/ld+json\" class=\"yoast-schema-graph\">{\"@context\":\"https:\\\/\\\/schema.org\",\"@graph\":[{\"@type\":\"WebPage\",\"@id\":\"https:\\\/\\\/bebijn.be\\\/product\\\/lavendel-framboos-2\\\/\",\"url\":\"https:\\\/\\\/bebijn.be\\\/product\\\/lavendel-framboos-2\\\/\",\"name\":\"Lavendel \u2022 Framboos - Artisanale snoep op maat | Bebijn\",\"isPartOf\":{\"@id\":\"https:\\\/\\\/bebijn.be\\\/#website\"},\"primaryImageOfPage\":{\"@id\":\"https:\\\/\\\/bebijn.be\\\/product\\\/lavendel-framboos-2\\\/#primaryimage\"},\"image\":{\"@id\":\"https:\\\/\\\/bebijn.be\\\/product\\\/lavendel-framboos-2\\\/#primaryimage\"},\"thumbnailUrl\":\"https:\\\/\\\/bebijn.be\\\/wp-content\\\/uploads\\\/2025\\\/01\\\/043-paars-lichtrood-bebijn-confiserie-cadeau.jpg\",\"datePublished\":\"2025-01-25T09:47:19+00:00\",\"dateModified\":\"2025-07-30T08:12:50+00:00\",\"description\":\"Snoepje met framboos en lavendel: een zachte mix van fruitige zoetheid en florale finesse, verrassend en verfijnd. \ud83c\udf53\ud83d\udc9c\ud83c\udf6c\",\"breadcrumb\":{\"@id\":\"https:\\\/\\\/bebijn.be\\\/product\\\/lavendel-framboos-2\\\/#breadcrumb\"},\"inLanguage\":\"fr-BE\",\"potentialAction\":[{\"@type\":\"ReadAction\",\"target\":[\"https:\\\/\\\/bebijn.be\\\/product\\\/lavendel-framboos-2\\\/\"]}]},{\"@type\":\"ImageObject\",\"inLanguage\":\"fr-BE\",\"@id\":\"https:\\\/\\\/bebijn.be\\\/product\\\/lavendel-framboos-2\\\/#primaryimage\",\"url\":\"https:\\\/\\\/bebijn.be\\\/wp-content\\\/uploads\\\/2025\\\/01\\\/043-paars-lichtrood-bebijn-confiserie-cadeau.jpg\",\"contentUrl\":\"https:\\\/\\\/bebijn.be\\\/wp-content\\\/uploads\\\/2025\\\/01\\\/043-paars-lichtrood-bebijn-confiserie-cadeau.jpg\",\"width\":800,\"height\":800},{\"@type\":\"BreadcrumbList\",\"@id\":\"https:\\\/\\\/bebijn.be\\\/product\\\/lavendel-framboos-2\\\/#breadcrumb\",\"itemListElement\":[{\"@type\":\"ListItem\",\"position\":1,\"name\":\"Home\",\"item\":\"https:\\\/\\\/bebijn.be\\\/\"},{\"@type\":\"ListItem\",\"position\":2,\"name\":\"Winkel Bebijn\",\"item\":\"https:\\\/\\\/bebijn.be\\\/winkel-bebijn\\\/\"},{\"@type\":\"ListItem\",\"position\":3,\"name\":\"Lavendel \u2022 Framboos\"}]},{\"@type\":\"WebSite\",\"@id\":\"https:\\\/\\\/bebijn.be\\\/#website\",\"url\":\"https:\\\/\\\/bebijn.be\\\/\",\"name\":\"Bebijn | Artisanale snoep op maat\",\"description\":\"confiserie en snoep voor gastronomie marketing geschenk\",\"publisher\":{\"@id\":\"https:\\\/\\\/bebijn.be\\\/#organization\"},\"potentialAction\":[{\"@type\":\"SearchAction\",\"target\":{\"@type\":\"EntryPoint\",\"urlTemplate\":\"https:\\\/\\\/bebijn.be\\\/?s={search_term_string}\"},\"query-input\":{\"@type\":\"PropertyValueSpecification\",\"valueRequired\":true,\"valueName\":\"search_term_string\"}}],\"inLanguage\":\"fr-BE\"},{\"@type\":\"Organization\",\"@id\":\"https:\\\/\\\/bebijn.be\\\/#organization\",\"name\":\"Bebijn\",\"url\":\"https:\\\/\\\/bebijn.be\\\/\",\"logo\":{\"@type\":\"ImageObject\",\"inLanguage\":\"fr-BE\",\"@id\":\"https:\\\/\\\/bebijn.be\\\/#\\\/schema\\\/logo\\\/image\\\/\",\"url\":\"https:\\\/\\\/bebijn.be\\\/wp-content\\\/uploads\\\/2024\\\/12\\\/Bebijn-Logo-RGB-v1.png\",\"contentUrl\":\"https:\\\/\\\/bebijn.be\\\/wp-content\\\/uploads\\\/2024\\\/12\\\/Bebijn-Logo-RGB-v1.png\",\"width\":800,\"height\":800,\"caption\":\"Bebijn\"},\"image\":{\"@id\":\"https:\\\/\\\/bebijn.be\\\/#\\\/schema\\\/logo\\\/image\\\/\"},\"sameAs\":[\"https:\\\/\\\/www.facebook.com\\\/bebijn\\\/\",\"https:\\\/\\\/www.instagram.com\\\/bebijn.sweets\\\/\"]}]}<\/script>\n<meta property=\"product:price:amount\" content=\"33.00\" \/>\n<meta property=\"product:price:currency\" content=\"EUR\" \/>\n<meta property=\"og:availability\" content=\"out of stock\" \/>\n<meta property=\"product:availability\" content=\"out of stock\" \/>\n<meta property=\"product:condition\" content=\"new\" \/>\n<!-- \/ Yoast SEO Premium plugin. -->","yoast_head_json":{"title":"Lavande - Framboise - Bonbons artisanaux sur mesure | Bebijn","description":"Bonbon \u00e0 la framboise et \u00e0 la lavande : un doux m\u00e9lange de douceur fruit\u00e9e et de finesse florale, surprenant et raffin\u00e9. \ud83c\udf53\ud83d\udc9c\ud83c\udf6c","robots":{"index":"index","follow":"follow","max-snippet":"max-snippet:-1","max-image-preview":"max-image-preview:large","max-video-preview":"max-video-preview:-1"},"canonical":"https:\/\/bebijn.be\/fr\/produit\/lavande-framboise-2\/","schema":{"@context":"https:\/\/schema.org","@graph":[{"@type":"WebPage","@id":"https:\/\/bebijn.be\/product\/lavendel-framboos-2\/","url":"https:\/\/bebijn.be\/product\/lavendel-framboos-2\/","name":"Lavande - Framboise - Bonbons artisanaux sur mesure | Bebijn","isPartOf":{"@id":"https:\/\/bebijn.be\/#website"},"primaryImageOfPage":{"@id":"https:\/\/bebijn.be\/product\/lavendel-framboos-2\/#primaryimage"},"image":{"@id":"https:\/\/bebijn.be\/product\/lavendel-framboos-2\/#primaryimage"},"thumbnailUrl":"https:\/\/bebijn.be\/wp-content\/uploads\/2025\/01\/043-paars-lichtrood-bebijn-confiserie-cadeau.jpg","datePublished":"2025-01-25T09:47:19+00:00","dateModified":"2025-07-30T08:12:50+00:00","description":"Bonbon \u00e0 la framboise et \u00e0 la lavande : un doux m\u00e9lange de douceur fruit\u00e9e et de finesse florale, surprenant et raffin\u00e9. \ud83c\udf53\ud83d\udc9c\ud83c\udf6c","breadcrumb":{"@id":"https:\/\/bebijn.be\/product\/lavendel-framboos-2\/#breadcrumb"},"inLanguage":"fr-BE","potentialAction":[{"@type":"ReadAction","target":["https:\/\/bebijn.be\/product\/lavendel-framboos-2\/"]}]},{"@type":"ImageObject","inLanguage":"fr-BE","@id":"https:\/\/bebijn.be\/product\/lavendel-framboos-2\/#primaryimage","url":"https:\/\/bebijn.be\/wp-content\/uploads\/2025\/01\/043-paars-lichtrood-bebijn-confiserie-cadeau.jpg","contentUrl":"https:\/\/bebijn.be\/wp-content\/uploads\/2025\/01\/043-paars-lichtrood-bebijn-confiserie-cadeau.jpg","width":800,"height":800},{"@type":"BreadcrumbList","@id":"https:\/\/bebijn.be\/product\/lavendel-framboos-2\/#breadcrumb","itemListElement":[{"@type":"ListItem","position":1,"name":"Home","item":"https:\/\/bebijn.be\/"},{"@type":"ListItem","position":2,"name":"Winkel Bebijn","item":"https:\/\/bebijn.be\/winkel-bebijn\/"},{"@type":"ListItem","position":3,"name":"Lavendel \u2022 Framboos"}]},{"@type":"WebSite","@id":"https:\/\/bebijn.be\/#website","url":"https:\/\/bebijn.be\/","name":"Bebijn | Sucreries artisanales personnalis\u00e9es","description":"confiserie et bonbons pour la gastronomie cadeau marketing","publisher":{"@id":"https:\/\/bebijn.be\/#organization"},"potentialAction":[{"@type":"SearchAction","target":{"@type":"EntryPoint","urlTemplate":"https:\/\/bebijn.be\/?s={search_term_string}"},"query-input":{"@type":"PropertyValueSpecification","valueRequired":true,"valueName":"search_term_string"}}],"inLanguage":"fr-BE"},{"@type":"Organization","@id":"https:\/\/bebijn.be\/#organization","name":"Bebijn","url":"https:\/\/bebijn.be\/","logo":{"@type":"ImageObject","inLanguage":"fr-BE","@id":"https:\/\/bebijn.be\/#\/schema\/logo\/image\/","url":"https:\/\/bebijn.be\/wp-content\/uploads\/2024\/12\/Bebijn-Logo-RGB-v1.png","contentUrl":"https:\/\/bebijn.be\/wp-content\/uploads\/2024\/12\/Bebijn-Logo-RGB-v1.png","width":800,"height":800,"caption":"Bebijn"},"image":{"@id":"https:\/\/bebijn.be\/#\/schema\/logo\/image\/"},"sameAs":["https:\/\/www.facebook.com\/bebijn\/","https:\/\/www.instagram.com\/bebijn.sweets\/"]}]},"product_price_amount":"33.00","product_price_currency":"EUR","og_availability":"out of stock","product_availability":"out of stock","product_condition":"new"},"_links":{"self":[{"href":"https:\/\/bebijn.be\/fr\/wp-json\/wp\/v2\/product\/17323","targetHints":{"allow":["GET"]}}],"collection":[{"href":"https:\/\/bebijn.be\/fr\/wp-json\/wp\/v2\/product"}],"about":[{"href":"https:\/\/bebijn.be\/fr\/wp-json\/wp\/v2\/types\/product"}],"version-history":[{"count":2,"href":"https:\/\/bebijn.be\/fr\/wp-json\/wp\/v2\/product\/17323\/revisions"}],"predecessor-version":[{"id":19311,"href":"https:\/\/bebijn.be\/fr\/wp-json\/wp\/v2\/product\/17323\/revisions\/19311"}],"wp:featuredmedia":[{"embeddable":true,"href":"https:\/\/bebijn.be\/fr\/wp-json\/wp\/v2\/media\/19222"}],"wp:attachment":[{"href":"https:\/\/bebijn.be\/fr\/wp-json\/wp\/v2\/media?parent=17323"}],"wp:term":[{"taxonomy":"product_brand","embeddable":true,"href":"https:\/\/bebijn.be\/fr\/wp-json\/wp\/v2\/product_brand?post=17323"},{"taxonomy":"product_cat","embeddable":true,"href":"https:\/\/bebijn.be\/fr\/wp-json\/wp\/v2\/product_cat?post=17323"},{"taxonomy":"product_tag","embeddable":true,"href":"https:\/\/bebijn.be\/fr\/wp-json\/wp\/v2\/product_tag?post=17323"}],"curies":[{"name":"wp","href":"https:\/\/api.w.org\/{rel}","templated":true}]}}