{"id":17336,"date":"2025-01-25T10:47:41","date_gmt":"2025-01-25T09:47:41","guid":{"rendered":"https:\/\/deezine.be\/bebijn\/?post_type=product&#038;p=17336"},"modified":"2025-10-21T18:19:30","modified_gmt":"2025-10-21T16:19:30","slug":"gingembre-cumin-7","status":"publish","type":"product","link":"https:\/\/bebijn.be\/fr\/product\/aalbes-abrikoos\/","title":{"rendered":"Groseille - Abricot"},"content":{"rendered":"<p>Une gomme artisanale Bebijn de groseille et d'abricot est une rencontre ludique entre une fra\u00eecheur vive et une douceur moelleuse.<\/p>\n<p>Id\u00e9al pour accompagner le caf\u00e9 comme une mignardise, une addition, une douceur \u00e0 d\u00e9guster ou \u00e0 offrir comme un cadeau original<\/p>\n<p>La note acidul\u00e9e et l\u00e9g\u00e8rement acide de la groseille apporte de la fra\u00eecheur en ouverture, tandis que l'abricot apporte chaleur et \u00e9quilibre.<\/p>\n<p>Ensemble, ils forment un duo harmonieux, \u00e0 la fois excitant et enveloppant, une friandise fruit\u00e9e et sophistiqu\u00e9e, pleine de caract\u00e8re et de douceur.<\/p>\n<p>&nbsp;<\/p>","protected":false},"excerpt":{"rendered":"<p>La gomme artisanale Bebijn \u00e0 la groseille et \u00e0 l'abricot est une rencontre ludique entre une fra\u00eecheur vive et une douce douceur. La note acidul\u00e9e et l\u00e9g\u00e8rement aigre de la groseille ouvre le bal, tandis que l'abricot apporte chaleur et \u00e9quilibre.<\/p>\n<p>Ensemble, ils forment un duo harmonieux, \u00e0 la fois excitant et enveloppant, une friandise fruit\u00e9e et sophistiqu\u00e9e, pleine de caract\u00e8re et de douceur.<\/p>\n<p>id\u00e9al pour accompagner le caf\u00e9 comme une mignardise, un billet, une douceur \u00e0 d\u00e9guster ou \u00e0 offrir comme un cadeau original<\/p>","protected":false},"featured_media":16957,"template":"","meta":[],"product_brand":[],"product_cat":[70],"product_tag":[],"class_list":{"0":"post-17336","1":"product","2":"type-product","3":"status-publish","4":"has-post-thumbnail","6":"product_cat-uit-bebijn-assortiment","8":"first","9":"outofstock","10":"taxable","11":"shipping-taxable","12":"purchasable","13":"product-type-simple"},"yoast_head":"<!-- This site is optimized with the Yoast SEO Premium plugin v24.2 (Yoast SEO v27.4) - https:\/\/yoast.com\/product\/yoast-seo-premium-wordpress\/ -->\n<title>Rode bes \u2022 Abrikoos - Artisanale snoep op maat | Bebijn<\/title>\n<meta name=\"description\" content=\"met aalbes en abrikoos: frisse zuurheid ontmoet zachte zoetheid in een fruitig duo vol spanning, balans en verfijning. \ud83c\udf47\ud83c\udf51\ud83c\udf6c Vragen aan ChatGPT\" \/>\n<meta name=\"robots\" content=\"index, follow, max-snippet:-1, max-image-preview:large, max-video-preview:-1\" \/>\n<link rel=\"canonical\" href=\"https:\/\/bebijn.be\/fr\/produit\/gingembre-cumin-7\/\" \/>\n<script type=\"application\/ld+json\" class=\"yoast-schema-graph\">{\"@context\":\"https:\\\/\\\/schema.org\",\"@graph\":[{\"@type\":\"WebPage\",\"@id\":\"https:\\\/\\\/bebijn.be\\\/product\\\/aalbes-abrikoos\\\/\",\"url\":\"https:\\\/\\\/bebijn.be\\\/product\\\/aalbes-abrikoos\\\/\",\"name\":\"Rode bes \u2022 Abrikoos - Artisanale snoep op maat | Bebijn\",\"isPartOf\":{\"@id\":\"https:\\\/\\\/bebijn.be\\\/#website\"},\"primaryImageOfPage\":{\"@id\":\"https:\\\/\\\/bebijn.be\\\/product\\\/aalbes-abrikoos\\\/#primaryimage\"},\"image\":{\"@id\":\"https:\\\/\\\/bebijn.be\\\/product\\\/aalbes-abrikoos\\\/#primaryimage\"},\"thumbnailUrl\":\"https:\\\/\\\/bebijn.be\\\/wp-content\\\/uploads\\\/2025\\\/01\\\/033-oranje-bebijn-hangemaakte-snoep.jpg\",\"datePublished\":\"2025-01-25T09:47:41+00:00\",\"dateModified\":\"2025-10-21T16:19:30+00:00\",\"description\":\"met aalbes en abrikoos: frisse zuurheid ontmoet zachte zoetheid in een fruitig duo vol spanning, balans en verfijning. \ud83c\udf47\ud83c\udf51\ud83c\udf6c Vragen aan ChatGPT\",\"breadcrumb\":{\"@id\":\"https:\\\/\\\/bebijn.be\\\/product\\\/aalbes-abrikoos\\\/#breadcrumb\"},\"inLanguage\":\"fr-BE\",\"potentialAction\":[{\"@type\":\"ReadAction\",\"target\":[\"https:\\\/\\\/bebijn.be\\\/product\\\/aalbes-abrikoos\\\/\"]}]},{\"@type\":\"ImageObject\",\"inLanguage\":\"fr-BE\",\"@id\":\"https:\\\/\\\/bebijn.be\\\/product\\\/aalbes-abrikoos\\\/#primaryimage\",\"url\":\"https:\\\/\\\/bebijn.be\\\/wp-content\\\/uploads\\\/2025\\\/01\\\/033-oranje-bebijn-hangemaakte-snoep.jpg\",\"contentUrl\":\"https:\\\/\\\/bebijn.be\\\/wp-content\\\/uploads\\\/2025\\\/01\\\/033-oranje-bebijn-hangemaakte-snoep.jpg\",\"width\":800,\"height\":800},{\"@type\":\"BreadcrumbList\",\"@id\":\"https:\\\/\\\/bebijn.be\\\/product\\\/aalbes-abrikoos\\\/#breadcrumb\",\"itemListElement\":[{\"@type\":\"ListItem\",\"position\":1,\"name\":\"Home\",\"item\":\"https:\\\/\\\/bebijn.be\\\/\"},{\"@type\":\"ListItem\",\"position\":2,\"name\":\"Winkel Bebijn\",\"item\":\"https:\\\/\\\/bebijn.be\\\/winkel-bebijn\\\/\"},{\"@type\":\"ListItem\",\"position\":3,\"name\":\"Rode bes \u2022 Abrikoos\"}]},{\"@type\":\"WebSite\",\"@id\":\"https:\\\/\\\/bebijn.be\\\/#website\",\"url\":\"https:\\\/\\\/bebijn.be\\\/\",\"name\":\"Bebijn | Artisanale snoep op maat\",\"description\":\"confiserie en snoep voor gastronomie marketing geschenk\",\"publisher\":{\"@id\":\"https:\\\/\\\/bebijn.be\\\/#organization\"},\"potentialAction\":[{\"@type\":\"SearchAction\",\"target\":{\"@type\":\"EntryPoint\",\"urlTemplate\":\"https:\\\/\\\/bebijn.be\\\/?s={search_term_string}\"},\"query-input\":{\"@type\":\"PropertyValueSpecification\",\"valueRequired\":true,\"valueName\":\"search_term_string\"}}],\"inLanguage\":\"fr-BE\"},{\"@type\":\"Organization\",\"@id\":\"https:\\\/\\\/bebijn.be\\\/#organization\",\"name\":\"Bebijn\",\"url\":\"https:\\\/\\\/bebijn.be\\\/\",\"logo\":{\"@type\":\"ImageObject\",\"inLanguage\":\"fr-BE\",\"@id\":\"https:\\\/\\\/bebijn.be\\\/#\\\/schema\\\/logo\\\/image\\\/\",\"url\":\"https:\\\/\\\/bebijn.be\\\/wp-content\\\/uploads\\\/2024\\\/12\\\/Bebijn-Logo-RGB-v1.png\",\"contentUrl\":\"https:\\\/\\\/bebijn.be\\\/wp-content\\\/uploads\\\/2024\\\/12\\\/Bebijn-Logo-RGB-v1.png\",\"width\":800,\"height\":800,\"caption\":\"Bebijn\"},\"image\":{\"@id\":\"https:\\\/\\\/bebijn.be\\\/#\\\/schema\\\/logo\\\/image\\\/\"},\"sameAs\":[\"https:\\\/\\\/www.facebook.com\\\/bebijn\\\/\",\"https:\\\/\\\/www.instagram.com\\\/bebijn.sweets\\\/\"]}]}<\/script>\n<meta property=\"product:price:amount\" content=\"33.00\" \/>\n<meta property=\"product:price:currency\" content=\"EUR\" \/>\n<meta property=\"og:availability\" content=\"out of stock\" \/>\n<meta property=\"product:availability\" content=\"out of stock\" \/>\n<meta property=\"product:retailer_item_id\" content=\"5022\" \/>\n<meta property=\"product:condition\" content=\"new\" \/>\n<!-- \/ Yoast SEO Premium plugin. -->","yoast_head_json":{"title":"Groseille - Abricot - Bonbons artisanaux personnalis\u00e9s | Bebijn","description":"Avec la groseille et l'abricot : l'acidit\u00e9 fra\u00eeche rencontre la douceur moelleuse dans un duo fruit\u00e9 plein de tension, d'\u00e9quilibre et de raffinement. \ud83c\udf47\ud83c\udf51\ud83c\udf6c Questions to ChatGPT","robots":{"index":"index","follow":"follow","max-snippet":"max-snippet:-1","max-image-preview":"max-image-preview:large","max-video-preview":"max-video-preview:-1"},"canonical":"https:\/\/bebijn.be\/fr\/produit\/gingembre-cumin-7\/","schema":{"@context":"https:\/\/schema.org","@graph":[{"@type":"WebPage","@id":"https:\/\/bebijn.be\/product\/aalbes-abrikoos\/","url":"https:\/\/bebijn.be\/product\/aalbes-abrikoos\/","name":"Groseille - Abricot - Bonbons artisanaux personnalis\u00e9s | Bebijn","isPartOf":{"@id":"https:\/\/bebijn.be\/#website"},"primaryImageOfPage":{"@id":"https:\/\/bebijn.be\/product\/aalbes-abrikoos\/#primaryimage"},"image":{"@id":"https:\/\/bebijn.be\/product\/aalbes-abrikoos\/#primaryimage"},"thumbnailUrl":"https:\/\/bebijn.be\/wp-content\/uploads\/2025\/01\/033-oranje-bebijn-hangemaakte-snoep.jpg","datePublished":"2025-01-25T09:47:41+00:00","dateModified":"2025-10-21T16:19:30+00:00","description":"Avec la groseille et l'abricot : l'acidit\u00e9 fra\u00eeche rencontre la douceur moelleuse dans un duo fruit\u00e9 plein de tension, d'\u00e9quilibre et de raffinement. \ud83c\udf47\ud83c\udf51\ud83c\udf6c Questions to ChatGPT","breadcrumb":{"@id":"https:\/\/bebijn.be\/product\/aalbes-abrikoos\/#breadcrumb"},"inLanguage":"fr-BE","potentialAction":[{"@type":"ReadAction","target":["https:\/\/bebijn.be\/product\/aalbes-abrikoos\/"]}]},{"@type":"ImageObject","inLanguage":"fr-BE","@id":"https:\/\/bebijn.be\/product\/aalbes-abrikoos\/#primaryimage","url":"https:\/\/bebijn.be\/wp-content\/uploads\/2025\/01\/033-oranje-bebijn-hangemaakte-snoep.jpg","contentUrl":"https:\/\/bebijn.be\/wp-content\/uploads\/2025\/01\/033-oranje-bebijn-hangemaakte-snoep.jpg","width":800,"height":800},{"@type":"BreadcrumbList","@id":"https:\/\/bebijn.be\/product\/aalbes-abrikoos\/#breadcrumb","itemListElement":[{"@type":"ListItem","position":1,"name":"Home","item":"https:\/\/bebijn.be\/"},{"@type":"ListItem","position":2,"name":"Winkel Bebijn","item":"https:\/\/bebijn.be\/winkel-bebijn\/"},{"@type":"ListItem","position":3,"name":"Rode bes \u2022 Abrikoos"}]},{"@type":"WebSite","@id":"https:\/\/bebijn.be\/#website","url":"https:\/\/bebijn.be\/","name":"Bebijn | Sucreries artisanales personnalis\u00e9es","description":"confiserie et bonbons pour la gastronomie cadeau marketing","publisher":{"@id":"https:\/\/bebijn.be\/#organization"},"potentialAction":[{"@type":"SearchAction","target":{"@type":"EntryPoint","urlTemplate":"https:\/\/bebijn.be\/?s={search_term_string}"},"query-input":{"@type":"PropertyValueSpecification","valueRequired":true,"valueName":"search_term_string"}}],"inLanguage":"fr-BE"},{"@type":"Organization","@id":"https:\/\/bebijn.be\/#organization","name":"Bebijn","url":"https:\/\/bebijn.be\/","logo":{"@type":"ImageObject","inLanguage":"fr-BE","@id":"https:\/\/bebijn.be\/#\/schema\/logo\/image\/","url":"https:\/\/bebijn.be\/wp-content\/uploads\/2024\/12\/Bebijn-Logo-RGB-v1.png","contentUrl":"https:\/\/bebijn.be\/wp-content\/uploads\/2024\/12\/Bebijn-Logo-RGB-v1.png","width":800,"height":800,"caption":"Bebijn"},"image":{"@id":"https:\/\/bebijn.be\/#\/schema\/logo\/image\/"},"sameAs":["https:\/\/www.facebook.com\/bebijn\/","https:\/\/www.instagram.com\/bebijn.sweets\/"]}]},"product_price_amount":"33.00","product_price_currency":"EUR","og_availability":"out of stock","product_availability":"out of stock","product_retailer_item_id":"5022","product_condition":"new"},"_links":{"self":[{"href":"https:\/\/bebijn.be\/fr\/wp-json\/wp\/v2\/product\/17336","targetHints":{"allow":["GET"]}}],"collection":[{"href":"https:\/\/bebijn.be\/fr\/wp-json\/wp\/v2\/product"}],"about":[{"href":"https:\/\/bebijn.be\/fr\/wp-json\/wp\/v2\/types\/product"}],"version-history":[{"count":3,"href":"https:\/\/bebijn.be\/fr\/wp-json\/wp\/v2\/product\/17336\/revisions"}],"predecessor-version":[{"id":19456,"href":"https:\/\/bebijn.be\/fr\/wp-json\/wp\/v2\/product\/17336\/revisions\/19456"}],"wp:featuredmedia":[{"embeddable":true,"href":"https:\/\/bebijn.be\/fr\/wp-json\/wp\/v2\/media\/16957"}],"wp:attachment":[{"href":"https:\/\/bebijn.be\/fr\/wp-json\/wp\/v2\/media?parent=17336"}],"wp:term":[{"taxonomy":"product_brand","embeddable":true,"href":"https:\/\/bebijn.be\/fr\/wp-json\/wp\/v2\/product_brand?post=17336"},{"taxonomy":"product_cat","embeddable":true,"href":"https:\/\/bebijn.be\/fr\/wp-json\/wp\/v2\/product_cat?post=17336"},{"taxonomy":"product_tag","embeddable":true,"href":"https:\/\/bebijn.be\/fr\/wp-json\/wp\/v2\/product_tag?post=17336"}],"curies":[{"name":"wp","href":"https:\/\/api.w.org\/{rel}","templated":true}]}}