{"id":17341,"date":"2025-01-25T10:47:41","date_gmt":"2025-01-25T09:47:41","guid":{"rendered":"https:\/\/deezine.be\/bebijn\/?post_type=product&#038;p=17341"},"modified":"2026-04-15T13:51:20","modified_gmt":"2026-04-15T11:51:20","slug":"gingembre-cumin-12","status":"publish","type":"product","link":"https:\/\/bebijn.be\/fr\/product\/appel-vlierbloesem\/","title":{"rendered":"Pomme - Fleur de sureau"},"content":{"rendered":"<p>Le bonbon Bebi \u00e0 la pomme et \u00e0 la fleur de sureau est un jeu d\u00e9licat de douceur fruit\u00e9e et de sophistication florale. La douceur fra\u00eeche et l\u00e9g\u00e8re de la pomme est envelopp\u00e9e par l'ar\u00f4me l\u00e9ger de la fleur de sureau, cr\u00e9ant une harmonie sophistiqu\u00e9e, presque printani\u00e8re. Une confiserie \u00e9l\u00e9gante, subtile, fra\u00eeche et naturelle.<\/p>\n<p>Id\u00e9al pour accompagner le caf\u00e9 comme mignardise, l'addition, une douceur \u00e0 d\u00e9guster ou \u00e0 offrir comme cadeau original.<\/p>\n<p>Pour les amateurs de fra\u00eecheur florale et l\u00e9g\u00e8re, cette confiserie est une douceur pleine de charme naturel et de simplicit\u00e9 raffin\u00e9e.<\/p>","protected":false},"excerpt":{"rendered":"<p>Le bonbon Bebi \u00e0 la pomme et \u00e0 la fleur de sureau est un jeu d\u00e9licat de douceur fruit\u00e9e et de sophistication florale. La douceur fra\u00eeche et l\u00e9g\u00e8re de la pomme est envelopp\u00e9e par l'ar\u00f4me l\u00e9ger de la fleur de sureau, cr\u00e9ant une harmonie sophistiqu\u00e9e, presque printani\u00e8re. Une confiserie \u00e9l\u00e9gante, subtile, fra\u00eeche et naturelle.<\/p>\n<p>Id\u00e9al pour accompagner le caf\u00e9 comme mignardise, l'addition, une douceur \u00e0 d\u00e9guster ou \u00e0 offrir comme cadeau original.<\/p>\n<p>Pour les amateurs de fra\u00eecheur florale et l\u00e9g\u00e8re, cette confiserie est une douceur pleine de charme naturel et de simplicit\u00e9 raffin\u00e9e.<\/p>","protected":false},"featured_media":19862,"template":"","meta":[],"product_brand":[],"product_cat":[69],"product_tag":[],"class_list":{"0":"post-17341","1":"product","2":"type-product","3":"status-publish","4":"has-post-thumbnail","6":"product_cat-bebijn-assortiment-gommen","8":"first","9":"instock","10":"taxable","11":"shipping-taxable","12":"purchasable","13":"product-type-simple"},"yoast_head":"<!-- This site is optimized with the Yoast SEO Premium plugin v24.2 (Yoast SEO v27.4) - https:\/\/yoast.com\/product\/yoast-seo-premium-wordpress\/ -->\n<title>Appel \u2022 Vlierbloesem - Artisanale snoep op maat | Bebijn<\/title>\n<meta name=\"description\" content=\"Bebijn snoepje met appel en vlierbloesem: fris en bloemig \u2014 zachte appel ontmoet elegante vlierbloesem in pure harmonie. \ud83c\udf4f\ud83c\udf38\ud83c\udf6c\" \/>\n<meta name=\"robots\" content=\"index, follow, max-snippet:-1, max-image-preview:large, max-video-preview:-1\" \/>\n<link rel=\"canonical\" href=\"https:\/\/bebijn.be\/fr\/produit\/gingembre-cumin-12\/\" \/>\n<script type=\"application\/ld+json\" class=\"yoast-schema-graph\">{\"@context\":\"https:\\\/\\\/schema.org\",\"@graph\":[{\"@type\":\"WebPage\",\"@id\":\"https:\\\/\\\/bebijn.be\\\/product\\\/appel-vlierbloesem\\\/\",\"url\":\"https:\\\/\\\/bebijn.be\\\/product\\\/appel-vlierbloesem\\\/\",\"name\":\"Appel \u2022 Vlierbloesem - Artisanale snoep op maat | Bebijn\",\"isPartOf\":{\"@id\":\"https:\\\/\\\/bebijn.be\\\/#website\"},\"primaryImageOfPage\":{\"@id\":\"https:\\\/\\\/bebijn.be\\\/product\\\/appel-vlierbloesem\\\/#primaryimage\"},\"image\":{\"@id\":\"https:\\\/\\\/bebijn.be\\\/product\\\/appel-vlierbloesem\\\/#primaryimage\"},\"thumbnailUrl\":\"https:\\\/\\\/bebijn.be\\\/wp-content\\\/uploads\\\/2025\\\/01\\\/049-groen-mat-bebijn-confiserie-gault-millau.jpg\",\"datePublished\":\"2025-01-25T09:47:41+00:00\",\"dateModified\":\"2026-04-15T11:51:20+00:00\",\"description\":\"Bebijn snoepje met appel en vlierbloesem: fris en bloemig \u2014 zachte appel ontmoet elegante vlierbloesem in pure harmonie. \ud83c\udf4f\ud83c\udf38\ud83c\udf6c\",\"breadcrumb\":{\"@id\":\"https:\\\/\\\/bebijn.be\\\/product\\\/appel-vlierbloesem\\\/#breadcrumb\"},\"inLanguage\":\"fr-BE\",\"potentialAction\":[{\"@type\":\"ReadAction\",\"target\":[\"https:\\\/\\\/bebijn.be\\\/product\\\/appel-vlierbloesem\\\/\"]}]},{\"@type\":\"ImageObject\",\"inLanguage\":\"fr-BE\",\"@id\":\"https:\\\/\\\/bebijn.be\\\/product\\\/appel-vlierbloesem\\\/#primaryimage\",\"url\":\"https:\\\/\\\/bebijn.be\\\/wp-content\\\/uploads\\\/2025\\\/01\\\/049-groen-mat-bebijn-confiserie-gault-millau.jpg\",\"contentUrl\":\"https:\\\/\\\/bebijn.be\\\/wp-content\\\/uploads\\\/2025\\\/01\\\/049-groen-mat-bebijn-confiserie-gault-millau.jpg\",\"width\":800,\"height\":800},{\"@type\":\"BreadcrumbList\",\"@id\":\"https:\\\/\\\/bebijn.be\\\/product\\\/appel-vlierbloesem\\\/#breadcrumb\",\"itemListElement\":[{\"@type\":\"ListItem\",\"position\":1,\"name\":\"Home\",\"item\":\"https:\\\/\\\/bebijn.be\\\/\"},{\"@type\":\"ListItem\",\"position\":2,\"name\":\"Winkel Bebijn\",\"item\":\"https:\\\/\\\/bebijn.be\\\/winkel-bebijn\\\/\"},{\"@type\":\"ListItem\",\"position\":3,\"name\":\"Appel \u2022 Vlierbloesem\"}]},{\"@type\":\"WebSite\",\"@id\":\"https:\\\/\\\/bebijn.be\\\/#website\",\"url\":\"https:\\\/\\\/bebijn.be\\\/\",\"name\":\"Bebijn | Artisanale snoep op maat\",\"description\":\"confiserie en snoep voor gastronomie marketing geschenk\",\"publisher\":{\"@id\":\"https:\\\/\\\/bebijn.be\\\/#organization\"},\"potentialAction\":[{\"@type\":\"SearchAction\",\"target\":{\"@type\":\"EntryPoint\",\"urlTemplate\":\"https:\\\/\\\/bebijn.be\\\/?s={search_term_string}\"},\"query-input\":{\"@type\":\"PropertyValueSpecification\",\"valueRequired\":true,\"valueName\":\"search_term_string\"}}],\"inLanguage\":\"fr-BE\"},{\"@type\":\"Organization\",\"@id\":\"https:\\\/\\\/bebijn.be\\\/#organization\",\"name\":\"Bebijn\",\"url\":\"https:\\\/\\\/bebijn.be\\\/\",\"logo\":{\"@type\":\"ImageObject\",\"inLanguage\":\"fr-BE\",\"@id\":\"https:\\\/\\\/bebijn.be\\\/#\\\/schema\\\/logo\\\/image\\\/\",\"url\":\"https:\\\/\\\/bebijn.be\\\/wp-content\\\/uploads\\\/2024\\\/12\\\/Bebijn-Logo-RGB-v1.png\",\"contentUrl\":\"https:\\\/\\\/bebijn.be\\\/wp-content\\\/uploads\\\/2024\\\/12\\\/Bebijn-Logo-RGB-v1.png\",\"width\":800,\"height\":800,\"caption\":\"Bebijn\"},\"image\":{\"@id\":\"https:\\\/\\\/bebijn.be\\\/#\\\/schema\\\/logo\\\/image\\\/\"},\"sameAs\":[\"https:\\\/\\\/www.facebook.com\\\/bebijn\\\/\",\"https:\\\/\\\/www.instagram.com\\\/bebijn.sweets\\\/\"]}]}<\/script>\n<meta property=\"product:price:amount\" content=\"33.00\" \/>\n<meta property=\"product:price:currency\" content=\"EUR\" \/>\n<meta property=\"og:availability\" content=\"instock\" \/>\n<meta property=\"product:availability\" content=\"instock\" \/>\n<meta property=\"product:retailer_item_id\" content=\"5031\" \/>\n<meta property=\"product:condition\" content=\"new\" \/>\n<!-- \/ Yoast SEO Premium plugin. -->","yoast_head_json":{"title":"Pomme - Fleur de sureau - Confiseries artisanales sur commande | Bebijn","description":"Bonbon Bebi \u00e0 la pomme et \u00e0 la fleur de sureau : frais et floral - la pomme douce rencontre l'\u00e9l\u00e9gante fleur de sureau dans une pure harmonie. \ud83c\udf4f\ud83c\udf38\ud83c\udf6c","robots":{"index":"index","follow":"follow","max-snippet":"max-snippet:-1","max-image-preview":"max-image-preview:large","max-video-preview":"max-video-preview:-1"},"canonical":"https:\/\/bebijn.be\/fr\/produit\/gingembre-cumin-12\/","schema":{"@context":"https:\/\/schema.org","@graph":[{"@type":"WebPage","@id":"https:\/\/bebijn.be\/product\/appel-vlierbloesem\/","url":"https:\/\/bebijn.be\/product\/appel-vlierbloesem\/","name":"Pomme - Fleur de sureau - Confiseries artisanales sur commande | Bebijn","isPartOf":{"@id":"https:\/\/bebijn.be\/#website"},"primaryImageOfPage":{"@id":"https:\/\/bebijn.be\/product\/appel-vlierbloesem\/#primaryimage"},"image":{"@id":"https:\/\/bebijn.be\/product\/appel-vlierbloesem\/#primaryimage"},"thumbnailUrl":"https:\/\/bebijn.be\/wp-content\/uploads\/2025\/01\/049-groen-mat-bebijn-confiserie-gault-millau.jpg","datePublished":"2025-01-25T09:47:41+00:00","dateModified":"2026-04-15T11:51:20+00:00","description":"Bonbon Bebi \u00e0 la pomme et \u00e0 la fleur de sureau : frais et floral - la pomme douce rencontre l'\u00e9l\u00e9gante fleur de sureau dans une pure harmonie. \ud83c\udf4f\ud83c\udf38\ud83c\udf6c","breadcrumb":{"@id":"https:\/\/bebijn.be\/product\/appel-vlierbloesem\/#breadcrumb"},"inLanguage":"fr-BE","potentialAction":[{"@type":"ReadAction","target":["https:\/\/bebijn.be\/product\/appel-vlierbloesem\/"]}]},{"@type":"ImageObject","inLanguage":"fr-BE","@id":"https:\/\/bebijn.be\/product\/appel-vlierbloesem\/#primaryimage","url":"https:\/\/bebijn.be\/wp-content\/uploads\/2025\/01\/049-groen-mat-bebijn-confiserie-gault-millau.jpg","contentUrl":"https:\/\/bebijn.be\/wp-content\/uploads\/2025\/01\/049-groen-mat-bebijn-confiserie-gault-millau.jpg","width":800,"height":800},{"@type":"BreadcrumbList","@id":"https:\/\/bebijn.be\/product\/appel-vlierbloesem\/#breadcrumb","itemListElement":[{"@type":"ListItem","position":1,"name":"Home","item":"https:\/\/bebijn.be\/"},{"@type":"ListItem","position":2,"name":"Winkel Bebijn","item":"https:\/\/bebijn.be\/winkel-bebijn\/"},{"@type":"ListItem","position":3,"name":"Appel \u2022 Vlierbloesem"}]},{"@type":"WebSite","@id":"https:\/\/bebijn.be\/#website","url":"https:\/\/bebijn.be\/","name":"Bebijn | Sucreries artisanales personnalis\u00e9es","description":"confiserie et bonbons pour la gastronomie cadeau marketing","publisher":{"@id":"https:\/\/bebijn.be\/#organization"},"potentialAction":[{"@type":"SearchAction","target":{"@type":"EntryPoint","urlTemplate":"https:\/\/bebijn.be\/?s={search_term_string}"},"query-input":{"@type":"PropertyValueSpecification","valueRequired":true,"valueName":"search_term_string"}}],"inLanguage":"fr-BE"},{"@type":"Organization","@id":"https:\/\/bebijn.be\/#organization","name":"Bebijn","url":"https:\/\/bebijn.be\/","logo":{"@type":"ImageObject","inLanguage":"fr-BE","@id":"https:\/\/bebijn.be\/#\/schema\/logo\/image\/","url":"https:\/\/bebijn.be\/wp-content\/uploads\/2024\/12\/Bebijn-Logo-RGB-v1.png","contentUrl":"https:\/\/bebijn.be\/wp-content\/uploads\/2024\/12\/Bebijn-Logo-RGB-v1.png","width":800,"height":800,"caption":"Bebijn"},"image":{"@id":"https:\/\/bebijn.be\/#\/schema\/logo\/image\/"},"sameAs":["https:\/\/www.facebook.com\/bebijn\/","https:\/\/www.instagram.com\/bebijn.sweets\/"]}]},"product_price_amount":"33.00","product_price_currency":"EUR","og_availability":"instock","product_availability":"instock","product_retailer_item_id":"5031","product_condition":"new"},"_links":{"self":[{"href":"https:\/\/bebijn.be\/fr\/wp-json\/wp\/v2\/product\/17341","targetHints":{"allow":["GET"]}}],"collection":[{"href":"https:\/\/bebijn.be\/fr\/wp-json\/wp\/v2\/product"}],"about":[{"href":"https:\/\/bebijn.be\/fr\/wp-json\/wp\/v2\/types\/product"}],"version-history":[{"count":4,"href":"https:\/\/bebijn.be\/fr\/wp-json\/wp\/v2\/product\/17341\/revisions"}],"predecessor-version":[{"id":19604,"href":"https:\/\/bebijn.be\/fr\/wp-json\/wp\/v2\/product\/17341\/revisions\/19604"}],"wp:featuredmedia":[{"embeddable":true,"href":"https:\/\/bebijn.be\/fr\/wp-json\/wp\/v2\/media\/19862"}],"wp:attachment":[{"href":"https:\/\/bebijn.be\/fr\/wp-json\/wp\/v2\/media?parent=17341"}],"wp:term":[{"taxonomy":"product_brand","embeddable":true,"href":"https:\/\/bebijn.be\/fr\/wp-json\/wp\/v2\/product_brand?post=17341"},{"taxonomy":"product_cat","embeddable":true,"href":"https:\/\/bebijn.be\/fr\/wp-json\/wp\/v2\/product_cat?post=17341"},{"taxonomy":"product_tag","embeddable":true,"href":"https:\/\/bebijn.be\/fr\/wp-json\/wp\/v2\/product_tag?post=17341"}],"curies":[{"name":"wp","href":"https:\/\/api.w.org\/{rel}","templated":true}]}}