{"id":17343,"date":"2025-01-25T10:47:42","date_gmt":"2025-01-25T09:47:42","guid":{"rendered":"https:\/\/deezine.be\/bebijn\/?post_type=product&#038;p=17343"},"modified":"2026-01-26T12:20:24","modified_gmt":"2026-01-26T10:20:24","slug":"gingembre-cumin-14","status":"publish","type":"product","link":"https:\/\/bebijn.be\/fr\/product\/citroen-oranjebloesem\/","title":{"rendered":"Citron - Fleur d'oranger"},"content":{"rendered":"<p data-start=\"0\" data-end=\"347\"><strong data-start=\"30\" data-end=\"77\">Bonbons Bebi au citron et \u00e0 la fleur d'oranger<\/strong> est un rafra\u00eechissement sophistiqu\u00e9 avec une touche florale. La fra\u00eecheur vibrante du citron est adoucie par la saveur particuli\u00e8re de la fleur d'oranger, cr\u00e9ant un \u00e9quilibre \u00e9l\u00e9gant entre les agrumes et les fleurs. Une confiserie subtile et ensoleill\u00e9e avec une touche de charme m\u00e9diterran\u00e9en.<\/p>\n<p data-start=\"349\" data-end=\"472\">Id\u00e9al pour accompagner le caf\u00e9 comme mignardise, l'addition, une douceur \u00e0 d\u00e9guster ou \u00e0 offrir comme cadeau original.<\/p>\n<p data-start=\"474\" data-end=\"596\">Pour ceux qui aiment l'\u00e9l\u00e9gance fra\u00eeche, cette confection est un moment d\u00e9licat de pure sophistication et de douceur estivale.<\/p>","protected":false},"excerpt":{"rendered":"<p data-start=\"0\" data-end=\"347\"><strong data-start=\"30\" data-end=\"77\">Bonbons Bebi au citron et \u00e0 la fleur d'oranger<\/strong> est un rafra\u00eechissement sophistiqu\u00e9 avec une touche florale. La fra\u00eecheur vibrante du citron est adoucie par la saveur particuli\u00e8re de la fleur d'oranger, cr\u00e9ant un \u00e9quilibre \u00e9l\u00e9gant entre les agrumes et les fleurs. Une confiserie subtile et ensoleill\u00e9e avec une touche de charme m\u00e9diterran\u00e9en.<\/p>\n<p data-start=\"349\" data-end=\"472\">Id\u00e9al pour accompagner le caf\u00e9 comme mignardise, l'addition, une douceur \u00e0 d\u00e9guster ou \u00e0 offrir comme cadeau original.<\/p>\n<p data-start=\"474\" data-end=\"596\">Pour ceux qui aiment l'\u00e9l\u00e9gance fra\u00eeche, cette confection est un moment d\u00e9licat de pure sophistication et de douceur estivale.<\/p>","protected":false},"featured_media":19539,"template":"","meta":[],"product_brand":[],"product_cat":[69],"product_tag":[],"class_list":{"0":"post-17343","1":"product","2":"type-product","3":"status-publish","4":"has-post-thumbnail","6":"product_cat-bebijn-assortiment-gommen","8":"first","9":"outofstock","10":"taxable","11":"shipping-taxable","12":"purchasable","13":"product-type-simple"},"yoast_head":"<!-- This site is optimized with the Yoast SEO Premium plugin v24.2 (Yoast SEO v27.4) - https:\/\/yoast.com\/product\/yoast-seo-premium-wordpress\/ -->\n<title>Citroen \u2022 Oranjebloesem - Artisanale snoep op maat | Bebijn<\/title>\n<meta name=\"description\" content=\"Bebijn snoepje met citroen en oranjebloesem: fris en bloemig, een zonnige balans van citrushelderheid en elegante zachtheid. \ud83c\udf4b\ud83c\udf38\ud83c\udf6c\" \/>\n<meta name=\"robots\" content=\"index, follow, max-snippet:-1, max-image-preview:large, max-video-preview:-1\" \/>\n<link rel=\"canonical\" href=\"https:\/\/bebijn.be\/fr\/produit\/gingembre-cumin-14\/\" \/>\n<script type=\"application\/ld+json\" class=\"yoast-schema-graph\">{\"@context\":\"https:\\\/\\\/schema.org\",\"@graph\":[{\"@type\":\"WebPage\",\"@id\":\"https:\\\/\\\/bebijn.be\\\/product\\\/citroen-oranjebloesem\\\/\",\"url\":\"https:\\\/\\\/bebijn.be\\\/product\\\/citroen-oranjebloesem\\\/\",\"name\":\"Citroen \u2022 Oranjebloesem - Artisanale snoep op maat | Bebijn\",\"isPartOf\":{\"@id\":\"https:\\\/\\\/bebijn.be\\\/#website\"},\"primaryImageOfPage\":{\"@id\":\"https:\\\/\\\/bebijn.be\\\/product\\\/citroen-oranjebloesem\\\/#primaryimage\"},\"image\":{\"@id\":\"https:\\\/\\\/bebijn.be\\\/product\\\/citroen-oranjebloesem\\\/#primaryimage\"},\"thumbnailUrl\":\"https:\\\/\\\/bebijn.be\\\/wp-content\\\/uploads\\\/2025\\\/10\\\/028-zeer-licht-geel-bebijn-bonbon.jpg\",\"datePublished\":\"2025-01-25T09:47:42+00:00\",\"dateModified\":\"2026-01-26T10:20:24+00:00\",\"description\":\"Bebijn snoepje met citroen en oranjebloesem: fris en bloemig, een zonnige balans van citrushelderheid en elegante zachtheid. \ud83c\udf4b\ud83c\udf38\ud83c\udf6c\",\"breadcrumb\":{\"@id\":\"https:\\\/\\\/bebijn.be\\\/product\\\/citroen-oranjebloesem\\\/#breadcrumb\"},\"inLanguage\":\"fr-BE\",\"potentialAction\":[{\"@type\":\"ReadAction\",\"target\":[\"https:\\\/\\\/bebijn.be\\\/product\\\/citroen-oranjebloesem\\\/\"]}]},{\"@type\":\"ImageObject\",\"inLanguage\":\"fr-BE\",\"@id\":\"https:\\\/\\\/bebijn.be\\\/product\\\/citroen-oranjebloesem\\\/#primaryimage\",\"url\":\"https:\\\/\\\/bebijn.be\\\/wp-content\\\/uploads\\\/2025\\\/10\\\/028-zeer-licht-geel-bebijn-bonbon.jpg\",\"contentUrl\":\"https:\\\/\\\/bebijn.be\\\/wp-content\\\/uploads\\\/2025\\\/10\\\/028-zeer-licht-geel-bebijn-bonbon.jpg\",\"width\":800,\"height\":800},{\"@type\":\"BreadcrumbList\",\"@id\":\"https:\\\/\\\/bebijn.be\\\/product\\\/citroen-oranjebloesem\\\/#breadcrumb\",\"itemListElement\":[{\"@type\":\"ListItem\",\"position\":1,\"name\":\"Home\",\"item\":\"https:\\\/\\\/bebijn.be\\\/\"},{\"@type\":\"ListItem\",\"position\":2,\"name\":\"Winkel Bebijn\",\"item\":\"https:\\\/\\\/bebijn.be\\\/winkel-bebijn\\\/\"},{\"@type\":\"ListItem\",\"position\":3,\"name\":\"Citroen \u2022 Oranjebloesem\"}]},{\"@type\":\"WebSite\",\"@id\":\"https:\\\/\\\/bebijn.be\\\/#website\",\"url\":\"https:\\\/\\\/bebijn.be\\\/\",\"name\":\"Bebijn | Artisanale snoep op maat\",\"description\":\"confiserie en snoep voor gastronomie marketing geschenk\",\"publisher\":{\"@id\":\"https:\\\/\\\/bebijn.be\\\/#organization\"},\"potentialAction\":[{\"@type\":\"SearchAction\",\"target\":{\"@type\":\"EntryPoint\",\"urlTemplate\":\"https:\\\/\\\/bebijn.be\\\/?s={search_term_string}\"},\"query-input\":{\"@type\":\"PropertyValueSpecification\",\"valueRequired\":true,\"valueName\":\"search_term_string\"}}],\"inLanguage\":\"fr-BE\"},{\"@type\":\"Organization\",\"@id\":\"https:\\\/\\\/bebijn.be\\\/#organization\",\"name\":\"Bebijn\",\"url\":\"https:\\\/\\\/bebijn.be\\\/\",\"logo\":{\"@type\":\"ImageObject\",\"inLanguage\":\"fr-BE\",\"@id\":\"https:\\\/\\\/bebijn.be\\\/#\\\/schema\\\/logo\\\/image\\\/\",\"url\":\"https:\\\/\\\/bebijn.be\\\/wp-content\\\/uploads\\\/2024\\\/12\\\/Bebijn-Logo-RGB-v1.png\",\"contentUrl\":\"https:\\\/\\\/bebijn.be\\\/wp-content\\\/uploads\\\/2024\\\/12\\\/Bebijn-Logo-RGB-v1.png\",\"width\":800,\"height\":800,\"caption\":\"Bebijn\"},\"image\":{\"@id\":\"https:\\\/\\\/bebijn.be\\\/#\\\/schema\\\/logo\\\/image\\\/\"},\"sameAs\":[\"https:\\\/\\\/www.facebook.com\\\/bebijn\\\/\",\"https:\\\/\\\/www.instagram.com\\\/bebijn.sweets\\\/\"]}]}<\/script>\n<meta property=\"product:price:amount\" content=\"33.00\" \/>\n<meta property=\"product:price:currency\" content=\"EUR\" \/>\n<meta property=\"og:availability\" content=\"out of stock\" \/>\n<meta property=\"product:availability\" content=\"out of stock\" \/>\n<meta property=\"product:retailer_item_id\" content=\"5037\" \/>\n<meta property=\"product:condition\" content=\"new\" \/>\n<!-- \/ Yoast SEO Premium plugin. -->","yoast_head_json":{"title":"Citron - Fleur d'oranger - Confiserie artisanale personnalis\u00e9e | Bebijn","description":"Bonbon Bebi au citron et \u00e0 la fleur d'oranger : frais et floral, un \u00e9quilibre ensoleill\u00e9 entre l'\u00e9clat des agrumes et une \u00e9l\u00e9gante douceur. \ud83c\udf4b\ud83c\udf38\ud83c\udf6c","robots":{"index":"index","follow":"follow","max-snippet":"max-snippet:-1","max-image-preview":"max-image-preview:large","max-video-preview":"max-video-preview:-1"},"canonical":"https:\/\/bebijn.be\/fr\/produit\/gingembre-cumin-14\/","schema":{"@context":"https:\/\/schema.org","@graph":[{"@type":"WebPage","@id":"https:\/\/bebijn.be\/product\/citroen-oranjebloesem\/","url":"https:\/\/bebijn.be\/product\/citroen-oranjebloesem\/","name":"Citron - Fleur d'oranger - Confiserie artisanale personnalis\u00e9e | Bebijn","isPartOf":{"@id":"https:\/\/bebijn.be\/#website"},"primaryImageOfPage":{"@id":"https:\/\/bebijn.be\/product\/citroen-oranjebloesem\/#primaryimage"},"image":{"@id":"https:\/\/bebijn.be\/product\/citroen-oranjebloesem\/#primaryimage"},"thumbnailUrl":"https:\/\/bebijn.be\/wp-content\/uploads\/2025\/10\/028-zeer-licht-geel-bebijn-bonbon.jpg","datePublished":"2025-01-25T09:47:42+00:00","dateModified":"2026-01-26T10:20:24+00:00","description":"Bonbon Bebi au citron et \u00e0 la fleur d'oranger : frais et floral, un \u00e9quilibre ensoleill\u00e9 entre l'\u00e9clat des agrumes et une \u00e9l\u00e9gante douceur. \ud83c\udf4b\ud83c\udf38\ud83c\udf6c","breadcrumb":{"@id":"https:\/\/bebijn.be\/product\/citroen-oranjebloesem\/#breadcrumb"},"inLanguage":"fr-BE","potentialAction":[{"@type":"ReadAction","target":["https:\/\/bebijn.be\/product\/citroen-oranjebloesem\/"]}]},{"@type":"ImageObject","inLanguage":"fr-BE","@id":"https:\/\/bebijn.be\/product\/citroen-oranjebloesem\/#primaryimage","url":"https:\/\/bebijn.be\/wp-content\/uploads\/2025\/10\/028-zeer-licht-geel-bebijn-bonbon.jpg","contentUrl":"https:\/\/bebijn.be\/wp-content\/uploads\/2025\/10\/028-zeer-licht-geel-bebijn-bonbon.jpg","width":800,"height":800},{"@type":"BreadcrumbList","@id":"https:\/\/bebijn.be\/product\/citroen-oranjebloesem\/#breadcrumb","itemListElement":[{"@type":"ListItem","position":1,"name":"Home","item":"https:\/\/bebijn.be\/"},{"@type":"ListItem","position":2,"name":"Winkel Bebijn","item":"https:\/\/bebijn.be\/winkel-bebijn\/"},{"@type":"ListItem","position":3,"name":"Citroen \u2022 Oranjebloesem"}]},{"@type":"WebSite","@id":"https:\/\/bebijn.be\/#website","url":"https:\/\/bebijn.be\/","name":"Bebijn | Sucreries artisanales personnalis\u00e9es","description":"confiserie et bonbons pour la gastronomie cadeau marketing","publisher":{"@id":"https:\/\/bebijn.be\/#organization"},"potentialAction":[{"@type":"SearchAction","target":{"@type":"EntryPoint","urlTemplate":"https:\/\/bebijn.be\/?s={search_term_string}"},"query-input":{"@type":"PropertyValueSpecification","valueRequired":true,"valueName":"search_term_string"}}],"inLanguage":"fr-BE"},{"@type":"Organization","@id":"https:\/\/bebijn.be\/#organization","name":"Bebijn","url":"https:\/\/bebijn.be\/","logo":{"@type":"ImageObject","inLanguage":"fr-BE","@id":"https:\/\/bebijn.be\/#\/schema\/logo\/image\/","url":"https:\/\/bebijn.be\/wp-content\/uploads\/2024\/12\/Bebijn-Logo-RGB-v1.png","contentUrl":"https:\/\/bebijn.be\/wp-content\/uploads\/2024\/12\/Bebijn-Logo-RGB-v1.png","width":800,"height":800,"caption":"Bebijn"},"image":{"@id":"https:\/\/bebijn.be\/#\/schema\/logo\/image\/"},"sameAs":["https:\/\/www.facebook.com\/bebijn\/","https:\/\/www.instagram.com\/bebijn.sweets\/"]}]},"product_price_amount":"33.00","product_price_currency":"EUR","og_availability":"out of stock","product_availability":"out of stock","product_retailer_item_id":"5037","product_condition":"new"},"_links":{"self":[{"href":"https:\/\/bebijn.be\/fr\/wp-json\/wp\/v2\/product\/17343","targetHints":{"allow":["GET"]}}],"collection":[{"href":"https:\/\/bebijn.be\/fr\/wp-json\/wp\/v2\/product"}],"about":[{"href":"https:\/\/bebijn.be\/fr\/wp-json\/wp\/v2\/types\/product"}],"version-history":[{"count":5,"href":"https:\/\/bebijn.be\/fr\/wp-json\/wp\/v2\/product\/17343\/revisions"}],"predecessor-version":[{"id":19654,"href":"https:\/\/bebijn.be\/fr\/wp-json\/wp\/v2\/product\/17343\/revisions\/19654"}],"wp:featuredmedia":[{"embeddable":true,"href":"https:\/\/bebijn.be\/fr\/wp-json\/wp\/v2\/media\/19539"}],"wp:attachment":[{"href":"https:\/\/bebijn.be\/fr\/wp-json\/wp\/v2\/media?parent=17343"}],"wp:term":[{"taxonomy":"product_brand","embeddable":true,"href":"https:\/\/bebijn.be\/fr\/wp-json\/wp\/v2\/product_brand?post=17343"},{"taxonomy":"product_cat","embeddable":true,"href":"https:\/\/bebijn.be\/fr\/wp-json\/wp\/v2\/product_cat?post=17343"},{"taxonomy":"product_tag","embeddable":true,"href":"https:\/\/bebijn.be\/fr\/wp-json\/wp\/v2\/product_tag?post=17343"}],"curies":[{"name":"wp","href":"https:\/\/api.w.org\/{rel}","templated":true}]}}