{"id":17359,"date":"2025-01-25T10:48:03","date_gmt":"2025-01-25T09:48:03","guid":{"rendered":"https:\/\/deezine.be\/bebijn\/?post_type=product&#038;p=17359"},"modified":"2026-03-16T14:10:19","modified_gmt":"2026-03-16T12:10:19","slug":"gingembre-cumin-16","status":"publish","type":"product","link":"https:\/\/bebijn.be\/fr\/product\/granaatappel-mandarijn\/","title":{"rendered":"Grenade - Mandarine"},"content":{"rendered":"<p data-start=\"0\" data-end=\"390\"><strong data-start=\"30\" data-end=\"78\">Bonbons Bevin \u00e0 la grenade et \u00e0 la mandarine<\/strong> est une combinaison p\u00e9tillante de fruits rouges profonds et d'agrumes ensoleill\u00e9s. La grenade apporte une douceur acidul\u00e9e fra\u00eeche et juteuse avec une profondeur \u00e9l\u00e9gante, tandis que la mandarine apporte une douce chaleur et un ar\u00f4me vif et joyeux. Ensemble, ils forment une confiserie vive et sophistiqu\u00e9e, \u00e0 la fois fra\u00eeche et ronde.<\/p>\n<p data-start=\"392\" data-end=\"515\">Id\u00e9al pour accompagner le caf\u00e9 comme mignardise, l'addition, une douceur \u00e0 d\u00e9guster ou \u00e0 offrir comme cadeau original.<\/p>\n<p data-start=\"517\" data-end=\"667\">Pour les amateurs de saveurs fruit\u00e9es color\u00e9es, fra\u00eeches et douces, ce bonbon est un savoureux \u00e9quilibre entre fra\u00eecheur sophistiqu\u00e9e et charme ensoleill\u00e9.<\/p>","protected":false},"excerpt":{"rendered":"<p data-start=\"0\" data-end=\"390\"><strong data-start=\"30\" data-end=\"78\">Bonbons Bevin \u00e0 la grenade et \u00e0 la mandarine<\/strong> est une combinaison p\u00e9tillante de fruits rouges profonds et d'agrumes ensoleill\u00e9s. La grenade apporte une douceur acidul\u00e9e fra\u00eeche et juteuse avec une profondeur \u00e9l\u00e9gante, tandis que la mandarine apporte une douce chaleur et un ar\u00f4me vif et joyeux. Ensemble, ils forment une confiserie vive et sophistiqu\u00e9e, \u00e0 la fois fra\u00eeche et ronde.<\/p>\n<p data-start=\"392\" data-end=\"515\">Id\u00e9al pour accompagner le caf\u00e9 comme mignardise, l'addition, une douceur \u00e0 d\u00e9guster ou \u00e0 offrir comme cadeau original.<\/p>\n<p data-start=\"517\" data-end=\"667\">Pour les amateurs de saveurs fruit\u00e9es color\u00e9es, fra\u00eeches et douces, ce bonbon est un savoureux \u00e9quilibre entre fra\u00eecheur sophistiqu\u00e9e et charme ensoleill\u00e9.<\/p>","protected":false},"featured_media":19674,"template":"","meta":[],"product_brand":[],"product_cat":[70],"product_tag":[],"class_list":{"0":"post-17359","1":"product","2":"type-product","3":"status-publish","4":"has-post-thumbnail","6":"product_cat-uit-bebijn-assortiment","8":"first","9":"outofstock","10":"taxable","11":"shipping-taxable","12":"purchasable","13":"product-type-simple"},"yoast_head":"<!-- This site is optimized with the Yoast SEO Premium plugin v24.2 (Yoast SEO v27.4) - https:\/\/yoast.com\/product\/yoast-seo-premium-wordpress\/ -->\n<title>Granaatappel \u2022 Mandarijn - Artisanale snoep op maat | Bebijn<\/title>\n<meta name=\"description\" content=\"Bebijn snoepje met granaatappel en mandarijn: fris, helder en sappig \u2014 rode granaatappel ontmoet zonnige mandarijn. \ud83c\udf4a\u2764\ufe0f\ud83c\udf6c\" \/>\n<meta name=\"robots\" content=\"index, follow, max-snippet:-1, max-image-preview:large, max-video-preview:-1\" \/>\n<link rel=\"canonical\" href=\"https:\/\/bebijn.be\/fr\/produit\/gingembre-cumin-16\/\" \/>\n<script type=\"application\/ld+json\" class=\"yoast-schema-graph\">{\"@context\":\"https:\\\/\\\/schema.org\",\"@graph\":[{\"@type\":\"WebPage\",\"@id\":\"https:\\\/\\\/bebijn.be\\\/product\\\/granaatappel-mandarijn\\\/\",\"url\":\"https:\\\/\\\/bebijn.be\\\/product\\\/granaatappel-mandarijn\\\/\",\"name\":\"Granaatappel \u2022 Mandarijn - Artisanale snoep op maat | Bebijn\",\"isPartOf\":{\"@id\":\"https:\\\/\\\/bebijn.be\\\/#website\"},\"primaryImageOfPage\":{\"@id\":\"https:\\\/\\\/bebijn.be\\\/product\\\/granaatappel-mandarijn\\\/#primaryimage\"},\"image\":{\"@id\":\"https:\\\/\\\/bebijn.be\\\/product\\\/granaatappel-mandarijn\\\/#primaryimage\"},\"thumbnailUrl\":\"https:\\\/\\\/bebijn.be\\\/wp-content\\\/uploads\\\/2025\\\/12\\\/036-oranje-bebijn-gommetje.jpg\",\"datePublished\":\"2025-01-25T09:48:03+00:00\",\"dateModified\":\"2026-03-16T12:10:19+00:00\",\"description\":\"Bebijn snoepje met granaatappel en mandarijn: fris, helder en sappig \u2014 rode granaatappel ontmoet zonnige mandarijn. \ud83c\udf4a\u2764\ufe0f\ud83c\udf6c\",\"breadcrumb\":{\"@id\":\"https:\\\/\\\/bebijn.be\\\/product\\\/granaatappel-mandarijn\\\/#breadcrumb\"},\"inLanguage\":\"fr-BE\",\"potentialAction\":[{\"@type\":\"ReadAction\",\"target\":[\"https:\\\/\\\/bebijn.be\\\/product\\\/granaatappel-mandarijn\\\/\"]}]},{\"@type\":\"ImageObject\",\"inLanguage\":\"fr-BE\",\"@id\":\"https:\\\/\\\/bebijn.be\\\/product\\\/granaatappel-mandarijn\\\/#primaryimage\",\"url\":\"https:\\\/\\\/bebijn.be\\\/wp-content\\\/uploads\\\/2025\\\/12\\\/036-oranje-bebijn-gommetje.jpg\",\"contentUrl\":\"https:\\\/\\\/bebijn.be\\\/wp-content\\\/uploads\\\/2025\\\/12\\\/036-oranje-bebijn-gommetje.jpg\",\"width\":800,\"height\":800},{\"@type\":\"BreadcrumbList\",\"@id\":\"https:\\\/\\\/bebijn.be\\\/product\\\/granaatappel-mandarijn\\\/#breadcrumb\",\"itemListElement\":[{\"@type\":\"ListItem\",\"position\":1,\"name\":\"Home\",\"item\":\"https:\\\/\\\/bebijn.be\\\/\"},{\"@type\":\"ListItem\",\"position\":2,\"name\":\"Winkel Bebijn\",\"item\":\"https:\\\/\\\/bebijn.be\\\/winkel-bebijn\\\/\"},{\"@type\":\"ListItem\",\"position\":3,\"name\":\"Granaatappel \u2022 Mandarijn\"}]},{\"@type\":\"WebSite\",\"@id\":\"https:\\\/\\\/bebijn.be\\\/#website\",\"url\":\"https:\\\/\\\/bebijn.be\\\/\",\"name\":\"Bebijn | Artisanale snoep op maat\",\"description\":\"confiserie en snoep voor gastronomie marketing geschenk\",\"publisher\":{\"@id\":\"https:\\\/\\\/bebijn.be\\\/#organization\"},\"potentialAction\":[{\"@type\":\"SearchAction\",\"target\":{\"@type\":\"EntryPoint\",\"urlTemplate\":\"https:\\\/\\\/bebijn.be\\\/?s={search_term_string}\"},\"query-input\":{\"@type\":\"PropertyValueSpecification\",\"valueRequired\":true,\"valueName\":\"search_term_string\"}}],\"inLanguage\":\"fr-BE\"},{\"@type\":\"Organization\",\"@id\":\"https:\\\/\\\/bebijn.be\\\/#organization\",\"name\":\"Bebijn\",\"url\":\"https:\\\/\\\/bebijn.be\\\/\",\"logo\":{\"@type\":\"ImageObject\",\"inLanguage\":\"fr-BE\",\"@id\":\"https:\\\/\\\/bebijn.be\\\/#\\\/schema\\\/logo\\\/image\\\/\",\"url\":\"https:\\\/\\\/bebijn.be\\\/wp-content\\\/uploads\\\/2024\\\/12\\\/Bebijn-Logo-RGB-v1.png\",\"contentUrl\":\"https:\\\/\\\/bebijn.be\\\/wp-content\\\/uploads\\\/2024\\\/12\\\/Bebijn-Logo-RGB-v1.png\",\"width\":800,\"height\":800,\"caption\":\"Bebijn\"},\"image\":{\"@id\":\"https:\\\/\\\/bebijn.be\\\/#\\\/schema\\\/logo\\\/image\\\/\"},\"sameAs\":[\"https:\\\/\\\/www.facebook.com\\\/bebijn\\\/\",\"https:\\\/\\\/www.instagram.com\\\/bebijn.sweets\\\/\"]}]}<\/script>\n<meta property=\"product:price:amount\" content=\"33.00\" \/>\n<meta property=\"product:price:currency\" content=\"EUR\" \/>\n<meta property=\"og:availability\" content=\"out of stock\" \/>\n<meta property=\"product:availability\" content=\"out of stock\" \/>\n<meta property=\"product:retailer_item_id\" content=\"5054\" \/>\n<meta property=\"product:condition\" content=\"new\" \/>\n<!-- \/ Yoast SEO Premium plugin. -->","yoast_head_json":{"title":"Grenade - Mandarine - Confiseries artisanales sur commande | Bebijn","description":"Bonbons Bebi \u00e0 la grenade et \u00e0 la mandarine : frais, lumineux et juteux - la grenade rouge rencontre la mandarine ensoleill\u00e9e. \ud83c\udf4a\u2764\ufe0f\ud83c\udf6c","robots":{"index":"index","follow":"follow","max-snippet":"max-snippet:-1","max-image-preview":"max-image-preview:large","max-video-preview":"max-video-preview:-1"},"canonical":"https:\/\/bebijn.be\/fr\/produit\/gingembre-cumin-16\/","schema":{"@context":"https:\/\/schema.org","@graph":[{"@type":"WebPage","@id":"https:\/\/bebijn.be\/product\/granaatappel-mandarijn\/","url":"https:\/\/bebijn.be\/product\/granaatappel-mandarijn\/","name":"Grenade - Mandarine - Confiseries artisanales sur commande | Bebijn","isPartOf":{"@id":"https:\/\/bebijn.be\/#website"},"primaryImageOfPage":{"@id":"https:\/\/bebijn.be\/product\/granaatappel-mandarijn\/#primaryimage"},"image":{"@id":"https:\/\/bebijn.be\/product\/granaatappel-mandarijn\/#primaryimage"},"thumbnailUrl":"https:\/\/bebijn.be\/wp-content\/uploads\/2025\/12\/036-oranje-bebijn-gommetje.jpg","datePublished":"2025-01-25T09:48:03+00:00","dateModified":"2026-03-16T12:10:19+00:00","description":"Bonbons Bebi \u00e0 la grenade et \u00e0 la mandarine : frais, lumineux et juteux - la grenade rouge rencontre la mandarine ensoleill\u00e9e. \ud83c\udf4a\u2764\ufe0f\ud83c\udf6c","breadcrumb":{"@id":"https:\/\/bebijn.be\/product\/granaatappel-mandarijn\/#breadcrumb"},"inLanguage":"fr-BE","potentialAction":[{"@type":"ReadAction","target":["https:\/\/bebijn.be\/product\/granaatappel-mandarijn\/"]}]},{"@type":"ImageObject","inLanguage":"fr-BE","@id":"https:\/\/bebijn.be\/product\/granaatappel-mandarijn\/#primaryimage","url":"https:\/\/bebijn.be\/wp-content\/uploads\/2025\/12\/036-oranje-bebijn-gommetje.jpg","contentUrl":"https:\/\/bebijn.be\/wp-content\/uploads\/2025\/12\/036-oranje-bebijn-gommetje.jpg","width":800,"height":800},{"@type":"BreadcrumbList","@id":"https:\/\/bebijn.be\/product\/granaatappel-mandarijn\/#breadcrumb","itemListElement":[{"@type":"ListItem","position":1,"name":"Home","item":"https:\/\/bebijn.be\/"},{"@type":"ListItem","position":2,"name":"Winkel Bebijn","item":"https:\/\/bebijn.be\/winkel-bebijn\/"},{"@type":"ListItem","position":3,"name":"Granaatappel \u2022 Mandarijn"}]},{"@type":"WebSite","@id":"https:\/\/bebijn.be\/#website","url":"https:\/\/bebijn.be\/","name":"Bebijn | Sucreries artisanales personnalis\u00e9es","description":"confiserie et bonbons pour la gastronomie cadeau marketing","publisher":{"@id":"https:\/\/bebijn.be\/#organization"},"potentialAction":[{"@type":"SearchAction","target":{"@type":"EntryPoint","urlTemplate":"https:\/\/bebijn.be\/?s={search_term_string}"},"query-input":{"@type":"PropertyValueSpecification","valueRequired":true,"valueName":"search_term_string"}}],"inLanguage":"fr-BE"},{"@type":"Organization","@id":"https:\/\/bebijn.be\/#organization","name":"Bebijn","url":"https:\/\/bebijn.be\/","logo":{"@type":"ImageObject","inLanguage":"fr-BE","@id":"https:\/\/bebijn.be\/#\/schema\/logo\/image\/","url":"https:\/\/bebijn.be\/wp-content\/uploads\/2024\/12\/Bebijn-Logo-RGB-v1.png","contentUrl":"https:\/\/bebijn.be\/wp-content\/uploads\/2024\/12\/Bebijn-Logo-RGB-v1.png","width":800,"height":800,"caption":"Bebijn"},"image":{"@id":"https:\/\/bebijn.be\/#\/schema\/logo\/image\/"},"sameAs":["https:\/\/www.facebook.com\/bebijn\/","https:\/\/www.instagram.com\/bebijn.sweets\/"]}]},"product_price_amount":"33.00","product_price_currency":"EUR","og_availability":"out of stock","product_availability":"out of stock","product_retailer_item_id":"5054","product_condition":"new"},"_links":{"self":[{"href":"https:\/\/bebijn.be\/fr\/wp-json\/wp\/v2\/product\/17359","targetHints":{"allow":["GET"]}}],"collection":[{"href":"https:\/\/bebijn.be\/fr\/wp-json\/wp\/v2\/product"}],"about":[{"href":"https:\/\/bebijn.be\/fr\/wp-json\/wp\/v2\/types\/product"}],"version-history":[{"count":3,"href":"https:\/\/bebijn.be\/fr\/wp-json\/wp\/v2\/product\/17359\/revisions"}],"predecessor-version":[{"id":19658,"href":"https:\/\/bebijn.be\/fr\/wp-json\/wp\/v2\/product\/17359\/revisions\/19658"}],"wp:featuredmedia":[{"embeddable":true,"href":"https:\/\/bebijn.be\/fr\/wp-json\/wp\/v2\/media\/19674"}],"wp:attachment":[{"href":"https:\/\/bebijn.be\/fr\/wp-json\/wp\/v2\/media?parent=17359"}],"wp:term":[{"taxonomy":"product_brand","embeddable":true,"href":"https:\/\/bebijn.be\/fr\/wp-json\/wp\/v2\/product_brand?post=17359"},{"taxonomy":"product_cat","embeddable":true,"href":"https:\/\/bebijn.be\/fr\/wp-json\/wp\/v2\/product_cat?post=17359"},{"taxonomy":"product_tag","embeddable":true,"href":"https:\/\/bebijn.be\/fr\/wp-json\/wp\/v2\/product_tag?post=17359"}],"curies":[{"name":"wp","href":"https:\/\/api.w.org\/{rel}","templated":true}]}}