{"id":17362,"date":"2025-01-25T10:48:03","date_gmt":"2025-01-25T09:48:03","guid":{"rendered":"https:\/\/deezine.be\/bebijn\/?post_type=product&#038;p=17362"},"modified":"2025-12-28T12:12:30","modified_gmt":"2025-12-28T10:12:30","slug":"citron-vert-basilic-49","status":"publish","type":"product","link":"https:\/\/bebijn.be\/fr\/product\/bosbes-maracuja\/","title":{"rendered":"Myrtille - Maracuja"},"content":{"rendered":"<p data-start=\"113\" data-end=\"494\"><strong data-start=\"143\" data-end=\"184\">Bonbons Bevin \u00e0 la myrtille et au maracuja<\/strong> est une combinaison vibrante de saveur de baies profondes et de fra\u00eecheur tropicale. La myrtille, riche et juteuse, conf\u00e8re au bonbon un fruit\u00e9 plein et pourpre, tandis que le maracuja (fruit de la passion) apporte une touche piquante et exotique. Ensemble, ils forment une exp\u00e9rience fruit\u00e9e passionnante, pleine de caract\u00e8re et de contraste.<\/p>\n<p data-start=\"496\" data-end=\"617\">Id\u00e9al pour accompagner le caf\u00e9 comme mignardise, l'addition, une douceur \u00e0 d\u00e9guster ou \u00e0 offrir comme cadeau original.<\/p>\n<p data-start=\"619\" data-end=\"739\">Pour ceux qui aiment les saveurs distinctes et ensoleill\u00e9es, il s'agit d'un plaisir surprenant, \u00e0 la fois frais et intense.<\/p>","protected":false},"excerpt":{"rendered":"<p data-start=\"113\" data-end=\"494\"><strong data-start=\"143\" data-end=\"184\">Bonbons Bevin \u00e0 la myrtille et au maracuja<\/strong> est une combinaison vibrante de saveur de baies profondes et de fra\u00eecheur tropicale. La myrtille, riche et juteuse, conf\u00e8re au bonbon un fruit\u00e9 plein et pourpre, tandis que le maracuja (fruit de la passion) apporte une touche piquante et exotique. Ensemble, ils forment une exp\u00e9rience fruit\u00e9e passionnante, pleine de caract\u00e8re et de contraste.<\/p>\n<p data-start=\"496\" data-end=\"617\">Id\u00e9al pour accompagner le caf\u00e9 comme mignardise, l'addition, une douceur \u00e0 d\u00e9guster ou \u00e0 offrir comme cadeau original.<\/p>\n<p data-start=\"619\" data-end=\"739\">Pour ceux qui aiment les saveurs distinctes et ensoleill\u00e9es, il s'agit d'un plaisir surprenant, \u00e0 la fois frais et intense.<\/p>","protected":false},"featured_media":19384,"template":"","meta":[],"product_brand":[],"product_cat":[69],"product_tag":[],"class_list":{"0":"post-17362","1":"product","2":"type-product","3":"status-publish","4":"has-post-thumbnail","6":"product_cat-bebijn-assortiment-gommen","8":"first","9":"outofstock","10":"taxable","11":"shipping-taxable","12":"purchasable","13":"product-type-simple"},"yoast_head":"<!-- This site is optimized with the Yoast SEO Premium plugin v24.2 (Yoast SEO v27.4) - https:\/\/yoast.com\/product\/yoast-seo-premium-wordpress\/ -->\n<title>Bosbes \u2022 Maracuja - Artisanale snoep op maat | Bebijn<\/title>\n<meta name=\"description\" content=\"Bebijn snoepje met bosbes en maracuja: een levendige mix van diepe bessen en tropische frisheid, fris, fruitig en vol karakter. \ud83e\uded0\ud83e\udd6d\ud83c\udf6c\" \/>\n<meta name=\"robots\" content=\"index, follow, max-snippet:-1, max-image-preview:large, max-video-preview:-1\" \/>\n<link rel=\"canonical\" href=\"https:\/\/bebijn.be\/fr\/produit\/citron-vert-basilic-49\/\" \/>\n<script type=\"application\/ld+json\" class=\"yoast-schema-graph\">{\"@context\":\"https:\\\/\\\/schema.org\",\"@graph\":[{\"@type\":\"WebPage\",\"@id\":\"https:\\\/\\\/bebijn.be\\\/product\\\/bosbes-maracuja\\\/\",\"url\":\"https:\\\/\\\/bebijn.be\\\/product\\\/bosbes-maracuja\\\/\",\"name\":\"Bosbes \u2022 Maracuja - Artisanale snoep op maat | Bebijn\",\"isPartOf\":{\"@id\":\"https:\\\/\\\/bebijn.be\\\/#website\"},\"primaryImageOfPage\":{\"@id\":\"https:\\\/\\\/bebijn.be\\\/product\\\/bosbes-maracuja\\\/#primaryimage\"},\"image\":{\"@id\":\"https:\\\/\\\/bebijn.be\\\/product\\\/bosbes-maracuja\\\/#primaryimage\"},\"thumbnailUrl\":\"https:\\\/\\\/bebijn.be\\\/wp-content\\\/uploads\\\/2025\\\/01\\\/013-nat-blue-geel-bebijn-heerlijke-luxe.jpg\",\"datePublished\":\"2025-01-25T09:48:03+00:00\",\"dateModified\":\"2025-12-28T10:12:30+00:00\",\"description\":\"Bebijn snoepje met bosbes en maracuja: een levendige mix van diepe bessen en tropische frisheid, fris, fruitig en vol karakter. \ud83e\uded0\ud83e\udd6d\ud83c\udf6c\",\"breadcrumb\":{\"@id\":\"https:\\\/\\\/bebijn.be\\\/product\\\/bosbes-maracuja\\\/#breadcrumb\"},\"inLanguage\":\"fr-BE\",\"potentialAction\":[{\"@type\":\"ReadAction\",\"target\":[\"https:\\\/\\\/bebijn.be\\\/product\\\/bosbes-maracuja\\\/\"]}]},{\"@type\":\"ImageObject\",\"inLanguage\":\"fr-BE\",\"@id\":\"https:\\\/\\\/bebijn.be\\\/product\\\/bosbes-maracuja\\\/#primaryimage\",\"url\":\"https:\\\/\\\/bebijn.be\\\/wp-content\\\/uploads\\\/2025\\\/01\\\/013-nat-blue-geel-bebijn-heerlijke-luxe.jpg\",\"contentUrl\":\"https:\\\/\\\/bebijn.be\\\/wp-content\\\/uploads\\\/2025\\\/01\\\/013-nat-blue-geel-bebijn-heerlijke-luxe.jpg\",\"width\":800,\"height\":800},{\"@type\":\"BreadcrumbList\",\"@id\":\"https:\\\/\\\/bebijn.be\\\/product\\\/bosbes-maracuja\\\/#breadcrumb\",\"itemListElement\":[{\"@type\":\"ListItem\",\"position\":1,\"name\":\"Home\",\"item\":\"https:\\\/\\\/bebijn.be\\\/\"},{\"@type\":\"ListItem\",\"position\":2,\"name\":\"Winkel Bebijn\",\"item\":\"https:\\\/\\\/bebijn.be\\\/winkel-bebijn\\\/\"},{\"@type\":\"ListItem\",\"position\":3,\"name\":\"Bosbes \u2022 Maracuja\"}]},{\"@type\":\"WebSite\",\"@id\":\"https:\\\/\\\/bebijn.be\\\/#website\",\"url\":\"https:\\\/\\\/bebijn.be\\\/\",\"name\":\"Bebijn | Artisanale snoep op maat\",\"description\":\"confiserie en snoep voor gastronomie marketing geschenk\",\"publisher\":{\"@id\":\"https:\\\/\\\/bebijn.be\\\/#organization\"},\"potentialAction\":[{\"@type\":\"SearchAction\",\"target\":{\"@type\":\"EntryPoint\",\"urlTemplate\":\"https:\\\/\\\/bebijn.be\\\/?s={search_term_string}\"},\"query-input\":{\"@type\":\"PropertyValueSpecification\",\"valueRequired\":true,\"valueName\":\"search_term_string\"}}],\"inLanguage\":\"fr-BE\"},{\"@type\":\"Organization\",\"@id\":\"https:\\\/\\\/bebijn.be\\\/#organization\",\"name\":\"Bebijn\",\"url\":\"https:\\\/\\\/bebijn.be\\\/\",\"logo\":{\"@type\":\"ImageObject\",\"inLanguage\":\"fr-BE\",\"@id\":\"https:\\\/\\\/bebijn.be\\\/#\\\/schema\\\/logo\\\/image\\\/\",\"url\":\"https:\\\/\\\/bebijn.be\\\/wp-content\\\/uploads\\\/2024\\\/12\\\/Bebijn-Logo-RGB-v1.png\",\"contentUrl\":\"https:\\\/\\\/bebijn.be\\\/wp-content\\\/uploads\\\/2024\\\/12\\\/Bebijn-Logo-RGB-v1.png\",\"width\":800,\"height\":800,\"caption\":\"Bebijn\"},\"image\":{\"@id\":\"https:\\\/\\\/bebijn.be\\\/#\\\/schema\\\/logo\\\/image\\\/\"},\"sameAs\":[\"https:\\\/\\\/www.facebook.com\\\/bebijn\\\/\",\"https:\\\/\\\/www.instagram.com\\\/bebijn.sweets\\\/\"]}]}<\/script>\n<meta property=\"product:price:amount\" content=\"33.00\" \/>\n<meta property=\"product:price:currency\" content=\"EUR\" \/>\n<meta property=\"og:availability\" content=\"out of stock\" \/>\n<meta property=\"product:availability\" content=\"out of stock\" \/>\n<meta property=\"product:retailer_item_id\" content=\"5070\" \/>\n<meta property=\"product:condition\" content=\"new\" \/>\n<!-- \/ Yoast SEO Premium plugin. -->","yoast_head_json":{"title":"Myrtille - Maracuja - Confiseries artisanales sur commande | Bebijn","description":"Bonbon Bebi \u00e0 la myrtille et au maracuja : un m\u00e9lange vibrant de baies profondes et de fra\u00eecheur tropicale, frais, fruit\u00e9 et plein de caract\u00e8re. \ud83e\uded0\ud83e\udd6d\ud83c\udf6c","robots":{"index":"index","follow":"follow","max-snippet":"max-snippet:-1","max-image-preview":"max-image-preview:large","max-video-preview":"max-video-preview:-1"},"canonical":"https:\/\/bebijn.be\/fr\/produit\/citron-vert-basilic-49\/","schema":{"@context":"https:\/\/schema.org","@graph":[{"@type":"WebPage","@id":"https:\/\/bebijn.be\/product\/bosbes-maracuja\/","url":"https:\/\/bebijn.be\/product\/bosbes-maracuja\/","name":"Myrtille - Maracuja - Confiseries artisanales sur commande | Bebijn","isPartOf":{"@id":"https:\/\/bebijn.be\/#website"},"primaryImageOfPage":{"@id":"https:\/\/bebijn.be\/product\/bosbes-maracuja\/#primaryimage"},"image":{"@id":"https:\/\/bebijn.be\/product\/bosbes-maracuja\/#primaryimage"},"thumbnailUrl":"https:\/\/bebijn.be\/wp-content\/uploads\/2025\/01\/013-nat-blue-geel-bebijn-heerlijke-luxe.jpg","datePublished":"2025-01-25T09:48:03+00:00","dateModified":"2025-12-28T10:12:30+00:00","description":"Bonbon Bebi \u00e0 la myrtille et au maracuja : un m\u00e9lange vibrant de baies profondes et de fra\u00eecheur tropicale, frais, fruit\u00e9 et plein de caract\u00e8re. \ud83e\uded0\ud83e\udd6d\ud83c\udf6c","breadcrumb":{"@id":"https:\/\/bebijn.be\/product\/bosbes-maracuja\/#breadcrumb"},"inLanguage":"fr-BE","potentialAction":[{"@type":"ReadAction","target":["https:\/\/bebijn.be\/product\/bosbes-maracuja\/"]}]},{"@type":"ImageObject","inLanguage":"fr-BE","@id":"https:\/\/bebijn.be\/product\/bosbes-maracuja\/#primaryimage","url":"https:\/\/bebijn.be\/wp-content\/uploads\/2025\/01\/013-nat-blue-geel-bebijn-heerlijke-luxe.jpg","contentUrl":"https:\/\/bebijn.be\/wp-content\/uploads\/2025\/01\/013-nat-blue-geel-bebijn-heerlijke-luxe.jpg","width":800,"height":800},{"@type":"BreadcrumbList","@id":"https:\/\/bebijn.be\/product\/bosbes-maracuja\/#breadcrumb","itemListElement":[{"@type":"ListItem","position":1,"name":"Home","item":"https:\/\/bebijn.be\/"},{"@type":"ListItem","position":2,"name":"Winkel Bebijn","item":"https:\/\/bebijn.be\/winkel-bebijn\/"},{"@type":"ListItem","position":3,"name":"Bosbes \u2022 Maracuja"}]},{"@type":"WebSite","@id":"https:\/\/bebijn.be\/#website","url":"https:\/\/bebijn.be\/","name":"Bebijn | Sucreries artisanales personnalis\u00e9es","description":"confiserie et bonbons pour la gastronomie cadeau marketing","publisher":{"@id":"https:\/\/bebijn.be\/#organization"},"potentialAction":[{"@type":"SearchAction","target":{"@type":"EntryPoint","urlTemplate":"https:\/\/bebijn.be\/?s={search_term_string}"},"query-input":{"@type":"PropertyValueSpecification","valueRequired":true,"valueName":"search_term_string"}}],"inLanguage":"fr-BE"},{"@type":"Organization","@id":"https:\/\/bebijn.be\/#organization","name":"Bebijn","url":"https:\/\/bebijn.be\/","logo":{"@type":"ImageObject","inLanguage":"fr-BE","@id":"https:\/\/bebijn.be\/#\/schema\/logo\/image\/","url":"https:\/\/bebijn.be\/wp-content\/uploads\/2024\/12\/Bebijn-Logo-RGB-v1.png","contentUrl":"https:\/\/bebijn.be\/wp-content\/uploads\/2024\/12\/Bebijn-Logo-RGB-v1.png","width":800,"height":800,"caption":"Bebijn"},"image":{"@id":"https:\/\/bebijn.be\/#\/schema\/logo\/image\/"},"sameAs":["https:\/\/www.facebook.com\/bebijn\/","https:\/\/www.instagram.com\/bebijn.sweets\/"]}]},"product_price_amount":"33.00","product_price_currency":"EUR","og_availability":"out of stock","product_availability":"out of stock","product_retailer_item_id":"5070","product_condition":"new"},"_links":{"self":[{"href":"https:\/\/bebijn.be\/fr\/wp-json\/wp\/v2\/product\/17362","targetHints":{"allow":["GET"]}}],"collection":[{"href":"https:\/\/bebijn.be\/fr\/wp-json\/wp\/v2\/product"}],"about":[{"href":"https:\/\/bebijn.be\/fr\/wp-json\/wp\/v2\/types\/product"}],"version-history":[{"count":2,"href":"https:\/\/bebijn.be\/fr\/wp-json\/wp\/v2\/product\/17362\/revisions"}],"predecessor-version":[{"id":19383,"href":"https:\/\/bebijn.be\/fr\/wp-json\/wp\/v2\/product\/17362\/revisions\/19383"}],"wp:featuredmedia":[{"embeddable":true,"href":"https:\/\/bebijn.be\/fr\/wp-json\/wp\/v2\/media\/19384"}],"wp:attachment":[{"href":"https:\/\/bebijn.be\/fr\/wp-json\/wp\/v2\/media?parent=17362"}],"wp:term":[{"taxonomy":"product_brand","embeddable":true,"href":"https:\/\/bebijn.be\/fr\/wp-json\/wp\/v2\/product_brand?post=17362"},{"taxonomy":"product_cat","embeddable":true,"href":"https:\/\/bebijn.be\/fr\/wp-json\/wp\/v2\/product_cat?post=17362"},{"taxonomy":"product_tag","embeddable":true,"href":"https:\/\/bebijn.be\/fr\/wp-json\/wp\/v2\/product_tag?post=17362"}],"curies":[{"name":"wp","href":"https:\/\/api.w.org\/{rel}","templated":true}]}}