{"id":17365,"date":"2025-01-25T10:48:03","date_gmt":"2025-01-25T09:48:03","guid":{"rendered":"https:\/\/deezine.be\/bebijn\/?post_type=product&#038;p=17365"},"modified":"2026-03-27T11:19:24","modified_gmt":"2026-03-27T09:19:24","slug":"citron-vert-basilic-52","status":"publish","type":"product","link":"https:\/\/bebijn.be\/fr\/product\/limoen-citroengras\/","title":{"rendered":"Citron vert - Citronnelle"},"content":{"rendered":"<p data-start=\"83\" data-end=\"474\"><strong data-start=\"113\" data-end=\"157\">Bonbons Bevin au citron vert et \u00e0 la citronnelle<\/strong> est une combinaison rafra\u00eechissante d'agrumes vibrants et d'\u00e9pices aromatiques. Le citron vert apporte une fra\u00eecheur p\u00e9tillante, tandis que la citronnelle ajoute une touche \u00e9pic\u00e9e avec un soup\u00e7on de chaleur semblable \u00e0 celle du gingembre. Ensemble, ils forment une harmonie l\u00e9g\u00e8re et \u00e9l\u00e9gante, lumineuse et sophistiqu\u00e9e.<\/p>\n<p data-start=\"476\" data-end=\"599\">Id\u00e9al pour accompagner le caf\u00e9 comme mignardise, l'addition, une douceur \u00e0 d\u00e9guster ou \u00e0 offrir comme cadeau original.<\/p>\n<p data-start=\"601\" data-end=\"733\">Pour les amateurs de saveurs fra\u00eeches et raffin\u00e9es, c'est une confiserie qui picote, vivifie et conf\u00e8re une \u00e9l\u00e9gance exotique \u00e0 la fois.<\/p>","protected":false},"excerpt":{"rendered":"<p data-start=\"83\" data-end=\"474\"><strong data-start=\"113\" data-end=\"157\">Bonbons Bevin au citron vert et \u00e0 la citronnelle<\/strong> est une combinaison rafra\u00eechissante d'agrumes vibrants et d'\u00e9pices aromatiques. Le citron vert apporte une fra\u00eecheur p\u00e9tillante, tandis que la citronnelle ajoute une touche \u00e9pic\u00e9e avec un soup\u00e7on de chaleur semblable \u00e0 celle du gingembre. Ensemble, ils forment une harmonie l\u00e9g\u00e8re et \u00e9l\u00e9gante, lumineuse et sophistiqu\u00e9e.<\/p>\n<p data-start=\"476\" data-end=\"599\">Id\u00e9al pour accompagner le caf\u00e9 comme mignardise, l'addition, une douceur \u00e0 d\u00e9guster ou \u00e0 offrir comme cadeau original.<\/p>\n<p data-start=\"601\" data-end=\"733\">Pour les amateurs de saveurs fra\u00eeches et raffin\u00e9es, c'est une confiserie qui picote, vivifie et conf\u00e8re une \u00e9l\u00e9gance exotique \u00e0 la fois.<\/p>\n<p data-start=\"601\" data-end=\"733\">c'est un bonbon qui picote, vivifie et conf\u00e8re en m\u00eame temps une \u00e9l\u00e9gance exotique.<\/p>","protected":false},"featured_media":16956,"template":"","meta":[],"product_brand":[],"product_cat":[70],"product_tag":[],"class_list":{"0":"post-17365","1":"product","2":"type-product","3":"status-publish","4":"has-post-thumbnail","6":"product_cat-uit-bebijn-assortiment","8":"first","9":"outofstock","10":"taxable","11":"shipping-taxable","12":"purchasable","13":"product-type-simple"},"yoast_head":"<!-- This site is optimized with the Yoast SEO Premium plugin v24.2 (Yoast SEO v27.4) - https:\/\/yoast.com\/product\/yoast-seo-premium-wordpress\/ -->\n<title>Limoen \u2022 Citroengras - Artisanale snoep op maat | Bebijn<\/title>\n<meta name=\"description\" content=\"Bebijn snoepje met limoen en citroengras: citrus ontmoet pittige kruidigheid in een verfijnde, verkwikkende smaak. \ud83c\udf4b\ud83c\udf3f\ud83c\udf6c\" \/>\n<meta name=\"robots\" content=\"index, follow, max-snippet:-1, max-image-preview:large, max-video-preview:-1\" \/>\n<link rel=\"canonical\" href=\"https:\/\/bebijn.be\/fr\/produit\/citron-vert-basilic-52\/\" \/>\n<script type=\"application\/ld+json\" class=\"yoast-schema-graph\">{\"@context\":\"https:\\\/\\\/schema.org\",\"@graph\":[{\"@type\":\"WebPage\",\"@id\":\"https:\\\/\\\/bebijn.be\\\/product\\\/limoen-citroengras\\\/\",\"url\":\"https:\\\/\\\/bebijn.be\\\/product\\\/limoen-citroengras\\\/\",\"name\":\"Limoen \u2022 Citroengras - Artisanale snoep op maat | Bebijn\",\"isPartOf\":{\"@id\":\"https:\\\/\\\/bebijn.be\\\/#website\"},\"primaryImageOfPage\":{\"@id\":\"https:\\\/\\\/bebijn.be\\\/product\\\/limoen-citroengras\\\/#primaryimage\"},\"image\":{\"@id\":\"https:\\\/\\\/bebijn.be\\\/product\\\/limoen-citroengras\\\/#primaryimage\"},\"thumbnailUrl\":\"https:\\\/\\\/bebijn.be\\\/wp-content\\\/uploads\\\/2025\\\/01\\\/033-groen.jpg\",\"datePublished\":\"2025-01-25T09:48:03+00:00\",\"dateModified\":\"2026-03-27T09:19:24+00:00\",\"description\":\"Bebijn snoepje met limoen en citroengras: citrus ontmoet pittige kruidigheid in een verfijnde, verkwikkende smaak. \ud83c\udf4b\ud83c\udf3f\ud83c\udf6c\",\"breadcrumb\":{\"@id\":\"https:\\\/\\\/bebijn.be\\\/product\\\/limoen-citroengras\\\/#breadcrumb\"},\"inLanguage\":\"fr-BE\",\"potentialAction\":[{\"@type\":\"ReadAction\",\"target\":[\"https:\\\/\\\/bebijn.be\\\/product\\\/limoen-citroengras\\\/\"]}]},{\"@type\":\"ImageObject\",\"inLanguage\":\"fr-BE\",\"@id\":\"https:\\\/\\\/bebijn.be\\\/product\\\/limoen-citroengras\\\/#primaryimage\",\"url\":\"https:\\\/\\\/bebijn.be\\\/wp-content\\\/uploads\\\/2025\\\/01\\\/033-groen.jpg\",\"contentUrl\":\"https:\\\/\\\/bebijn.be\\\/wp-content\\\/uploads\\\/2025\\\/01\\\/033-groen.jpg\",\"width\":800,\"height\":800},{\"@type\":\"BreadcrumbList\",\"@id\":\"https:\\\/\\\/bebijn.be\\\/product\\\/limoen-citroengras\\\/#breadcrumb\",\"itemListElement\":[{\"@type\":\"ListItem\",\"position\":1,\"name\":\"Home\",\"item\":\"https:\\\/\\\/bebijn.be\\\/\"},{\"@type\":\"ListItem\",\"position\":2,\"name\":\"Winkel Bebijn\",\"item\":\"https:\\\/\\\/bebijn.be\\\/winkel-bebijn\\\/\"},{\"@type\":\"ListItem\",\"position\":3,\"name\":\"Limoen \u2022 Citroengras\"}]},{\"@type\":\"WebSite\",\"@id\":\"https:\\\/\\\/bebijn.be\\\/#website\",\"url\":\"https:\\\/\\\/bebijn.be\\\/\",\"name\":\"Bebijn | Artisanale snoep op maat\",\"description\":\"confiserie en snoep voor gastronomie marketing geschenk\",\"publisher\":{\"@id\":\"https:\\\/\\\/bebijn.be\\\/#organization\"},\"potentialAction\":[{\"@type\":\"SearchAction\",\"target\":{\"@type\":\"EntryPoint\",\"urlTemplate\":\"https:\\\/\\\/bebijn.be\\\/?s={search_term_string}\"},\"query-input\":{\"@type\":\"PropertyValueSpecification\",\"valueRequired\":true,\"valueName\":\"search_term_string\"}}],\"inLanguage\":\"fr-BE\"},{\"@type\":\"Organization\",\"@id\":\"https:\\\/\\\/bebijn.be\\\/#organization\",\"name\":\"Bebijn\",\"url\":\"https:\\\/\\\/bebijn.be\\\/\",\"logo\":{\"@type\":\"ImageObject\",\"inLanguage\":\"fr-BE\",\"@id\":\"https:\\\/\\\/bebijn.be\\\/#\\\/schema\\\/logo\\\/image\\\/\",\"url\":\"https:\\\/\\\/bebijn.be\\\/wp-content\\\/uploads\\\/2024\\\/12\\\/Bebijn-Logo-RGB-v1.png\",\"contentUrl\":\"https:\\\/\\\/bebijn.be\\\/wp-content\\\/uploads\\\/2024\\\/12\\\/Bebijn-Logo-RGB-v1.png\",\"width\":800,\"height\":800,\"caption\":\"Bebijn\"},\"image\":{\"@id\":\"https:\\\/\\\/bebijn.be\\\/#\\\/schema\\\/logo\\\/image\\\/\"},\"sameAs\":[\"https:\\\/\\\/www.facebook.com\\\/bebijn\\\/\",\"https:\\\/\\\/www.instagram.com\\\/bebijn.sweets\\\/\"]}]}<\/script>\n<meta property=\"product:price:amount\" content=\"33.00\" \/>\n<meta property=\"product:price:currency\" content=\"EUR\" \/>\n<meta property=\"og:availability\" content=\"out of stock\" \/>\n<meta property=\"product:availability\" content=\"out of stock\" \/>\n<meta property=\"product:retailer_item_id\" content=\"5076\" \/>\n<meta property=\"product:condition\" content=\"new\" \/>\n<!-- \/ Yoast SEO Premium plugin. -->","yoast_head_json":{"title":"Citron vert - Citronnelle - Confiseries artisanales personnalis\u00e9es | Bebijn","description":"Bonbon Bebi au citron vert et \u00e0 la citronnelle : les agrumes rencontrent le piquant dans une saveur raffin\u00e9e et vivifiante. \ud83c\udf4b\ud83c\udf3f\ud83c\udf6c","robots":{"index":"index","follow":"follow","max-snippet":"max-snippet:-1","max-image-preview":"max-image-preview:large","max-video-preview":"max-video-preview:-1"},"canonical":"https:\/\/bebijn.be\/fr\/produit\/citron-vert-basilic-52\/","schema":{"@context":"https:\/\/schema.org","@graph":[{"@type":"WebPage","@id":"https:\/\/bebijn.be\/product\/limoen-citroengras\/","url":"https:\/\/bebijn.be\/product\/limoen-citroengras\/","name":"Citron vert - Citronnelle - Confiseries artisanales personnalis\u00e9es | Bebijn","isPartOf":{"@id":"https:\/\/bebijn.be\/#website"},"primaryImageOfPage":{"@id":"https:\/\/bebijn.be\/product\/limoen-citroengras\/#primaryimage"},"image":{"@id":"https:\/\/bebijn.be\/product\/limoen-citroengras\/#primaryimage"},"thumbnailUrl":"https:\/\/bebijn.be\/wp-content\/uploads\/2025\/01\/033-groen.jpg","datePublished":"2025-01-25T09:48:03+00:00","dateModified":"2026-03-27T09:19:24+00:00","description":"Bonbon Bebi au citron vert et \u00e0 la citronnelle : les agrumes rencontrent le piquant dans une saveur raffin\u00e9e et vivifiante. \ud83c\udf4b\ud83c\udf3f\ud83c\udf6c","breadcrumb":{"@id":"https:\/\/bebijn.be\/product\/limoen-citroengras\/#breadcrumb"},"inLanguage":"fr-BE","potentialAction":[{"@type":"ReadAction","target":["https:\/\/bebijn.be\/product\/limoen-citroengras\/"]}]},{"@type":"ImageObject","inLanguage":"fr-BE","@id":"https:\/\/bebijn.be\/product\/limoen-citroengras\/#primaryimage","url":"https:\/\/bebijn.be\/wp-content\/uploads\/2025\/01\/033-groen.jpg","contentUrl":"https:\/\/bebijn.be\/wp-content\/uploads\/2025\/01\/033-groen.jpg","width":800,"height":800},{"@type":"BreadcrumbList","@id":"https:\/\/bebijn.be\/product\/limoen-citroengras\/#breadcrumb","itemListElement":[{"@type":"ListItem","position":1,"name":"Home","item":"https:\/\/bebijn.be\/"},{"@type":"ListItem","position":2,"name":"Winkel Bebijn","item":"https:\/\/bebijn.be\/winkel-bebijn\/"},{"@type":"ListItem","position":3,"name":"Limoen \u2022 Citroengras"}]},{"@type":"WebSite","@id":"https:\/\/bebijn.be\/#website","url":"https:\/\/bebijn.be\/","name":"Bebijn | Sucreries artisanales personnalis\u00e9es","description":"confiserie et bonbons pour la gastronomie cadeau marketing","publisher":{"@id":"https:\/\/bebijn.be\/#organization"},"potentialAction":[{"@type":"SearchAction","target":{"@type":"EntryPoint","urlTemplate":"https:\/\/bebijn.be\/?s={search_term_string}"},"query-input":{"@type":"PropertyValueSpecification","valueRequired":true,"valueName":"search_term_string"}}],"inLanguage":"fr-BE"},{"@type":"Organization","@id":"https:\/\/bebijn.be\/#organization","name":"Bebijn","url":"https:\/\/bebijn.be\/","logo":{"@type":"ImageObject","inLanguage":"fr-BE","@id":"https:\/\/bebijn.be\/#\/schema\/logo\/image\/","url":"https:\/\/bebijn.be\/wp-content\/uploads\/2024\/12\/Bebijn-Logo-RGB-v1.png","contentUrl":"https:\/\/bebijn.be\/wp-content\/uploads\/2024\/12\/Bebijn-Logo-RGB-v1.png","width":800,"height":800,"caption":"Bebijn"},"image":{"@id":"https:\/\/bebijn.be\/#\/schema\/logo\/image\/"},"sameAs":["https:\/\/www.facebook.com\/bebijn\/","https:\/\/www.instagram.com\/bebijn.sweets\/"]}]},"product_price_amount":"33.00","product_price_currency":"EUR","og_availability":"out of stock","product_availability":"out of stock","product_retailer_item_id":"5076","product_condition":"new"},"_links":{"self":[{"href":"https:\/\/bebijn.be\/fr\/wp-json\/wp\/v2\/product\/17365","targetHints":{"allow":["GET"]}}],"collection":[{"href":"https:\/\/bebijn.be\/fr\/wp-json\/wp\/v2\/product"}],"about":[{"href":"https:\/\/bebijn.be\/fr\/wp-json\/wp\/v2\/types\/product"}],"version-history":[{"count":3,"href":"https:\/\/bebijn.be\/fr\/wp-json\/wp\/v2\/product\/17365\/revisions"}],"predecessor-version":[{"id":19478,"href":"https:\/\/bebijn.be\/fr\/wp-json\/wp\/v2\/product\/17365\/revisions\/19478"}],"wp:featuredmedia":[{"embeddable":true,"href":"https:\/\/bebijn.be\/fr\/wp-json\/wp\/v2\/media\/16956"}],"wp:attachment":[{"href":"https:\/\/bebijn.be\/fr\/wp-json\/wp\/v2\/media?parent=17365"}],"wp:term":[{"taxonomy":"product_brand","embeddable":true,"href":"https:\/\/bebijn.be\/fr\/wp-json\/wp\/v2\/product_brand?post=17365"},{"taxonomy":"product_cat","embeddable":true,"href":"https:\/\/bebijn.be\/fr\/wp-json\/wp\/v2\/product_cat?post=17365"},{"taxonomy":"product_tag","embeddable":true,"href":"https:\/\/bebijn.be\/fr\/wp-json\/wp\/v2\/product_tag?post=17365"}],"curies":[{"name":"wp","href":"https:\/\/api.w.org\/{rel}","templated":true}]}}