{"id":17383,"date":"2025-01-25T10:48:24","date_gmt":"2025-01-25T09:48:24","guid":{"rendered":"https:\/\/deezine.be\/bebijn\/?post_type=product&#038;p=17383"},"modified":"2026-03-13T11:25:34","modified_gmt":"2026-03-13T09:25:34","slug":"gingembre-cumin-19","status":"publish","type":"product","link":"https:\/\/bebijn.be\/fr\/product\/cherimoya-salie\/","title":{"rendered":"Ch\u00e9rimole - Sauge"},"content":{"rendered":"<p data-start=\"84\" data-end=\"538\"><strong data-start=\"114\" data-end=\"155\">Bonbons Bebi \u00e0 la ch\u00e9rimole et \u00e0 la sauge<\/strong> est une rencontre particuli\u00e8re entre l'onctuosit\u00e9 tropicale et la sophistication \u00e9pic\u00e9e. La ch\u00e9rimole, souvent appel\u00e9e \"pomme cr\u00e8me\", apporte une douceur exotique avec des notes de banane, de p\u00eache et de vanille. La sauge ajoute une touche l\u00e9g\u00e8rement \u00e9pic\u00e9e et aromatique, apportant profondeur et \u00e9l\u00e9gance. Ensemble, ils forment une saveur superpos\u00e9e et surprenante, \u00e0 la fois chaude et fra\u00eeche.<\/p>\n<p data-start=\"540\" data-end=\"663\">Id\u00e9al pour accompagner le caf\u00e9 comme mignardise, l'addition, une douceur \u00e0 d\u00e9guster ou \u00e0 offrir comme cadeau original.<\/p>\n<p data-start=\"665\" data-end=\"808\">Un r\u00e9gal pour ceux qui aiment les combinaisons uniques et gourmandes, dans lesquelles la douceur tropicale et la finesse \u00e9pic\u00e9e sont parfaitement \u00e9quilibr\u00e9es.<\/p>","protected":false},"excerpt":{"rendered":"<p data-start=\"84\" data-end=\"538\"><strong data-start=\"114\" data-end=\"155\">Bonbons Bebi \u00e0 la ch\u00e9rimole et \u00e0 la sauge<\/strong> est une rencontre particuli\u00e8re entre l'onctuosit\u00e9 tropicale et la sophistication \u00e9pic\u00e9e. La ch\u00e9rimole, souvent appel\u00e9e \"pomme cr\u00e8me\", apporte une douceur exotique avec des notes de banane, de p\u00eache et de vanille. La sauge ajoute une touche l\u00e9g\u00e8rement \u00e9pic\u00e9e et aromatique, apportant profondeur et \u00e9l\u00e9gance. Ensemble, ils forment une saveur superpos\u00e9e et surprenante, \u00e0 la fois chaude et fra\u00eeche.<\/p>\n<p data-start=\"540\" data-end=\"663\">Id\u00e9al pour accompagner le caf\u00e9 comme mignardise, l'addition, une douceur \u00e0 d\u00e9guster ou \u00e0 offrir comme cadeau original.<\/p>\n<p data-start=\"665\" data-end=\"808\">Un r\u00e9gal pour ceux qui aiment les combinaisons uniques et gourmandes, dans lesquelles la douceur tropicale et la finesse \u00e9pic\u00e9e sont parfaitement \u00e9quilibr\u00e9es.<\/p>","protected":false},"featured_media":16935,"template":"","meta":[],"product_brand":[],"product_cat":[69],"product_tag":[],"class_list":{"0":"post-17383","1":"product","2":"type-product","3":"status-publish","4":"has-post-thumbnail","6":"product_cat-bebijn-assortiment-gommen","8":"first","9":"instock","10":"taxable","11":"shipping-taxable","12":"purchasable","13":"product-type-simple"},"yoast_head":"<!-- This site is optimized with the Yoast SEO Premium plugin v24.2 (Yoast SEO v27.4) - https:\/\/yoast.com\/product\/yoast-seo-premium-wordpress\/ -->\n<title>Cherimoya \u2022 Salie - Artisanale snoep op maat | Bebijn<\/title>\n<meta name=\"description\" content=\"Bebijn snoepje met cherimoya en salie: zachte tropische fluwelen zoetheid ontmoet kruidige elegantie in een betoverende harmonie. \ud83c\udf3f\ud83c\udf6c\" \/>\n<meta name=\"robots\" content=\"index, follow, max-snippet:-1, max-image-preview:large, max-video-preview:-1\" \/>\n<link rel=\"canonical\" href=\"https:\/\/bebijn.be\/fr\/produit\/gingembre-cumin-19\/\" \/>\n<script type=\"application\/ld+json\" class=\"yoast-schema-graph\">{\"@context\":\"https:\\\/\\\/schema.org\",\"@graph\":[{\"@type\":\"WebPage\",\"@id\":\"https:\\\/\\\/bebijn.be\\\/product\\\/cherimoya-salie\\\/\",\"url\":\"https:\\\/\\\/bebijn.be\\\/product\\\/cherimoya-salie\\\/\",\"name\":\"Cherimoya \u2022 Salie - Artisanale snoep op maat | Bebijn\",\"isPartOf\":{\"@id\":\"https:\\\/\\\/bebijn.be\\\/#website\"},\"primaryImageOfPage\":{\"@id\":\"https:\\\/\\\/bebijn.be\\\/product\\\/cherimoya-salie\\\/#primaryimage\"},\"image\":{\"@id\":\"https:\\\/\\\/bebijn.be\\\/product\\\/cherimoya-salie\\\/#primaryimage\"},\"thumbnailUrl\":\"https:\\\/\\\/bebijn.be\\\/wp-content\\\/uploads\\\/2025\\\/01\\\/027-groen.jpg\",\"datePublished\":\"2025-01-25T09:48:24+00:00\",\"dateModified\":\"2026-03-13T09:25:34+00:00\",\"description\":\"Bebijn snoepje met cherimoya en salie: zachte tropische fluwelen zoetheid ontmoet kruidige elegantie in een betoverende harmonie. \ud83c\udf3f\ud83c\udf6c\",\"breadcrumb\":{\"@id\":\"https:\\\/\\\/bebijn.be\\\/product\\\/cherimoya-salie\\\/#breadcrumb\"},\"inLanguage\":\"fr-BE\",\"potentialAction\":[{\"@type\":\"ReadAction\",\"target\":[\"https:\\\/\\\/bebijn.be\\\/product\\\/cherimoya-salie\\\/\"]}]},{\"@type\":\"ImageObject\",\"inLanguage\":\"fr-BE\",\"@id\":\"https:\\\/\\\/bebijn.be\\\/product\\\/cherimoya-salie\\\/#primaryimage\",\"url\":\"https:\\\/\\\/bebijn.be\\\/wp-content\\\/uploads\\\/2025\\\/01\\\/027-groen.jpg\",\"contentUrl\":\"https:\\\/\\\/bebijn.be\\\/wp-content\\\/uploads\\\/2025\\\/01\\\/027-groen.jpg\",\"width\":800,\"height\":800},{\"@type\":\"BreadcrumbList\",\"@id\":\"https:\\\/\\\/bebijn.be\\\/product\\\/cherimoya-salie\\\/#breadcrumb\",\"itemListElement\":[{\"@type\":\"ListItem\",\"position\":1,\"name\":\"Home\",\"item\":\"https:\\\/\\\/bebijn.be\\\/\"},{\"@type\":\"ListItem\",\"position\":2,\"name\":\"Winkel Bebijn\",\"item\":\"https:\\\/\\\/bebijn.be\\\/winkel-bebijn\\\/\"},{\"@type\":\"ListItem\",\"position\":3,\"name\":\"Cherimoya \u2022 Salie\"}]},{\"@type\":\"WebSite\",\"@id\":\"https:\\\/\\\/bebijn.be\\\/#website\",\"url\":\"https:\\\/\\\/bebijn.be\\\/\",\"name\":\"Bebijn | Artisanale snoep op maat\",\"description\":\"confiserie en snoep voor gastronomie marketing geschenk\",\"publisher\":{\"@id\":\"https:\\\/\\\/bebijn.be\\\/#organization\"},\"potentialAction\":[{\"@type\":\"SearchAction\",\"target\":{\"@type\":\"EntryPoint\",\"urlTemplate\":\"https:\\\/\\\/bebijn.be\\\/?s={search_term_string}\"},\"query-input\":{\"@type\":\"PropertyValueSpecification\",\"valueRequired\":true,\"valueName\":\"search_term_string\"}}],\"inLanguage\":\"fr-BE\"},{\"@type\":\"Organization\",\"@id\":\"https:\\\/\\\/bebijn.be\\\/#organization\",\"name\":\"Bebijn\",\"url\":\"https:\\\/\\\/bebijn.be\\\/\",\"logo\":{\"@type\":\"ImageObject\",\"inLanguage\":\"fr-BE\",\"@id\":\"https:\\\/\\\/bebijn.be\\\/#\\\/schema\\\/logo\\\/image\\\/\",\"url\":\"https:\\\/\\\/bebijn.be\\\/wp-content\\\/uploads\\\/2024\\\/12\\\/Bebijn-Logo-RGB-v1.png\",\"contentUrl\":\"https:\\\/\\\/bebijn.be\\\/wp-content\\\/uploads\\\/2024\\\/12\\\/Bebijn-Logo-RGB-v1.png\",\"width\":800,\"height\":800,\"caption\":\"Bebijn\"},\"image\":{\"@id\":\"https:\\\/\\\/bebijn.be\\\/#\\\/schema\\\/logo\\\/image\\\/\"},\"sameAs\":[\"https:\\\/\\\/www.facebook.com\\\/bebijn\\\/\",\"https:\\\/\\\/www.instagram.com\\\/bebijn.sweets\\\/\"]}]}<\/script>\n<meta property=\"product:price:amount\" content=\"33.00\" \/>\n<meta property=\"product:price:currency\" content=\"EUR\" \/>\n<meta property=\"og:availability\" content=\"instock\" \/>\n<meta property=\"product:availability\" content=\"instock\" \/>\n<meta property=\"product:retailer_item_id\" content=\"5102\" \/>\n<meta property=\"product:condition\" content=\"new\" \/>\n<!-- \/ Yoast SEO Premium plugin. -->","yoast_head_json":{"title":"Cherimoya - Sage - Confiseries artisanales sur commande | Bebijn","description":"Bonbon Bebi \u00e0 la ch\u00e9rimole et \u00e0 la sauge : la douceur velout\u00e9e tropicale rencontre l'\u00e9l\u00e9gance \u00e9pic\u00e9e dans une harmonie enchanteresse. \ud83c\udf3f\ud83c\udf6c","robots":{"index":"index","follow":"follow","max-snippet":"max-snippet:-1","max-image-preview":"max-image-preview:large","max-video-preview":"max-video-preview:-1"},"canonical":"https:\/\/bebijn.be\/fr\/produit\/gingembre-cumin-19\/","schema":{"@context":"https:\/\/schema.org","@graph":[{"@type":"WebPage","@id":"https:\/\/bebijn.be\/product\/cherimoya-salie\/","url":"https:\/\/bebijn.be\/product\/cherimoya-salie\/","name":"Cherimoya - Sage - Confiseries artisanales sur commande | Bebijn","isPartOf":{"@id":"https:\/\/bebijn.be\/#website"},"primaryImageOfPage":{"@id":"https:\/\/bebijn.be\/product\/cherimoya-salie\/#primaryimage"},"image":{"@id":"https:\/\/bebijn.be\/product\/cherimoya-salie\/#primaryimage"},"thumbnailUrl":"https:\/\/bebijn.be\/wp-content\/uploads\/2025\/01\/027-groen.jpg","datePublished":"2025-01-25T09:48:24+00:00","dateModified":"2026-03-13T09:25:34+00:00","description":"Bonbon Bebi \u00e0 la ch\u00e9rimole et \u00e0 la sauge : la douceur velout\u00e9e tropicale rencontre l'\u00e9l\u00e9gance \u00e9pic\u00e9e dans une harmonie enchanteresse. \ud83c\udf3f\ud83c\udf6c","breadcrumb":{"@id":"https:\/\/bebijn.be\/product\/cherimoya-salie\/#breadcrumb"},"inLanguage":"fr-BE","potentialAction":[{"@type":"ReadAction","target":["https:\/\/bebijn.be\/product\/cherimoya-salie\/"]}]},{"@type":"ImageObject","inLanguage":"fr-BE","@id":"https:\/\/bebijn.be\/product\/cherimoya-salie\/#primaryimage","url":"https:\/\/bebijn.be\/wp-content\/uploads\/2025\/01\/027-groen.jpg","contentUrl":"https:\/\/bebijn.be\/wp-content\/uploads\/2025\/01\/027-groen.jpg","width":800,"height":800},{"@type":"BreadcrumbList","@id":"https:\/\/bebijn.be\/product\/cherimoya-salie\/#breadcrumb","itemListElement":[{"@type":"ListItem","position":1,"name":"Home","item":"https:\/\/bebijn.be\/"},{"@type":"ListItem","position":2,"name":"Winkel Bebijn","item":"https:\/\/bebijn.be\/winkel-bebijn\/"},{"@type":"ListItem","position":3,"name":"Cherimoya \u2022 Salie"}]},{"@type":"WebSite","@id":"https:\/\/bebijn.be\/#website","url":"https:\/\/bebijn.be\/","name":"Bebijn | Sucreries artisanales personnalis\u00e9es","description":"confiserie et bonbons pour la gastronomie cadeau marketing","publisher":{"@id":"https:\/\/bebijn.be\/#organization"},"potentialAction":[{"@type":"SearchAction","target":{"@type":"EntryPoint","urlTemplate":"https:\/\/bebijn.be\/?s={search_term_string}"},"query-input":{"@type":"PropertyValueSpecification","valueRequired":true,"valueName":"search_term_string"}}],"inLanguage":"fr-BE"},{"@type":"Organization","@id":"https:\/\/bebijn.be\/#organization","name":"Bebijn","url":"https:\/\/bebijn.be\/","logo":{"@type":"ImageObject","inLanguage":"fr-BE","@id":"https:\/\/bebijn.be\/#\/schema\/logo\/image\/","url":"https:\/\/bebijn.be\/wp-content\/uploads\/2024\/12\/Bebijn-Logo-RGB-v1.png","contentUrl":"https:\/\/bebijn.be\/wp-content\/uploads\/2024\/12\/Bebijn-Logo-RGB-v1.png","width":800,"height":800,"caption":"Bebijn"},"image":{"@id":"https:\/\/bebijn.be\/#\/schema\/logo\/image\/"},"sameAs":["https:\/\/www.facebook.com\/bebijn\/","https:\/\/www.instagram.com\/bebijn.sweets\/"]}]},"product_price_amount":"33.00","product_price_currency":"EUR","og_availability":"instock","product_availability":"instock","product_retailer_item_id":"5102","product_condition":"new"},"_links":{"self":[{"href":"https:\/\/bebijn.be\/fr\/wp-json\/wp\/v2\/product\/17383","targetHints":{"allow":["GET"]}}],"collection":[{"href":"https:\/\/bebijn.be\/fr\/wp-json\/wp\/v2\/product"}],"about":[{"href":"https:\/\/bebijn.be\/fr\/wp-json\/wp\/v2\/types\/product"}],"version-history":[{"count":4,"href":"https:\/\/bebijn.be\/fr\/wp-json\/wp\/v2\/product\/17383\/revisions"}],"predecessor-version":[{"id":19466,"href":"https:\/\/bebijn.be\/fr\/wp-json\/wp\/v2\/product\/17383\/revisions\/19466"}],"wp:featuredmedia":[{"embeddable":true,"href":"https:\/\/bebijn.be\/fr\/wp-json\/wp\/v2\/media\/16935"}],"wp:attachment":[{"href":"https:\/\/bebijn.be\/fr\/wp-json\/wp\/v2\/media?parent=17383"}],"wp:term":[{"taxonomy":"product_brand","embeddable":true,"href":"https:\/\/bebijn.be\/fr\/wp-json\/wp\/v2\/product_brand?post=17383"},{"taxonomy":"product_cat","embeddable":true,"href":"https:\/\/bebijn.be\/fr\/wp-json\/wp\/v2\/product_cat?post=17383"},{"taxonomy":"product_tag","embeddable":true,"href":"https:\/\/bebijn.be\/fr\/wp-json\/wp\/v2\/product_tag?post=17383"}],"curies":[{"name":"wp","href":"https:\/\/api.w.org\/{rel}","templated":true}]}}