{"id":17385,"date":"2025-01-25T10:48:24","date_gmt":"2025-01-25T09:48:24","guid":{"rendered":"https:\/\/deezine.be\/bebijn\/?post_type=product&#038;p=17385"},"modified":"2026-04-15T13:51:20","modified_gmt":"2026-04-15T11:51:20","slug":"cola-cerise","status":"publish","type":"product","link":"https:\/\/bebijn.be\/fr\/product\/cola-kers\/","title":{"rendered":"Coca - Cerise"},"content":{"rendered":"<p data-start=\"185\" data-end=\"587\"><strong data-start=\"215\" data-end=\"256\">Gomme acidul\u00e9e Bebine au cola et \u00e0 la cerise<\/strong> est une friandise vivante et surprenante. Le cola p\u00e9tillant donne une saveur sucr\u00e9e-\u00e9pic\u00e9e reconnaissable, tandis que la cerise apporte une touche juteuse et fruit\u00e9e. La couche acidul\u00e9e ajoute une touche piquante qui la rend excitante et ludique. L'ensemble cr\u00e9e un chewing-gum \u00e9nergique et fruit\u00e9 qui est \u00e0 la fois stimulant et irr\u00e9sistible.<\/p>\n<p data-start=\"589\" data-end=\"712\">Id\u00e9al pour accompagner le caf\u00e9 comme mignardise, l'addition, une douceur \u00e0 d\u00e9guster ou \u00e0 offrir comme cadeau original.<\/p>\n<p data-start=\"714\" data-end=\"824\">Un snack pour ceux qui aiment les saveurs ludiques, fruit\u00e9es et l\u00e9g\u00e8rement \u00e9pic\u00e9es, avec une touche de fra\u00eecheur et de piquant.<\/p>\n<p>&nbsp;<\/p>","protected":false},"excerpt":{"rendered":"<p data-start=\"185\" data-end=\"587\"><strong data-start=\"215\" data-end=\"256\">Gomme acidul\u00e9e Bebine au cola et \u00e0 la cerise<\/strong> est une friandise vivante et surprenante. Le cola p\u00e9tillant donne une saveur sucr\u00e9e-\u00e9pic\u00e9e reconnaissable, tandis que la cerise apporte une touche juteuse et fruit\u00e9e. La couche acidul\u00e9e ajoute une touche piquante qui la rend excitante et ludique. L'ensemble cr\u00e9e un chewing-gum \u00e9nergique et fruit\u00e9 qui est \u00e0 la fois stimulant et irr\u00e9sistible.<\/p>\n<p data-start=\"589\" data-end=\"712\">Id\u00e9al pour accompagner le caf\u00e9 comme mignardise, l'addition, une douceur \u00e0 d\u00e9guster ou \u00e0 offrir comme cadeau original.<\/p>\n<p data-start=\"714\" data-end=\"824\">Un snack pour ceux qui aiment les saveurs ludiques, fruit\u00e9es et l\u00e9g\u00e8rement \u00e9pic\u00e9es, avec une touche de fra\u00eecheur et de piquant.<\/p>\n<p>&nbsp;<\/p>","protected":false},"featured_media":19849,"template":"","meta":[],"product_brand":[],"product_cat":[74],"product_tag":[],"class_list":{"0":"post-17385","1":"product","2":"type-product","3":"status-publish","4":"has-post-thumbnail","6":"product_cat-cola","8":"first","9":"instock","10":"taxable","11":"shipping-taxable","12":"purchasable","13":"product-type-simple"},"yoast_head":"<!-- This site is optimized with the Yoast SEO Premium plugin v24.2 (Yoast SEO v27.4) - https:\/\/yoast.com\/product\/yoast-seo-premium-wordpress\/ -->\n<title>Cola \u2022 Kers - Artisanale snoep op maat | Bebijn<\/title>\n<meta name=\"description\" content=\"Bebijn zuur gommetje met cola en kers: bruisende cola en sappige kers met een pittige, speelse zure kick. \ud83e\udd64\ud83c\udf52\ud83c\udf6c\" \/>\n<meta name=\"robots\" content=\"index, follow, max-snippet:-1, max-image-preview:large, max-video-preview:-1\" \/>\n<link rel=\"canonical\" href=\"https:\/\/bebijn.be\/fr\/produit\/cola-cerise\/\" \/>\n<script type=\"application\/ld+json\" class=\"yoast-schema-graph\">{\"@context\":\"https:\\\/\\\/schema.org\",\"@graph\":[{\"@type\":\"WebPage\",\"@id\":\"https:\\\/\\\/bebijn.be\\\/product\\\/cola-kers\\\/\",\"url\":\"https:\\\/\\\/bebijn.be\\\/product\\\/cola-kers\\\/\",\"name\":\"Cola \u2022 Kers - Artisanale snoep op maat | Bebijn\",\"isPartOf\":{\"@id\":\"https:\\\/\\\/bebijn.be\\\/#website\"},\"primaryImageOfPage\":{\"@id\":\"https:\\\/\\\/bebijn.be\\\/product\\\/cola-kers\\\/#primaryimage\"},\"image\":{\"@id\":\"https:\\\/\\\/bebijn.be\\\/product\\\/cola-kers\\\/#primaryimage\"},\"thumbnailUrl\":\"https:\\\/\\\/bebijn.be\\\/wp-content\\\/uploads\\\/2025\\\/01\\\/056-cola-rood-bruin-snoep.jpg\",\"datePublished\":\"2025-01-25T09:48:24+00:00\",\"dateModified\":\"2026-04-15T11:51:20+00:00\",\"description\":\"Bebijn zuur gommetje met cola en kers: bruisende cola en sappige kers met een pittige, speelse zure kick. \ud83e\udd64\ud83c\udf52\ud83c\udf6c\",\"breadcrumb\":{\"@id\":\"https:\\\/\\\/bebijn.be\\\/product\\\/cola-kers\\\/#breadcrumb\"},\"inLanguage\":\"fr-BE\",\"potentialAction\":[{\"@type\":\"ReadAction\",\"target\":[\"https:\\\/\\\/bebijn.be\\\/product\\\/cola-kers\\\/\"]}]},{\"@type\":\"ImageObject\",\"inLanguage\":\"fr-BE\",\"@id\":\"https:\\\/\\\/bebijn.be\\\/product\\\/cola-kers\\\/#primaryimage\",\"url\":\"https:\\\/\\\/bebijn.be\\\/wp-content\\\/uploads\\\/2025\\\/01\\\/056-cola-rood-bruin-snoep.jpg\",\"contentUrl\":\"https:\\\/\\\/bebijn.be\\\/wp-content\\\/uploads\\\/2025\\\/01\\\/056-cola-rood-bruin-snoep.jpg\",\"width\":800,\"height\":800},{\"@type\":\"BreadcrumbList\",\"@id\":\"https:\\\/\\\/bebijn.be\\\/product\\\/cola-kers\\\/#breadcrumb\",\"itemListElement\":[{\"@type\":\"ListItem\",\"position\":1,\"name\":\"Home\",\"item\":\"https:\\\/\\\/bebijn.be\\\/\"},{\"@type\":\"ListItem\",\"position\":2,\"name\":\"Winkel Bebijn\",\"item\":\"https:\\\/\\\/bebijn.be\\\/winkel-bebijn\\\/\"},{\"@type\":\"ListItem\",\"position\":3,\"name\":\"Cola \u2022 Kers\"}]},{\"@type\":\"WebSite\",\"@id\":\"https:\\\/\\\/bebijn.be\\\/#website\",\"url\":\"https:\\\/\\\/bebijn.be\\\/\",\"name\":\"Bebijn | Artisanale snoep op maat\",\"description\":\"confiserie en snoep voor gastronomie marketing geschenk\",\"publisher\":{\"@id\":\"https:\\\/\\\/bebijn.be\\\/#organization\"},\"potentialAction\":[{\"@type\":\"SearchAction\",\"target\":{\"@type\":\"EntryPoint\",\"urlTemplate\":\"https:\\\/\\\/bebijn.be\\\/?s={search_term_string}\"},\"query-input\":{\"@type\":\"PropertyValueSpecification\",\"valueRequired\":true,\"valueName\":\"search_term_string\"}}],\"inLanguage\":\"fr-BE\"},{\"@type\":\"Organization\",\"@id\":\"https:\\\/\\\/bebijn.be\\\/#organization\",\"name\":\"Bebijn\",\"url\":\"https:\\\/\\\/bebijn.be\\\/\",\"logo\":{\"@type\":\"ImageObject\",\"inLanguage\":\"fr-BE\",\"@id\":\"https:\\\/\\\/bebijn.be\\\/#\\\/schema\\\/logo\\\/image\\\/\",\"url\":\"https:\\\/\\\/bebijn.be\\\/wp-content\\\/uploads\\\/2024\\\/12\\\/Bebijn-Logo-RGB-v1.png\",\"contentUrl\":\"https:\\\/\\\/bebijn.be\\\/wp-content\\\/uploads\\\/2024\\\/12\\\/Bebijn-Logo-RGB-v1.png\",\"width\":800,\"height\":800,\"caption\":\"Bebijn\"},\"image\":{\"@id\":\"https:\\\/\\\/bebijn.be\\\/#\\\/schema\\\/logo\\\/image\\\/\"},\"sameAs\":[\"https:\\\/\\\/www.facebook.com\\\/bebijn\\\/\",\"https:\\\/\\\/www.instagram.com\\\/bebijn.sweets\\\/\"]}]}<\/script>\n<meta property=\"product:price:amount\" content=\"33.00\" \/>\n<meta property=\"product:price:currency\" content=\"EUR\" \/>\n<meta property=\"og:availability\" content=\"instock\" \/>\n<meta property=\"product:availability\" content=\"instock\" \/>\n<meta property=\"product:retailer_item_id\" content=\"cokakers\" \/>\n<meta property=\"product:condition\" content=\"new\" \/>\n<!-- \/ Yoast SEO Premium plugin. -->","yoast_head_json":{"title":"Cola - Cerise - Bonbons artisanaux personnalis\u00e9s | Bebijn","description":"Gomme acidul\u00e9e Bebine au cola et \u00e0 la cerise : cola effervescent et cerise juteuse avec un coup de pouce acidul\u00e9 et ludique. \ud83e\udd64\ud83c\udf52\ud83c\udf6c","robots":{"index":"index","follow":"follow","max-snippet":"max-snippet:-1","max-image-preview":"max-image-preview:large","max-video-preview":"max-video-preview:-1"},"canonical":"https:\/\/bebijn.be\/fr\/produit\/cola-cerise\/","schema":{"@context":"https:\/\/schema.org","@graph":[{"@type":"WebPage","@id":"https:\/\/bebijn.be\/product\/cola-kers\/","url":"https:\/\/bebijn.be\/product\/cola-kers\/","name":"Cola - Cerise - Bonbons artisanaux personnalis\u00e9s | Bebijn","isPartOf":{"@id":"https:\/\/bebijn.be\/#website"},"primaryImageOfPage":{"@id":"https:\/\/bebijn.be\/product\/cola-kers\/#primaryimage"},"image":{"@id":"https:\/\/bebijn.be\/product\/cola-kers\/#primaryimage"},"thumbnailUrl":"https:\/\/bebijn.be\/wp-content\/uploads\/2025\/01\/056-cola-rood-bruin-snoep.jpg","datePublished":"2025-01-25T09:48:24+00:00","dateModified":"2026-04-15T11:51:20+00:00","description":"Gomme acidul\u00e9e Bebine au cola et \u00e0 la cerise : cola effervescent et cerise juteuse avec un coup de pouce acidul\u00e9 et ludique. \ud83e\udd64\ud83c\udf52\ud83c\udf6c","breadcrumb":{"@id":"https:\/\/bebijn.be\/product\/cola-kers\/#breadcrumb"},"inLanguage":"fr-BE","potentialAction":[{"@type":"ReadAction","target":["https:\/\/bebijn.be\/product\/cola-kers\/"]}]},{"@type":"ImageObject","inLanguage":"fr-BE","@id":"https:\/\/bebijn.be\/product\/cola-kers\/#primaryimage","url":"https:\/\/bebijn.be\/wp-content\/uploads\/2025\/01\/056-cola-rood-bruin-snoep.jpg","contentUrl":"https:\/\/bebijn.be\/wp-content\/uploads\/2025\/01\/056-cola-rood-bruin-snoep.jpg","width":800,"height":800},{"@type":"BreadcrumbList","@id":"https:\/\/bebijn.be\/product\/cola-kers\/#breadcrumb","itemListElement":[{"@type":"ListItem","position":1,"name":"Home","item":"https:\/\/bebijn.be\/"},{"@type":"ListItem","position":2,"name":"Winkel Bebijn","item":"https:\/\/bebijn.be\/winkel-bebijn\/"},{"@type":"ListItem","position":3,"name":"Cola \u2022 Kers"}]},{"@type":"WebSite","@id":"https:\/\/bebijn.be\/#website","url":"https:\/\/bebijn.be\/","name":"Bebijn | Sucreries artisanales personnalis\u00e9es","description":"confiserie et bonbons pour la gastronomie cadeau marketing","publisher":{"@id":"https:\/\/bebijn.be\/#organization"},"potentialAction":[{"@type":"SearchAction","target":{"@type":"EntryPoint","urlTemplate":"https:\/\/bebijn.be\/?s={search_term_string}"},"query-input":{"@type":"PropertyValueSpecification","valueRequired":true,"valueName":"search_term_string"}}],"inLanguage":"fr-BE"},{"@type":"Organization","@id":"https:\/\/bebijn.be\/#organization","name":"Bebijn","url":"https:\/\/bebijn.be\/","logo":{"@type":"ImageObject","inLanguage":"fr-BE","@id":"https:\/\/bebijn.be\/#\/schema\/logo\/image\/","url":"https:\/\/bebijn.be\/wp-content\/uploads\/2024\/12\/Bebijn-Logo-RGB-v1.png","contentUrl":"https:\/\/bebijn.be\/wp-content\/uploads\/2024\/12\/Bebijn-Logo-RGB-v1.png","width":800,"height":800,"caption":"Bebijn"},"image":{"@id":"https:\/\/bebijn.be\/#\/schema\/logo\/image\/"},"sameAs":["https:\/\/www.facebook.com\/bebijn\/","https:\/\/www.instagram.com\/bebijn.sweets\/"]}]},"product_price_amount":"33.00","product_price_currency":"EUR","og_availability":"instock","product_availability":"instock","product_retailer_item_id":"cokakers","product_condition":"new"},"_links":{"self":[{"href":"https:\/\/bebijn.be\/fr\/wp-json\/wp\/v2\/product\/17385","targetHints":{"allow":["GET"]}}],"collection":[{"href":"https:\/\/bebijn.be\/fr\/wp-json\/wp\/v2\/product"}],"about":[{"href":"https:\/\/bebijn.be\/fr\/wp-json\/wp\/v2\/types\/product"}],"version-history":[{"count":5,"href":"https:\/\/bebijn.be\/fr\/wp-json\/wp\/v2\/product\/17385\/revisions"}],"predecessor-version":[{"id":19873,"href":"https:\/\/bebijn.be\/fr\/wp-json\/wp\/v2\/product\/17385\/revisions\/19873"}],"wp:featuredmedia":[{"embeddable":true,"href":"https:\/\/bebijn.be\/fr\/wp-json\/wp\/v2\/media\/19849"}],"wp:attachment":[{"href":"https:\/\/bebijn.be\/fr\/wp-json\/wp\/v2\/media?parent=17385"}],"wp:term":[{"taxonomy":"product_brand","embeddable":true,"href":"https:\/\/bebijn.be\/fr\/wp-json\/wp\/v2\/product_brand?post=17385"},{"taxonomy":"product_cat","embeddable":true,"href":"https:\/\/bebijn.be\/fr\/wp-json\/wp\/v2\/product_cat?post=17385"},{"taxonomy":"product_tag","embeddable":true,"href":"https:\/\/bebijn.be\/fr\/wp-json\/wp\/v2\/product_tag?post=17385"}],"curies":[{"name":"wp","href":"https:\/\/api.w.org\/{rel}","templated":true}]}}