{"id":17386,"date":"2025-01-25T10:48:24","date_gmt":"2025-01-25T09:48:24","guid":{"rendered":"https:\/\/deezine.be\/bebijn\/?post_type=product&#038;p=17386"},"modified":"2026-03-27T11:19:24","modified_gmt":"2026-03-27T09:19:24","slug":"poire-vanille-3","status":"publish","type":"product","link":"https:\/\/bebijn.be\/fr\/product\/peer-gember\/","title":{"rendered":"Poire - Gingembre"},"content":{"rendered":"<p data-start=\"76\" data-end=\"443\"><strong data-start=\"106\" data-end=\"143\">Bonbons Bevin \u00e0 la poire et au gingembre<\/strong> est une rencontre \u00e9l\u00e9gante entre un fruit\u00e9 doux et une chaleur \u00e9pic\u00e9e. La poire apporte une douceur d\u00e9licate et mielleuse, tandis que le gingembre la rel\u00e8ve d'un piquant vif et \u00e9pic\u00e9. L'ensemble cr\u00e9e un \u00e9quilibre sophistiqu\u00e9 entre fra\u00eecheur et chaleur, douceur et piquant.<\/p>\n<p data-start=\"445\" data-end=\"568\">Id\u00e9al pour accompagner le caf\u00e9 comme mignardise, l'addition, une douceur \u00e0 d\u00e9guster ou \u00e0 offrir comme cadeau original.<\/p>\n<p data-start=\"570\" data-end=\"713\">Un r\u00e9gal pour ceux qui aiment les contrastes qui se renforcent mutuellement : une douceur subtile avec une touche \u00e9pic\u00e9e qui donne de la profondeur \u00e0 l'exp\u00e9rience gustative.<\/p>","protected":false},"excerpt":{"rendered":"<p data-start=\"76\" data-end=\"443\"><strong data-start=\"106\" data-end=\"143\">Bonbons Bevin \u00e0 la poire et au gingembre<\/strong> est une rencontre \u00e9l\u00e9gante entre un fruit\u00e9 doux et une chaleur \u00e9pic\u00e9e. La poire apporte une douceur d\u00e9licate et mielleuse, tandis que le gingembre la rel\u00e8ve d'un piquant vif et \u00e9pic\u00e9. L'ensemble cr\u00e9e un \u00e9quilibre sophistiqu\u00e9 entre fra\u00eecheur et chaleur, douceur et piquant.<\/p>\n<p data-start=\"445\" data-end=\"568\">Id\u00e9al pour accompagner le caf\u00e9 comme mignardise, l'addition, une douceur \u00e0 d\u00e9guster ou \u00e0 offrir comme cadeau original.<\/p>\n<p data-start=\"570\" data-end=\"713\">Un r\u00e9gal pour ceux qui aiment les contrastes qui se renforcent mutuellement : une douceur subtile avec une touche \u00e9pic\u00e9e qui donne de la profondeur \u00e0 l'exp\u00e9rience gustative.<\/p>","protected":false},"featured_media":16907,"template":"","meta":[],"product_brand":[],"product_cat":[70],"product_tag":[],"class_list":{"0":"post-17386","1":"product","2":"type-product","3":"status-publish","4":"has-post-thumbnail","6":"product_cat-uit-bebijn-assortiment","8":"first","9":"outofstock","10":"taxable","11":"shipping-taxable","12":"purchasable","13":"product-type-simple"},"yoast_head":"<!-- This site is optimized with the Yoast SEO Premium plugin v24.2 (Yoast SEO v27.4) - https:\/\/yoast.com\/product\/yoast-seo-premium-wordpress\/ -->\n<title>Peer \u2022 Gember - Artisanale snoep op maat | Bebijn<\/title>\n<meta name=\"description\" content=\"Bebijn snoepje met peer en gember: zachte fruitigheid ontmoet kruidige warmte in een verfijnde, prikkelende smaakbalans. \ud83c\udf50\ud83c\udf36\ufe0f\ud83c\udf6c\" \/>\n<meta name=\"robots\" content=\"index, follow, max-snippet:-1, max-image-preview:large, max-video-preview:-1\" \/>\n<link rel=\"canonical\" href=\"https:\/\/bebijn.be\/fr\/produit\/poire-vanille-3\/\" \/>\n<script type=\"application\/ld+json\" class=\"yoast-schema-graph\">{\"@context\":\"https:\\\/\\\/schema.org\",\"@graph\":[{\"@type\":\"WebPage\",\"@id\":\"https:\\\/\\\/bebijn.be\\\/product\\\/peer-gember\\\/\",\"url\":\"https:\\\/\\\/bebijn.be\\\/product\\\/peer-gember\\\/\",\"name\":\"Peer \u2022 Gember - Artisanale snoep op maat | Bebijn\",\"isPartOf\":{\"@id\":\"https:\\\/\\\/bebijn.be\\\/#website\"},\"primaryImageOfPage\":{\"@id\":\"https:\\\/\\\/bebijn.be\\\/product\\\/peer-gember\\\/#primaryimage\"},\"image\":{\"@id\":\"https:\\\/\\\/bebijn.be\\\/product\\\/peer-gember\\\/#primaryimage\"},\"thumbnailUrl\":\"https:\\\/\\\/bebijn.be\\\/wp-content\\\/uploads\\\/2025\\\/01\\\/019-doorz.jpg\",\"datePublished\":\"2025-01-25T09:48:24+00:00\",\"dateModified\":\"2026-03-27T09:19:24+00:00\",\"description\":\"Bebijn snoepje met peer en gember: zachte fruitigheid ontmoet kruidige warmte in een verfijnde, prikkelende smaakbalans. \ud83c\udf50\ud83c\udf36\ufe0f\ud83c\udf6c\",\"breadcrumb\":{\"@id\":\"https:\\\/\\\/bebijn.be\\\/product\\\/peer-gember\\\/#breadcrumb\"},\"inLanguage\":\"fr-BE\",\"potentialAction\":[{\"@type\":\"ReadAction\",\"target\":[\"https:\\\/\\\/bebijn.be\\\/product\\\/peer-gember\\\/\"]}]},{\"@type\":\"ImageObject\",\"inLanguage\":\"fr-BE\",\"@id\":\"https:\\\/\\\/bebijn.be\\\/product\\\/peer-gember\\\/#primaryimage\",\"url\":\"https:\\\/\\\/bebijn.be\\\/wp-content\\\/uploads\\\/2025\\\/01\\\/019-doorz.jpg\",\"contentUrl\":\"https:\\\/\\\/bebijn.be\\\/wp-content\\\/uploads\\\/2025\\\/01\\\/019-doorz.jpg\",\"width\":800,\"height\":800},{\"@type\":\"BreadcrumbList\",\"@id\":\"https:\\\/\\\/bebijn.be\\\/product\\\/peer-gember\\\/#breadcrumb\",\"itemListElement\":[{\"@type\":\"ListItem\",\"position\":1,\"name\":\"Home\",\"item\":\"https:\\\/\\\/bebijn.be\\\/\"},{\"@type\":\"ListItem\",\"position\":2,\"name\":\"Winkel Bebijn\",\"item\":\"https:\\\/\\\/bebijn.be\\\/winkel-bebijn\\\/\"},{\"@type\":\"ListItem\",\"position\":3,\"name\":\"Peer \u2022 Gember\"}]},{\"@type\":\"WebSite\",\"@id\":\"https:\\\/\\\/bebijn.be\\\/#website\",\"url\":\"https:\\\/\\\/bebijn.be\\\/\",\"name\":\"Bebijn | Artisanale snoep op maat\",\"description\":\"confiserie en snoep voor gastronomie marketing geschenk\",\"publisher\":{\"@id\":\"https:\\\/\\\/bebijn.be\\\/#organization\"},\"potentialAction\":[{\"@type\":\"SearchAction\",\"target\":{\"@type\":\"EntryPoint\",\"urlTemplate\":\"https:\\\/\\\/bebijn.be\\\/?s={search_term_string}\"},\"query-input\":{\"@type\":\"PropertyValueSpecification\",\"valueRequired\":true,\"valueName\":\"search_term_string\"}}],\"inLanguage\":\"fr-BE\"},{\"@type\":\"Organization\",\"@id\":\"https:\\\/\\\/bebijn.be\\\/#organization\",\"name\":\"Bebijn\",\"url\":\"https:\\\/\\\/bebijn.be\\\/\",\"logo\":{\"@type\":\"ImageObject\",\"inLanguage\":\"fr-BE\",\"@id\":\"https:\\\/\\\/bebijn.be\\\/#\\\/schema\\\/logo\\\/image\\\/\",\"url\":\"https:\\\/\\\/bebijn.be\\\/wp-content\\\/uploads\\\/2024\\\/12\\\/Bebijn-Logo-RGB-v1.png\",\"contentUrl\":\"https:\\\/\\\/bebijn.be\\\/wp-content\\\/uploads\\\/2024\\\/12\\\/Bebijn-Logo-RGB-v1.png\",\"width\":800,\"height\":800,\"caption\":\"Bebijn\"},\"image\":{\"@id\":\"https:\\\/\\\/bebijn.be\\\/#\\\/schema\\\/logo\\\/image\\\/\"},\"sameAs\":[\"https:\\\/\\\/www.facebook.com\\\/bebijn\\\/\",\"https:\\\/\\\/www.instagram.com\\\/bebijn.sweets\\\/\"]}]}<\/script>\n<meta property=\"product:price:amount\" content=\"33.00\" \/>\n<meta property=\"product:price:currency\" content=\"EUR\" \/>\n<meta property=\"og:availability\" content=\"out of stock\" \/>\n<meta property=\"product:availability\" content=\"out of stock\" \/>\n<meta property=\"product:retailer_item_id\" content=\"5111\" \/>\n<meta property=\"product:condition\" content=\"new\" \/>\n<!-- \/ Yoast SEO Premium plugin. -->","yoast_head_json":{"title":"Poire - Gingembre - Confiseries artisanales personnalis\u00e9es | Bebijn","description":"Bonbon Bebi \u00e0 la poire et au gingembre : le fruit\u00e9 doux rencontre la chaleur \u00e9pic\u00e9e dans un \u00e9quilibre de saveur sophistiqu\u00e9 et piquant. \ud83c\udf50\ud83c\udf36\ufe0f\ud83c\udf6c","robots":{"index":"index","follow":"follow","max-snippet":"max-snippet:-1","max-image-preview":"max-image-preview:large","max-video-preview":"max-video-preview:-1"},"canonical":"https:\/\/bebijn.be\/fr\/produit\/poire-vanille-3\/","schema":{"@context":"https:\/\/schema.org","@graph":[{"@type":"WebPage","@id":"https:\/\/bebijn.be\/product\/peer-gember\/","url":"https:\/\/bebijn.be\/product\/peer-gember\/","name":"Poire - Gingembre - Confiseries artisanales personnalis\u00e9es | Bebijn","isPartOf":{"@id":"https:\/\/bebijn.be\/#website"},"primaryImageOfPage":{"@id":"https:\/\/bebijn.be\/product\/peer-gember\/#primaryimage"},"image":{"@id":"https:\/\/bebijn.be\/product\/peer-gember\/#primaryimage"},"thumbnailUrl":"https:\/\/bebijn.be\/wp-content\/uploads\/2025\/01\/019-doorz.jpg","datePublished":"2025-01-25T09:48:24+00:00","dateModified":"2026-03-27T09:19:24+00:00","description":"Bonbon Bebi \u00e0 la poire et au gingembre : le fruit\u00e9 doux rencontre la chaleur \u00e9pic\u00e9e dans un \u00e9quilibre de saveur sophistiqu\u00e9 et piquant. \ud83c\udf50\ud83c\udf36\ufe0f\ud83c\udf6c","breadcrumb":{"@id":"https:\/\/bebijn.be\/product\/peer-gember\/#breadcrumb"},"inLanguage":"fr-BE","potentialAction":[{"@type":"ReadAction","target":["https:\/\/bebijn.be\/product\/peer-gember\/"]}]},{"@type":"ImageObject","inLanguage":"fr-BE","@id":"https:\/\/bebijn.be\/product\/peer-gember\/#primaryimage","url":"https:\/\/bebijn.be\/wp-content\/uploads\/2025\/01\/019-doorz.jpg","contentUrl":"https:\/\/bebijn.be\/wp-content\/uploads\/2025\/01\/019-doorz.jpg","width":800,"height":800},{"@type":"BreadcrumbList","@id":"https:\/\/bebijn.be\/product\/peer-gember\/#breadcrumb","itemListElement":[{"@type":"ListItem","position":1,"name":"Home","item":"https:\/\/bebijn.be\/"},{"@type":"ListItem","position":2,"name":"Winkel Bebijn","item":"https:\/\/bebijn.be\/winkel-bebijn\/"},{"@type":"ListItem","position":3,"name":"Peer \u2022 Gember"}]},{"@type":"WebSite","@id":"https:\/\/bebijn.be\/#website","url":"https:\/\/bebijn.be\/","name":"Bebijn | Sucreries artisanales personnalis\u00e9es","description":"confiserie et bonbons pour la gastronomie cadeau marketing","publisher":{"@id":"https:\/\/bebijn.be\/#organization"},"potentialAction":[{"@type":"SearchAction","target":{"@type":"EntryPoint","urlTemplate":"https:\/\/bebijn.be\/?s={search_term_string}"},"query-input":{"@type":"PropertyValueSpecification","valueRequired":true,"valueName":"search_term_string"}}],"inLanguage":"fr-BE"},{"@type":"Organization","@id":"https:\/\/bebijn.be\/#organization","name":"Bebijn","url":"https:\/\/bebijn.be\/","logo":{"@type":"ImageObject","inLanguage":"fr-BE","@id":"https:\/\/bebijn.be\/#\/schema\/logo\/image\/","url":"https:\/\/bebijn.be\/wp-content\/uploads\/2024\/12\/Bebijn-Logo-RGB-v1.png","contentUrl":"https:\/\/bebijn.be\/wp-content\/uploads\/2024\/12\/Bebijn-Logo-RGB-v1.png","width":800,"height":800,"caption":"Bebijn"},"image":{"@id":"https:\/\/bebijn.be\/#\/schema\/logo\/image\/"},"sameAs":["https:\/\/www.facebook.com\/bebijn\/","https:\/\/www.instagram.com\/bebijn.sweets\/"]}]},"product_price_amount":"33.00","product_price_currency":"EUR","og_availability":"out of stock","product_availability":"out of stock","product_retailer_item_id":"5111","product_condition":"new"},"_links":{"self":[{"href":"https:\/\/bebijn.be\/fr\/wp-json\/wp\/v2\/product\/17386","targetHints":{"allow":["GET"]}}],"collection":[{"href":"https:\/\/bebijn.be\/fr\/wp-json\/wp\/v2\/product"}],"about":[{"href":"https:\/\/bebijn.be\/fr\/wp-json\/wp\/v2\/types\/product"}],"version-history":[{"count":3,"href":"https:\/\/bebijn.be\/fr\/wp-json\/wp\/v2\/product\/17386\/revisions"}],"predecessor-version":[{"id":19480,"href":"https:\/\/bebijn.be\/fr\/wp-json\/wp\/v2\/product\/17386\/revisions\/19480"}],"wp:featuredmedia":[{"embeddable":true,"href":"https:\/\/bebijn.be\/fr\/wp-json\/wp\/v2\/media\/16907"}],"wp:attachment":[{"href":"https:\/\/bebijn.be\/fr\/wp-json\/wp\/v2\/media?parent=17386"}],"wp:term":[{"taxonomy":"product_brand","embeddable":true,"href":"https:\/\/bebijn.be\/fr\/wp-json\/wp\/v2\/product_brand?post=17386"},{"taxonomy":"product_cat","embeddable":true,"href":"https:\/\/bebijn.be\/fr\/wp-json\/wp\/v2\/product_cat?post=17386"},{"taxonomy":"product_tag","embeddable":true,"href":"https:\/\/bebijn.be\/fr\/wp-json\/wp\/v2\/product_tag?post=17386"}],"curies":[{"name":"wp","href":"https:\/\/api.w.org\/{rel}","templated":true}]}}