{"id":17391,"date":"2025-01-25T10:48:24","date_gmt":"2025-01-25T09:48:24","guid":{"rendered":"https:\/\/deezine.be\/bebijn\/?post_type=product&#038;p=17391"},"modified":"2026-02-11T14:52:59","modified_gmt":"2026-02-11T12:52:59","slug":"citron-vert-basilic-58","status":"publish","type":"product","link":"https:\/\/bebijn.be\/fr\/product\/bloedsinaas-kweepeer-valentijn-10-doosjes\/","title":{"rendered":"Framboise - Verveine Citron VALENTINE 10 bo\u00eetes"},"content":{"rendered":"<p>10 pi\u00e8ces Bebijn valentine candy box de 75 gr (donc \u20ac2.75 par bo\u00eete avec environ 13 bonbons) de la valentine gum avec framboise et verveine citron est un r\u00e9gal avec une combinaison de saveurs fruit\u00e9es et rafra\u00eechissantes.<\/p>\n<p>id\u00e9al pour accompagner le caf\u00e9 comme mignardise, addition, un bonbon \u00e0 d\u00e9guster ou \u00e0 offrir comme cadeau original, un bonbon artisanal Bebijn<\/p>\n<p>Pour une sensation gustative sophistiqu\u00e9e qui fera battre votre c\u0153ur plus vite. Une d\u00e9licieuse g\u00e2terie qui c\u00e9l\u00e8bre l'amour et le raffinement dans chaque bouch\u00e9e.<\/p>\n<p>&nbsp;<\/p>","protected":false},"excerpt":{"rendered":"<p>10 pi\u00e8ces Bebijn valentine candy box de 75 gr (donc \u20ac2.75 par bo\u00eete avec environ 13 bonbons) de la valentine gum avec framboise et verveine citron est un r\u00e9gal avec une combinaison de saveurs fruit\u00e9es et rafra\u00eechissantes.<\/p>\n<p>id\u00e9al pour accompagner le caf\u00e9 comme mignardise, addition, un bonbon \u00e0 d\u00e9guster ou \u00e0 offrir comme cadeau original, un bonbon artisanal Bebijn<\/p>\n<p>Pour une sensation gustative sophistiqu\u00e9e qui fera battre votre c\u0153ur plus vite. Une d\u00e9licieuse g\u00e2terie qui c\u00e9l\u00e8bre l'amour et le raffinement dans chaque bouch\u00e9e.<\/p>\n<p>&nbsp;<\/p>","protected":false},"featured_media":19770,"template":"","meta":[],"product_brand":[],"product_cat":[70],"product_tag":[],"class_list":{"0":"post-17391","1":"product","2":"type-product","3":"status-publish","4":"has-post-thumbnail","6":"product_cat-uit-bebijn-assortiment","8":"first","9":"outofstock","10":"taxable","11":"shipping-taxable","12":"purchasable","13":"product-type-simple"},"yoast_head":"<!-- This site is optimized with the Yoast SEO Premium plugin v24.2 (Yoast SEO v27.4) - https:\/\/yoast.com\/product\/yoast-seo-premium-wordpress\/ -->\n<title>Framboos \u2022 Citroenverbena VALENTIJN 10 doosjes - Artisanale snoep op maat | Bebijn<\/title>\n<meta name=\"description\" content=\"Het Bebijn Valentijnsnoepje een lekkernij met framboos en citroenverbena een combinatie van fruitige en verfrissende smaken. \u2764\ufe0f\ud83c\udf4a\ud83c\udf50&quot;\" \/>\n<meta name=\"robots\" content=\"index, follow, max-snippet:-1, max-image-preview:large, max-video-preview:-1\" \/>\n<link rel=\"canonical\" href=\"https:\/\/bebijn.be\/fr\/produit\/citron-vert-basilic-58\/\" \/>\n<script type=\"application\/ld+json\" class=\"yoast-schema-graph\">{\"@context\":\"https:\\\/\\\/schema.org\",\"@graph\":[{\"@type\":\"WebPage\",\"@id\":\"https:\\\/\\\/bebijn.be\\\/product\\\/bloedsinaas-kweepeer-valentijn-10-doosjes\\\/\",\"url\":\"https:\\\/\\\/bebijn.be\\\/product\\\/bloedsinaas-kweepeer-valentijn-10-doosjes\\\/\",\"name\":\"Framboos \u2022 Citroenverbena VALENTIJN 10 doosjes - Artisanale snoep op maat | Bebijn\",\"isPartOf\":{\"@id\":\"https:\\\/\\\/bebijn.be\\\/#website\"},\"primaryImageOfPage\":{\"@id\":\"https:\\\/\\\/bebijn.be\\\/product\\\/bloedsinaas-kweepeer-valentijn-10-doosjes\\\/#primaryimage\"},\"image\":{\"@id\":\"https:\\\/\\\/bebijn.be\\\/product\\\/bloedsinaas-kweepeer-valentijn-10-doosjes\\\/#primaryimage\"},\"thumbnailUrl\":\"https:\\\/\\\/bebijn.be\\\/wp-content\\\/uploads\\\/2026\\\/01\\\/024-rood-doosje-valentijn-geschenk.jpg\",\"datePublished\":\"2025-01-25T09:48:24+00:00\",\"dateModified\":\"2026-02-11T12:52:59+00:00\",\"description\":\"Het Bebijn Valentijnsnoepje een lekkernij met framboos en citroenverbena een combinatie van fruitige en verfrissende smaken. \u2764\ufe0f\ud83c\udf4a\ud83c\udf50\\\"\",\"breadcrumb\":{\"@id\":\"https:\\\/\\\/bebijn.be\\\/product\\\/bloedsinaas-kweepeer-valentijn-10-doosjes\\\/#breadcrumb\"},\"inLanguage\":\"fr-BE\",\"potentialAction\":[{\"@type\":\"ReadAction\",\"target\":[\"https:\\\/\\\/bebijn.be\\\/product\\\/bloedsinaas-kweepeer-valentijn-10-doosjes\\\/\"]}]},{\"@type\":\"ImageObject\",\"inLanguage\":\"fr-BE\",\"@id\":\"https:\\\/\\\/bebijn.be\\\/product\\\/bloedsinaas-kweepeer-valentijn-10-doosjes\\\/#primaryimage\",\"url\":\"https:\\\/\\\/bebijn.be\\\/wp-content\\\/uploads\\\/2026\\\/01\\\/024-rood-doosje-valentijn-geschenk.jpg\",\"contentUrl\":\"https:\\\/\\\/bebijn.be\\\/wp-content\\\/uploads\\\/2026\\\/01\\\/024-rood-doosje-valentijn-geschenk.jpg\",\"width\":800,\"height\":800},{\"@type\":\"BreadcrumbList\",\"@id\":\"https:\\\/\\\/bebijn.be\\\/product\\\/bloedsinaas-kweepeer-valentijn-10-doosjes\\\/#breadcrumb\",\"itemListElement\":[{\"@type\":\"ListItem\",\"position\":1,\"name\":\"Home\",\"item\":\"https:\\\/\\\/bebijn.be\\\/\"},{\"@type\":\"ListItem\",\"position\":2,\"name\":\"Winkel Bebijn\",\"item\":\"https:\\\/\\\/bebijn.be\\\/winkel-bebijn\\\/\"},{\"@type\":\"ListItem\",\"position\":3,\"name\":\"Framboos \u2022 Citroenverbena VALENTIJN 10 doosjes\"}]},{\"@type\":\"WebSite\",\"@id\":\"https:\\\/\\\/bebijn.be\\\/#website\",\"url\":\"https:\\\/\\\/bebijn.be\\\/\",\"name\":\"Bebijn | Artisanale snoep op maat\",\"description\":\"confiserie en snoep voor gastronomie marketing geschenk\",\"publisher\":{\"@id\":\"https:\\\/\\\/bebijn.be\\\/#organization\"},\"potentialAction\":[{\"@type\":\"SearchAction\",\"target\":{\"@type\":\"EntryPoint\",\"urlTemplate\":\"https:\\\/\\\/bebijn.be\\\/?s={search_term_string}\"},\"query-input\":{\"@type\":\"PropertyValueSpecification\",\"valueRequired\":true,\"valueName\":\"search_term_string\"}}],\"inLanguage\":\"fr-BE\"},{\"@type\":\"Organization\",\"@id\":\"https:\\\/\\\/bebijn.be\\\/#organization\",\"name\":\"Bebijn\",\"url\":\"https:\\\/\\\/bebijn.be\\\/\",\"logo\":{\"@type\":\"ImageObject\",\"inLanguage\":\"fr-BE\",\"@id\":\"https:\\\/\\\/bebijn.be\\\/#\\\/schema\\\/logo\\\/image\\\/\",\"url\":\"https:\\\/\\\/bebijn.be\\\/wp-content\\\/uploads\\\/2024\\\/12\\\/Bebijn-Logo-RGB-v1.png\",\"contentUrl\":\"https:\\\/\\\/bebijn.be\\\/wp-content\\\/uploads\\\/2024\\\/12\\\/Bebijn-Logo-RGB-v1.png\",\"width\":800,\"height\":800,\"caption\":\"Bebijn\"},\"image\":{\"@id\":\"https:\\\/\\\/bebijn.be\\\/#\\\/schema\\\/logo\\\/image\\\/\"},\"sameAs\":[\"https:\\\/\\\/www.facebook.com\\\/bebijn\\\/\",\"https:\\\/\\\/www.instagram.com\\\/bebijn.sweets\\\/\"]}]}<\/script>\n<meta property=\"product:price:amount\" content=\"27.50\" \/>\n<meta property=\"product:price:currency\" content=\"EUR\" \/>\n<meta property=\"og:availability\" content=\"out of stock\" \/>\n<meta property=\"product:availability\" content=\"out of stock\" \/>\n<meta property=\"product:retailer_item_id\" content=\"5138\" \/>\n<meta property=\"product:condition\" content=\"new\" \/>\n<!-- \/ Yoast SEO Premium plugin. -->","yoast_head_json":{"title":"Framboise - Verveine citron VALENTINE 10 bo\u00eetes - Confiseries artisanales sur mesure | Bebijn","description":"Le bonbon Bebi Valentine une friandise \u00e0 la framboise et \u00e0 la verveine citronn\u00e9e une combinaison de saveurs fruit\u00e9es et rafra\u00eechissantes. \u2764\ufe0f\ud83c\udf4a\ud83c\udf50\"","robots":{"index":"index","follow":"follow","max-snippet":"max-snippet:-1","max-image-preview":"max-image-preview:large","max-video-preview":"max-video-preview:-1"},"canonical":"https:\/\/bebijn.be\/fr\/produit\/citron-vert-basilic-58\/","schema":{"@context":"https:\/\/schema.org","@graph":[{"@type":"WebPage","@id":"https:\/\/bebijn.be\/product\/bloedsinaas-kweepeer-valentijn-10-doosjes\/","url":"https:\/\/bebijn.be\/product\/bloedsinaas-kweepeer-valentijn-10-doosjes\/","name":"Framboise - Verveine citron VALENTINE 10 bo\u00eetes - Confiseries artisanales sur mesure | Bebijn","isPartOf":{"@id":"https:\/\/bebijn.be\/#website"},"primaryImageOfPage":{"@id":"https:\/\/bebijn.be\/product\/bloedsinaas-kweepeer-valentijn-10-doosjes\/#primaryimage"},"image":{"@id":"https:\/\/bebijn.be\/product\/bloedsinaas-kweepeer-valentijn-10-doosjes\/#primaryimage"},"thumbnailUrl":"https:\/\/bebijn.be\/wp-content\/uploads\/2026\/01\/024-rood-doosje-valentijn-geschenk.jpg","datePublished":"2025-01-25T09:48:24+00:00","dateModified":"2026-02-11T12:52:59+00:00","description":"Le bonbon Bebi Valentine une friandise \u00e0 la framboise et \u00e0 la verveine citronn\u00e9e une combinaison de saveurs fruit\u00e9es et rafra\u00eechissantes. \u2764\ufe0f\ud83c\udf4a\ud83c\udf50\"","breadcrumb":{"@id":"https:\/\/bebijn.be\/product\/bloedsinaas-kweepeer-valentijn-10-doosjes\/#breadcrumb"},"inLanguage":"fr-BE","potentialAction":[{"@type":"ReadAction","target":["https:\/\/bebijn.be\/product\/bloedsinaas-kweepeer-valentijn-10-doosjes\/"]}]},{"@type":"ImageObject","inLanguage":"fr-BE","@id":"https:\/\/bebijn.be\/product\/bloedsinaas-kweepeer-valentijn-10-doosjes\/#primaryimage","url":"https:\/\/bebijn.be\/wp-content\/uploads\/2026\/01\/024-rood-doosje-valentijn-geschenk.jpg","contentUrl":"https:\/\/bebijn.be\/wp-content\/uploads\/2026\/01\/024-rood-doosje-valentijn-geschenk.jpg","width":800,"height":800},{"@type":"BreadcrumbList","@id":"https:\/\/bebijn.be\/product\/bloedsinaas-kweepeer-valentijn-10-doosjes\/#breadcrumb","itemListElement":[{"@type":"ListItem","position":1,"name":"Home","item":"https:\/\/bebijn.be\/"},{"@type":"ListItem","position":2,"name":"Winkel Bebijn","item":"https:\/\/bebijn.be\/winkel-bebijn\/"},{"@type":"ListItem","position":3,"name":"Framboos \u2022 Citroenverbena VALENTIJN 10 doosjes"}]},{"@type":"WebSite","@id":"https:\/\/bebijn.be\/#website","url":"https:\/\/bebijn.be\/","name":"Bebijn | Sucreries artisanales personnalis\u00e9es","description":"confiserie et bonbons pour la gastronomie cadeau marketing","publisher":{"@id":"https:\/\/bebijn.be\/#organization"},"potentialAction":[{"@type":"SearchAction","target":{"@type":"EntryPoint","urlTemplate":"https:\/\/bebijn.be\/?s={search_term_string}"},"query-input":{"@type":"PropertyValueSpecification","valueRequired":true,"valueName":"search_term_string"}}],"inLanguage":"fr-BE"},{"@type":"Organization","@id":"https:\/\/bebijn.be\/#organization","name":"Bebijn","url":"https:\/\/bebijn.be\/","logo":{"@type":"ImageObject","inLanguage":"fr-BE","@id":"https:\/\/bebijn.be\/#\/schema\/logo\/image\/","url":"https:\/\/bebijn.be\/wp-content\/uploads\/2024\/12\/Bebijn-Logo-RGB-v1.png","contentUrl":"https:\/\/bebijn.be\/wp-content\/uploads\/2024\/12\/Bebijn-Logo-RGB-v1.png","width":800,"height":800,"caption":"Bebijn"},"image":{"@id":"https:\/\/bebijn.be\/#\/schema\/logo\/image\/"},"sameAs":["https:\/\/www.facebook.com\/bebijn\/","https:\/\/www.instagram.com\/bebijn.sweets\/"]}]},"product_price_amount":"27.50","product_price_currency":"EUR","og_availability":"out of stock","product_availability":"out of stock","product_retailer_item_id":"5138","product_condition":"new"},"_links":{"self":[{"href":"https:\/\/bebijn.be\/fr\/wp-json\/wp\/v2\/product\/17391","targetHints":{"allow":["GET"]}}],"collection":[{"href":"https:\/\/bebijn.be\/fr\/wp-json\/wp\/v2\/product"}],"about":[{"href":"https:\/\/bebijn.be\/fr\/wp-json\/wp\/v2\/types\/product"}],"version-history":[{"count":2,"href":"https:\/\/bebijn.be\/fr\/wp-json\/wp\/v2\/product\/17391\/revisions"}],"predecessor-version":[{"id":19766,"href":"https:\/\/bebijn.be\/fr\/wp-json\/wp\/v2\/product\/17391\/revisions\/19766"}],"wp:featuredmedia":[{"embeddable":true,"href":"https:\/\/bebijn.be\/fr\/wp-json\/wp\/v2\/media\/19770"}],"wp:attachment":[{"href":"https:\/\/bebijn.be\/fr\/wp-json\/wp\/v2\/media?parent=17391"}],"wp:term":[{"taxonomy":"product_brand","embeddable":true,"href":"https:\/\/bebijn.be\/fr\/wp-json\/wp\/v2\/product_brand?post=17391"},{"taxonomy":"product_cat","embeddable":true,"href":"https:\/\/bebijn.be\/fr\/wp-json\/wp\/v2\/product_cat?post=17391"},{"taxonomy":"product_tag","embeddable":true,"href":"https:\/\/bebijn.be\/fr\/wp-json\/wp\/v2\/product_tag?post=17391"}],"curies":[{"name":"wp","href":"https:\/\/api.w.org\/{rel}","templated":true}]}}