{"id":17392,"date":"2025-01-25T10:48:24","date_gmt":"2025-01-25T09:48:24","guid":{"rendered":"https:\/\/deezine.be\/bebijn\/?post_type=product&#038;p=17392"},"modified":"2025-06-20T14:03:02","modified_gmt":"2025-06-20T13:03:02","slug":"citron-vert-basilic-59","status":"publish","type":"product","link":"https:\/\/bebijn.be\/fr\/product\/bloedsinaas-kweepeer-hartjes-valentijn\/","title":{"rendered":"C\u0153urs d'orange sanguine et de coing VALENTINE"},"content":{"rendered":"<p><span>1kg Bebine <\/span>Le chewing-gum Valentine \u00e0 l'orange sanguine et au coing est un m\u00e9lange romantique de fra\u00eecheur d'agrumes et de douces notes aromatiques et mielleuses de coing. 170 pi\u00e8ces en g\u00e9n\u00e9ral.<\/p>\n<p>id\u00e9al pour accompagner le caf\u00e9 comme mignardise, addition, un bonbon \u00e0 d\u00e9guster ou \u00e0 offrir comme cadeau original, un bonbon artisanal Bebijn<\/p>\n<p>Pour une sensation gustative sophistiqu\u00e9e qui fera battre votre c\u0153ur plus vite. Une d\u00e9licieuse g\u00e2terie qui c\u00e9l\u00e8bre l'amour et le raffinement dans chaque bouch\u00e9e.<\/p>\n<p>&nbsp;<\/p>","protected":false},"excerpt":{"rendered":"<p>1kg Bebijn valentijnsgommetje met bloedsinaasappel en kweepeer is een romantische mix van citrusfrisheid en zachte, aromatische honingachtige tonen van kweepeer. typisch 170 stuks ideaal voor bij de koffie als mignardise,&#8230;<\/p>","protected":false},"featured_media":0,"template":"","meta":[],"product_brand":[],"product_cat":[70],"product_tag":[],"class_list":{"0":"post-17392","1":"product","2":"type-product","3":"status-publish","5":"product_cat-uit-bebijn-assortiment","7":"first","8":"outofstock","9":"taxable","10":"shipping-taxable","11":"purchasable","12":"product-type-simple"},"yoast_head":"<!-- This site is optimized with the Yoast SEO Premium plugin v24.2 (Yoast SEO v27.4) - https:\/\/yoast.com\/product\/yoast-seo-premium-wordpress\/ -->\n<title>Bloedsinaas \u2022 Kweepeer hartjes VALENTIJN - Artisanale snoep op maat | Bebijn<\/title>\n<meta name=\"description\" content=\"Het Bebijn Valentijnsnoepje met bloedsinaasappel en kweepeer: een romantische mix van citrusfrisheid en honingzoete aroma\u2019s, vol verfijning. \u2764\ufe0f\ud83c\udf4a\ud83c\udf50&quot;\" \/>\n<meta name=\"robots\" content=\"index, follow, max-snippet:-1, max-image-preview:large, max-video-preview:-1\" \/>\n<link rel=\"canonical\" href=\"https:\/\/bebijn.be\/fr\/produit\/citron-vert-basilic-59\/\" \/>\n<script type=\"application\/ld+json\" class=\"yoast-schema-graph\">{\"@context\":\"https:\\\/\\\/schema.org\",\"@graph\":[{\"@type\":\"WebPage\",\"@id\":\"https:\\\/\\\/bebijn.be\\\/product\\\/bloedsinaas-kweepeer-hartjes-valentijn\\\/\",\"url\":\"https:\\\/\\\/bebijn.be\\\/product\\\/bloedsinaas-kweepeer-hartjes-valentijn\\\/\",\"name\":\"Bloedsinaas \u2022 Kweepeer hartjes VALENTIJN - Artisanale snoep op maat | Bebijn\",\"isPartOf\":{\"@id\":\"https:\\\/\\\/bebijn.be\\\/#website\"},\"datePublished\":\"2025-01-25T09:48:24+00:00\",\"dateModified\":\"2025-06-20T13:03:02+00:00\",\"description\":\"Het Bebijn Valentijnsnoepje met bloedsinaasappel en kweepeer: een romantische mix van citrusfrisheid en honingzoete aroma\u2019s, vol verfijning. \u2764\ufe0f\ud83c\udf4a\ud83c\udf50\\\"\",\"breadcrumb\":{\"@id\":\"https:\\\/\\\/bebijn.be\\\/product\\\/bloedsinaas-kweepeer-hartjes-valentijn\\\/#breadcrumb\"},\"inLanguage\":\"fr-BE\",\"potentialAction\":[{\"@type\":\"ReadAction\",\"target\":[\"https:\\\/\\\/bebijn.be\\\/product\\\/bloedsinaas-kweepeer-hartjes-valentijn\\\/\"]}]},{\"@type\":\"BreadcrumbList\",\"@id\":\"https:\\\/\\\/bebijn.be\\\/product\\\/bloedsinaas-kweepeer-hartjes-valentijn\\\/#breadcrumb\",\"itemListElement\":[{\"@type\":\"ListItem\",\"position\":1,\"name\":\"Home\",\"item\":\"https:\\\/\\\/bebijn.be\\\/\"},{\"@type\":\"ListItem\",\"position\":2,\"name\":\"Winkel Bebijn\",\"item\":\"https:\\\/\\\/bebijn.be\\\/winkel-bebijn\\\/\"},{\"@type\":\"ListItem\",\"position\":3,\"name\":\"Bloedsinaas \u2022 Kweepeer hartjes VALENTIJN\"}]},{\"@type\":\"WebSite\",\"@id\":\"https:\\\/\\\/bebijn.be\\\/#website\",\"url\":\"https:\\\/\\\/bebijn.be\\\/\",\"name\":\"Bebijn | Artisanale snoep op maat\",\"description\":\"confiserie en snoep voor gastronomie marketing geschenk\",\"publisher\":{\"@id\":\"https:\\\/\\\/bebijn.be\\\/#organization\"},\"potentialAction\":[{\"@type\":\"SearchAction\",\"target\":{\"@type\":\"EntryPoint\",\"urlTemplate\":\"https:\\\/\\\/bebijn.be\\\/?s={search_term_string}\"},\"query-input\":{\"@type\":\"PropertyValueSpecification\",\"valueRequired\":true,\"valueName\":\"search_term_string\"}}],\"inLanguage\":\"fr-BE\"},{\"@type\":\"Organization\",\"@id\":\"https:\\\/\\\/bebijn.be\\\/#organization\",\"name\":\"Bebijn\",\"url\":\"https:\\\/\\\/bebijn.be\\\/\",\"logo\":{\"@type\":\"ImageObject\",\"inLanguage\":\"fr-BE\",\"@id\":\"https:\\\/\\\/bebijn.be\\\/#\\\/schema\\\/logo\\\/image\\\/\",\"url\":\"https:\\\/\\\/bebijn.be\\\/wp-content\\\/uploads\\\/2024\\\/12\\\/Bebijn-Logo-RGB-v1.png\",\"contentUrl\":\"https:\\\/\\\/bebijn.be\\\/wp-content\\\/uploads\\\/2024\\\/12\\\/Bebijn-Logo-RGB-v1.png\",\"width\":800,\"height\":800,\"caption\":\"Bebijn\"},\"image\":{\"@id\":\"https:\\\/\\\/bebijn.be\\\/#\\\/schema\\\/logo\\\/image\\\/\"},\"sameAs\":[\"https:\\\/\\\/www.facebook.com\\\/bebijn\\\/\",\"https:\\\/\\\/www.instagram.com\\\/bebijn.sweets\\\/\"]}]}<\/script>\n<meta property=\"product:price:amount\" content=\"29.00\" \/>\n<meta property=\"product:price:currency\" content=\"EUR\" \/>\n<meta property=\"og:availability\" content=\"out of stock\" \/>\n<meta property=\"product:availability\" content=\"out of stock\" \/>\n<meta property=\"product:retailer_item_id\" content=\"5142\" \/>\n<meta property=\"product:condition\" content=\"new\" \/>\n<!-- \/ Yoast SEO Premium plugin. -->","yoast_head_json":{"title":"Orange sanguine - Coeurs de coing VALENTINE - Confiseries artisanales sur mesure | Bebijn","description":"Le bonbon Bebi Valentine \u00e0 l'orange sanguine et au coing : un m\u00e9lange romantique de fra\u00eecheur d'agrumes et d'ar\u00f4mes miell\u00e9s, plein de raffinement. \u2764\ufe0f\ud83c\udf4a\ud83c\udf50\"","robots":{"index":"index","follow":"follow","max-snippet":"max-snippet:-1","max-image-preview":"max-image-preview:large","max-video-preview":"max-video-preview:-1"},"canonical":"https:\/\/bebijn.be\/fr\/produit\/citron-vert-basilic-59\/","schema":{"@context":"https:\/\/schema.org","@graph":[{"@type":"WebPage","@id":"https:\/\/bebijn.be\/product\/bloedsinaas-kweepeer-hartjes-valentijn\/","url":"https:\/\/bebijn.be\/product\/bloedsinaas-kweepeer-hartjes-valentijn\/","name":"Orange sanguine - Coeurs de coing VALENTINE - Confiseries artisanales sur mesure | Bebijn","isPartOf":{"@id":"https:\/\/bebijn.be\/#website"},"datePublished":"2025-01-25T09:48:24+00:00","dateModified":"2025-06-20T13:03:02+00:00","description":"Le bonbon Bebi Valentine \u00e0 l'orange sanguine et au coing : un m\u00e9lange romantique de fra\u00eecheur d'agrumes et d'ar\u00f4mes miell\u00e9s, plein de raffinement. \u2764\ufe0f\ud83c\udf4a\ud83c\udf50\"","breadcrumb":{"@id":"https:\/\/bebijn.be\/product\/bloedsinaas-kweepeer-hartjes-valentijn\/#breadcrumb"},"inLanguage":"fr-BE","potentialAction":[{"@type":"ReadAction","target":["https:\/\/bebijn.be\/product\/bloedsinaas-kweepeer-hartjes-valentijn\/"]}]},{"@type":"BreadcrumbList","@id":"https:\/\/bebijn.be\/product\/bloedsinaas-kweepeer-hartjes-valentijn\/#breadcrumb","itemListElement":[{"@type":"ListItem","position":1,"name":"Home","item":"https:\/\/bebijn.be\/"},{"@type":"ListItem","position":2,"name":"Winkel Bebijn","item":"https:\/\/bebijn.be\/winkel-bebijn\/"},{"@type":"ListItem","position":3,"name":"Bloedsinaas \u2022 Kweepeer hartjes VALENTIJN"}]},{"@type":"WebSite","@id":"https:\/\/bebijn.be\/#website","url":"https:\/\/bebijn.be\/","name":"Bebijn | Sucreries artisanales personnalis\u00e9es","description":"confiserie et bonbons pour la gastronomie cadeau marketing","publisher":{"@id":"https:\/\/bebijn.be\/#organization"},"potentialAction":[{"@type":"SearchAction","target":{"@type":"EntryPoint","urlTemplate":"https:\/\/bebijn.be\/?s={search_term_string}"},"query-input":{"@type":"PropertyValueSpecification","valueRequired":true,"valueName":"search_term_string"}}],"inLanguage":"fr-BE"},{"@type":"Organization","@id":"https:\/\/bebijn.be\/#organization","name":"Bebijn","url":"https:\/\/bebijn.be\/","logo":{"@type":"ImageObject","inLanguage":"fr-BE","@id":"https:\/\/bebijn.be\/#\/schema\/logo\/image\/","url":"https:\/\/bebijn.be\/wp-content\/uploads\/2024\/12\/Bebijn-Logo-RGB-v1.png","contentUrl":"https:\/\/bebijn.be\/wp-content\/uploads\/2024\/12\/Bebijn-Logo-RGB-v1.png","width":800,"height":800,"caption":"Bebijn"},"image":{"@id":"https:\/\/bebijn.be\/#\/schema\/logo\/image\/"},"sameAs":["https:\/\/www.facebook.com\/bebijn\/","https:\/\/www.instagram.com\/bebijn.sweets\/"]}]},"product_price_amount":"29.00","product_price_currency":"EUR","og_availability":"out of stock","product_availability":"out of stock","product_retailer_item_id":"5142","product_condition":"new"},"_links":{"self":[{"href":"https:\/\/bebijn.be\/fr\/wp-json\/wp\/v2\/product\/17392","targetHints":{"allow":["GET"]}}],"collection":[{"href":"https:\/\/bebijn.be\/fr\/wp-json\/wp\/v2\/product"}],"about":[{"href":"https:\/\/bebijn.be\/fr\/wp-json\/wp\/v2\/types\/product"}],"version-history":[{"count":1,"href":"https:\/\/bebijn.be\/fr\/wp-json\/wp\/v2\/product\/17392\/revisions"}],"predecessor-version":[{"id":18869,"href":"https:\/\/bebijn.be\/fr\/wp-json\/wp\/v2\/product\/17392\/revisions\/18869"}],"wp:attachment":[{"href":"https:\/\/bebijn.be\/fr\/wp-json\/wp\/v2\/media?parent=17392"}],"wp:term":[{"taxonomy":"product_brand","embeddable":true,"href":"https:\/\/bebijn.be\/fr\/wp-json\/wp\/v2\/product_brand?post=17392"},{"taxonomy":"product_cat","embeddable":true,"href":"https:\/\/bebijn.be\/fr\/wp-json\/wp\/v2\/product_cat?post=17392"},{"taxonomy":"product_tag","embeddable":true,"href":"https:\/\/bebijn.be\/fr\/wp-json\/wp\/v2\/product_tag?post=17392"}],"curies":[{"name":"wp","href":"https:\/\/api.w.org\/{rel}","templated":true}]}}