{"id":18410,"date":"2025-03-13T18:08:33","date_gmt":"2025-03-13T17:08:33","guid":{"rendered":"https:\/\/deezine.be\/bebijn\/?post_type=product&#038;p=18410"},"modified":"2026-03-30T16:48:33","modified_gmt":"2026-03-30T14:48:33","slug":"pamplemousse-romarin-2","status":"publish","type":"product","link":"https:\/\/bebijn.be\/fr\/product\/pompelmoes-rozemarijn-2\/","title":{"rendered":"Pamplemousse - Romarin"},"content":{"rendered":"<p data-start=\"0\" data-end=\"384\"><strong data-start=\"30\" data-end=\"77\">Bonbons Bevin au pamplemousse et au romarin<\/strong> est une combinaison sophistiqu\u00e9e d'agrumes frais et d'\u00e9pices aromatiques. Le pamplemousse apporte une fra\u00eecheur vive et l\u00e9g\u00e8rement am\u00e8re, tandis que le romarin ajoute un accent \u00e9pic\u00e9. Ensemble, ils cr\u00e9ent une confiserie \u00e9l\u00e9gante et pleine de caract\u00e8re, \u00e0 la fois vivifiante et \u00e9tonnamment profonde.<\/p>\n<p data-start=\"386\" data-end=\"509\">Id\u00e9al pour accompagner le caf\u00e9 comme mignardise, l'addition, une douceur \u00e0 d\u00e9guster ou \u00e0 offrir comme cadeau original.<\/p>\n<p data-start=\"511\" data-end=\"631\">Pour les amateurs de saveurs distinctes, ce bonbon est une friandise fra\u00eeche et \u00e9pic\u00e9e avec une touche de gourmandise.<\/p>","protected":false},"excerpt":{"rendered":"<p data-start=\"0\" data-end=\"384\"><strong data-start=\"30\" data-end=\"77\">Bonbons Bevin au pamplemousse et au romarin<\/strong> est une combinaison sophistiqu\u00e9e d'agrumes frais et d'\u00e9pices aromatiques. Le pamplemousse apporte une fra\u00eecheur vive et l\u00e9g\u00e8rement am\u00e8re, tandis que le romarin ajoute un accent \u00e9pic\u00e9. Ensemble, ils cr\u00e9ent une confiserie \u00e9l\u00e9gante et pleine de caract\u00e8re, \u00e0 la fois vivifiante et \u00e9tonnamment profonde.<\/p>\n<p data-start=\"386\" data-end=\"509\">Id\u00e9al pour accompagner le caf\u00e9 comme mignardise, l'addition, une douceur \u00e0 d\u00e9guster ou \u00e0 offrir comme cadeau original.<\/p>\n<p data-start=\"511\" data-end=\"631\">Pour les amateurs de saveurs distinctes, ce bonbon est une friandise fra\u00eeche et \u00e9pic\u00e9e avec une touche de gourmandise.<\/p>","protected":false},"featured_media":19914,"template":"","meta":[],"product_brand":[],"product_cat":[69],"product_tag":[],"class_list":{"0":"post-18410","1":"product","2":"type-product","3":"status-publish","4":"has-post-thumbnail","6":"product_cat-bebijn-assortiment-gommen","8":"first","9":"instock","10":"taxable","11":"shipping-taxable","12":"purchasable","13":"product-type-simple"},"yoast_head":"<!-- This site is optimized with the Yoast SEO Premium plugin v24.2 (Yoast SEO v27.4) - https:\/\/yoast.com\/product\/yoast-seo-premium-wordpress\/ -->\n<title>Pompelmoes \u2022 Rozemarijn - Artisanale snoep op maat | Bebijn<\/title>\n<meta name=\"description\" content=\"Bebijn snoepje met pompelmoes en rozemarijn: frisse citrus met kruidige diepte \u2014 levendig, elegant en verrassend. \ud83c\udf4a\ud83c\udf3f\u2728\ud83c\udf6c\" \/>\n<meta name=\"robots\" content=\"index, follow, max-snippet:-1, max-image-preview:large, max-video-preview:-1\" \/>\n<link rel=\"canonical\" href=\"https:\/\/bebijn.be\/fr\/produit\/pamplemousse-romarin-2\/\" \/>\n<script type=\"application\/ld+json\" class=\"yoast-schema-graph\">{\"@context\":\"https:\\\/\\\/schema.org\",\"@graph\":[{\"@type\":\"WebPage\",\"@id\":\"https:\\\/\\\/bebijn.be\\\/product\\\/pompelmoes-rozemarijn-2\\\/\",\"url\":\"https:\\\/\\\/bebijn.be\\\/product\\\/pompelmoes-rozemarijn-2\\\/\",\"name\":\"Pompelmoes \u2022 Rozemarijn - Artisanale snoep op maat | Bebijn\",\"isPartOf\":{\"@id\":\"https:\\\/\\\/bebijn.be\\\/#website\"},\"primaryImageOfPage\":{\"@id\":\"https:\\\/\\\/bebijn.be\\\/product\\\/pompelmoes-rozemarijn-2\\\/#primaryimage\"},\"image\":{\"@id\":\"https:\\\/\\\/bebijn.be\\\/product\\\/pompelmoes-rozemarijn-2\\\/#primaryimage\"},\"thumbnailUrl\":\"https:\\\/\\\/bebijn.be\\\/wp-content\\\/uploads\\\/2025\\\/06\\\/015-lichtgroen-bebijn-gom-snoep.jpg\",\"datePublished\":\"2025-03-13T17:08:33+00:00\",\"dateModified\":\"2026-03-30T14:48:33+00:00\",\"description\":\"Bebijn snoepje met pompelmoes en rozemarijn: frisse citrus met kruidige diepte \u2014 levendig, elegant en verrassend. \ud83c\udf4a\ud83c\udf3f\u2728\ud83c\udf6c\",\"breadcrumb\":{\"@id\":\"https:\\\/\\\/bebijn.be\\\/product\\\/pompelmoes-rozemarijn-2\\\/#breadcrumb\"},\"inLanguage\":\"fr-BE\",\"potentialAction\":[{\"@type\":\"ReadAction\",\"target\":[\"https:\\\/\\\/bebijn.be\\\/product\\\/pompelmoes-rozemarijn-2\\\/\"]}]},{\"@type\":\"ImageObject\",\"inLanguage\":\"fr-BE\",\"@id\":\"https:\\\/\\\/bebijn.be\\\/product\\\/pompelmoes-rozemarijn-2\\\/#primaryimage\",\"url\":\"https:\\\/\\\/bebijn.be\\\/wp-content\\\/uploads\\\/2025\\\/06\\\/015-lichtgroen-bebijn-gom-snoep.jpg\",\"contentUrl\":\"https:\\\/\\\/bebijn.be\\\/wp-content\\\/uploads\\\/2025\\\/06\\\/015-lichtgroen-bebijn-gom-snoep.jpg\",\"width\":800,\"height\":800},{\"@type\":\"BreadcrumbList\",\"@id\":\"https:\\\/\\\/bebijn.be\\\/product\\\/pompelmoes-rozemarijn-2\\\/#breadcrumb\",\"itemListElement\":[{\"@type\":\"ListItem\",\"position\":1,\"name\":\"Home\",\"item\":\"https:\\\/\\\/bebijn.be\\\/\"},{\"@type\":\"ListItem\",\"position\":2,\"name\":\"Winkel Bebijn\",\"item\":\"https:\\\/\\\/bebijn.be\\\/winkel-bebijn\\\/\"},{\"@type\":\"ListItem\",\"position\":3,\"name\":\"Pompelmoes \u2022 Rozemarijn\"}]},{\"@type\":\"WebSite\",\"@id\":\"https:\\\/\\\/bebijn.be\\\/#website\",\"url\":\"https:\\\/\\\/bebijn.be\\\/\",\"name\":\"Bebijn | Artisanale snoep op maat\",\"description\":\"confiserie en snoep voor gastronomie marketing geschenk\",\"publisher\":{\"@id\":\"https:\\\/\\\/bebijn.be\\\/#organization\"},\"potentialAction\":[{\"@type\":\"SearchAction\",\"target\":{\"@type\":\"EntryPoint\",\"urlTemplate\":\"https:\\\/\\\/bebijn.be\\\/?s={search_term_string}\"},\"query-input\":{\"@type\":\"PropertyValueSpecification\",\"valueRequired\":true,\"valueName\":\"search_term_string\"}}],\"inLanguage\":\"fr-BE\"},{\"@type\":\"Organization\",\"@id\":\"https:\\\/\\\/bebijn.be\\\/#organization\",\"name\":\"Bebijn\",\"url\":\"https:\\\/\\\/bebijn.be\\\/\",\"logo\":{\"@type\":\"ImageObject\",\"inLanguage\":\"fr-BE\",\"@id\":\"https:\\\/\\\/bebijn.be\\\/#\\\/schema\\\/logo\\\/image\\\/\",\"url\":\"https:\\\/\\\/bebijn.be\\\/wp-content\\\/uploads\\\/2024\\\/12\\\/Bebijn-Logo-RGB-v1.png\",\"contentUrl\":\"https:\\\/\\\/bebijn.be\\\/wp-content\\\/uploads\\\/2024\\\/12\\\/Bebijn-Logo-RGB-v1.png\",\"width\":800,\"height\":800,\"caption\":\"Bebijn\"},\"image\":{\"@id\":\"https:\\\/\\\/bebijn.be\\\/#\\\/schema\\\/logo\\\/image\\\/\"},\"sameAs\":[\"https:\\\/\\\/www.facebook.com\\\/bebijn\\\/\",\"https:\\\/\\\/www.instagram.com\\\/bebijn.sweets\\\/\"]}]}<\/script>\n<meta property=\"product:price:amount\" content=\"33.00\" \/>\n<meta property=\"product:price:currency\" content=\"EUR\" \/>\n<meta property=\"og:availability\" content=\"instock\" \/>\n<meta property=\"product:availability\" content=\"instock\" \/>\n<meta property=\"product:retailer_item_id\" content=\"pomproze\" \/>\n<meta property=\"product:condition\" content=\"new\" \/>\n<!-- \/ Yoast SEO Premium plugin. -->","yoast_head_json":{"title":"Pamplemousse - Romarin - Confiseries artisanales sur commande | Bebijn","description":"Bonbon Bebine au pamplemousse et au romarin : des agrumes frais avec une profondeur \u00e9pic\u00e9e - vibrant, \u00e9l\u00e9gant et surprenant. \ud83c\udf4a\ud83c\udf3f\u2728\ud83c\udf6c","robots":{"index":"index","follow":"follow","max-snippet":"max-snippet:-1","max-image-preview":"max-image-preview:large","max-video-preview":"max-video-preview:-1"},"canonical":"https:\/\/bebijn.be\/fr\/produit\/pamplemousse-romarin-2\/","schema":{"@context":"https:\/\/schema.org","@graph":[{"@type":"WebPage","@id":"https:\/\/bebijn.be\/product\/pompelmoes-rozemarijn-2\/","url":"https:\/\/bebijn.be\/product\/pompelmoes-rozemarijn-2\/","name":"Pamplemousse - Romarin - Confiseries artisanales sur commande | Bebijn","isPartOf":{"@id":"https:\/\/bebijn.be\/#website"},"primaryImageOfPage":{"@id":"https:\/\/bebijn.be\/product\/pompelmoes-rozemarijn-2\/#primaryimage"},"image":{"@id":"https:\/\/bebijn.be\/product\/pompelmoes-rozemarijn-2\/#primaryimage"},"thumbnailUrl":"https:\/\/bebijn.be\/wp-content\/uploads\/2025\/06\/015-lichtgroen-bebijn-gom-snoep.jpg","datePublished":"2025-03-13T17:08:33+00:00","dateModified":"2026-03-30T14:48:33+00:00","description":"Bonbon Bebine au pamplemousse et au romarin : des agrumes frais avec une profondeur \u00e9pic\u00e9e - vibrant, \u00e9l\u00e9gant et surprenant. \ud83c\udf4a\ud83c\udf3f\u2728\ud83c\udf6c","breadcrumb":{"@id":"https:\/\/bebijn.be\/product\/pompelmoes-rozemarijn-2\/#breadcrumb"},"inLanguage":"fr-BE","potentialAction":[{"@type":"ReadAction","target":["https:\/\/bebijn.be\/product\/pompelmoes-rozemarijn-2\/"]}]},{"@type":"ImageObject","inLanguage":"fr-BE","@id":"https:\/\/bebijn.be\/product\/pompelmoes-rozemarijn-2\/#primaryimage","url":"https:\/\/bebijn.be\/wp-content\/uploads\/2025\/06\/015-lichtgroen-bebijn-gom-snoep.jpg","contentUrl":"https:\/\/bebijn.be\/wp-content\/uploads\/2025\/06\/015-lichtgroen-bebijn-gom-snoep.jpg","width":800,"height":800},{"@type":"BreadcrumbList","@id":"https:\/\/bebijn.be\/product\/pompelmoes-rozemarijn-2\/#breadcrumb","itemListElement":[{"@type":"ListItem","position":1,"name":"Home","item":"https:\/\/bebijn.be\/"},{"@type":"ListItem","position":2,"name":"Winkel Bebijn","item":"https:\/\/bebijn.be\/winkel-bebijn\/"},{"@type":"ListItem","position":3,"name":"Pompelmoes \u2022 Rozemarijn"}]},{"@type":"WebSite","@id":"https:\/\/bebijn.be\/#website","url":"https:\/\/bebijn.be\/","name":"Bebijn | Sucreries artisanales personnalis\u00e9es","description":"confiserie et bonbons pour la gastronomie cadeau marketing","publisher":{"@id":"https:\/\/bebijn.be\/#organization"},"potentialAction":[{"@type":"SearchAction","target":{"@type":"EntryPoint","urlTemplate":"https:\/\/bebijn.be\/?s={search_term_string}"},"query-input":{"@type":"PropertyValueSpecification","valueRequired":true,"valueName":"search_term_string"}}],"inLanguage":"fr-BE"},{"@type":"Organization","@id":"https:\/\/bebijn.be\/#organization","name":"Bebijn","url":"https:\/\/bebijn.be\/","logo":{"@type":"ImageObject","inLanguage":"fr-BE","@id":"https:\/\/bebijn.be\/#\/schema\/logo\/image\/","url":"https:\/\/bebijn.be\/wp-content\/uploads\/2024\/12\/Bebijn-Logo-RGB-v1.png","contentUrl":"https:\/\/bebijn.be\/wp-content\/uploads\/2024\/12\/Bebijn-Logo-RGB-v1.png","width":800,"height":800,"caption":"Bebijn"},"image":{"@id":"https:\/\/bebijn.be\/#\/schema\/logo\/image\/"},"sameAs":["https:\/\/www.facebook.com\/bebijn\/","https:\/\/www.instagram.com\/bebijn.sweets\/"]}]},"product_price_amount":"33.00","product_price_currency":"EUR","og_availability":"instock","product_availability":"instock","product_retailer_item_id":"pomproze","product_condition":"new"},"_links":{"self":[{"href":"https:\/\/bebijn.be\/fr\/wp-json\/wp\/v2\/product\/18410","targetHints":{"allow":["GET"]}}],"collection":[{"href":"https:\/\/bebijn.be\/fr\/wp-json\/wp\/v2\/product"}],"about":[{"href":"https:\/\/bebijn.be\/fr\/wp-json\/wp\/v2\/types\/product"}],"version-history":[{"count":3,"href":"https:\/\/bebijn.be\/fr\/wp-json\/wp\/v2\/product\/18410\/revisions"}],"predecessor-version":[{"id":19918,"href":"https:\/\/bebijn.be\/fr\/wp-json\/wp\/v2\/product\/18410\/revisions\/19918"}],"wp:featuredmedia":[{"embeddable":true,"href":"https:\/\/bebijn.be\/fr\/wp-json\/wp\/v2\/media\/19914"}],"wp:attachment":[{"href":"https:\/\/bebijn.be\/fr\/wp-json\/wp\/v2\/media?parent=18410"}],"wp:term":[{"taxonomy":"product_brand","embeddable":true,"href":"https:\/\/bebijn.be\/fr\/wp-json\/wp\/v2\/product_brand?post=18410"},{"taxonomy":"product_cat","embeddable":true,"href":"https:\/\/bebijn.be\/fr\/wp-json\/wp\/v2\/product_cat?post=18410"},{"taxonomy":"product_tag","embeddable":true,"href":"https:\/\/bebijn.be\/fr\/wp-json\/wp\/v2\/product_tag?post=18410"}],"curies":[{"name":"wp","href":"https:\/\/api.w.org\/{rel}","templated":true}]}}