{"id":18424,"date":"2025-03-14T18:09:28","date_gmt":"2025-03-14T17:09:28","guid":{"rendered":"https:\/\/deezine.be\/bebijn\/?post_type=product&#038;p=18424"},"modified":"2026-03-17T11:51:53","modified_gmt":"2026-03-17T09:51:53","slug":"laurier-orange","status":"publish","type":"product","link":"https:\/\/bebijn.be\/fr\/product\/sinaas-laurier\/","title":{"rendered":"Laurier orange"},"content":{"rendered":"<p data-start=\"0\" data-end=\"385\"><strong data-start=\"30\" data-end=\"75\">Bonbons Bevin \u00e0 l'orange et au laurier<\/strong> est une combinaison sophistiqu\u00e9e d'agrumes ensoleill\u00e9s et d'\u00e9pices subtiles. L'orange apporte une douceur fra\u00eeche, tandis que le laurier apporte une profondeur aromatique et l\u00e9g\u00e8rement \u00e9pic\u00e9e qui soutient \u00e9l\u00e9gamment le fruit. Ensemble, ils cr\u00e9ent une confiserie harmonieuse et de caract\u00e8re avec une touche de gourmandise.<\/p>\n<p data-start=\"387\" data-end=\"510\">Id\u00e9al pour accompagner le caf\u00e9 comme mignardise, l'addition, une douceur \u00e0 d\u00e9guster ou \u00e0 offrir comme cadeau original.<\/p>\n<p data-start=\"512\" data-end=\"640\">Pour les amateurs d'agrumes aux nuances \u00e9pic\u00e9es, ce bonbon est un \u00e9quilibre surprenant entre fra\u00eecheur et chaleur sophistiqu\u00e9e.<\/p>\n<p data-start=\"512\" data-end=\"640\">\n<p data-start=\"512\" data-end=\"640\">SOFTI TEXTURE : a quelque chose\u00a0<span class=\"qodef-highlight-text\">\u00e9lastique et pourtant<\/span> pas...Roul\u00e9s \u00e0 la main et coup\u00e9s en cubes o\u00f9 un peu d'huile d'olive est utilis\u00e9e.\u00a0<span class=\"qodef-highlight-text\">g\u00e9latine<\/span>\u00a0apporte une texture subtile<\/p>","protected":false},"excerpt":{"rendered":"<p data-start=\"0\" data-end=\"385\"><strong data-start=\"30\" data-end=\"75\">Bonbons Bevin \u00e0 l'orange et au laurier<\/strong> est une combinaison sophistiqu\u00e9e d'agrumes ensoleill\u00e9s et d'\u00e9pices subtiles. L'orange apporte une douceur fra\u00eeche, tandis que le laurier apporte une profondeur aromatique et l\u00e9g\u00e8rement \u00e9pic\u00e9e qui soutient \u00e9l\u00e9gamment le fruit. Ensemble, ils cr\u00e9ent une confiserie harmonieuse et de caract\u00e8re avec une touche de gourmandise.<\/p>\n<p data-start=\"387\" data-end=\"510\">Id\u00e9al pour accompagner le caf\u00e9 comme mignardise, l'addition, une douceur \u00e0 d\u00e9guster ou \u00e0 offrir comme cadeau original.<\/p>\n<p data-start=\"512\" data-end=\"640\">Pour les amateurs d'agrumes aux nuances \u00e9pic\u00e9es, ce bonbon est un \u00e9quilibre surprenant entre fra\u00eecheur et chaleur sophistiqu\u00e9e.<\/p>\n<p data-start=\"512\" data-end=\"640\">SOFTI TEXTURE : a quelque chose\u00a0<span class=\"qodef-highlight-text\">\u00e9lastique et pourtant<\/span> pas...Roul\u00e9s \u00e0 la main et coup\u00e9s en cubes o\u00f9 un peu d'huile d'olive est utilis\u00e9e.\u00a0<span class=\"qodef-highlight-text\">g\u00e9latine<\/span>\u00a0apporte une texture subtile<\/p>","protected":false},"featured_media":19827,"template":"","meta":[],"product_brand":[],"product_cat":[76],"product_tag":[],"class_list":{"0":"post-18424","1":"product","2":"type-product","3":"status-publish","4":"has-post-thumbnail","6":"product_cat-special","8":"first","9":"instock","10":"taxable","11":"shipping-taxable","12":"purchasable","13":"product-type-simple"},"yoast_head":"<!-- This site is optimized with the Yoast SEO Premium plugin v24.2 (Yoast SEO v27.4) - https:\/\/yoast.com\/product\/yoast-seo-premium-wordpress\/ -->\n<title>Sinaas \u2022 Laurier - Artisanale snoep op maat | Bebijn<\/title>\n<meta name=\"description\" content=\"Bebijn snoepje met sinaasappel en laurier: fris en kruidig \u2014 citrus met een elegante, aromatische twist. \ud83c\udf4a\ud83c\udf3f\ud83c\udf6c\u2728\" \/>\n<meta name=\"robots\" content=\"index, follow, max-snippet:-1, max-image-preview:large, max-video-preview:-1\" \/>\n<link rel=\"canonical\" href=\"https:\/\/bebijn.be\/fr\/produit\/laurier-orange\/\" \/>\n<script type=\"application\/ld+json\" class=\"yoast-schema-graph\">{\"@context\":\"https:\\\/\\\/schema.org\",\"@graph\":[{\"@type\":\"WebPage\",\"@id\":\"https:\\\/\\\/bebijn.be\\\/product\\\/sinaas-laurier\\\/\",\"url\":\"https:\\\/\\\/bebijn.be\\\/product\\\/sinaas-laurier\\\/\",\"name\":\"Sinaas \u2022 Laurier - Artisanale snoep op maat | Bebijn\",\"isPartOf\":{\"@id\":\"https:\\\/\\\/bebijn.be\\\/#website\"},\"primaryImageOfPage\":{\"@id\":\"https:\\\/\\\/bebijn.be\\\/product\\\/sinaas-laurier\\\/#primaryimage\"},\"image\":{\"@id\":\"https:\\\/\\\/bebijn.be\\\/product\\\/sinaas-laurier\\\/#primaryimage\"},\"thumbnailUrl\":\"https:\\\/\\\/bebijn.be\\\/wp-content\\\/uploads\\\/2025\\\/03\\\/soft2x2oranje.jpg\",\"datePublished\":\"2025-03-14T17:09:28+00:00\",\"dateModified\":\"2026-03-17T09:51:53+00:00\",\"description\":\"Bebijn snoepje met sinaasappel en laurier: fris en kruidig \u2014 citrus met een elegante, aromatische twist. \ud83c\udf4a\ud83c\udf3f\ud83c\udf6c\u2728\",\"breadcrumb\":{\"@id\":\"https:\\\/\\\/bebijn.be\\\/product\\\/sinaas-laurier\\\/#breadcrumb\"},\"inLanguage\":\"fr-BE\",\"potentialAction\":[{\"@type\":\"ReadAction\",\"target\":[\"https:\\\/\\\/bebijn.be\\\/product\\\/sinaas-laurier\\\/\"]}]},{\"@type\":\"ImageObject\",\"inLanguage\":\"fr-BE\",\"@id\":\"https:\\\/\\\/bebijn.be\\\/product\\\/sinaas-laurier\\\/#primaryimage\",\"url\":\"https:\\\/\\\/bebijn.be\\\/wp-content\\\/uploads\\\/2025\\\/03\\\/soft2x2oranje.jpg\",\"contentUrl\":\"https:\\\/\\\/bebijn.be\\\/wp-content\\\/uploads\\\/2025\\\/03\\\/soft2x2oranje.jpg\",\"width\":800,\"height\":800},{\"@type\":\"BreadcrumbList\",\"@id\":\"https:\\\/\\\/bebijn.be\\\/product\\\/sinaas-laurier\\\/#breadcrumb\",\"itemListElement\":[{\"@type\":\"ListItem\",\"position\":1,\"name\":\"Home\",\"item\":\"https:\\\/\\\/bebijn.be\\\/\"},{\"@type\":\"ListItem\",\"position\":2,\"name\":\"Winkel Bebijn\",\"item\":\"https:\\\/\\\/bebijn.be\\\/winkel-bebijn\\\/\"},{\"@type\":\"ListItem\",\"position\":3,\"name\":\"Sinaas \u2022 Laurier\"}]},{\"@type\":\"WebSite\",\"@id\":\"https:\\\/\\\/bebijn.be\\\/#website\",\"url\":\"https:\\\/\\\/bebijn.be\\\/\",\"name\":\"Bebijn | Artisanale snoep op maat\",\"description\":\"confiserie en snoep voor gastronomie marketing geschenk\",\"publisher\":{\"@id\":\"https:\\\/\\\/bebijn.be\\\/#organization\"},\"potentialAction\":[{\"@type\":\"SearchAction\",\"target\":{\"@type\":\"EntryPoint\",\"urlTemplate\":\"https:\\\/\\\/bebijn.be\\\/?s={search_term_string}\"},\"query-input\":{\"@type\":\"PropertyValueSpecification\",\"valueRequired\":true,\"valueName\":\"search_term_string\"}}],\"inLanguage\":\"fr-BE\"},{\"@type\":\"Organization\",\"@id\":\"https:\\\/\\\/bebijn.be\\\/#organization\",\"name\":\"Bebijn\",\"url\":\"https:\\\/\\\/bebijn.be\\\/\",\"logo\":{\"@type\":\"ImageObject\",\"inLanguage\":\"fr-BE\",\"@id\":\"https:\\\/\\\/bebijn.be\\\/#\\\/schema\\\/logo\\\/image\\\/\",\"url\":\"https:\\\/\\\/bebijn.be\\\/wp-content\\\/uploads\\\/2024\\\/12\\\/Bebijn-Logo-RGB-v1.png\",\"contentUrl\":\"https:\\\/\\\/bebijn.be\\\/wp-content\\\/uploads\\\/2024\\\/12\\\/Bebijn-Logo-RGB-v1.png\",\"width\":800,\"height\":800,\"caption\":\"Bebijn\"},\"image\":{\"@id\":\"https:\\\/\\\/bebijn.be\\\/#\\\/schema\\\/logo\\\/image\\\/\"},\"sameAs\":[\"https:\\\/\\\/www.facebook.com\\\/bebijn\\\/\",\"https:\\\/\\\/www.instagram.com\\\/bebijn.sweets\\\/\"]}]}<\/script>\n<meta property=\"product:price:amount\" content=\"35.00\" \/>\n<meta property=\"product:price:currency\" content=\"EUR\" \/>\n<meta property=\"og:availability\" content=\"instock\" \/>\n<meta property=\"product:availability\" content=\"instock\" \/>\n<meta property=\"product:retailer_item_id\" content=\"4394-1\" \/>\n<meta property=\"product:condition\" content=\"new\" \/>\n<!-- \/ Yoast SEO Premium plugin. -->","yoast_head_json":{"title":"Orange - Laurier - Confiseries artisanales sur commande | Bebijn","description":"Bonbon Bebi \u00e0 l'orange et au laurier : frais et \u00e9pic\u00e9 - des agrumes avec une touche \u00e9l\u00e9gante et aromatique. \ud83c\udf4a\ud83c\udf3f\ud83c\udf6c\u2728","robots":{"index":"index","follow":"follow","max-snippet":"max-snippet:-1","max-image-preview":"max-image-preview:large","max-video-preview":"max-video-preview:-1"},"canonical":"https:\/\/bebijn.be\/fr\/produit\/laurier-orange\/","schema":{"@context":"https:\/\/schema.org","@graph":[{"@type":"WebPage","@id":"https:\/\/bebijn.be\/product\/sinaas-laurier\/","url":"https:\/\/bebijn.be\/product\/sinaas-laurier\/","name":"Orange - Laurier - Confiseries artisanales sur commande | Bebijn","isPartOf":{"@id":"https:\/\/bebijn.be\/#website"},"primaryImageOfPage":{"@id":"https:\/\/bebijn.be\/product\/sinaas-laurier\/#primaryimage"},"image":{"@id":"https:\/\/bebijn.be\/product\/sinaas-laurier\/#primaryimage"},"thumbnailUrl":"https:\/\/bebijn.be\/wp-content\/uploads\/2025\/03\/soft2x2oranje.jpg","datePublished":"2025-03-14T17:09:28+00:00","dateModified":"2026-03-17T09:51:53+00:00","description":"Bonbon Bebi \u00e0 l'orange et au laurier : frais et \u00e9pic\u00e9 - des agrumes avec une touche \u00e9l\u00e9gante et aromatique. \ud83c\udf4a\ud83c\udf3f\ud83c\udf6c\u2728","breadcrumb":{"@id":"https:\/\/bebijn.be\/product\/sinaas-laurier\/#breadcrumb"},"inLanguage":"fr-BE","potentialAction":[{"@type":"ReadAction","target":["https:\/\/bebijn.be\/product\/sinaas-laurier\/"]}]},{"@type":"ImageObject","inLanguage":"fr-BE","@id":"https:\/\/bebijn.be\/product\/sinaas-laurier\/#primaryimage","url":"https:\/\/bebijn.be\/wp-content\/uploads\/2025\/03\/soft2x2oranje.jpg","contentUrl":"https:\/\/bebijn.be\/wp-content\/uploads\/2025\/03\/soft2x2oranje.jpg","width":800,"height":800},{"@type":"BreadcrumbList","@id":"https:\/\/bebijn.be\/product\/sinaas-laurier\/#breadcrumb","itemListElement":[{"@type":"ListItem","position":1,"name":"Home","item":"https:\/\/bebijn.be\/"},{"@type":"ListItem","position":2,"name":"Winkel Bebijn","item":"https:\/\/bebijn.be\/winkel-bebijn\/"},{"@type":"ListItem","position":3,"name":"Sinaas \u2022 Laurier"}]},{"@type":"WebSite","@id":"https:\/\/bebijn.be\/#website","url":"https:\/\/bebijn.be\/","name":"Bebijn | Sucreries artisanales personnalis\u00e9es","description":"confiserie et bonbons pour la gastronomie cadeau marketing","publisher":{"@id":"https:\/\/bebijn.be\/#organization"},"potentialAction":[{"@type":"SearchAction","target":{"@type":"EntryPoint","urlTemplate":"https:\/\/bebijn.be\/?s={search_term_string}"},"query-input":{"@type":"PropertyValueSpecification","valueRequired":true,"valueName":"search_term_string"}}],"inLanguage":"fr-BE"},{"@type":"Organization","@id":"https:\/\/bebijn.be\/#organization","name":"Bebijn","url":"https:\/\/bebijn.be\/","logo":{"@type":"ImageObject","inLanguage":"fr-BE","@id":"https:\/\/bebijn.be\/#\/schema\/logo\/image\/","url":"https:\/\/bebijn.be\/wp-content\/uploads\/2024\/12\/Bebijn-Logo-RGB-v1.png","contentUrl":"https:\/\/bebijn.be\/wp-content\/uploads\/2024\/12\/Bebijn-Logo-RGB-v1.png","width":800,"height":800,"caption":"Bebijn"},"image":{"@id":"https:\/\/bebijn.be\/#\/schema\/logo\/image\/"},"sameAs":["https:\/\/www.facebook.com\/bebijn\/","https:\/\/www.instagram.com\/bebijn.sweets\/"]}]},"product_price_amount":"35.00","product_price_currency":"EUR","og_availability":"instock","product_availability":"instock","product_retailer_item_id":"4394-1","product_condition":"new"},"_links":{"self":[{"href":"https:\/\/bebijn.be\/fr\/wp-json\/wp\/v2\/product\/18424","targetHints":{"allow":["GET"]}}],"collection":[{"href":"https:\/\/bebijn.be\/fr\/wp-json\/wp\/v2\/product"}],"about":[{"href":"https:\/\/bebijn.be\/fr\/wp-json\/wp\/v2\/types\/product"}],"version-history":[{"count":2,"href":"https:\/\/bebijn.be\/fr\/wp-json\/wp\/v2\/product\/18424\/revisions"}],"predecessor-version":[{"id":19829,"href":"https:\/\/bebijn.be\/fr\/wp-json\/wp\/v2\/product\/18424\/revisions\/19829"}],"wp:featuredmedia":[{"embeddable":true,"href":"https:\/\/bebijn.be\/fr\/wp-json\/wp\/v2\/media\/19827"}],"wp:attachment":[{"href":"https:\/\/bebijn.be\/fr\/wp-json\/wp\/v2\/media?parent=18424"}],"wp:term":[{"taxonomy":"product_brand","embeddable":true,"href":"https:\/\/bebijn.be\/fr\/wp-json\/wp\/v2\/product_brand?post=18424"},{"taxonomy":"product_cat","embeddable":true,"href":"https:\/\/bebijn.be\/fr\/wp-json\/wp\/v2\/product_cat?post=18424"},{"taxonomy":"product_tag","embeddable":true,"href":"https:\/\/bebijn.be\/fr\/wp-json\/wp\/v2\/product_tag?post=18424"}],"curies":[{"name":"wp","href":"https:\/\/api.w.org\/{rel}","templated":true}]}}