{"id":18813,"date":"2025-06-20T13:47:03","date_gmt":"2025-06-20T12:47:03","guid":{"rendered":"https:\/\/deezine.be\/bebijn\/?post_type=product&#038;p=18813"},"modified":"2026-04-17T22:55:13","modified_gmt":"2026-04-17T20:55:13","slug":"rhubarbe-vanille","status":"publish","type":"product","link":"https:\/\/bebijn.be\/fr\/product\/rabarber-vanille\/","title":{"rendered":"Rhubarbe - Vanille"},"content":{"rendered":"<p>Le bonbon Bebi \u00e0 la rhubarbe et \u00e0 la vanille pr\u00e9sente un \u00e9quilibre d\u00e9licat entre acidit\u00e9 fra\u00eeche et onctuosit\u00e9. La subtilit\u00e9 de la rhubarbe est adoucie par les notes chaudes et velout\u00e9es de la vanille, cr\u00e9ant une sensation gustative stratifi\u00e9e et \u00e9l\u00e9gante.<\/p>\n<p>id\u00e9al pour accompagner le caf\u00e9 comme mignardise, addition, un bonbon \u00e0 d\u00e9guster ou \u00e0 offrir comme cadeau original, un bonbon artisanal Bebijn<\/p>\n<p>Une harmonie de fra\u00eecheur vive et de douceur d\u00e9licate, parfaite pour les gourmets qui aiment une exp\u00e9rience gustative subtile mais distincte.<\/p>","protected":false},"excerpt":{"rendered":"<p>Le bonbon Bebi \u00e0 la rhubarbe et \u00e0 la vanille pr\u00e9sente un \u00e9quilibre d\u00e9licat entre acidit\u00e9 fra\u00eeche et onctuosit\u00e9. La subtilit\u00e9 de la rhubarbe est adoucie par les notes chaudes et velout\u00e9es de la vanille, cr\u00e9ant une sensation gustative stratifi\u00e9e et \u00e9l\u00e9gante.<\/p>\n<p>id\u00e9al pour accompagner le caf\u00e9 comme mignardise, addition, un bonbon \u00e0 d\u00e9guster ou \u00e0 offrir comme cadeau original, un bonbon artisanal Bebijn<\/p>\n<p>Une harmonie de fra\u00eecheur vive et de douceur d\u00e9licate, parfaite pour les gourmets qui aiment une exp\u00e9rience gustative subtile mais distincte.<\/p>","protected":false},"featured_media":19842,"template":"","meta":[],"product_brand":[],"product_cat":[69],"product_tag":[],"class_list":{"0":"post-18813","1":"product","2":"type-product","3":"status-publish","4":"has-post-thumbnail","6":"product_cat-bebijn-assortiment-gommen","8":"first","9":"instock","10":"taxable","11":"shipping-taxable","12":"purchasable","13":"product-type-simple"},"yoast_head":"<!-- This site is optimized with the Yoast SEO Premium plugin v24.2 (Yoast SEO v27.4) - https:\/\/yoast.com\/product\/yoast-seo-premium-wordpress\/ -->\n<title>Rabarber \u2022 Vanille - Artisanale snoep op maat | Bebijn<\/title>\n<meta name=\"description\" content=\"Bebijn snoepje met rabarber en vanille: een verfijnde balans van frisse zuren en romige zachtheid, een elegante en gelaagde smaaksensatie. \ud83c\udf6c\u2728&quot;\" \/>\n<meta name=\"robots\" content=\"index, follow, max-snippet:-1, max-image-preview:large, max-video-preview:-1\" \/>\n<link rel=\"canonical\" href=\"https:\/\/bebijn.be\/fr\/produit\/rhubarbe-vanille\/\" \/>\n<script type=\"application\/ld+json\" class=\"yoast-schema-graph\">{\"@context\":\"https:\\\/\\\/schema.org\",\"@graph\":[{\"@type\":\"WebPage\",\"@id\":\"https:\\\/\\\/bebijn.be\\\/product\\\/rabarber-vanille\\\/\",\"url\":\"https:\\\/\\\/bebijn.be\\\/product\\\/rabarber-vanille\\\/\",\"name\":\"Rabarber \u2022 Vanille - Artisanale snoep op maat | Bebijn\",\"isPartOf\":{\"@id\":\"https:\\\/\\\/bebijn.be\\\/#website\"},\"primaryImageOfPage\":{\"@id\":\"https:\\\/\\\/bebijn.be\\\/product\\\/rabarber-vanille\\\/#primaryimage\"},\"image\":{\"@id\":\"https:\\\/\\\/bebijn.be\\\/product\\\/rabarber-vanille\\\/#primaryimage\"},\"thumbnailUrl\":\"https:\\\/\\\/bebijn.be\\\/wp-content\\\/uploads\\\/2025\\\/06\\\/006-groen-rood-bebijn-handwerk-snoep.jpg\",\"datePublished\":\"2025-06-20T12:47:03+00:00\",\"dateModified\":\"2026-04-17T20:55:13+00:00\",\"description\":\"Bebijn snoepje met rabarber en vanille: een verfijnde balans van frisse zuren en romige zachtheid, een elegante en gelaagde smaaksensatie. \ud83c\udf6c\u2728\\\"\",\"breadcrumb\":{\"@id\":\"https:\\\/\\\/bebijn.be\\\/product\\\/rabarber-vanille\\\/#breadcrumb\"},\"inLanguage\":\"fr-BE\",\"potentialAction\":[{\"@type\":\"ReadAction\",\"target\":[\"https:\\\/\\\/bebijn.be\\\/product\\\/rabarber-vanille\\\/\"]}]},{\"@type\":\"ImageObject\",\"inLanguage\":\"fr-BE\",\"@id\":\"https:\\\/\\\/bebijn.be\\\/product\\\/rabarber-vanille\\\/#primaryimage\",\"url\":\"https:\\\/\\\/bebijn.be\\\/wp-content\\\/uploads\\\/2025\\\/06\\\/006-groen-rood-bebijn-handwerk-snoep.jpg\",\"contentUrl\":\"https:\\\/\\\/bebijn.be\\\/wp-content\\\/uploads\\\/2025\\\/06\\\/006-groen-rood-bebijn-handwerk-snoep.jpg\",\"width\":600,\"height\":599},{\"@type\":\"BreadcrumbList\",\"@id\":\"https:\\\/\\\/bebijn.be\\\/product\\\/rabarber-vanille\\\/#breadcrumb\",\"itemListElement\":[{\"@type\":\"ListItem\",\"position\":1,\"name\":\"Home\",\"item\":\"https:\\\/\\\/bebijn.be\\\/\"},{\"@type\":\"ListItem\",\"position\":2,\"name\":\"Winkel Bebijn\",\"item\":\"https:\\\/\\\/bebijn.be\\\/winkel-bebijn\\\/\"},{\"@type\":\"ListItem\",\"position\":3,\"name\":\"Rabarber \u2022 Vanille\"}]},{\"@type\":\"WebSite\",\"@id\":\"https:\\\/\\\/bebijn.be\\\/#website\",\"url\":\"https:\\\/\\\/bebijn.be\\\/\",\"name\":\"Bebijn | Artisanale snoep op maat\",\"description\":\"confiserie en snoep voor gastronomie marketing geschenk\",\"publisher\":{\"@id\":\"https:\\\/\\\/bebijn.be\\\/#organization\"},\"potentialAction\":[{\"@type\":\"SearchAction\",\"target\":{\"@type\":\"EntryPoint\",\"urlTemplate\":\"https:\\\/\\\/bebijn.be\\\/?s={search_term_string}\"},\"query-input\":{\"@type\":\"PropertyValueSpecification\",\"valueRequired\":true,\"valueName\":\"search_term_string\"}}],\"inLanguage\":\"fr-BE\"},{\"@type\":\"Organization\",\"@id\":\"https:\\\/\\\/bebijn.be\\\/#organization\",\"name\":\"Bebijn\",\"url\":\"https:\\\/\\\/bebijn.be\\\/\",\"logo\":{\"@type\":\"ImageObject\",\"inLanguage\":\"fr-BE\",\"@id\":\"https:\\\/\\\/bebijn.be\\\/#\\\/schema\\\/logo\\\/image\\\/\",\"url\":\"https:\\\/\\\/bebijn.be\\\/wp-content\\\/uploads\\\/2024\\\/12\\\/Bebijn-Logo-RGB-v1.png\",\"contentUrl\":\"https:\\\/\\\/bebijn.be\\\/wp-content\\\/uploads\\\/2024\\\/12\\\/Bebijn-Logo-RGB-v1.png\",\"width\":800,\"height\":800,\"caption\":\"Bebijn\"},\"image\":{\"@id\":\"https:\\\/\\\/bebijn.be\\\/#\\\/schema\\\/logo\\\/image\\\/\"},\"sameAs\":[\"https:\\\/\\\/www.facebook.com\\\/bebijn\\\/\",\"https:\\\/\\\/www.instagram.com\\\/bebijn.sweets\\\/\"]}]}<\/script>\n<meta property=\"product:price:amount\" content=\"33.00\" \/>\n<meta property=\"product:price:currency\" content=\"EUR\" \/>\n<meta property=\"og:availability\" content=\"instock\" \/>\n<meta property=\"product:availability\" content=\"instock\" \/>\n<meta property=\"product:retailer_item_id\" content=\"rabavani\" \/>\n<meta property=\"product:condition\" content=\"new\" \/>\n<!-- \/ Yoast SEO Premium plugin. -->","yoast_head_json":{"title":"Rhubarbe - Vanille - Confiseries artisanales sur commande | Bebijn","description":"Bonbon Bebine \u00e0 la rhubarbe et \u00e0 la vanille : un \u00e9quilibre d\u00e9licat entre acidit\u00e9 fra\u00eeche et onctuosit\u00e9, une sensation gustative \u00e9l\u00e9gante et \u00e9tag\u00e9e. \ud83c\udf6c\u2728\"","robots":{"index":"index","follow":"follow","max-snippet":"max-snippet:-1","max-image-preview":"max-image-preview:large","max-video-preview":"max-video-preview:-1"},"canonical":"https:\/\/bebijn.be\/fr\/produit\/rhubarbe-vanille\/","schema":{"@context":"https:\/\/schema.org","@graph":[{"@type":"WebPage","@id":"https:\/\/bebijn.be\/product\/rabarber-vanille\/","url":"https:\/\/bebijn.be\/product\/rabarber-vanille\/","name":"Rhubarbe - Vanille - Confiseries artisanales sur commande | Bebijn","isPartOf":{"@id":"https:\/\/bebijn.be\/#website"},"primaryImageOfPage":{"@id":"https:\/\/bebijn.be\/product\/rabarber-vanille\/#primaryimage"},"image":{"@id":"https:\/\/bebijn.be\/product\/rabarber-vanille\/#primaryimage"},"thumbnailUrl":"https:\/\/bebijn.be\/wp-content\/uploads\/2025\/06\/006-groen-rood-bebijn-handwerk-snoep.jpg","datePublished":"2025-06-20T12:47:03+00:00","dateModified":"2026-04-17T20:55:13+00:00","description":"Bonbon Bebine \u00e0 la rhubarbe et \u00e0 la vanille : un \u00e9quilibre d\u00e9licat entre acidit\u00e9 fra\u00eeche et onctuosit\u00e9, une sensation gustative \u00e9l\u00e9gante et \u00e9tag\u00e9e. \ud83c\udf6c\u2728\"","breadcrumb":{"@id":"https:\/\/bebijn.be\/product\/rabarber-vanille\/#breadcrumb"},"inLanguage":"fr-BE","potentialAction":[{"@type":"ReadAction","target":["https:\/\/bebijn.be\/product\/rabarber-vanille\/"]}]},{"@type":"ImageObject","inLanguage":"fr-BE","@id":"https:\/\/bebijn.be\/product\/rabarber-vanille\/#primaryimage","url":"https:\/\/bebijn.be\/wp-content\/uploads\/2025\/06\/006-groen-rood-bebijn-handwerk-snoep.jpg","contentUrl":"https:\/\/bebijn.be\/wp-content\/uploads\/2025\/06\/006-groen-rood-bebijn-handwerk-snoep.jpg","width":600,"height":599},{"@type":"BreadcrumbList","@id":"https:\/\/bebijn.be\/product\/rabarber-vanille\/#breadcrumb","itemListElement":[{"@type":"ListItem","position":1,"name":"Home","item":"https:\/\/bebijn.be\/"},{"@type":"ListItem","position":2,"name":"Winkel Bebijn","item":"https:\/\/bebijn.be\/winkel-bebijn\/"},{"@type":"ListItem","position":3,"name":"Rabarber \u2022 Vanille"}]},{"@type":"WebSite","@id":"https:\/\/bebijn.be\/#website","url":"https:\/\/bebijn.be\/","name":"Bebijn | Sucreries artisanales personnalis\u00e9es","description":"confiserie et bonbons pour la gastronomie cadeau marketing","publisher":{"@id":"https:\/\/bebijn.be\/#organization"},"potentialAction":[{"@type":"SearchAction","target":{"@type":"EntryPoint","urlTemplate":"https:\/\/bebijn.be\/?s={search_term_string}"},"query-input":{"@type":"PropertyValueSpecification","valueRequired":true,"valueName":"search_term_string"}}],"inLanguage":"fr-BE"},{"@type":"Organization","@id":"https:\/\/bebijn.be\/#organization","name":"Bebijn","url":"https:\/\/bebijn.be\/","logo":{"@type":"ImageObject","inLanguage":"fr-BE","@id":"https:\/\/bebijn.be\/#\/schema\/logo\/image\/","url":"https:\/\/bebijn.be\/wp-content\/uploads\/2024\/12\/Bebijn-Logo-RGB-v1.png","contentUrl":"https:\/\/bebijn.be\/wp-content\/uploads\/2024\/12\/Bebijn-Logo-RGB-v1.png","width":800,"height":800,"caption":"Bebijn"},"image":{"@id":"https:\/\/bebijn.be\/#\/schema\/logo\/image\/"},"sameAs":["https:\/\/www.facebook.com\/bebijn\/","https:\/\/www.instagram.com\/bebijn.sweets\/"]}]},"product_price_amount":"33.00","product_price_currency":"EUR","og_availability":"instock","product_availability":"instock","product_retailer_item_id":"rabavani","product_condition":"new"},"_links":{"self":[{"href":"https:\/\/bebijn.be\/fr\/wp-json\/wp\/v2\/product\/18813","targetHints":{"allow":["GET"]}}],"collection":[{"href":"https:\/\/bebijn.be\/fr\/wp-json\/wp\/v2\/product"}],"about":[{"href":"https:\/\/bebijn.be\/fr\/wp-json\/wp\/v2\/types\/product"}],"version-history":[{"count":1,"href":"https:\/\/bebijn.be\/fr\/wp-json\/wp\/v2\/product\/18813\/revisions"}],"predecessor-version":[{"id":18829,"href":"https:\/\/bebijn.be\/fr\/wp-json\/wp\/v2\/product\/18813\/revisions\/18829"}],"wp:featuredmedia":[{"embeddable":true,"href":"https:\/\/bebijn.be\/fr\/wp-json\/wp\/v2\/media\/19842"}],"wp:attachment":[{"href":"https:\/\/bebijn.be\/fr\/wp-json\/wp\/v2\/media?parent=18813"}],"wp:term":[{"taxonomy":"product_brand","embeddable":true,"href":"https:\/\/bebijn.be\/fr\/wp-json\/wp\/v2\/product_brand?post=18813"},{"taxonomy":"product_cat","embeddable":true,"href":"https:\/\/bebijn.be\/fr\/wp-json\/wp\/v2\/product_cat?post=18813"},{"taxonomy":"product_tag","embeddable":true,"href":"https:\/\/bebijn.be\/fr\/wp-json\/wp\/v2\/product_tag?post=18813"}],"curies":[{"name":"wp","href":"https:\/\/api.w.org\/{rel}","templated":true}]}}