{"id":18816,"date":"2025-06-20T13:47:03","date_gmt":"2025-06-20T12:47:03","guid":{"rendered":"https:\/\/deezine.be\/bebijn\/?post_type=product&#038;p=18816"},"modified":"2025-06-20T14:12:26","modified_gmt":"2025-06-20T13:12:26","slug":"fleur-de-cerisier-sakura-sauge-bonbon-moment","status":"publish","type":"product","link":"https:\/\/bebijn.be\/fr\/product\/kersenbloesem-sakura-salie-snoepmoment\/","title":{"rendered":"Fleur de cerisier (Sakura) - Sauge"},"content":{"rendered":"<p><span>Un bonbon Bebi au sakura et \u00e0 la sauge est une rencontre sophistiqu\u00e9e entre l'\u00e9l\u00e9gance florale et la profondeur \u00e9pic\u00e9e. Les notes douces et florales de la fleur de cerisier (sakura) se m\u00ealent \u00e0 la fra\u00eecheur aromatique et terreuse de la sauge pour cr\u00e9er un palais subtil, presque po\u00e9tique. Une confiserie d\u00e9licate qui allie s\u00e9r\u00e9nit\u00e9 et caract\u00e8re.<\/span><\/p>\n<p>id\u00e9al pour accompagner le caf\u00e9 comme mignardise, addition, un bonbon \u00e0 d\u00e9guster ou \u00e0 offrir comme cadeau original, un bonbon artisanal Bebijn<\/p>","protected":false},"excerpt":{"rendered":"<p><span>Un bonbon Bebi au sakura et \u00e0 la sauge est une rencontre sophistiqu\u00e9e entre l'\u00e9l\u00e9gance florale et la profondeur \u00e9pic\u00e9e. Les notes douces et florales de la fleur de cerisier (sakura) se m\u00ealent \u00e0 la fra\u00eecheur aromatique et terreuse de la sauge pour cr\u00e9er un palais subtil, presque po\u00e9tique. Une confiserie d\u00e9licate qui allie s\u00e9r\u00e9nit\u00e9 et caract\u00e8re.<\/span><\/p>\n<p>id\u00e9al pour accompagner le caf\u00e9 comme mignardise, addition, un bonbon \u00e0 d\u00e9guster ou \u00e0 offrir comme cadeau original, un bonbon artisanal Bebijn<\/p>","protected":false},"featured_media":18834,"template":"","meta":[],"product_brand":[],"product_cat":[70],"product_tag":[],"class_list":{"0":"post-18816","1":"product","2":"type-product","3":"status-publish","4":"has-post-thumbnail","6":"product_cat-uit-bebijn-assortiment","8":"first","9":"outofstock","10":"taxable","11":"shipping-taxable","12":"purchasable","13":"product-type-simple"},"yoast_head":"<!-- This site is optimized with the Yoast SEO Premium plugin v24.2 (Yoast SEO v27.4) - https:\/\/yoast.com\/product\/yoast-seo-premium-wordpress\/ -->\n<title>Kersenbloesem (Sakura) \u2022 Salie - Artisanale snoep op maat | Bebijn<\/title>\n<meta name=\"description\" content=\"Snoepje met sakura en salie: een verfijnde mix van florale zachtheid en kruidige frisheid, een subtiele en serene smaakbeleving. \ud83c\udf38\ud83c\udf3f\ud83c\udf6c\" \/>\n<meta name=\"robots\" content=\"index, follow, max-snippet:-1, max-image-preview:large, max-video-preview:-1\" \/>\n<link rel=\"canonical\" href=\"https:\/\/bebijn.be\/fr\/produit\/fleur-de-cerisier-sakura-sauge-bonbon-moment\/\" \/>\n<script type=\"application\/ld+json\" class=\"yoast-schema-graph\">{\"@context\":\"https:\\\/\\\/schema.org\",\"@graph\":[{\"@type\":\"WebPage\",\"@id\":\"https:\\\/\\\/bebijn.be\\\/product\\\/kersenbloesem-sakura-salie-snoepmoment\\\/\",\"url\":\"https:\\\/\\\/bebijn.be\\\/product\\\/kersenbloesem-sakura-salie-snoepmoment\\\/\",\"name\":\"Kersenbloesem (Sakura) \u2022 Salie - Artisanale snoep op maat | Bebijn\",\"isPartOf\":{\"@id\":\"https:\\\/\\\/bebijn.be\\\/#website\"},\"primaryImageOfPage\":{\"@id\":\"https:\\\/\\\/bebijn.be\\\/product\\\/kersenbloesem-sakura-salie-snoepmoment\\\/#primaryimage\"},\"image\":{\"@id\":\"https:\\\/\\\/bebijn.be\\\/product\\\/kersenbloesem-sakura-salie-snoepmoment\\\/#primaryimage\"},\"thumbnailUrl\":\"https:\\\/\\\/bebijn.be\\\/wp-content\\\/uploads\\\/2025\\\/06\\\/039-rood-groen-bebijn-zoetje.jpg\",\"datePublished\":\"2025-06-20T12:47:03+00:00\",\"dateModified\":\"2025-06-20T13:12:26+00:00\",\"description\":\"Snoepje met sakura en salie: een verfijnde mix van florale zachtheid en kruidige frisheid, een subtiele en serene smaakbeleving. \ud83c\udf38\ud83c\udf3f\ud83c\udf6c\",\"breadcrumb\":{\"@id\":\"https:\\\/\\\/bebijn.be\\\/product\\\/kersenbloesem-sakura-salie-snoepmoment\\\/#breadcrumb\"},\"inLanguage\":\"fr-BE\",\"potentialAction\":[{\"@type\":\"ReadAction\",\"target\":[\"https:\\\/\\\/bebijn.be\\\/product\\\/kersenbloesem-sakura-salie-snoepmoment\\\/\"]}]},{\"@type\":\"ImageObject\",\"inLanguage\":\"fr-BE\",\"@id\":\"https:\\\/\\\/bebijn.be\\\/product\\\/kersenbloesem-sakura-salie-snoepmoment\\\/#primaryimage\",\"url\":\"https:\\\/\\\/bebijn.be\\\/wp-content\\\/uploads\\\/2025\\\/06\\\/039-rood-groen-bebijn-zoetje.jpg\",\"contentUrl\":\"https:\\\/\\\/bebijn.be\\\/wp-content\\\/uploads\\\/2025\\\/06\\\/039-rood-groen-bebijn-zoetje.jpg\",\"width\":800,\"height\":800},{\"@type\":\"BreadcrumbList\",\"@id\":\"https:\\\/\\\/bebijn.be\\\/product\\\/kersenbloesem-sakura-salie-snoepmoment\\\/#breadcrumb\",\"itemListElement\":[{\"@type\":\"ListItem\",\"position\":1,\"name\":\"Home\",\"item\":\"https:\\\/\\\/bebijn.be\\\/\"},{\"@type\":\"ListItem\",\"position\":2,\"name\":\"Winkel Bebijn\",\"item\":\"https:\\\/\\\/bebijn.be\\\/winkel-bebijn\\\/\"},{\"@type\":\"ListItem\",\"position\":3,\"name\":\"Kersenbloesem (Sakura) \u2022 Salie SNOEPMOMENT\"}]},{\"@type\":\"WebSite\",\"@id\":\"https:\\\/\\\/bebijn.be\\\/#website\",\"url\":\"https:\\\/\\\/bebijn.be\\\/\",\"name\":\"Bebijn | Artisanale snoep op maat\",\"description\":\"confiserie en snoep voor gastronomie marketing geschenk\",\"publisher\":{\"@id\":\"https:\\\/\\\/bebijn.be\\\/#organization\"},\"potentialAction\":[{\"@type\":\"SearchAction\",\"target\":{\"@type\":\"EntryPoint\",\"urlTemplate\":\"https:\\\/\\\/bebijn.be\\\/?s={search_term_string}\"},\"query-input\":{\"@type\":\"PropertyValueSpecification\",\"valueRequired\":true,\"valueName\":\"search_term_string\"}}],\"inLanguage\":\"fr-BE\"},{\"@type\":\"Organization\",\"@id\":\"https:\\\/\\\/bebijn.be\\\/#organization\",\"name\":\"Bebijn\",\"url\":\"https:\\\/\\\/bebijn.be\\\/\",\"logo\":{\"@type\":\"ImageObject\",\"inLanguage\":\"fr-BE\",\"@id\":\"https:\\\/\\\/bebijn.be\\\/#\\\/schema\\\/logo\\\/image\\\/\",\"url\":\"https:\\\/\\\/bebijn.be\\\/wp-content\\\/uploads\\\/2024\\\/12\\\/Bebijn-Logo-RGB-v1.png\",\"contentUrl\":\"https:\\\/\\\/bebijn.be\\\/wp-content\\\/uploads\\\/2024\\\/12\\\/Bebijn-Logo-RGB-v1.png\",\"width\":800,\"height\":800,\"caption\":\"Bebijn\"},\"image\":{\"@id\":\"https:\\\/\\\/bebijn.be\\\/#\\\/schema\\\/logo\\\/image\\\/\"},\"sameAs\":[\"https:\\\/\\\/www.facebook.com\\\/bebijn\\\/\",\"https:\\\/\\\/www.instagram.com\\\/bebijn.sweets\\\/\"]}]}<\/script>\n<meta property=\"product:price:amount\" content=\"33.00\" \/>\n<meta property=\"product:price:currency\" content=\"EUR\" \/>\n<meta property=\"og:availability\" content=\"out of stock\" \/>\n<meta property=\"product:availability\" content=\"out of stock\" \/>\n<meta property=\"product:retailer_item_id\" content=\"5245\" \/>\n<meta property=\"product:condition\" content=\"new\" \/>\n<!-- \/ Yoast SEO Premium plugin. -->","yoast_head_json":{"title":"Fleur de cerisier (Sakura) - Sauge - Bonbons artisanaux sur mesure | Bebijn","description":"Bonbon au sakura et \u00e0 la sauge : un m\u00e9lange sophistiqu\u00e9 de douceur florale et de fra\u00eecheur \u00e9pic\u00e9e, une exp\u00e9rience gustative subtile et sereine. \ud83c\udf38\ud83c\udf3f\ud83c\udf6c","robots":{"index":"index","follow":"follow","max-snippet":"max-snippet:-1","max-image-preview":"max-image-preview:large","max-video-preview":"max-video-preview:-1"},"canonical":"https:\/\/bebijn.be\/fr\/produit\/fleur-de-cerisier-sakura-sauge-bonbon-moment\/","schema":{"@context":"https:\/\/schema.org","@graph":[{"@type":"WebPage","@id":"https:\/\/bebijn.be\/product\/kersenbloesem-sakura-salie-snoepmoment\/","url":"https:\/\/bebijn.be\/product\/kersenbloesem-sakura-salie-snoepmoment\/","name":"Fleur de cerisier (Sakura) - Sauge - Bonbons artisanaux sur mesure | Bebijn","isPartOf":{"@id":"https:\/\/bebijn.be\/#website"},"primaryImageOfPage":{"@id":"https:\/\/bebijn.be\/product\/kersenbloesem-sakura-salie-snoepmoment\/#primaryimage"},"image":{"@id":"https:\/\/bebijn.be\/product\/kersenbloesem-sakura-salie-snoepmoment\/#primaryimage"},"thumbnailUrl":"https:\/\/bebijn.be\/wp-content\/uploads\/2025\/06\/039-rood-groen-bebijn-zoetje.jpg","datePublished":"2025-06-20T12:47:03+00:00","dateModified":"2025-06-20T13:12:26+00:00","description":"Bonbon au sakura et \u00e0 la sauge : un m\u00e9lange sophistiqu\u00e9 de douceur florale et de fra\u00eecheur \u00e9pic\u00e9e, une exp\u00e9rience gustative subtile et sereine. \ud83c\udf38\ud83c\udf3f\ud83c\udf6c","breadcrumb":{"@id":"https:\/\/bebijn.be\/product\/kersenbloesem-sakura-salie-snoepmoment\/#breadcrumb"},"inLanguage":"fr-BE","potentialAction":[{"@type":"ReadAction","target":["https:\/\/bebijn.be\/product\/kersenbloesem-sakura-salie-snoepmoment\/"]}]},{"@type":"ImageObject","inLanguage":"fr-BE","@id":"https:\/\/bebijn.be\/product\/kersenbloesem-sakura-salie-snoepmoment\/#primaryimage","url":"https:\/\/bebijn.be\/wp-content\/uploads\/2025\/06\/039-rood-groen-bebijn-zoetje.jpg","contentUrl":"https:\/\/bebijn.be\/wp-content\/uploads\/2025\/06\/039-rood-groen-bebijn-zoetje.jpg","width":800,"height":800},{"@type":"BreadcrumbList","@id":"https:\/\/bebijn.be\/product\/kersenbloesem-sakura-salie-snoepmoment\/#breadcrumb","itemListElement":[{"@type":"ListItem","position":1,"name":"Home","item":"https:\/\/bebijn.be\/"},{"@type":"ListItem","position":2,"name":"Winkel Bebijn","item":"https:\/\/bebijn.be\/winkel-bebijn\/"},{"@type":"ListItem","position":3,"name":"Kersenbloesem (Sakura) \u2022 Salie SNOEPMOMENT"}]},{"@type":"WebSite","@id":"https:\/\/bebijn.be\/#website","url":"https:\/\/bebijn.be\/","name":"Bebijn | Sucreries artisanales personnalis\u00e9es","description":"confiserie et bonbons pour la gastronomie cadeau marketing","publisher":{"@id":"https:\/\/bebijn.be\/#organization"},"potentialAction":[{"@type":"SearchAction","target":{"@type":"EntryPoint","urlTemplate":"https:\/\/bebijn.be\/?s={search_term_string}"},"query-input":{"@type":"PropertyValueSpecification","valueRequired":true,"valueName":"search_term_string"}}],"inLanguage":"fr-BE"},{"@type":"Organization","@id":"https:\/\/bebijn.be\/#organization","name":"Bebijn","url":"https:\/\/bebijn.be\/","logo":{"@type":"ImageObject","inLanguage":"fr-BE","@id":"https:\/\/bebijn.be\/#\/schema\/logo\/image\/","url":"https:\/\/bebijn.be\/wp-content\/uploads\/2024\/12\/Bebijn-Logo-RGB-v1.png","contentUrl":"https:\/\/bebijn.be\/wp-content\/uploads\/2024\/12\/Bebijn-Logo-RGB-v1.png","width":800,"height":800,"caption":"Bebijn"},"image":{"@id":"https:\/\/bebijn.be\/#\/schema\/logo\/image\/"},"sameAs":["https:\/\/www.facebook.com\/bebijn\/","https:\/\/www.instagram.com\/bebijn.sweets\/"]}]},"product_price_amount":"33.00","product_price_currency":"EUR","og_availability":"out of stock","product_availability":"out of stock","product_retailer_item_id":"5245","product_condition":"new"},"_links":{"self":[{"href":"https:\/\/bebijn.be\/fr\/wp-json\/wp\/v2\/product\/18816","targetHints":{"allow":["GET"]}}],"collection":[{"href":"https:\/\/bebijn.be\/fr\/wp-json\/wp\/v2\/product"}],"about":[{"href":"https:\/\/bebijn.be\/fr\/wp-json\/wp\/v2\/types\/product"}],"version-history":[{"count":1,"href":"https:\/\/bebijn.be\/fr\/wp-json\/wp\/v2\/product\/18816\/revisions"}],"predecessor-version":[{"id":18835,"href":"https:\/\/bebijn.be\/fr\/wp-json\/wp\/v2\/product\/18816\/revisions\/18835"}],"wp:featuredmedia":[{"embeddable":true,"href":"https:\/\/bebijn.be\/fr\/wp-json\/wp\/v2\/media\/18834"}],"wp:attachment":[{"href":"https:\/\/bebijn.be\/fr\/wp-json\/wp\/v2\/media?parent=18816"}],"wp:term":[{"taxonomy":"product_brand","embeddable":true,"href":"https:\/\/bebijn.be\/fr\/wp-json\/wp\/v2\/product_brand?post=18816"},{"taxonomy":"product_cat","embeddable":true,"href":"https:\/\/bebijn.be\/fr\/wp-json\/wp\/v2\/product_cat?post=18816"},{"taxonomy":"product_tag","embeddable":true,"href":"https:\/\/bebijn.be\/fr\/wp-json\/wp\/v2\/product_tag?post=18816"}],"curies":[{"name":"wp","href":"https:\/\/api.w.org\/{rel}","templated":true}]}}