{"id":18819,"date":"2025-06-20T13:47:03","date_gmt":"2025-06-20T12:47:03","guid":{"rendered":"https:\/\/deezine.be\/bebijn\/?post_type=product&#038;p=18819"},"modified":"2026-04-15T13:51:19","modified_gmt":"2026-04-15T11:51:19","slug":"framboise-fleur-de-sureau","status":"publish","type":"product","link":"https:\/\/bebijn.be\/fr\/product\/framboos-vlierbloesem\/","title":{"rendered":"Framboise - Fleur de sureau"},"content":{"rendered":"<p data-start=\"0\" data-end=\"397\"><strong data-start=\"30\" data-end=\"77\">Bonbons Bevin \u00e0 la framboise et \u00e0 la fleur de sureau<\/strong> est une combinaison sophistiqu\u00e9e et ludique d'\u00e9clat fruit\u00e9 et de douceur florale. La framboise apporte une note fra\u00eeche et l\u00e9g\u00e8rement acidul\u00e9e, tandis que la fleur de sureau ajoute un ar\u00f4me subtil, semblable \u00e0 celui d'un parfum, avec une touche douce et mielleuse. L'ensemble cr\u00e9e une confiserie \u00e9l\u00e9gante et a\u00e9rienne au charme frais et estival.<\/p>\n<p data-start=\"399\" data-end=\"522\">Id\u00e9al pour accompagner le caf\u00e9 comme mignardise, l'addition, une douceur \u00e0 d\u00e9guster ou \u00e0 offrir comme cadeau original.<\/p>\n<p data-start=\"524\" data-end=\"647\">Pour les amateurs de combinaisons fruit\u00e9es l\u00e9g\u00e8res et florales, ce bonbon est une friandise d\u00e9licate et rafra\u00eechissante pleine de finesse.<\/p>","protected":false},"excerpt":{"rendered":"<p data-start=\"0\" data-end=\"397\"><strong data-start=\"30\" data-end=\"77\">Bonbons Bevin \u00e0 la framboise et \u00e0 la fleur de sureau<\/strong> est une combinaison sophistiqu\u00e9e et ludique d'\u00e9clat fruit\u00e9 et de douceur florale. La framboise apporte une douceur fra\u00eeche et l\u00e9g\u00e8rement acidul\u00e9e, tandis que la fleur de sureau ajoute un ar\u00f4me subtil, semblable \u00e0 celui d'un parfum, avec une touche douce et mielleuse. L'ensemble cr\u00e9e une confiserie \u00e9l\u00e9gante et a\u00e9rienne au charme frais et estival.<\/p>\n<p data-start=\"399\" data-end=\"522\">Id\u00e9al pour accompagner le caf\u00e9 comme mignardise, l'addition, une douceur \u00e0 d\u00e9guster ou \u00e0 offrir comme cadeau original.<\/p>\n<p data-start=\"524\" data-end=\"647\">Pour les amateurs de combinaisons fruit\u00e9es l\u00e9g\u00e8res et florales, ce bonbon est une friandise d\u00e9licate et rafra\u00eechissante pleine de finesse.<\/p>","protected":false},"featured_media":19915,"template":"","meta":[],"product_brand":[],"product_cat":[69],"product_tag":[],"class_list":{"0":"post-18819","1":"product","2":"type-product","3":"status-publish","4":"has-post-thumbnail","6":"product_cat-bebijn-assortiment-gommen","8":"first","9":"instock","10":"taxable","11":"shipping-taxable","12":"purchasable","13":"product-type-simple"},"yoast_head":"<!-- This site is optimized with the Yoast SEO Premium plugin v24.2 (Yoast SEO v27.4) - https:\/\/yoast.com\/product\/yoast-seo-premium-wordpress\/ -->\n<title>Framboos \u2022 Vlierbloesem - Artisanale snoep op maat | Bebijn<\/title>\n<meta name=\"description\" content=\"Bebijn snoepje met framboos en vlierbloesem: fris, fruitig en bloemig \u2014 levendige framboos met zachte vlierbloesem. \ud83c\udf53\ud83c\udf3c\u2728\ud83c\udf6c\" \/>\n<meta name=\"robots\" content=\"index, follow, max-snippet:-1, max-image-preview:large, max-video-preview:-1\" \/>\n<link rel=\"canonical\" href=\"https:\/\/bebijn.be\/fr\/produit\/framboise-fleur-de-sureau\/\" \/>\n<script type=\"application\/ld+json\" class=\"yoast-schema-graph\">{\"@context\":\"https:\\\/\\\/schema.org\",\"@graph\":[{\"@type\":\"WebPage\",\"@id\":\"https:\\\/\\\/bebijn.be\\\/product\\\/framboos-vlierbloesem\\\/\",\"url\":\"https:\\\/\\\/bebijn.be\\\/product\\\/framboos-vlierbloesem\\\/\",\"name\":\"Framboos \u2022 Vlierbloesem - Artisanale snoep op maat | Bebijn\",\"isPartOf\":{\"@id\":\"https:\\\/\\\/bebijn.be\\\/#website\"},\"primaryImageOfPage\":{\"@id\":\"https:\\\/\\\/bebijn.be\\\/product\\\/framboos-vlierbloesem\\\/#primaryimage\"},\"image\":{\"@id\":\"https:\\\/\\\/bebijn.be\\\/product\\\/framboos-vlierbloesem\\\/#primaryimage\"},\"thumbnailUrl\":\"https:\\\/\\\/bebijn.be\\\/wp-content\\\/uploads\\\/2025\\\/06\\\/043-rood-bebijn-gastronomie-cadeau.jpg\",\"datePublished\":\"2025-06-20T12:47:03+00:00\",\"dateModified\":\"2026-04-15T11:51:19+00:00\",\"description\":\"Bebijn snoepje met framboos en vlierbloesem: fris, fruitig en bloemig \u2014 levendige framboos met zachte vlierbloesem. \ud83c\udf53\ud83c\udf3c\u2728\ud83c\udf6c\",\"breadcrumb\":{\"@id\":\"https:\\\/\\\/bebijn.be\\\/product\\\/framboos-vlierbloesem\\\/#breadcrumb\"},\"inLanguage\":\"fr-BE\",\"potentialAction\":[{\"@type\":\"ReadAction\",\"target\":[\"https:\\\/\\\/bebijn.be\\\/product\\\/framboos-vlierbloesem\\\/\"]}]},{\"@type\":\"ImageObject\",\"inLanguage\":\"fr-BE\",\"@id\":\"https:\\\/\\\/bebijn.be\\\/product\\\/framboos-vlierbloesem\\\/#primaryimage\",\"url\":\"https:\\\/\\\/bebijn.be\\\/wp-content\\\/uploads\\\/2025\\\/06\\\/043-rood-bebijn-gastronomie-cadeau.jpg\",\"contentUrl\":\"https:\\\/\\\/bebijn.be\\\/wp-content\\\/uploads\\\/2025\\\/06\\\/043-rood-bebijn-gastronomie-cadeau.jpg\",\"width\":800,\"height\":800},{\"@type\":\"BreadcrumbList\",\"@id\":\"https:\\\/\\\/bebijn.be\\\/product\\\/framboos-vlierbloesem\\\/#breadcrumb\",\"itemListElement\":[{\"@type\":\"ListItem\",\"position\":1,\"name\":\"Home\",\"item\":\"https:\\\/\\\/bebijn.be\\\/\"},{\"@type\":\"ListItem\",\"position\":2,\"name\":\"Winkel Bebijn\",\"item\":\"https:\\\/\\\/bebijn.be\\\/winkel-bebijn\\\/\"},{\"@type\":\"ListItem\",\"position\":3,\"name\":\"Framboos \u2022 Vlierbloesem\"}]},{\"@type\":\"WebSite\",\"@id\":\"https:\\\/\\\/bebijn.be\\\/#website\",\"url\":\"https:\\\/\\\/bebijn.be\\\/\",\"name\":\"Bebijn | Artisanale snoep op maat\",\"description\":\"confiserie en snoep voor gastronomie marketing geschenk\",\"publisher\":{\"@id\":\"https:\\\/\\\/bebijn.be\\\/#organization\"},\"potentialAction\":[{\"@type\":\"SearchAction\",\"target\":{\"@type\":\"EntryPoint\",\"urlTemplate\":\"https:\\\/\\\/bebijn.be\\\/?s={search_term_string}\"},\"query-input\":{\"@type\":\"PropertyValueSpecification\",\"valueRequired\":true,\"valueName\":\"search_term_string\"}}],\"inLanguage\":\"fr-BE\"},{\"@type\":\"Organization\",\"@id\":\"https:\\\/\\\/bebijn.be\\\/#organization\",\"name\":\"Bebijn\",\"url\":\"https:\\\/\\\/bebijn.be\\\/\",\"logo\":{\"@type\":\"ImageObject\",\"inLanguage\":\"fr-BE\",\"@id\":\"https:\\\/\\\/bebijn.be\\\/#\\\/schema\\\/logo\\\/image\\\/\",\"url\":\"https:\\\/\\\/bebijn.be\\\/wp-content\\\/uploads\\\/2024\\\/12\\\/Bebijn-Logo-RGB-v1.png\",\"contentUrl\":\"https:\\\/\\\/bebijn.be\\\/wp-content\\\/uploads\\\/2024\\\/12\\\/Bebijn-Logo-RGB-v1.png\",\"width\":800,\"height\":800,\"caption\":\"Bebijn\"},\"image\":{\"@id\":\"https:\\\/\\\/bebijn.be\\\/#\\\/schema\\\/logo\\\/image\\\/\"},\"sameAs\":[\"https:\\\/\\\/www.facebook.com\\\/bebijn\\\/\",\"https:\\\/\\\/www.instagram.com\\\/bebijn.sweets\\\/\"]}]}<\/script>\n<meta property=\"product:price:amount\" content=\"33.00\" \/>\n<meta property=\"product:price:currency\" content=\"EUR\" \/>\n<meta property=\"og:availability\" content=\"instock\" \/>\n<meta property=\"product:availability\" content=\"instock\" \/>\n<meta property=\"product:retailer_item_id\" content=\"framvliegom\" \/>\n<meta property=\"product:condition\" content=\"new\" \/>\n<!-- \/ Yoast SEO Premium plugin. -->","yoast_head_json":{"title":"Framboise - Fleur de sureau - Confiseries artisanales sur commande | Bebijn","description":"Bonbon Bebi \u00e0 la framboise et \u00e0 la fleur de sureau : frais, fruit\u00e9 et floral - framboise vibrante et douce fleur de sureau. \ud83c\udf53\ud83c\udf3c\u2728\ud83c\udf6c","robots":{"index":"index","follow":"follow","max-snippet":"max-snippet:-1","max-image-preview":"max-image-preview:large","max-video-preview":"max-video-preview:-1"},"canonical":"https:\/\/bebijn.be\/fr\/produit\/framboise-fleur-de-sureau\/","schema":{"@context":"https:\/\/schema.org","@graph":[{"@type":"WebPage","@id":"https:\/\/bebijn.be\/product\/framboos-vlierbloesem\/","url":"https:\/\/bebijn.be\/product\/framboos-vlierbloesem\/","name":"Framboise - Fleur de sureau - Confiseries artisanales sur commande | Bebijn","isPartOf":{"@id":"https:\/\/bebijn.be\/#website"},"primaryImageOfPage":{"@id":"https:\/\/bebijn.be\/product\/framboos-vlierbloesem\/#primaryimage"},"image":{"@id":"https:\/\/bebijn.be\/product\/framboos-vlierbloesem\/#primaryimage"},"thumbnailUrl":"https:\/\/bebijn.be\/wp-content\/uploads\/2025\/06\/043-rood-bebijn-gastronomie-cadeau.jpg","datePublished":"2025-06-20T12:47:03+00:00","dateModified":"2026-04-15T11:51:19+00:00","description":"Bonbon Bebi \u00e0 la framboise et \u00e0 la fleur de sureau : frais, fruit\u00e9 et floral - framboise vibrante et douce fleur de sureau. \ud83c\udf53\ud83c\udf3c\u2728\ud83c\udf6c","breadcrumb":{"@id":"https:\/\/bebijn.be\/product\/framboos-vlierbloesem\/#breadcrumb"},"inLanguage":"fr-BE","potentialAction":[{"@type":"ReadAction","target":["https:\/\/bebijn.be\/product\/framboos-vlierbloesem\/"]}]},{"@type":"ImageObject","inLanguage":"fr-BE","@id":"https:\/\/bebijn.be\/product\/framboos-vlierbloesem\/#primaryimage","url":"https:\/\/bebijn.be\/wp-content\/uploads\/2025\/06\/043-rood-bebijn-gastronomie-cadeau.jpg","contentUrl":"https:\/\/bebijn.be\/wp-content\/uploads\/2025\/06\/043-rood-bebijn-gastronomie-cadeau.jpg","width":800,"height":800},{"@type":"BreadcrumbList","@id":"https:\/\/bebijn.be\/product\/framboos-vlierbloesem\/#breadcrumb","itemListElement":[{"@type":"ListItem","position":1,"name":"Home","item":"https:\/\/bebijn.be\/"},{"@type":"ListItem","position":2,"name":"Winkel Bebijn","item":"https:\/\/bebijn.be\/winkel-bebijn\/"},{"@type":"ListItem","position":3,"name":"Framboos \u2022 Vlierbloesem"}]},{"@type":"WebSite","@id":"https:\/\/bebijn.be\/#website","url":"https:\/\/bebijn.be\/","name":"Bebijn | Sucreries artisanales personnalis\u00e9es","description":"confiserie et bonbons pour la gastronomie cadeau marketing","publisher":{"@id":"https:\/\/bebijn.be\/#organization"},"potentialAction":[{"@type":"SearchAction","target":{"@type":"EntryPoint","urlTemplate":"https:\/\/bebijn.be\/?s={search_term_string}"},"query-input":{"@type":"PropertyValueSpecification","valueRequired":true,"valueName":"search_term_string"}}],"inLanguage":"fr-BE"},{"@type":"Organization","@id":"https:\/\/bebijn.be\/#organization","name":"Bebijn","url":"https:\/\/bebijn.be\/","logo":{"@type":"ImageObject","inLanguage":"fr-BE","@id":"https:\/\/bebijn.be\/#\/schema\/logo\/image\/","url":"https:\/\/bebijn.be\/wp-content\/uploads\/2024\/12\/Bebijn-Logo-RGB-v1.png","contentUrl":"https:\/\/bebijn.be\/wp-content\/uploads\/2024\/12\/Bebijn-Logo-RGB-v1.png","width":800,"height":800,"caption":"Bebijn"},"image":{"@id":"https:\/\/bebijn.be\/#\/schema\/logo\/image\/"},"sameAs":["https:\/\/www.facebook.com\/bebijn\/","https:\/\/www.instagram.com\/bebijn.sweets\/"]}]},"product_price_amount":"33.00","product_price_currency":"EUR","og_availability":"instock","product_availability":"instock","product_retailer_item_id":"framvliegom","product_condition":"new"},"_links":{"self":[{"href":"https:\/\/bebijn.be\/fr\/wp-json\/wp\/v2\/product\/18819","targetHints":{"allow":["GET"]}}],"collection":[{"href":"https:\/\/bebijn.be\/fr\/wp-json\/wp\/v2\/product"}],"about":[{"href":"https:\/\/bebijn.be\/fr\/wp-json\/wp\/v2\/types\/product"}],"version-history":[{"count":2,"href":"https:\/\/bebijn.be\/fr\/wp-json\/wp\/v2\/product\/18819\/revisions"}],"predecessor-version":[{"id":19917,"href":"https:\/\/bebijn.be\/fr\/wp-json\/wp\/v2\/product\/18819\/revisions\/19917"}],"wp:featuredmedia":[{"embeddable":true,"href":"https:\/\/bebijn.be\/fr\/wp-json\/wp\/v2\/media\/19915"}],"wp:attachment":[{"href":"https:\/\/bebijn.be\/fr\/wp-json\/wp\/v2\/media?parent=18819"}],"wp:term":[{"taxonomy":"product_brand","embeddable":true,"href":"https:\/\/bebijn.be\/fr\/wp-json\/wp\/v2\/product_brand?post=18819"},{"taxonomy":"product_cat","embeddable":true,"href":"https:\/\/bebijn.be\/fr\/wp-json\/wp\/v2\/product_cat?post=18819"},{"taxonomy":"product_tag","embeddable":true,"href":"https:\/\/bebijn.be\/fr\/wp-json\/wp\/v2\/product_tag?post=18819"}],"curies":[{"name":"wp","href":"https:\/\/api.w.org\/{rel}","templated":true}]}}