{"id":19209,"date":"2025-06-26T12:14:51","date_gmt":"2025-06-26T10:14:51","guid":{"rendered":"https:\/\/bebijn.be\/?post_type=product&#038;p=19209"},"modified":"2025-08-01T14:35:23","modified_gmt":"2025-08-01T12:35:23","slug":"framboise-citron-vert","status":"publish","type":"product","link":"https:\/\/bebijn.be\/fr\/product\/framboos-limoen\/","title":{"rendered":"Framboise-citron vert"},"content":{"rendered":"<p data-start=\"0\" data-end=\"312\">Un bonbon \u00e0 la framboise et au citron vert allie fra\u00eecheur vive et douceur fruit\u00e9e. La framboise juteuse et l\u00e9g\u00e8rement acidul\u00e9e donne un go\u00fbt plein, tandis que le citron vert frais apporte une touche acidul\u00e9e et citronn\u00e9e. Ensemble, ils forment un duo ludique, \u00e9quilibr\u00e9 et stimulant.<\/p>\n<p data-start=\"314\" data-end=\"435\">Id\u00e9al pour accompagner le caf\u00e9 comme mignardise, l'addition, une douceur \u00e0 d\u00e9guster ou \u00e0 offrir comme cadeau original.<\/p>\n<p data-start=\"437\" data-end=\"570\">Pour ceux qui aiment les combinaisons fra\u00eeches et fruit\u00e9es de caract\u00e8re, c'est une g\u00e2terie irr\u00e9sistible, pleine de saveur et d'\u00e9l\u00e9gance.<\/p>","protected":false},"excerpt":{"rendered":"<p data-start=\"0\" data-end=\"312\">Un bonbon \u00e0 la framboise et au citron vert allie fra\u00eecheur vive et douceur fruit\u00e9e. La framboise juteuse et l\u00e9g\u00e8rement acidul\u00e9e donne un go\u00fbt plein, tandis que le citron vert frais apporte une touche acidul\u00e9e et citronn\u00e9e. Ensemble, ils forment un duo ludique, \u00e9quilibr\u00e9 et stimulant.<\/p>\n<p data-start=\"314\" data-end=\"435\">Id\u00e9al pour accompagner le caf\u00e9 comme mignardise, l'addition, une douceur \u00e0 d\u00e9guster ou \u00e0 offrir comme cadeau original.<\/p>\n<p data-start=\"437\" data-end=\"570\">Pour ceux qui aiment les combinaisons fra\u00eeches et fruit\u00e9es de caract\u00e8re, c'est une g\u00e2terie irr\u00e9sistible, pleine de saveur et d'\u00e9l\u00e9gance.<\/p>","protected":false},"featured_media":19211,"template":"","meta":[],"product_brand":[],"product_cat":[70],"product_tag":[],"class_list":{"0":"post-19209","1":"product","2":"type-product","3":"status-publish","4":"has-post-thumbnail","6":"product_cat-uit-bebijn-assortiment","8":"first","9":"outofstock","10":"taxable","11":"shipping-taxable","12":"purchasable","13":"product-type-simple"},"yoast_head":"<!-- This site is optimized with the Yoast SEO Premium plugin v24.2 (Yoast SEO v27.4) - https:\/\/yoast.com\/product\/yoast-seo-premium-wordpress\/ -->\n<title>Framboos \u2022 Limoen - Artisanale snoep op maat | Bebijn<\/title>\n<meta name=\"description\" content=\"Snoepje met framboos en limoen: fris, fruitig en perfect in balans \u2013 een speelse combinatie van citrus en bessen. \ud83c\udf53\ud83c\udf4b\ud83c\udf6c\" \/>\n<meta name=\"robots\" content=\"index, follow, max-snippet:-1, max-image-preview:large, max-video-preview:-1\" \/>\n<link rel=\"canonical\" href=\"https:\/\/bebijn.be\/fr\/produit\/framboise-citron-vert\/\" \/>\n<script type=\"application\/ld+json\" class=\"yoast-schema-graph\">{\"@context\":\"https:\\\/\\\/schema.org\",\"@graph\":[{\"@type\":\"WebPage\",\"@id\":\"https:\\\/\\\/bebijn.be\\\/product\\\/framboos-limoen\\\/\",\"url\":\"https:\\\/\\\/bebijn.be\\\/product\\\/framboos-limoen\\\/\",\"name\":\"Framboos \u2022 Limoen - Artisanale snoep op maat | Bebijn\",\"isPartOf\":{\"@id\":\"https:\\\/\\\/bebijn.be\\\/#website\"},\"primaryImageOfPage\":{\"@id\":\"https:\\\/\\\/bebijn.be\\\/product\\\/framboos-limoen\\\/#primaryimage\"},\"image\":{\"@id\":\"https:\\\/\\\/bebijn.be\\\/product\\\/framboos-limoen\\\/#primaryimage\"},\"thumbnailUrl\":\"https:\\\/\\\/bebijn.be\\\/wp-content\\\/uploads\\\/2025\\\/06\\\/008-groen-rood-mat-bebijn.jpg\",\"datePublished\":\"2025-06-26T10:14:51+00:00\",\"dateModified\":\"2025-08-01T12:35:23+00:00\",\"description\":\"Snoepje met framboos en limoen: fris, fruitig en perfect in balans \u2013 een speelse combinatie van citrus en bessen. \ud83c\udf53\ud83c\udf4b\ud83c\udf6c\",\"breadcrumb\":{\"@id\":\"https:\\\/\\\/bebijn.be\\\/product\\\/framboos-limoen\\\/#breadcrumb\"},\"inLanguage\":\"fr-BE\",\"potentialAction\":[{\"@type\":\"ReadAction\",\"target\":[\"https:\\\/\\\/bebijn.be\\\/product\\\/framboos-limoen\\\/\"]}]},{\"@type\":\"ImageObject\",\"inLanguage\":\"fr-BE\",\"@id\":\"https:\\\/\\\/bebijn.be\\\/product\\\/framboos-limoen\\\/#primaryimage\",\"url\":\"https:\\\/\\\/bebijn.be\\\/wp-content\\\/uploads\\\/2025\\\/06\\\/008-groen-rood-mat-bebijn.jpg\",\"contentUrl\":\"https:\\\/\\\/bebijn.be\\\/wp-content\\\/uploads\\\/2025\\\/06\\\/008-groen-rood-mat-bebijn.jpg\",\"width\":800,\"height\":800},{\"@type\":\"BreadcrumbList\",\"@id\":\"https:\\\/\\\/bebijn.be\\\/product\\\/framboos-limoen\\\/#breadcrumb\",\"itemListElement\":[{\"@type\":\"ListItem\",\"position\":1,\"name\":\"Home\",\"item\":\"https:\\\/\\\/bebijn.be\\\/\"},{\"@type\":\"ListItem\",\"position\":2,\"name\":\"Winkel Bebijn\",\"item\":\"https:\\\/\\\/bebijn.be\\\/winkel-bebijn\\\/\"},{\"@type\":\"ListItem\",\"position\":3,\"name\":\"Framboos \u2022 Limoen\"}]},{\"@type\":\"WebSite\",\"@id\":\"https:\\\/\\\/bebijn.be\\\/#website\",\"url\":\"https:\\\/\\\/bebijn.be\\\/\",\"name\":\"Bebijn | Artisanale snoep op maat\",\"description\":\"confiserie en snoep voor gastronomie marketing geschenk\",\"publisher\":{\"@id\":\"https:\\\/\\\/bebijn.be\\\/#organization\"},\"potentialAction\":[{\"@type\":\"SearchAction\",\"target\":{\"@type\":\"EntryPoint\",\"urlTemplate\":\"https:\\\/\\\/bebijn.be\\\/?s={search_term_string}\"},\"query-input\":{\"@type\":\"PropertyValueSpecification\",\"valueRequired\":true,\"valueName\":\"search_term_string\"}}],\"inLanguage\":\"fr-BE\"},{\"@type\":\"Organization\",\"@id\":\"https:\\\/\\\/bebijn.be\\\/#organization\",\"name\":\"Bebijn\",\"url\":\"https:\\\/\\\/bebijn.be\\\/\",\"logo\":{\"@type\":\"ImageObject\",\"inLanguage\":\"fr-BE\",\"@id\":\"https:\\\/\\\/bebijn.be\\\/#\\\/schema\\\/logo\\\/image\\\/\",\"url\":\"https:\\\/\\\/bebijn.be\\\/wp-content\\\/uploads\\\/2024\\\/12\\\/Bebijn-Logo-RGB-v1.png\",\"contentUrl\":\"https:\\\/\\\/bebijn.be\\\/wp-content\\\/uploads\\\/2024\\\/12\\\/Bebijn-Logo-RGB-v1.png\",\"width\":800,\"height\":800,\"caption\":\"Bebijn\"},\"image\":{\"@id\":\"https:\\\/\\\/bebijn.be\\\/#\\\/schema\\\/logo\\\/image\\\/\"},\"sameAs\":[\"https:\\\/\\\/www.facebook.com\\\/bebijn\\\/\",\"https:\\\/\\\/www.instagram.com\\\/bebijn.sweets\\\/\"]}]}<\/script>\n<meta property=\"product:price:amount\" content=\"33.00\" \/>\n<meta property=\"product:price:currency\" content=\"EUR\" \/>\n<meta property=\"og:availability\" content=\"out of stock\" \/>\n<meta property=\"product:availability\" content=\"out of stock\" \/>\n<meta property=\"product:condition\" content=\"new\" \/>\n<!-- \/ Yoast SEO Premium plugin. -->","yoast_head_json":{"title":"Framboise - Citron vert - Confiseries artisanales personnalis\u00e9es | Bebijn","description":"Bonbons \u00e0 la framboise et au citron vert : frais, fruit\u00e9 et parfaitement \u00e9quilibr\u00e9 - une combinaison ludique d'agrumes et de baies. \ud83c\udf53\ud83c\udf4b\ud83c\udf6c","robots":{"index":"index","follow":"follow","max-snippet":"max-snippet:-1","max-image-preview":"max-image-preview:large","max-video-preview":"max-video-preview:-1"},"canonical":"https:\/\/bebijn.be\/fr\/produit\/framboise-citron-vert\/","schema":{"@context":"https:\/\/schema.org","@graph":[{"@type":"WebPage","@id":"https:\/\/bebijn.be\/product\/framboos-limoen\/","url":"https:\/\/bebijn.be\/product\/framboos-limoen\/","name":"Framboise - Citron vert - Confiseries artisanales personnalis\u00e9es | Bebijn","isPartOf":{"@id":"https:\/\/bebijn.be\/#website"},"primaryImageOfPage":{"@id":"https:\/\/bebijn.be\/product\/framboos-limoen\/#primaryimage"},"image":{"@id":"https:\/\/bebijn.be\/product\/framboos-limoen\/#primaryimage"},"thumbnailUrl":"https:\/\/bebijn.be\/wp-content\/uploads\/2025\/06\/008-groen-rood-mat-bebijn.jpg","datePublished":"2025-06-26T10:14:51+00:00","dateModified":"2025-08-01T12:35:23+00:00","description":"Bonbons \u00e0 la framboise et au citron vert : frais, fruit\u00e9 et parfaitement \u00e9quilibr\u00e9 - une combinaison ludique d'agrumes et de baies. \ud83c\udf53\ud83c\udf4b\ud83c\udf6c","breadcrumb":{"@id":"https:\/\/bebijn.be\/product\/framboos-limoen\/#breadcrumb"},"inLanguage":"fr-BE","potentialAction":[{"@type":"ReadAction","target":["https:\/\/bebijn.be\/product\/framboos-limoen\/"]}]},{"@type":"ImageObject","inLanguage":"fr-BE","@id":"https:\/\/bebijn.be\/product\/framboos-limoen\/#primaryimage","url":"https:\/\/bebijn.be\/wp-content\/uploads\/2025\/06\/008-groen-rood-mat-bebijn.jpg","contentUrl":"https:\/\/bebijn.be\/wp-content\/uploads\/2025\/06\/008-groen-rood-mat-bebijn.jpg","width":800,"height":800},{"@type":"BreadcrumbList","@id":"https:\/\/bebijn.be\/product\/framboos-limoen\/#breadcrumb","itemListElement":[{"@type":"ListItem","position":1,"name":"Home","item":"https:\/\/bebijn.be\/"},{"@type":"ListItem","position":2,"name":"Winkel Bebijn","item":"https:\/\/bebijn.be\/winkel-bebijn\/"},{"@type":"ListItem","position":3,"name":"Framboos \u2022 Limoen"}]},{"@type":"WebSite","@id":"https:\/\/bebijn.be\/#website","url":"https:\/\/bebijn.be\/","name":"Bebijn | Sucreries artisanales personnalis\u00e9es","description":"confiserie et bonbons pour la gastronomie cadeau marketing","publisher":{"@id":"https:\/\/bebijn.be\/#organization"},"potentialAction":[{"@type":"SearchAction","target":{"@type":"EntryPoint","urlTemplate":"https:\/\/bebijn.be\/?s={search_term_string}"},"query-input":{"@type":"PropertyValueSpecification","valueRequired":true,"valueName":"search_term_string"}}],"inLanguage":"fr-BE"},{"@type":"Organization","@id":"https:\/\/bebijn.be\/#organization","name":"Bebijn","url":"https:\/\/bebijn.be\/","logo":{"@type":"ImageObject","inLanguage":"fr-BE","@id":"https:\/\/bebijn.be\/#\/schema\/logo\/image\/","url":"https:\/\/bebijn.be\/wp-content\/uploads\/2024\/12\/Bebijn-Logo-RGB-v1.png","contentUrl":"https:\/\/bebijn.be\/wp-content\/uploads\/2024\/12\/Bebijn-Logo-RGB-v1.png","width":800,"height":800,"caption":"Bebijn"},"image":{"@id":"https:\/\/bebijn.be\/#\/schema\/logo\/image\/"},"sameAs":["https:\/\/www.facebook.com\/bebijn\/","https:\/\/www.instagram.com\/bebijn.sweets\/"]}]},"product_price_amount":"33.00","product_price_currency":"EUR","og_availability":"out of stock","product_availability":"out of stock","product_condition":"new"},"_links":{"self":[{"href":"https:\/\/bebijn.be\/fr\/wp-json\/wp\/v2\/product\/19209","targetHints":{"allow":["GET"]}}],"collection":[{"href":"https:\/\/bebijn.be\/fr\/wp-json\/wp\/v2\/product"}],"about":[{"href":"https:\/\/bebijn.be\/fr\/wp-json\/wp\/v2\/types\/product"}],"version-history":[{"count":1,"href":"https:\/\/bebijn.be\/fr\/wp-json\/wp\/v2\/product\/19209\/revisions"}],"predecessor-version":[{"id":19218,"href":"https:\/\/bebijn.be\/fr\/wp-json\/wp\/v2\/product\/19209\/revisions\/19218"}],"wp:featuredmedia":[{"embeddable":true,"href":"https:\/\/bebijn.be\/fr\/wp-json\/wp\/v2\/media\/19211"}],"wp:attachment":[{"href":"https:\/\/bebijn.be\/fr\/wp-json\/wp\/v2\/media?parent=19209"}],"wp:term":[{"taxonomy":"product_brand","embeddable":true,"href":"https:\/\/bebijn.be\/fr\/wp-json\/wp\/v2\/product_brand?post=19209"},{"taxonomy":"product_cat","embeddable":true,"href":"https:\/\/bebijn.be\/fr\/wp-json\/wp\/v2\/product_cat?post=19209"},{"taxonomy":"product_tag","embeddable":true,"href":"https:\/\/bebijn.be\/fr\/wp-json\/wp\/v2\/product_tag?post=19209"}],"curies":[{"name":"wp","href":"https:\/\/api.w.org\/{rel}","templated":true}]}}