{"id":19361,"date":"2025-07-24T16:19:41","date_gmt":"2025-07-24T14:19:41","guid":{"rendered":"https:\/\/bebijn.be\/?post_type=product&#038;p=19361"},"modified":"2026-03-27T11:11:51","modified_gmt":"2026-03-27T09:11:51","slug":"yuzu-jasmin","status":"publish","type":"product","link":"https:\/\/bebijn.be\/fr\/product\/yuzu-jasmijn\/","title":{"rendered":"Yuzu - Jasmin"},"content":{"rendered":"<p data-start=\"0\" data-end=\"386\">Cette confiserie au yuzu et \u00e0 la l\u00e9g\u00e8re touche de jasmin est une harmonie sophistiqu\u00e9e entre la puissance des agrumes et l'\u00e9l\u00e9gance florale. La fra\u00eecheur vibrante du yuzu apporte une ouverture p\u00e9tillante, presque picotante, tandis que les d\u00e9licates notes parfum\u00e9es du jasmin apportent douceur et raffinement. Le r\u00e9sultat est une exp\u00e9rience subtile, l\u00e9g\u00e8rement exotique, qui reste longtemps sur la langue.<\/p>\n<p data-start=\"388\" data-end=\"516\">Id\u00e9al pour accompagner le caf\u00e9 comme une mignardise, un billet, une douceur \u00e0 d\u00e9guster ou \u00e0 offrir comme un cadeau original. \ud83c\udf3c\ud83c\udf4b\ud83c\udf6c<\/p>","protected":false},"excerpt":{"rendered":"<p data-start=\"0\" data-end=\"386\">Cette confiserie au yuzu et \u00e0 la l\u00e9g\u00e8re touche de jasmin est une harmonie sophistiqu\u00e9e entre la puissance des agrumes et l'\u00e9l\u00e9gance florale. La fra\u00eecheur vibrante du yuzu apporte une ouverture p\u00e9tillante, presque picotante, tandis que les d\u00e9licates notes parfum\u00e9es du jasmin apportent douceur et raffinement. Le r\u00e9sultat est une exp\u00e9rience subtile, l\u00e9g\u00e8rement exotique, qui reste longtemps sur la langue.<\/p>\n<p data-start=\"388\" data-end=\"516\">Id\u00e9al pour accompagner le caf\u00e9 comme une mignardise, un billet, une douceur \u00e0 d\u00e9guster ou \u00e0 offrir comme un cadeau original. \ud83c\udf3c\ud83c\udf4b\ud83c\udf6c<\/p>","protected":false},"featured_media":16934,"template":"","meta":[],"product_brand":[],"product_cat":[70],"product_tag":[],"class_list":{"0":"post-19361","1":"product","2":"type-product","3":"status-publish","4":"has-post-thumbnail","6":"product_cat-uit-bebijn-assortiment","8":"first","9":"outofstock","10":"taxable","11":"shipping-taxable","12":"purchasable","13":"product-type-simple"},"yoast_head":"<!-- This site is optimized with the Yoast SEO Premium plugin v24.2 (Yoast SEO v27.4) - https:\/\/yoast.com\/product\/yoast-seo-premium-wordpress\/ -->\n<title>Yuzu \u2022 Jasmijn - Artisanale snoep op maat | Bebijn<\/title>\n<meta name=\"description\" content=\"Snoepje met yuzu en jasmijn: sprankelende citrus ontmoet florale zachtheid in een elegante, licht exotische traktatie. \ud83c\udf4b\ud83c\udf38\ud83c\udf6c\" \/>\n<meta name=\"robots\" content=\"index, follow, max-snippet:-1, max-image-preview:large, max-video-preview:-1\" \/>\n<link rel=\"canonical\" href=\"https:\/\/bebijn.be\/fr\/produit\/yuzu-jasmin\/\" \/>\n<script type=\"application\/ld+json\" class=\"yoast-schema-graph\">{\"@context\":\"https:\\\/\\\/schema.org\",\"@graph\":[{\"@type\":\"WebPage\",\"@id\":\"https:\\\/\\\/bebijn.be\\\/product\\\/yuzu-jasmijn\\\/\",\"url\":\"https:\\\/\\\/bebijn.be\\\/product\\\/yuzu-jasmijn\\\/\",\"name\":\"Yuzu \u2022 Jasmijn - Artisanale snoep op maat | Bebijn\",\"isPartOf\":{\"@id\":\"https:\\\/\\\/bebijn.be\\\/#website\"},\"primaryImageOfPage\":{\"@id\":\"https:\\\/\\\/bebijn.be\\\/product\\\/yuzu-jasmijn\\\/#primaryimage\"},\"image\":{\"@id\":\"https:\\\/\\\/bebijn.be\\\/product\\\/yuzu-jasmijn\\\/#primaryimage\"},\"thumbnailUrl\":\"https:\\\/\\\/bebijn.be\\\/wp-content\\\/uploads\\\/2025\\\/01\\\/027-geel.jpg\",\"datePublished\":\"2025-07-24T14:19:41+00:00\",\"dateModified\":\"2026-03-27T09:11:51+00:00\",\"description\":\"Snoepje met yuzu en jasmijn: sprankelende citrus ontmoet florale zachtheid in een elegante, licht exotische traktatie. \ud83c\udf4b\ud83c\udf38\ud83c\udf6c\",\"breadcrumb\":{\"@id\":\"https:\\\/\\\/bebijn.be\\\/product\\\/yuzu-jasmijn\\\/#breadcrumb\"},\"inLanguage\":\"fr-BE\",\"potentialAction\":[{\"@type\":\"ReadAction\",\"target\":[\"https:\\\/\\\/bebijn.be\\\/product\\\/yuzu-jasmijn\\\/\"]}]},{\"@type\":\"ImageObject\",\"inLanguage\":\"fr-BE\",\"@id\":\"https:\\\/\\\/bebijn.be\\\/product\\\/yuzu-jasmijn\\\/#primaryimage\",\"url\":\"https:\\\/\\\/bebijn.be\\\/wp-content\\\/uploads\\\/2025\\\/01\\\/027-geel.jpg\",\"contentUrl\":\"https:\\\/\\\/bebijn.be\\\/wp-content\\\/uploads\\\/2025\\\/01\\\/027-geel.jpg\",\"width\":800,\"height\":800},{\"@type\":\"BreadcrumbList\",\"@id\":\"https:\\\/\\\/bebijn.be\\\/product\\\/yuzu-jasmijn\\\/#breadcrumb\",\"itemListElement\":[{\"@type\":\"ListItem\",\"position\":1,\"name\":\"Home\",\"item\":\"https:\\\/\\\/bebijn.be\\\/\"},{\"@type\":\"ListItem\",\"position\":2,\"name\":\"Winkel Bebijn\",\"item\":\"https:\\\/\\\/bebijn.be\\\/winkel-bebijn\\\/\"},{\"@type\":\"ListItem\",\"position\":3,\"name\":\"Yuzu \u2022 Jasmijn\"}]},{\"@type\":\"WebSite\",\"@id\":\"https:\\\/\\\/bebijn.be\\\/#website\",\"url\":\"https:\\\/\\\/bebijn.be\\\/\",\"name\":\"Bebijn | Artisanale snoep op maat\",\"description\":\"confiserie en snoep voor gastronomie marketing geschenk\",\"publisher\":{\"@id\":\"https:\\\/\\\/bebijn.be\\\/#organization\"},\"potentialAction\":[{\"@type\":\"SearchAction\",\"target\":{\"@type\":\"EntryPoint\",\"urlTemplate\":\"https:\\\/\\\/bebijn.be\\\/?s={search_term_string}\"},\"query-input\":{\"@type\":\"PropertyValueSpecification\",\"valueRequired\":true,\"valueName\":\"search_term_string\"}}],\"inLanguage\":\"fr-BE\"},{\"@type\":\"Organization\",\"@id\":\"https:\\\/\\\/bebijn.be\\\/#organization\",\"name\":\"Bebijn\",\"url\":\"https:\\\/\\\/bebijn.be\\\/\",\"logo\":{\"@type\":\"ImageObject\",\"inLanguage\":\"fr-BE\",\"@id\":\"https:\\\/\\\/bebijn.be\\\/#\\\/schema\\\/logo\\\/image\\\/\",\"url\":\"https:\\\/\\\/bebijn.be\\\/wp-content\\\/uploads\\\/2024\\\/12\\\/Bebijn-Logo-RGB-v1.png\",\"contentUrl\":\"https:\\\/\\\/bebijn.be\\\/wp-content\\\/uploads\\\/2024\\\/12\\\/Bebijn-Logo-RGB-v1.png\",\"width\":800,\"height\":800,\"caption\":\"Bebijn\"},\"image\":{\"@id\":\"https:\\\/\\\/bebijn.be\\\/#\\\/schema\\\/logo\\\/image\\\/\"},\"sameAs\":[\"https:\\\/\\\/www.facebook.com\\\/bebijn\\\/\",\"https:\\\/\\\/www.instagram.com\\\/bebijn.sweets\\\/\"]}]}<\/script>\n<meta property=\"product:price:amount\" content=\"33.00\" \/>\n<meta property=\"product:price:currency\" content=\"EUR\" \/>\n<meta property=\"og:availability\" content=\"out of stock\" \/>\n<meta property=\"product:availability\" content=\"out of stock\" \/>\n<meta property=\"product:retailer_item_id\" content=\"5064-1\" \/>\n<meta property=\"product:condition\" content=\"new\" \/>\n<!-- \/ Yoast SEO Premium plugin. -->","yoast_head_json":{"title":"Yuzu - Jasmine - Confiseries artisanales sur commande | Bebijn","description":"Bonbon au yuzu et au jasmin : les agrumes p\u00e9tillants rencontrent la douceur florale dans une friandise \u00e9l\u00e9gante et l\u00e9g\u00e8rement exotique. \ud83c\udf4b\ud83c\udf38\ud83c\udf6c","robots":{"index":"index","follow":"follow","max-snippet":"max-snippet:-1","max-image-preview":"max-image-preview:large","max-video-preview":"max-video-preview:-1"},"canonical":"https:\/\/bebijn.be\/fr\/produit\/yuzu-jasmin\/","schema":{"@context":"https:\/\/schema.org","@graph":[{"@type":"WebPage","@id":"https:\/\/bebijn.be\/product\/yuzu-jasmijn\/","url":"https:\/\/bebijn.be\/product\/yuzu-jasmijn\/","name":"Yuzu - Jasmine - Confiseries artisanales sur commande | Bebijn","isPartOf":{"@id":"https:\/\/bebijn.be\/#website"},"primaryImageOfPage":{"@id":"https:\/\/bebijn.be\/product\/yuzu-jasmijn\/#primaryimage"},"image":{"@id":"https:\/\/bebijn.be\/product\/yuzu-jasmijn\/#primaryimage"},"thumbnailUrl":"https:\/\/bebijn.be\/wp-content\/uploads\/2025\/01\/027-geel.jpg","datePublished":"2025-07-24T14:19:41+00:00","dateModified":"2026-03-27T09:11:51+00:00","description":"Bonbon au yuzu et au jasmin : les agrumes p\u00e9tillants rencontrent la douceur florale dans une friandise \u00e9l\u00e9gante et l\u00e9g\u00e8rement exotique. \ud83c\udf4b\ud83c\udf38\ud83c\udf6c","breadcrumb":{"@id":"https:\/\/bebijn.be\/product\/yuzu-jasmijn\/#breadcrumb"},"inLanguage":"fr-BE","potentialAction":[{"@type":"ReadAction","target":["https:\/\/bebijn.be\/product\/yuzu-jasmijn\/"]}]},{"@type":"ImageObject","inLanguage":"fr-BE","@id":"https:\/\/bebijn.be\/product\/yuzu-jasmijn\/#primaryimage","url":"https:\/\/bebijn.be\/wp-content\/uploads\/2025\/01\/027-geel.jpg","contentUrl":"https:\/\/bebijn.be\/wp-content\/uploads\/2025\/01\/027-geel.jpg","width":800,"height":800},{"@type":"BreadcrumbList","@id":"https:\/\/bebijn.be\/product\/yuzu-jasmijn\/#breadcrumb","itemListElement":[{"@type":"ListItem","position":1,"name":"Home","item":"https:\/\/bebijn.be\/"},{"@type":"ListItem","position":2,"name":"Winkel Bebijn","item":"https:\/\/bebijn.be\/winkel-bebijn\/"},{"@type":"ListItem","position":3,"name":"Yuzu \u2022 Jasmijn"}]},{"@type":"WebSite","@id":"https:\/\/bebijn.be\/#website","url":"https:\/\/bebijn.be\/","name":"Bebijn | Sucreries artisanales personnalis\u00e9es","description":"confiserie et bonbons pour la gastronomie cadeau marketing","publisher":{"@id":"https:\/\/bebijn.be\/#organization"},"potentialAction":[{"@type":"SearchAction","target":{"@type":"EntryPoint","urlTemplate":"https:\/\/bebijn.be\/?s={search_term_string}"},"query-input":{"@type":"PropertyValueSpecification","valueRequired":true,"valueName":"search_term_string"}}],"inLanguage":"fr-BE"},{"@type":"Organization","@id":"https:\/\/bebijn.be\/#organization","name":"Bebijn","url":"https:\/\/bebijn.be\/","logo":{"@type":"ImageObject","inLanguage":"fr-BE","@id":"https:\/\/bebijn.be\/#\/schema\/logo\/image\/","url":"https:\/\/bebijn.be\/wp-content\/uploads\/2024\/12\/Bebijn-Logo-RGB-v1.png","contentUrl":"https:\/\/bebijn.be\/wp-content\/uploads\/2024\/12\/Bebijn-Logo-RGB-v1.png","width":800,"height":800,"caption":"Bebijn"},"image":{"@id":"https:\/\/bebijn.be\/#\/schema\/logo\/image\/"},"sameAs":["https:\/\/www.facebook.com\/bebijn\/","https:\/\/www.instagram.com\/bebijn.sweets\/"]}]},"product_price_amount":"33.00","product_price_currency":"EUR","og_availability":"out of stock","product_availability":"out of stock","product_retailer_item_id":"5064-1","product_condition":"new"},"_links":{"self":[{"href":"https:\/\/bebijn.be\/fr\/wp-json\/wp\/v2\/product\/19361","targetHints":{"allow":["GET"]}}],"collection":[{"href":"https:\/\/bebijn.be\/fr\/wp-json\/wp\/v2\/product"}],"about":[{"href":"https:\/\/bebijn.be\/fr\/wp-json\/wp\/v2\/types\/product"}],"version-history":[{"count":2,"href":"https:\/\/bebijn.be\/fr\/wp-json\/wp\/v2\/product\/19361\/revisions"}],"predecessor-version":[{"id":19390,"href":"https:\/\/bebijn.be\/fr\/wp-json\/wp\/v2\/product\/19361\/revisions\/19390"}],"wp:featuredmedia":[{"embeddable":true,"href":"https:\/\/bebijn.be\/fr\/wp-json\/wp\/v2\/media\/16934"}],"wp:attachment":[{"href":"https:\/\/bebijn.be\/fr\/wp-json\/wp\/v2\/media?parent=19361"}],"wp:term":[{"taxonomy":"product_brand","embeddable":true,"href":"https:\/\/bebijn.be\/fr\/wp-json\/wp\/v2\/product_brand?post=19361"},{"taxonomy":"product_cat","embeddable":true,"href":"https:\/\/bebijn.be\/fr\/wp-json\/wp\/v2\/product_cat?post=19361"},{"taxonomy":"product_tag","embeddable":true,"href":"https:\/\/bebijn.be\/fr\/wp-json\/wp\/v2\/product_tag?post=19361"}],"curies":[{"name":"wp","href":"https:\/\/api.w.org\/{rel}","templated":true}]}}