{"id":19481,"date":"2025-09-16T20:12:29","date_gmt":"2025-09-16T18:12:29","guid":{"rendered":"https:\/\/bebijn.be\/?post_type=product&#038;p=19481"},"modified":"2026-03-27T11:11:51","modified_gmt":"2026-03-27T09:11:51","slug":"cynorrhodon-melisse","status":"publish","type":"product","link":"https:\/\/bebijn.be\/fr\/product\/rozenbottel-citroenmelisse\/","title":{"rendered":"Cynorrhodon - M\u00e9lisse"},"content":{"rendered":"<p data-start=\"91\" data-end=\"482\"><strong data-start=\"121\" data-end=\"173\">Bonbons Bebi \u00e0 l'\u00e9glantier et \u00e0 la m\u00e9lisse<\/strong> est un \u00e9quilibre sophistiqu\u00e9 de fra\u00eecheur fruit\u00e9e et d'\u00e9pices douces. L'\u00e9glantier apporte une l\u00e9g\u00e8re acidit\u00e9 de baies avec des notes chaudes et profondes, tandis que la m\u00e9lisse apporte une touche citronn\u00e9e lumineuse avec un soup\u00e7on de douceur menthol\u00e9e. Ensemble, ils forment une harmonie \u00e9l\u00e9gante et \u00e9tonnamment fra\u00eeche.<\/p>\n<p data-start=\"484\" data-end=\"607\">Id\u00e9al pour accompagner le caf\u00e9 comme mignardise, l'addition, une douceur \u00e0 d\u00e9guster ou \u00e0 offrir comme cadeau original.<\/p>\n<p data-start=\"609\" data-end=\"745\">Une confiserie qui allie vivacit\u00e9 et subtilit\u00e9 - fruit\u00e9e, \u00e9pic\u00e9e et d\u00e9licatement aromatique, avec un charme naturel qui ne vous quitte pas.<\/p>","protected":false},"excerpt":{"rendered":"<p data-start=\"91\" data-end=\"482\"><strong data-start=\"121\" data-end=\"173\">Bonbons Bebi \u00e0 l'\u00e9glantier et \u00e0 la m\u00e9lisse<\/strong> est un \u00e9quilibre sophistiqu\u00e9 de fra\u00eecheur fruit\u00e9e et d'\u00e9pices douces. L'\u00e9glantier apporte une l\u00e9g\u00e8re acidit\u00e9 de baies avec des notes chaudes et profondes, tandis que la m\u00e9lisse apporte une touche citronn\u00e9e lumineuse avec un soup\u00e7on de douceur menthol\u00e9e. Ensemble, ils forment une harmonie \u00e9l\u00e9gante et \u00e9tonnamment fra\u00eeche.<\/p>\n<p data-start=\"484\" data-end=\"607\">Id\u00e9al pour accompagner le caf\u00e9 comme mignardise, l'addition, une douceur \u00e0 d\u00e9guster ou \u00e0 offrir comme cadeau original.<\/p>\n<p data-start=\"609\" data-end=\"745\">Une confiserie qui allie vivacit\u00e9 et subtilit\u00e9 - fruit\u00e9e, \u00e9pic\u00e9e et d\u00e9licatement aromatique, avec un charme naturel qui ne vous quitte pas.<\/p>","protected":false},"featured_media":19499,"template":"","meta":[],"product_brand":[],"product_cat":[70],"product_tag":[],"class_list":{"0":"post-19481","1":"product","2":"type-product","3":"status-publish","4":"has-post-thumbnail","6":"product_cat-uit-bebijn-assortiment","8":"first","9":"outofstock","10":"taxable","11":"shipping-taxable","12":"purchasable","13":"product-type-simple"},"yoast_head":"<!-- This site is optimized with the Yoast SEO Premium plugin v24.2 (Yoast SEO v27.4) - https:\/\/yoast.com\/product\/yoast-seo-premium-wordpress\/ -->\n<title>Rozenbottel \u2022 Citroenmelisse - Artisanale snoep op maat | Bebijn<\/title>\n<meta name=\"description\" content=\"Bebijn snoepje met rozenbottel en citroenmelisse: fruitige zuurheid ontmoet frisse kruidigheid in een elegante, lichte harmonie. \ud83c\udf39\ud83c\udf4b\ud83c\udf6c\" \/>\n<meta name=\"robots\" content=\"index, follow, max-snippet:-1, max-image-preview:large, max-video-preview:-1\" \/>\n<link rel=\"canonical\" href=\"https:\/\/bebijn.be\/fr\/produit\/cynorrhodon-melisse\/\" \/>\n<script type=\"application\/ld+json\" class=\"yoast-schema-graph\">{\"@context\":\"https:\\\/\\\/schema.org\",\"@graph\":[{\"@type\":\"WebPage\",\"@id\":\"https:\\\/\\\/bebijn.be\\\/product\\\/rozenbottel-citroenmelisse\\\/\",\"url\":\"https:\\\/\\\/bebijn.be\\\/product\\\/rozenbottel-citroenmelisse\\\/\",\"name\":\"Rozenbottel \u2022 Citroenmelisse - Artisanale snoep op maat | Bebijn\",\"isPartOf\":{\"@id\":\"https:\\\/\\\/bebijn.be\\\/#website\"},\"primaryImageOfPage\":{\"@id\":\"https:\\\/\\\/bebijn.be\\\/product\\\/rozenbottel-citroenmelisse\\\/#primaryimage\"},\"image\":{\"@id\":\"https:\\\/\\\/bebijn.be\\\/product\\\/rozenbottel-citroenmelisse\\\/#primaryimage\"},\"thumbnailUrl\":\"https:\\\/\\\/bebijn.be\\\/wp-content\\\/uploads\\\/2025\\\/09\\\/014-rood.jpg\",\"datePublished\":\"2025-09-16T18:12:29+00:00\",\"dateModified\":\"2026-03-27T09:11:51+00:00\",\"description\":\"Bebijn snoepje met rozenbottel en citroenmelisse: fruitige zuurheid ontmoet frisse kruidigheid in een elegante, lichte harmonie. \ud83c\udf39\ud83c\udf4b\ud83c\udf6c\",\"breadcrumb\":{\"@id\":\"https:\\\/\\\/bebijn.be\\\/product\\\/rozenbottel-citroenmelisse\\\/#breadcrumb\"},\"inLanguage\":\"fr-BE\",\"potentialAction\":[{\"@type\":\"ReadAction\",\"target\":[\"https:\\\/\\\/bebijn.be\\\/product\\\/rozenbottel-citroenmelisse\\\/\"]}]},{\"@type\":\"ImageObject\",\"inLanguage\":\"fr-BE\",\"@id\":\"https:\\\/\\\/bebijn.be\\\/product\\\/rozenbottel-citroenmelisse\\\/#primaryimage\",\"url\":\"https:\\\/\\\/bebijn.be\\\/wp-content\\\/uploads\\\/2025\\\/09\\\/014-rood.jpg\",\"contentUrl\":\"https:\\\/\\\/bebijn.be\\\/wp-content\\\/uploads\\\/2025\\\/09\\\/014-rood.jpg\",\"width\":800,\"height\":800},{\"@type\":\"BreadcrumbList\",\"@id\":\"https:\\\/\\\/bebijn.be\\\/product\\\/rozenbottel-citroenmelisse\\\/#breadcrumb\",\"itemListElement\":[{\"@type\":\"ListItem\",\"position\":1,\"name\":\"Home\",\"item\":\"https:\\\/\\\/bebijn.be\\\/\"},{\"@type\":\"ListItem\",\"position\":2,\"name\":\"Winkel Bebijn\",\"item\":\"https:\\\/\\\/bebijn.be\\\/winkel-bebijn\\\/\"},{\"@type\":\"ListItem\",\"position\":3,\"name\":\"Rozenbottel \u2022 Citroenmelisse\"}]},{\"@type\":\"WebSite\",\"@id\":\"https:\\\/\\\/bebijn.be\\\/#website\",\"url\":\"https:\\\/\\\/bebijn.be\\\/\",\"name\":\"Bebijn | Artisanale snoep op maat\",\"description\":\"confiserie en snoep voor gastronomie marketing geschenk\",\"publisher\":{\"@id\":\"https:\\\/\\\/bebijn.be\\\/#organization\"},\"potentialAction\":[{\"@type\":\"SearchAction\",\"target\":{\"@type\":\"EntryPoint\",\"urlTemplate\":\"https:\\\/\\\/bebijn.be\\\/?s={search_term_string}\"},\"query-input\":{\"@type\":\"PropertyValueSpecification\",\"valueRequired\":true,\"valueName\":\"search_term_string\"}}],\"inLanguage\":\"fr-BE\"},{\"@type\":\"Organization\",\"@id\":\"https:\\\/\\\/bebijn.be\\\/#organization\",\"name\":\"Bebijn\",\"url\":\"https:\\\/\\\/bebijn.be\\\/\",\"logo\":{\"@type\":\"ImageObject\",\"inLanguage\":\"fr-BE\",\"@id\":\"https:\\\/\\\/bebijn.be\\\/#\\\/schema\\\/logo\\\/image\\\/\",\"url\":\"https:\\\/\\\/bebijn.be\\\/wp-content\\\/uploads\\\/2024\\\/12\\\/Bebijn-Logo-RGB-v1.png\",\"contentUrl\":\"https:\\\/\\\/bebijn.be\\\/wp-content\\\/uploads\\\/2024\\\/12\\\/Bebijn-Logo-RGB-v1.png\",\"width\":800,\"height\":800,\"caption\":\"Bebijn\"},\"image\":{\"@id\":\"https:\\\/\\\/bebijn.be\\\/#\\\/schema\\\/logo\\\/image\\\/\"},\"sameAs\":[\"https:\\\/\\\/www.facebook.com\\\/bebijn\\\/\",\"https:\\\/\\\/www.instagram.com\\\/bebijn.sweets\\\/\"]}]}<\/script>\n<meta property=\"product:price:amount\" content=\"33.00\" \/>\n<meta property=\"product:price:currency\" content=\"EUR\" \/>\n<meta property=\"og:availability\" content=\"out of stock\" \/>\n<meta property=\"product:availability\" content=\"out of stock\" \/>\n<meta property=\"product:retailer_item_id\" content=\"5209-1\" \/>\n<meta property=\"product:condition\" content=\"new\" \/>\n<!-- \/ Yoast SEO Premium plugin. -->","yoast_head_json":{"title":"Cynorrhodon - M\u00e9lisse - Confiseries artisanales sur commande | Bebijn","description":"Bonbon Bebi \u00e0 l'\u00e9glantine et \u00e0 la m\u00e9lisse : l'acidit\u00e9 fruit\u00e9e rencontre le piquant frais dans une harmonie \u00e9l\u00e9gante et l\u00e9g\u00e8re. \ud83c\udf39\ud83c\udf4b\ud83c\udf6c","robots":{"index":"index","follow":"follow","max-snippet":"max-snippet:-1","max-image-preview":"max-image-preview:large","max-video-preview":"max-video-preview:-1"},"canonical":"https:\/\/bebijn.be\/fr\/produit\/cynorrhodon-melisse\/","schema":{"@context":"https:\/\/schema.org","@graph":[{"@type":"WebPage","@id":"https:\/\/bebijn.be\/product\/rozenbottel-citroenmelisse\/","url":"https:\/\/bebijn.be\/product\/rozenbottel-citroenmelisse\/","name":"Cynorrhodon - M\u00e9lisse - Confiseries artisanales sur commande | Bebijn","isPartOf":{"@id":"https:\/\/bebijn.be\/#website"},"primaryImageOfPage":{"@id":"https:\/\/bebijn.be\/product\/rozenbottel-citroenmelisse\/#primaryimage"},"image":{"@id":"https:\/\/bebijn.be\/product\/rozenbottel-citroenmelisse\/#primaryimage"},"thumbnailUrl":"https:\/\/bebijn.be\/wp-content\/uploads\/2025\/09\/014-rood.jpg","datePublished":"2025-09-16T18:12:29+00:00","dateModified":"2026-03-27T09:11:51+00:00","description":"Bonbon Bebi \u00e0 l'\u00e9glantine et \u00e0 la m\u00e9lisse : l'acidit\u00e9 fruit\u00e9e rencontre le piquant frais dans une harmonie \u00e9l\u00e9gante et l\u00e9g\u00e8re. \ud83c\udf39\ud83c\udf4b\ud83c\udf6c","breadcrumb":{"@id":"https:\/\/bebijn.be\/product\/rozenbottel-citroenmelisse\/#breadcrumb"},"inLanguage":"fr-BE","potentialAction":[{"@type":"ReadAction","target":["https:\/\/bebijn.be\/product\/rozenbottel-citroenmelisse\/"]}]},{"@type":"ImageObject","inLanguage":"fr-BE","@id":"https:\/\/bebijn.be\/product\/rozenbottel-citroenmelisse\/#primaryimage","url":"https:\/\/bebijn.be\/wp-content\/uploads\/2025\/09\/014-rood.jpg","contentUrl":"https:\/\/bebijn.be\/wp-content\/uploads\/2025\/09\/014-rood.jpg","width":800,"height":800},{"@type":"BreadcrumbList","@id":"https:\/\/bebijn.be\/product\/rozenbottel-citroenmelisse\/#breadcrumb","itemListElement":[{"@type":"ListItem","position":1,"name":"Home","item":"https:\/\/bebijn.be\/"},{"@type":"ListItem","position":2,"name":"Winkel Bebijn","item":"https:\/\/bebijn.be\/winkel-bebijn\/"},{"@type":"ListItem","position":3,"name":"Rozenbottel \u2022 Citroenmelisse"}]},{"@type":"WebSite","@id":"https:\/\/bebijn.be\/#website","url":"https:\/\/bebijn.be\/","name":"Bebijn | Sucreries artisanales personnalis\u00e9es","description":"confiserie et bonbons pour la gastronomie cadeau marketing","publisher":{"@id":"https:\/\/bebijn.be\/#organization"},"potentialAction":[{"@type":"SearchAction","target":{"@type":"EntryPoint","urlTemplate":"https:\/\/bebijn.be\/?s={search_term_string}"},"query-input":{"@type":"PropertyValueSpecification","valueRequired":true,"valueName":"search_term_string"}}],"inLanguage":"fr-BE"},{"@type":"Organization","@id":"https:\/\/bebijn.be\/#organization","name":"Bebijn","url":"https:\/\/bebijn.be\/","logo":{"@type":"ImageObject","inLanguage":"fr-BE","@id":"https:\/\/bebijn.be\/#\/schema\/logo\/image\/","url":"https:\/\/bebijn.be\/wp-content\/uploads\/2024\/12\/Bebijn-Logo-RGB-v1.png","contentUrl":"https:\/\/bebijn.be\/wp-content\/uploads\/2024\/12\/Bebijn-Logo-RGB-v1.png","width":800,"height":800,"caption":"Bebijn"},"image":{"@id":"https:\/\/bebijn.be\/#\/schema\/logo\/image\/"},"sameAs":["https:\/\/www.facebook.com\/bebijn\/","https:\/\/www.instagram.com\/bebijn.sweets\/"]}]},"product_price_amount":"33.00","product_price_currency":"EUR","og_availability":"out of stock","product_availability":"out of stock","product_retailer_item_id":"5209-1","product_condition":"new"},"_links":{"self":[{"href":"https:\/\/bebijn.be\/fr\/wp-json\/wp\/v2\/product\/19481","targetHints":{"allow":["GET"]}}],"collection":[{"href":"https:\/\/bebijn.be\/fr\/wp-json\/wp\/v2\/product"}],"about":[{"href":"https:\/\/bebijn.be\/fr\/wp-json\/wp\/v2\/types\/product"}],"version-history":[{"count":1,"href":"https:\/\/bebijn.be\/fr\/wp-json\/wp\/v2\/product\/19481\/revisions"}],"predecessor-version":[{"id":19482,"href":"https:\/\/bebijn.be\/fr\/wp-json\/wp\/v2\/product\/19481\/revisions\/19482"}],"wp:featuredmedia":[{"embeddable":true,"href":"https:\/\/bebijn.be\/fr\/wp-json\/wp\/v2\/media\/19499"}],"wp:attachment":[{"href":"https:\/\/bebijn.be\/fr\/wp-json\/wp\/v2\/media?parent=19481"}],"wp:term":[{"taxonomy":"product_brand","embeddable":true,"href":"https:\/\/bebijn.be\/fr\/wp-json\/wp\/v2\/product_brand?post=19481"},{"taxonomy":"product_cat","embeddable":true,"href":"https:\/\/bebijn.be\/fr\/wp-json\/wp\/v2\/product_cat?post=19481"},{"taxonomy":"product_tag","embeddable":true,"href":"https:\/\/bebijn.be\/fr\/wp-json\/wp\/v2\/product_tag?post=19481"}],"curies":[{"name":"wp","href":"https:\/\/api.w.org\/{rel}","templated":true}]}}