{"id":19491,"date":"2025-09-16T20:36:13","date_gmt":"2025-09-16T18:36:13","guid":{"rendered":"https:\/\/bebijn.be\/?post_type=product&#038;p=19491"},"modified":"2026-03-27T11:11:51","modified_gmt":"2026-03-27T09:11:51","slug":"nerprun-2","status":"publish","type":"product","link":"https:\/\/bebijn.be\/fr\/product\/duindoorn-2\/","title":{"rendered":"Argousier"},"content":{"rendered":"<p data-start=\"121\" data-end=\"486\"><strong data-start=\"151\" data-end=\"187\">Bebi Varellow \u00e0 l'argousier<\/strong> est une friandise onctueuse et cr\u00e9meuse, agr\u00e9ment\u00e9e d'une touche fra\u00eeche et fruit\u00e9e. La guimauve fond l\u00e9g\u00e8rement sur la langue, tandis que l'argousier apporte une saveur subtile, l\u00e9g\u00e8rement acidul\u00e9e et aromatique. L'ensemble cr\u00e9e un \u00e9quilibre \u00e9l\u00e9gant entre douceur et fra\u00eecheur, surprenant et sophistiqu\u00e9.<\/p>\n<p data-start=\"488\" data-end=\"611\">Id\u00e9al pour accompagner le caf\u00e9 comme mignardise, l'addition, une douceur \u00e0 d\u00e9guster ou \u00e0 offrir comme cadeau original.<\/p>\n<p data-start=\"613\" data-end=\"747\">Un r\u00e9gal pour ceux qui aiment les textures douces associ\u00e9es \u00e0 des saveurs fruit\u00e9es particuli\u00e8res : a\u00e9riennes, d\u00e9licates et fruit\u00e9es \u00e0 la fois.<\/p>","protected":false},"excerpt":{"rendered":"<p data-start=\"121\" data-end=\"486\"><strong data-start=\"151\" data-end=\"187\">Bebi Varellow \u00e0 l'argousier<\/strong> est une friandise onctueuse et cr\u00e9meuse, agr\u00e9ment\u00e9e d'une touche fra\u00eeche et fruit\u00e9e. La guimauve fond l\u00e9g\u00e8rement sur la langue, tandis que l'argousier apporte une saveur subtile, l\u00e9g\u00e8rement acidul\u00e9e et aromatique. L'ensemble cr\u00e9e un \u00e9quilibre \u00e9l\u00e9gant entre douceur et fra\u00eecheur, surprenant et sophistiqu\u00e9.<\/p>\n<p data-start=\"488\" data-end=\"611\">Id\u00e9al pour accompagner le caf\u00e9 comme mignardise, l'addition, une douceur \u00e0 d\u00e9guster ou \u00e0 offrir comme cadeau original.<\/p>\n<p data-start=\"613\" data-end=\"747\">Un r\u00e9gal pour ceux qui aiment les textures douces associ\u00e9es \u00e0 des saveurs fruit\u00e9es particuli\u00e8res : a\u00e9riennes, d\u00e9licates et fruit\u00e9es \u00e0 la fois.<\/p>","protected":false},"featured_media":19526,"template":"","meta":[],"product_brand":[],"product_cat":[70],"product_tag":[],"class_list":{"0":"post-19491","1":"product","2":"type-product","3":"status-publish","4":"has-post-thumbnail","6":"product_cat-uit-bebijn-assortiment","8":"first","9":"outofstock","10":"taxable","11":"shipping-taxable","12":"purchasable","13":"product-type-simple"},"yoast_head":"<!-- This site is optimized with the Yoast SEO Premium plugin v24.2 (Yoast SEO v27.4) - https:\/\/yoast.com\/product\/yoast-seo-premium-wordpress\/ -->\n<title>Duindoorn - Artisanale snoep op maat | Bebijn<\/title>\n<meta name=\"description\" content=\"Bebijn marshmallow met duindoorn: zacht en romig, met een subtiele frisse en lichtzure duindoornsmaak, elegant en verrassend. \ud83c\udf6c\ud83c\udf4a\" \/>\n<meta name=\"robots\" content=\"index, follow, max-snippet:-1, max-image-preview:large, max-video-preview:-1\" \/>\n<link rel=\"canonical\" href=\"https:\/\/bebijn.be\/fr\/produit\/nerprun-2\/\" \/>\n<script type=\"application\/ld+json\" class=\"yoast-schema-graph\">{\"@context\":\"https:\\\/\\\/schema.org\",\"@graph\":[{\"@type\":\"WebPage\",\"@id\":\"https:\\\/\\\/bebijn.be\\\/product\\\/duindoorn-2\\\/\",\"url\":\"https:\\\/\\\/bebijn.be\\\/product\\\/duindoorn-2\\\/\",\"name\":\"Duindoorn - Artisanale snoep op maat | Bebijn\",\"isPartOf\":{\"@id\":\"https:\\\/\\\/bebijn.be\\\/#website\"},\"primaryImageOfPage\":{\"@id\":\"https:\\\/\\\/bebijn.be\\\/product\\\/duindoorn-2\\\/#primaryimage\"},\"image\":{\"@id\":\"https:\\\/\\\/bebijn.be\\\/product\\\/duindoorn-2\\\/#primaryimage\"},\"thumbnailUrl\":\"https:\\\/\\\/bebijn.be\\\/wp-content\\\/uploads\\\/2025\\\/09\\\/062-varellow-oranje.jpg\",\"datePublished\":\"2025-09-16T18:36:13+00:00\",\"dateModified\":\"2026-03-27T09:11:51+00:00\",\"description\":\"Bebijn marshmallow met duindoorn: zacht en romig, met een subtiele frisse en lichtzure duindoornsmaak, elegant en verrassend. \ud83c\udf6c\ud83c\udf4a\",\"breadcrumb\":{\"@id\":\"https:\\\/\\\/bebijn.be\\\/product\\\/duindoorn-2\\\/#breadcrumb\"},\"inLanguage\":\"fr-BE\",\"potentialAction\":[{\"@type\":\"ReadAction\",\"target\":[\"https:\\\/\\\/bebijn.be\\\/product\\\/duindoorn-2\\\/\"]}]},{\"@type\":\"ImageObject\",\"inLanguage\":\"fr-BE\",\"@id\":\"https:\\\/\\\/bebijn.be\\\/product\\\/duindoorn-2\\\/#primaryimage\",\"url\":\"https:\\\/\\\/bebijn.be\\\/wp-content\\\/uploads\\\/2025\\\/09\\\/062-varellow-oranje.jpg\",\"contentUrl\":\"https:\\\/\\\/bebijn.be\\\/wp-content\\\/uploads\\\/2025\\\/09\\\/062-varellow-oranje.jpg\",\"width\":800,\"height\":800},{\"@type\":\"BreadcrumbList\",\"@id\":\"https:\\\/\\\/bebijn.be\\\/product\\\/duindoorn-2\\\/#breadcrumb\",\"itemListElement\":[{\"@type\":\"ListItem\",\"position\":1,\"name\":\"Home\",\"item\":\"https:\\\/\\\/bebijn.be\\\/\"},{\"@type\":\"ListItem\",\"position\":2,\"name\":\"Winkel Bebijn\",\"item\":\"https:\\\/\\\/bebijn.be\\\/winkel-bebijn\\\/\"},{\"@type\":\"ListItem\",\"position\":3,\"name\":\"Duindoorn\"}]},{\"@type\":\"WebSite\",\"@id\":\"https:\\\/\\\/bebijn.be\\\/#website\",\"url\":\"https:\\\/\\\/bebijn.be\\\/\",\"name\":\"Bebijn | Artisanale snoep op maat\",\"description\":\"confiserie en snoep voor gastronomie marketing geschenk\",\"publisher\":{\"@id\":\"https:\\\/\\\/bebijn.be\\\/#organization\"},\"potentialAction\":[{\"@type\":\"SearchAction\",\"target\":{\"@type\":\"EntryPoint\",\"urlTemplate\":\"https:\\\/\\\/bebijn.be\\\/?s={search_term_string}\"},\"query-input\":{\"@type\":\"PropertyValueSpecification\",\"valueRequired\":true,\"valueName\":\"search_term_string\"}}],\"inLanguage\":\"fr-BE\"},{\"@type\":\"Organization\",\"@id\":\"https:\\\/\\\/bebijn.be\\\/#organization\",\"name\":\"Bebijn\",\"url\":\"https:\\\/\\\/bebijn.be\\\/\",\"logo\":{\"@type\":\"ImageObject\",\"inLanguage\":\"fr-BE\",\"@id\":\"https:\\\/\\\/bebijn.be\\\/#\\\/schema\\\/logo\\\/image\\\/\",\"url\":\"https:\\\/\\\/bebijn.be\\\/wp-content\\\/uploads\\\/2024\\\/12\\\/Bebijn-Logo-RGB-v1.png\",\"contentUrl\":\"https:\\\/\\\/bebijn.be\\\/wp-content\\\/uploads\\\/2024\\\/12\\\/Bebijn-Logo-RGB-v1.png\",\"width\":800,\"height\":800,\"caption\":\"Bebijn\"},\"image\":{\"@id\":\"https:\\\/\\\/bebijn.be\\\/#\\\/schema\\\/logo\\\/image\\\/\"},\"sameAs\":[\"https:\\\/\\\/www.facebook.com\\\/bebijn\\\/\",\"https:\\\/\\\/www.instagram.com\\\/bebijn.sweets\\\/\"]}]}<\/script>\n<meta property=\"product:price:amount\" content=\"35.00\" \/>\n<meta property=\"product:price:currency\" content=\"EUR\" \/>\n<meta property=\"og:availability\" content=\"out of stock\" \/>\n<meta property=\"product:availability\" content=\"out of stock\" \/>\n<meta property=\"product:condition\" content=\"new\" \/>\n<!-- \/ Yoast SEO Premium plugin. -->","yoast_head_json":{"title":"Argousier - Bonbons artisanaux sur mesure | Bebijn","description":"Guimauve Bebi \u00e0 l'argousier : douce et cr\u00e9meuse, avec une subtile saveur d'argousier fra\u00eeche et l\u00e9g\u00e8rement acidul\u00e9e, \u00e9l\u00e9gante et surprenante. \ud83c\udf6c\ud83c\udf4a","robots":{"index":"index","follow":"follow","max-snippet":"max-snippet:-1","max-image-preview":"max-image-preview:large","max-video-preview":"max-video-preview:-1"},"canonical":"https:\/\/bebijn.be\/fr\/produit\/nerprun-2\/","schema":{"@context":"https:\/\/schema.org","@graph":[{"@type":"WebPage","@id":"https:\/\/bebijn.be\/product\/duindoorn-2\/","url":"https:\/\/bebijn.be\/product\/duindoorn-2\/","name":"Argousier - Bonbons artisanaux sur mesure | Bebijn","isPartOf":{"@id":"https:\/\/bebijn.be\/#website"},"primaryImageOfPage":{"@id":"https:\/\/bebijn.be\/product\/duindoorn-2\/#primaryimage"},"image":{"@id":"https:\/\/bebijn.be\/product\/duindoorn-2\/#primaryimage"},"thumbnailUrl":"https:\/\/bebijn.be\/wp-content\/uploads\/2025\/09\/062-varellow-oranje.jpg","datePublished":"2025-09-16T18:36:13+00:00","dateModified":"2026-03-27T09:11:51+00:00","description":"Guimauve Bebi \u00e0 l'argousier : douce et cr\u00e9meuse, avec une subtile saveur d'argousier fra\u00eeche et l\u00e9g\u00e8rement acidul\u00e9e, \u00e9l\u00e9gante et surprenante. \ud83c\udf6c\ud83c\udf4a","breadcrumb":{"@id":"https:\/\/bebijn.be\/product\/duindoorn-2\/#breadcrumb"},"inLanguage":"fr-BE","potentialAction":[{"@type":"ReadAction","target":["https:\/\/bebijn.be\/product\/duindoorn-2\/"]}]},{"@type":"ImageObject","inLanguage":"fr-BE","@id":"https:\/\/bebijn.be\/product\/duindoorn-2\/#primaryimage","url":"https:\/\/bebijn.be\/wp-content\/uploads\/2025\/09\/062-varellow-oranje.jpg","contentUrl":"https:\/\/bebijn.be\/wp-content\/uploads\/2025\/09\/062-varellow-oranje.jpg","width":800,"height":800},{"@type":"BreadcrumbList","@id":"https:\/\/bebijn.be\/product\/duindoorn-2\/#breadcrumb","itemListElement":[{"@type":"ListItem","position":1,"name":"Home","item":"https:\/\/bebijn.be\/"},{"@type":"ListItem","position":2,"name":"Winkel Bebijn","item":"https:\/\/bebijn.be\/winkel-bebijn\/"},{"@type":"ListItem","position":3,"name":"Duindoorn"}]},{"@type":"WebSite","@id":"https:\/\/bebijn.be\/#website","url":"https:\/\/bebijn.be\/","name":"Bebijn | Sucreries artisanales personnalis\u00e9es","description":"confiserie et bonbons pour la gastronomie cadeau marketing","publisher":{"@id":"https:\/\/bebijn.be\/#organization"},"potentialAction":[{"@type":"SearchAction","target":{"@type":"EntryPoint","urlTemplate":"https:\/\/bebijn.be\/?s={search_term_string}"},"query-input":{"@type":"PropertyValueSpecification","valueRequired":true,"valueName":"search_term_string"}}],"inLanguage":"fr-BE"},{"@type":"Organization","@id":"https:\/\/bebijn.be\/#organization","name":"Bebijn","url":"https:\/\/bebijn.be\/","logo":{"@type":"ImageObject","inLanguage":"fr-BE","@id":"https:\/\/bebijn.be\/#\/schema\/logo\/image\/","url":"https:\/\/bebijn.be\/wp-content\/uploads\/2024\/12\/Bebijn-Logo-RGB-v1.png","contentUrl":"https:\/\/bebijn.be\/wp-content\/uploads\/2024\/12\/Bebijn-Logo-RGB-v1.png","width":800,"height":800,"caption":"Bebijn"},"image":{"@id":"https:\/\/bebijn.be\/#\/schema\/logo\/image\/"},"sameAs":["https:\/\/www.facebook.com\/bebijn\/","https:\/\/www.instagram.com\/bebijn.sweets\/"]}]},"product_price_amount":"35.00","product_price_currency":"EUR","og_availability":"out of stock","product_availability":"out of stock","product_condition":"new"},"_links":{"self":[{"href":"https:\/\/bebijn.be\/fr\/wp-json\/wp\/v2\/product\/19491","targetHints":{"allow":["GET"]}}],"collection":[{"href":"https:\/\/bebijn.be\/fr\/wp-json\/wp\/v2\/product"}],"about":[{"href":"https:\/\/bebijn.be\/fr\/wp-json\/wp\/v2\/types\/product"}],"version-history":[{"count":1,"href":"https:\/\/bebijn.be\/fr\/wp-json\/wp\/v2\/product\/19491\/revisions"}],"predecessor-version":[{"id":19492,"href":"https:\/\/bebijn.be\/fr\/wp-json\/wp\/v2\/product\/19491\/revisions\/19492"}],"wp:featuredmedia":[{"embeddable":true,"href":"https:\/\/bebijn.be\/fr\/wp-json\/wp\/v2\/media\/19526"}],"wp:attachment":[{"href":"https:\/\/bebijn.be\/fr\/wp-json\/wp\/v2\/media?parent=19491"}],"wp:term":[{"taxonomy":"product_brand","embeddable":true,"href":"https:\/\/bebijn.be\/fr\/wp-json\/wp\/v2\/product_brand?post=19491"},{"taxonomy":"product_cat","embeddable":true,"href":"https:\/\/bebijn.be\/fr\/wp-json\/wp\/v2\/product_cat?post=19491"},{"taxonomy":"product_tag","embeddable":true,"href":"https:\/\/bebijn.be\/fr\/wp-json\/wp\/v2\/product_tag?post=19491"}],"curies":[{"name":"wp","href":"https:\/\/api.w.org\/{rel}","templated":true}]}}