{"id":19493,"date":"2025-09-16T20:41:27","date_gmt":"2025-09-16T18:41:27","guid":{"rendered":"https:\/\/bebijn.be\/?post_type=product&#038;p=19493"},"modified":"2026-03-27T11:11:51","modified_gmt":"2026-03-27T09:11:51","slug":"hibiscus-poivre-noir-2","status":"publish","type":"product","link":"https:\/\/bebijn.be\/fr\/product\/hibiscus-zwarte-peper-2\/","title":{"rendered":"Hibiscus - poivre noir"},"content":{"rendered":"<p data-start=\"83\" data-end=\"455\"><strong data-start=\"113\" data-end=\"157\">Bonbons Bebi \u00e0 l'hibiscus et au poivre<\/strong> est une friandise a\u00e9rienne qui offre une exp\u00e9rience gustative surprenante. La guimauve moul\u00e9e, douce et cr\u00e9meuse, fond sur la langue, tandis que l'hibiscus apporte une touche florale et qu'une touche de poivre ajoute une \u00e9pice chaude et subtile. Ensemble, ils forment une \u00e9l\u00e9gante combinaison de douceur, de fra\u00eecheur et de l\u00e9g\u00e8ret\u00e9.<\/p>\n<p data-start=\"457\" data-end=\"580\">Id\u00e9al pour accompagner le caf\u00e9 comme mignardise, l'addition, une douceur \u00e0 d\u00e9guster ou \u00e0 offrir comme cadeau original.<\/p>\n<p data-start=\"582\" data-end=\"728\">Pour les amateurs de saveurs audacieuses et sophistiqu\u00e9es, ce bonbon \u00e0 la guimauve est un m\u00e9lange sp\u00e9cial de fra\u00eecheur florale et de chaleur \u00e9pic\u00e9e subtile.<\/p>","protected":false},"excerpt":{"rendered":"<p data-start=\"83\" data-end=\"455\"><strong data-start=\"113\" data-end=\"157\">Bonbons Bebi \u00e0 l'hibiscus et au poivre<\/strong> est une friandise a\u00e9rienne qui offre une exp\u00e9rience gustative surprenante. La guimauve moul\u00e9e, douce et cr\u00e9meuse, fond sur la langue, tandis que l'hibiscus apporte une touche florale et qu'une touche de poivre ajoute une \u00e9pice chaude et subtile. Ensemble, ils forment une \u00e9l\u00e9gante combinaison de douceur, de fra\u00eecheur et de l\u00e9g\u00e8ret\u00e9.<\/p>\n<p data-start=\"457\" data-end=\"580\">Id\u00e9al pour accompagner le caf\u00e9 comme mignardise, l'addition, une douceur \u00e0 d\u00e9guster ou \u00e0 offrir comme cadeau original.<\/p>\n<p data-start=\"582\" data-end=\"728\">Pour les amateurs de saveurs audacieuses et sophistiqu\u00e9es, ce bonbon \u00e0 la guimauve est un m\u00e9lange sp\u00e9cial de fra\u00eecheur florale et de chaleur \u00e9pic\u00e9e subtile.<\/p>","protected":false},"featured_media":19538,"template":"","meta":[],"product_brand":[],"product_cat":[70],"product_tag":[],"class_list":{"0":"post-19493","1":"product","2":"type-product","3":"status-publish","4":"has-post-thumbnail","6":"product_cat-uit-bebijn-assortiment","8":"first","9":"outofstock","10":"taxable","11":"shipping-taxable","12":"purchasable","13":"product-type-simple"},"yoast_head":"<!-- This site is optimized with the Yoast SEO Premium plugin v24.2 (Yoast SEO v27.4) - https:\/\/yoast.com\/product\/yoast-seo-premium-wordpress\/ -->\n<title>Hibiscus \u2022 Zwarte peper - Artisanale snoep op maat | Bebijn<\/title>\n<meta name=\"description\" content=\"Bebijn snoepje met hibiscus en peper: zacht en romig, met fruitig-zuur bloemig hibiscusaccent en een subtiele, warme peperpit. \ud83c\udf3a\ud83c\udf36\ufe0f\ud83c\udf6c\" \/>\n<meta name=\"robots\" content=\"index, follow, max-snippet:-1, max-image-preview:large, max-video-preview:-1\" \/>\n<link rel=\"canonical\" href=\"https:\/\/bebijn.be\/fr\/produit\/hibiscus-poivre-noir-2\/\" \/>\n<script type=\"application\/ld+json\" class=\"yoast-schema-graph\">{\"@context\":\"https:\\\/\\\/schema.org\",\"@graph\":[{\"@type\":\"WebPage\",\"@id\":\"https:\\\/\\\/bebijn.be\\\/product\\\/hibiscus-zwarte-peper-2\\\/\",\"url\":\"https:\\\/\\\/bebijn.be\\\/product\\\/hibiscus-zwarte-peper-2\\\/\",\"name\":\"Hibiscus \u2022 Zwarte peper - Artisanale snoep op maat | Bebijn\",\"isPartOf\":{\"@id\":\"https:\\\/\\\/bebijn.be\\\/#website\"},\"primaryImageOfPage\":{\"@id\":\"https:\\\/\\\/bebijn.be\\\/product\\\/hibiscus-zwarte-peper-2\\\/#primaryimage\"},\"image\":{\"@id\":\"https:\\\/\\\/bebijn.be\\\/product\\\/hibiscus-zwarte-peper-2\\\/#primaryimage\"},\"thumbnailUrl\":\"https:\\\/\\\/bebijn.be\\\/wp-content\\\/uploads\\\/2025\\\/09\\\/011-licht-rood-bebijn-mignardise-.jpg\",\"datePublished\":\"2025-09-16T18:41:27+00:00\",\"dateModified\":\"2026-03-27T09:11:51+00:00\",\"description\":\"Bebijn snoepje met hibiscus en peper: zacht en romig, met fruitig-zuur bloemig hibiscusaccent en een subtiele, warme peperpit. \ud83c\udf3a\ud83c\udf36\ufe0f\ud83c\udf6c\",\"breadcrumb\":{\"@id\":\"https:\\\/\\\/bebijn.be\\\/product\\\/hibiscus-zwarte-peper-2\\\/#breadcrumb\"},\"inLanguage\":\"fr-BE\",\"potentialAction\":[{\"@type\":\"ReadAction\",\"target\":[\"https:\\\/\\\/bebijn.be\\\/product\\\/hibiscus-zwarte-peper-2\\\/\"]}]},{\"@type\":\"ImageObject\",\"inLanguage\":\"fr-BE\",\"@id\":\"https:\\\/\\\/bebijn.be\\\/product\\\/hibiscus-zwarte-peper-2\\\/#primaryimage\",\"url\":\"https:\\\/\\\/bebijn.be\\\/wp-content\\\/uploads\\\/2025\\\/09\\\/011-licht-rood-bebijn-mignardise-.jpg\",\"contentUrl\":\"https:\\\/\\\/bebijn.be\\\/wp-content\\\/uploads\\\/2025\\\/09\\\/011-licht-rood-bebijn-mignardise-.jpg\",\"width\":800,\"height\":800},{\"@type\":\"BreadcrumbList\",\"@id\":\"https:\\\/\\\/bebijn.be\\\/product\\\/hibiscus-zwarte-peper-2\\\/#breadcrumb\",\"itemListElement\":[{\"@type\":\"ListItem\",\"position\":1,\"name\":\"Home\",\"item\":\"https:\\\/\\\/bebijn.be\\\/\"},{\"@type\":\"ListItem\",\"position\":2,\"name\":\"Winkel Bebijn\",\"item\":\"https:\\\/\\\/bebijn.be\\\/winkel-bebijn\\\/\"},{\"@type\":\"ListItem\",\"position\":3,\"name\":\"Hibiscus \u2022 Zwarte peper\"}]},{\"@type\":\"WebSite\",\"@id\":\"https:\\\/\\\/bebijn.be\\\/#website\",\"url\":\"https:\\\/\\\/bebijn.be\\\/\",\"name\":\"Bebijn | Artisanale snoep op maat\",\"description\":\"confiserie en snoep voor gastronomie marketing geschenk\",\"publisher\":{\"@id\":\"https:\\\/\\\/bebijn.be\\\/#organization\"},\"potentialAction\":[{\"@type\":\"SearchAction\",\"target\":{\"@type\":\"EntryPoint\",\"urlTemplate\":\"https:\\\/\\\/bebijn.be\\\/?s={search_term_string}\"},\"query-input\":{\"@type\":\"PropertyValueSpecification\",\"valueRequired\":true,\"valueName\":\"search_term_string\"}}],\"inLanguage\":\"fr-BE\"},{\"@type\":\"Organization\",\"@id\":\"https:\\\/\\\/bebijn.be\\\/#organization\",\"name\":\"Bebijn\",\"url\":\"https:\\\/\\\/bebijn.be\\\/\",\"logo\":{\"@type\":\"ImageObject\",\"inLanguage\":\"fr-BE\",\"@id\":\"https:\\\/\\\/bebijn.be\\\/#\\\/schema\\\/logo\\\/image\\\/\",\"url\":\"https:\\\/\\\/bebijn.be\\\/wp-content\\\/uploads\\\/2024\\\/12\\\/Bebijn-Logo-RGB-v1.png\",\"contentUrl\":\"https:\\\/\\\/bebijn.be\\\/wp-content\\\/uploads\\\/2024\\\/12\\\/Bebijn-Logo-RGB-v1.png\",\"width\":800,\"height\":800,\"caption\":\"Bebijn\"},\"image\":{\"@id\":\"https:\\\/\\\/bebijn.be\\\/#\\\/schema\\\/logo\\\/image\\\/\"},\"sameAs\":[\"https:\\\/\\\/www.facebook.com\\\/bebijn\\\/\",\"https:\\\/\\\/www.instagram.com\\\/bebijn.sweets\\\/\"]}]}<\/script>\n<meta property=\"product:price:amount\" content=\"33.00\" \/>\n<meta property=\"product:price:currency\" content=\"EUR\" \/>\n<meta property=\"og:availability\" content=\"out of stock\" \/>\n<meta property=\"product:availability\" content=\"out of stock\" \/>\n<meta property=\"product:retailer_item_id\" content=\"5085-1\" \/>\n<meta property=\"product:condition\" content=\"new\" \/>\n<!-- \/ Yoast SEO Premium plugin. -->","yoast_head_json":{"title":"Hibiscus - Poivre noir - Confiseries artisanales sur commande | Bebijn","description":"Bonbon Bebi \u00e0 l'hibiscus et au poivre : doux et cr\u00e9meux, avec un accent floral fruit\u00e9-aigre d'hibiscus et une \u00e9pice subtile et chaude de poivre. \ud83c\udf3a\ud83c\udf36\ufe0f\ud83c\udf6c","robots":{"index":"index","follow":"follow","max-snippet":"max-snippet:-1","max-image-preview":"max-image-preview:large","max-video-preview":"max-video-preview:-1"},"canonical":"https:\/\/bebijn.be\/fr\/produit\/hibiscus-poivre-noir-2\/","schema":{"@context":"https:\/\/schema.org","@graph":[{"@type":"WebPage","@id":"https:\/\/bebijn.be\/product\/hibiscus-zwarte-peper-2\/","url":"https:\/\/bebijn.be\/product\/hibiscus-zwarte-peper-2\/","name":"Hibiscus - Poivre noir - Confiseries artisanales sur commande | Bebijn","isPartOf":{"@id":"https:\/\/bebijn.be\/#website"},"primaryImageOfPage":{"@id":"https:\/\/bebijn.be\/product\/hibiscus-zwarte-peper-2\/#primaryimage"},"image":{"@id":"https:\/\/bebijn.be\/product\/hibiscus-zwarte-peper-2\/#primaryimage"},"thumbnailUrl":"https:\/\/bebijn.be\/wp-content\/uploads\/2025\/09\/011-licht-rood-bebijn-mignardise-.jpg","datePublished":"2025-09-16T18:41:27+00:00","dateModified":"2026-03-27T09:11:51+00:00","description":"Bonbon Bebi \u00e0 l'hibiscus et au poivre : doux et cr\u00e9meux, avec un accent floral fruit\u00e9-aigre d'hibiscus et une \u00e9pice subtile et chaude de poivre. \ud83c\udf3a\ud83c\udf36\ufe0f\ud83c\udf6c","breadcrumb":{"@id":"https:\/\/bebijn.be\/product\/hibiscus-zwarte-peper-2\/#breadcrumb"},"inLanguage":"fr-BE","potentialAction":[{"@type":"ReadAction","target":["https:\/\/bebijn.be\/product\/hibiscus-zwarte-peper-2\/"]}]},{"@type":"ImageObject","inLanguage":"fr-BE","@id":"https:\/\/bebijn.be\/product\/hibiscus-zwarte-peper-2\/#primaryimage","url":"https:\/\/bebijn.be\/wp-content\/uploads\/2025\/09\/011-licht-rood-bebijn-mignardise-.jpg","contentUrl":"https:\/\/bebijn.be\/wp-content\/uploads\/2025\/09\/011-licht-rood-bebijn-mignardise-.jpg","width":800,"height":800},{"@type":"BreadcrumbList","@id":"https:\/\/bebijn.be\/product\/hibiscus-zwarte-peper-2\/#breadcrumb","itemListElement":[{"@type":"ListItem","position":1,"name":"Home","item":"https:\/\/bebijn.be\/"},{"@type":"ListItem","position":2,"name":"Winkel Bebijn","item":"https:\/\/bebijn.be\/winkel-bebijn\/"},{"@type":"ListItem","position":3,"name":"Hibiscus \u2022 Zwarte peper"}]},{"@type":"WebSite","@id":"https:\/\/bebijn.be\/#website","url":"https:\/\/bebijn.be\/","name":"Bebijn | Sucreries artisanales personnalis\u00e9es","description":"confiserie et bonbons pour la gastronomie cadeau marketing","publisher":{"@id":"https:\/\/bebijn.be\/#organization"},"potentialAction":[{"@type":"SearchAction","target":{"@type":"EntryPoint","urlTemplate":"https:\/\/bebijn.be\/?s={search_term_string}"},"query-input":{"@type":"PropertyValueSpecification","valueRequired":true,"valueName":"search_term_string"}}],"inLanguage":"fr-BE"},{"@type":"Organization","@id":"https:\/\/bebijn.be\/#organization","name":"Bebijn","url":"https:\/\/bebijn.be\/","logo":{"@type":"ImageObject","inLanguage":"fr-BE","@id":"https:\/\/bebijn.be\/#\/schema\/logo\/image\/","url":"https:\/\/bebijn.be\/wp-content\/uploads\/2024\/12\/Bebijn-Logo-RGB-v1.png","contentUrl":"https:\/\/bebijn.be\/wp-content\/uploads\/2024\/12\/Bebijn-Logo-RGB-v1.png","width":800,"height":800,"caption":"Bebijn"},"image":{"@id":"https:\/\/bebijn.be\/#\/schema\/logo\/image\/"},"sameAs":["https:\/\/www.facebook.com\/bebijn\/","https:\/\/www.instagram.com\/bebijn.sweets\/"]}]},"product_price_amount":"33.00","product_price_currency":"EUR","og_availability":"out of stock","product_availability":"out of stock","product_retailer_item_id":"5085-1","product_condition":"new"},"_links":{"self":[{"href":"https:\/\/bebijn.be\/fr\/wp-json\/wp\/v2\/product\/19493","targetHints":{"allow":["GET"]}}],"collection":[{"href":"https:\/\/bebijn.be\/fr\/wp-json\/wp\/v2\/product"}],"about":[{"href":"https:\/\/bebijn.be\/fr\/wp-json\/wp\/v2\/types\/product"}],"version-history":[{"count":2,"href":"https:\/\/bebijn.be\/fr\/wp-json\/wp\/v2\/product\/19493\/revisions"}],"predecessor-version":[{"id":19547,"href":"https:\/\/bebijn.be\/fr\/wp-json\/wp\/v2\/product\/19493\/revisions\/19547"}],"wp:featuredmedia":[{"embeddable":true,"href":"https:\/\/bebijn.be\/fr\/wp-json\/wp\/v2\/media\/19538"}],"wp:attachment":[{"href":"https:\/\/bebijn.be\/fr\/wp-json\/wp\/v2\/media?parent=19493"}],"wp:term":[{"taxonomy":"product_brand","embeddable":true,"href":"https:\/\/bebijn.be\/fr\/wp-json\/wp\/v2\/product_brand?post=19493"},{"taxonomy":"product_cat","embeddable":true,"href":"https:\/\/bebijn.be\/fr\/wp-json\/wp\/v2\/product_cat?post=19493"},{"taxonomy":"product_tag","embeddable":true,"href":"https:\/\/bebijn.be\/fr\/wp-json\/wp\/v2\/product_tag?post=19493"}],"curies":[{"name":"wp","href":"https:\/\/api.w.org\/{rel}","templated":true}]}}