{"id":19534,"date":"2025-10-21T17:31:37","date_gmt":"2025-10-21T15:31:37","guid":{"rendered":"https:\/\/bebijn.be\/?post_type=product&#038;p=19534"},"modified":"2026-03-27T11:11:51","modified_gmt":"2026-03-27T09:11:51","slug":"orange-ananas","status":"publish","type":"product","link":"https:\/\/bebijn.be\/fr\/product\/sinaas-ananas\/","title":{"rendered":"Mandarine - Ananas"},"content":{"rendered":"<p data-start=\"0\" data-end=\"350\"><strong data-start=\"30\" data-end=\"75\">Bonbons Bevin \u00e0 la mandarine et \u00e0 l'ananas<\/strong> est une fusion vibrante d'agrumes ensoleill\u00e9s et de douceur tropicale. La mandarine apporte une l\u00e9g\u00e8re amertume fra\u00eeche, tandis que l'ananas apporte une rondeur juteuse et exotique. Ensemble, ils forment une saveur \u00e9quilibr\u00e9e et optimiste qui capte la lumi\u00e8re du soleil \u00e0 chaque bouch\u00e9e.<\/p>\n<p data-start=\"352\" data-end=\"475\">Id\u00e9al pour accompagner le caf\u00e9 comme mignardise, l'addition, une douceur \u00e0 d\u00e9guster ou \u00e0 offrir comme cadeau original.<\/p>\n<p data-start=\"477\" data-end=\"609\">Pour ceux qui aiment la fra\u00eecheur avec une touche tropicale, ce chewing-gum est une g\u00e2terie joyeuse et sophistiqu\u00e9e pleine de fruit\u00e9 naturel.<\/p>","protected":false},"excerpt":{"rendered":"<p data-start=\"0\" data-end=\"350\"><strong data-start=\"30\" data-end=\"75\">Bonbons Bevin \u00e0 la mandarine et \u00e0 l'ananas<\/strong> est une fusion vibrante d'agrumes ensoleill\u00e9s et de douceur tropicale. La mandarine apporte une l\u00e9g\u00e8re amertume fra\u00eeche, tandis que l'ananas apporte une rondeur juteuse et exotique. Ensemble, ils forment une saveur \u00e9quilibr\u00e9e et optimiste qui capte la lumi\u00e8re du soleil \u00e0 chaque bouch\u00e9e.<\/p>\n<p data-start=\"352\" data-end=\"475\">Id\u00e9al pour accompagner le caf\u00e9 comme mignardise, l'addition, une douceur \u00e0 d\u00e9guster ou \u00e0 offrir comme cadeau original.<\/p>\n<p data-start=\"477\" data-end=\"609\">Pour ceux qui aiment la fra\u00eecheur avec une touche tropicale, ce chewing-gum est une g\u00e2terie joyeuse et sophistiqu\u00e9e pleine de fruit\u00e9 naturel.<\/p>","protected":false},"featured_media":19541,"template":"","meta":[],"product_brand":[],"product_cat":[70],"product_tag":[],"class_list":{"0":"post-19534","1":"product","2":"type-product","3":"status-publish","4":"has-post-thumbnail","6":"product_cat-uit-bebijn-assortiment","8":"first","9":"outofstock","10":"taxable","11":"shipping-taxable","12":"purchasable","13":"product-type-simple"},"yoast_head":"<!-- This site is optimized with the Yoast SEO Premium plugin v24.2 (Yoast SEO v27.4) - https:\/\/yoast.com\/product\/yoast-seo-premium-wordpress\/ -->\n<title>Mandarijn \u2022 Ananas - Artisanale snoep op maat | Bebijn<\/title>\n<meta name=\"description\" content=\"Bebijn snoepje met mandarijn en ananas: frisse citrus en tropische zoetheid samengebracht in een zonnige, sappige traktatie. \ud83c\udf4a\ud83c\udf4d\ud83c\udf6c\" \/>\n<meta name=\"robots\" content=\"index, follow, max-snippet:-1, max-image-preview:large, max-video-preview:-1\" \/>\n<link rel=\"canonical\" href=\"https:\/\/bebijn.be\/fr\/produit\/orange-ananas\/\" \/>\n<script type=\"application\/ld+json\" class=\"yoast-schema-graph\">{\"@context\":\"https:\\\/\\\/schema.org\",\"@graph\":[{\"@type\":\"WebPage\",\"@id\":\"https:\\\/\\\/bebijn.be\\\/product\\\/sinaas-ananas\\\/\",\"url\":\"https:\\\/\\\/bebijn.be\\\/product\\\/sinaas-ananas\\\/\",\"name\":\"Mandarijn \u2022 Ananas - Artisanale snoep op maat | Bebijn\",\"isPartOf\":{\"@id\":\"https:\\\/\\\/bebijn.be\\\/#website\"},\"primaryImageOfPage\":{\"@id\":\"https:\\\/\\\/bebijn.be\\\/product\\\/sinaas-ananas\\\/#primaryimage\"},\"image\":{\"@id\":\"https:\\\/\\\/bebijn.be\\\/product\\\/sinaas-ananas\\\/#primaryimage\"},\"thumbnailUrl\":\"https:\\\/\\\/bebijn.be\\\/wp-content\\\/uploads\\\/2025\\\/10\\\/006-mat-oranje-bebijn-snoep.jpg\",\"datePublished\":\"2025-10-21T15:31:37+00:00\",\"dateModified\":\"2026-03-27T09:11:51+00:00\",\"description\":\"Bebijn snoepje met mandarijn en ananas: frisse citrus en tropische zoetheid samengebracht in een zonnige, sappige traktatie. \ud83c\udf4a\ud83c\udf4d\ud83c\udf6c\",\"breadcrumb\":{\"@id\":\"https:\\\/\\\/bebijn.be\\\/product\\\/sinaas-ananas\\\/#breadcrumb\"},\"inLanguage\":\"fr-BE\",\"potentialAction\":[{\"@type\":\"ReadAction\",\"target\":[\"https:\\\/\\\/bebijn.be\\\/product\\\/sinaas-ananas\\\/\"]}]},{\"@type\":\"ImageObject\",\"inLanguage\":\"fr-BE\",\"@id\":\"https:\\\/\\\/bebijn.be\\\/product\\\/sinaas-ananas\\\/#primaryimage\",\"url\":\"https:\\\/\\\/bebijn.be\\\/wp-content\\\/uploads\\\/2025\\\/10\\\/006-mat-oranje-bebijn-snoep.jpg\",\"contentUrl\":\"https:\\\/\\\/bebijn.be\\\/wp-content\\\/uploads\\\/2025\\\/10\\\/006-mat-oranje-bebijn-snoep.jpg\",\"width\":800,\"height\":800},{\"@type\":\"BreadcrumbList\",\"@id\":\"https:\\\/\\\/bebijn.be\\\/product\\\/sinaas-ananas\\\/#breadcrumb\",\"itemListElement\":[{\"@type\":\"ListItem\",\"position\":1,\"name\":\"Home\",\"item\":\"https:\\\/\\\/bebijn.be\\\/\"},{\"@type\":\"ListItem\",\"position\":2,\"name\":\"Winkel Bebijn\",\"item\":\"https:\\\/\\\/bebijn.be\\\/winkel-bebijn\\\/\"},{\"@type\":\"ListItem\",\"position\":3,\"name\":\"Mandarijn \u2022 Ananas\"}]},{\"@type\":\"WebSite\",\"@id\":\"https:\\\/\\\/bebijn.be\\\/#website\",\"url\":\"https:\\\/\\\/bebijn.be\\\/\",\"name\":\"Bebijn | Artisanale snoep op maat\",\"description\":\"confiserie en snoep voor gastronomie marketing geschenk\",\"publisher\":{\"@id\":\"https:\\\/\\\/bebijn.be\\\/#organization\"},\"potentialAction\":[{\"@type\":\"SearchAction\",\"target\":{\"@type\":\"EntryPoint\",\"urlTemplate\":\"https:\\\/\\\/bebijn.be\\\/?s={search_term_string}\"},\"query-input\":{\"@type\":\"PropertyValueSpecification\",\"valueRequired\":true,\"valueName\":\"search_term_string\"}}],\"inLanguage\":\"fr-BE\"},{\"@type\":\"Organization\",\"@id\":\"https:\\\/\\\/bebijn.be\\\/#organization\",\"name\":\"Bebijn\",\"url\":\"https:\\\/\\\/bebijn.be\\\/\",\"logo\":{\"@type\":\"ImageObject\",\"inLanguage\":\"fr-BE\",\"@id\":\"https:\\\/\\\/bebijn.be\\\/#\\\/schema\\\/logo\\\/image\\\/\",\"url\":\"https:\\\/\\\/bebijn.be\\\/wp-content\\\/uploads\\\/2024\\\/12\\\/Bebijn-Logo-RGB-v1.png\",\"contentUrl\":\"https:\\\/\\\/bebijn.be\\\/wp-content\\\/uploads\\\/2024\\\/12\\\/Bebijn-Logo-RGB-v1.png\",\"width\":800,\"height\":800,\"caption\":\"Bebijn\"},\"image\":{\"@id\":\"https:\\\/\\\/bebijn.be\\\/#\\\/schema\\\/logo\\\/image\\\/\"},\"sameAs\":[\"https:\\\/\\\/www.facebook.com\\\/bebijn\\\/\",\"https:\\\/\\\/www.instagram.com\\\/bebijn.sweets\\\/\"]}]}<\/script>\n<meta property=\"product:price:amount\" content=\"33.00\" \/>\n<meta property=\"product:price:currency\" content=\"EUR\" \/>\n<meta property=\"og:availability\" content=\"out of stock\" \/>\n<meta property=\"product:availability\" content=\"out of stock\" \/>\n<meta property=\"product:retailer_item_id\" content=\"4394-1-1\" \/>\n<meta property=\"product:condition\" content=\"new\" \/>\n<!-- \/ Yoast SEO Premium plugin. -->","yoast_head_json":{"title":"Mandarine - Ananas - Confiseries artisanales sur commande | Bebijn","description":"Bonbons Bebi \u00e0 la mandarine et \u00e0 l'ananas : agrumes frais et douceur tropicale r\u00e9unis dans une friandise ensoleill\u00e9e et juteuse. \ud83c\udf4a\ud83c\udf4d\ud83c\udf6c","robots":{"index":"index","follow":"follow","max-snippet":"max-snippet:-1","max-image-preview":"max-image-preview:large","max-video-preview":"max-video-preview:-1"},"canonical":"https:\/\/bebijn.be\/fr\/produit\/orange-ananas\/","schema":{"@context":"https:\/\/schema.org","@graph":[{"@type":"WebPage","@id":"https:\/\/bebijn.be\/product\/sinaas-ananas\/","url":"https:\/\/bebijn.be\/product\/sinaas-ananas\/","name":"Mandarine - Ananas - Confiseries artisanales sur commande | Bebijn","isPartOf":{"@id":"https:\/\/bebijn.be\/#website"},"primaryImageOfPage":{"@id":"https:\/\/bebijn.be\/product\/sinaas-ananas\/#primaryimage"},"image":{"@id":"https:\/\/bebijn.be\/product\/sinaas-ananas\/#primaryimage"},"thumbnailUrl":"https:\/\/bebijn.be\/wp-content\/uploads\/2025\/10\/006-mat-oranje-bebijn-snoep.jpg","datePublished":"2025-10-21T15:31:37+00:00","dateModified":"2026-03-27T09:11:51+00:00","description":"Bonbons Bebi \u00e0 la mandarine et \u00e0 l'ananas : agrumes frais et douceur tropicale r\u00e9unis dans une friandise ensoleill\u00e9e et juteuse. \ud83c\udf4a\ud83c\udf4d\ud83c\udf6c","breadcrumb":{"@id":"https:\/\/bebijn.be\/product\/sinaas-ananas\/#breadcrumb"},"inLanguage":"fr-BE","potentialAction":[{"@type":"ReadAction","target":["https:\/\/bebijn.be\/product\/sinaas-ananas\/"]}]},{"@type":"ImageObject","inLanguage":"fr-BE","@id":"https:\/\/bebijn.be\/product\/sinaas-ananas\/#primaryimage","url":"https:\/\/bebijn.be\/wp-content\/uploads\/2025\/10\/006-mat-oranje-bebijn-snoep.jpg","contentUrl":"https:\/\/bebijn.be\/wp-content\/uploads\/2025\/10\/006-mat-oranje-bebijn-snoep.jpg","width":800,"height":800},{"@type":"BreadcrumbList","@id":"https:\/\/bebijn.be\/product\/sinaas-ananas\/#breadcrumb","itemListElement":[{"@type":"ListItem","position":1,"name":"Home","item":"https:\/\/bebijn.be\/"},{"@type":"ListItem","position":2,"name":"Winkel Bebijn","item":"https:\/\/bebijn.be\/winkel-bebijn\/"},{"@type":"ListItem","position":3,"name":"Mandarijn \u2022 Ananas"}]},{"@type":"WebSite","@id":"https:\/\/bebijn.be\/#website","url":"https:\/\/bebijn.be\/","name":"Bebijn | Sucreries artisanales personnalis\u00e9es","description":"confiserie et bonbons pour la gastronomie cadeau marketing","publisher":{"@id":"https:\/\/bebijn.be\/#organization"},"potentialAction":[{"@type":"SearchAction","target":{"@type":"EntryPoint","urlTemplate":"https:\/\/bebijn.be\/?s={search_term_string}"},"query-input":{"@type":"PropertyValueSpecification","valueRequired":true,"valueName":"search_term_string"}}],"inLanguage":"fr-BE"},{"@type":"Organization","@id":"https:\/\/bebijn.be\/#organization","name":"Bebijn","url":"https:\/\/bebijn.be\/","logo":{"@type":"ImageObject","inLanguage":"fr-BE","@id":"https:\/\/bebijn.be\/#\/schema\/logo\/image\/","url":"https:\/\/bebijn.be\/wp-content\/uploads\/2024\/12\/Bebijn-Logo-RGB-v1.png","contentUrl":"https:\/\/bebijn.be\/wp-content\/uploads\/2024\/12\/Bebijn-Logo-RGB-v1.png","width":800,"height":800,"caption":"Bebijn"},"image":{"@id":"https:\/\/bebijn.be\/#\/schema\/logo\/image\/"},"sameAs":["https:\/\/www.facebook.com\/bebijn\/","https:\/\/www.instagram.com\/bebijn.sweets\/"]}]},"product_price_amount":"33.00","product_price_currency":"EUR","og_availability":"out of stock","product_availability":"out of stock","product_retailer_item_id":"4394-1-1","product_condition":"new"},"_links":{"self":[{"href":"https:\/\/bebijn.be\/fr\/wp-json\/wp\/v2\/product\/19534","targetHints":{"allow":["GET"]}}],"collection":[{"href":"https:\/\/bebijn.be\/fr\/wp-json\/wp\/v2\/product"}],"about":[{"href":"https:\/\/bebijn.be\/fr\/wp-json\/wp\/v2\/types\/product"}],"version-history":[{"count":3,"href":"https:\/\/bebijn.be\/fr\/wp-json\/wp\/v2\/product\/19534\/revisions"}],"predecessor-version":[{"id":19550,"href":"https:\/\/bebijn.be\/fr\/wp-json\/wp\/v2\/product\/19534\/revisions\/19550"}],"wp:featuredmedia":[{"embeddable":true,"href":"https:\/\/bebijn.be\/fr\/wp-json\/wp\/v2\/media\/19541"}],"wp:attachment":[{"href":"https:\/\/bebijn.be\/fr\/wp-json\/wp\/v2\/media?parent=19534"}],"wp:term":[{"taxonomy":"product_brand","embeddable":true,"href":"https:\/\/bebijn.be\/fr\/wp-json\/wp\/v2\/product_brand?post=19534"},{"taxonomy":"product_cat","embeddable":true,"href":"https:\/\/bebijn.be\/fr\/wp-json\/wp\/v2\/product_cat?post=19534"},{"taxonomy":"product_tag","embeddable":true,"href":"https:\/\/bebijn.be\/fr\/wp-json\/wp\/v2\/product_tag?post=19534"}],"curies":[{"name":"wp","href":"https:\/\/api.w.org\/{rel}","templated":true}]}}