{"id":19536,"date":"2025-10-21T17:35:31","date_gmt":"2025-10-21T15:35:31","guid":{"rendered":"https:\/\/bebijn.be\/?post_type=product&#038;p=19536"},"modified":"2026-03-27T11:11:51","modified_gmt":"2026-03-27T09:11:51","slug":"pomme-grenade","status":"publish","type":"product","link":"https:\/\/bebijn.be\/fr\/product\/appel-granaatappel\/","title":{"rendered":"Pomme - Grenade"},"content":{"rendered":"<p data-start=\"0\" data-end=\"308\"><strong data-start=\"30\" data-end=\"74\">Bonbons Bevin \u00e0 la pomme et \u00e0 la grenade<\/strong> associe la douceur et la fra\u00eecheur de la pomme aux notes vives de la grenade. Le r\u00e9sultat est un \u00e9quilibre sophistiqu\u00e9 entre le familier et le surprenant - frais, \u00e9l\u00e9gant et fruit\u00e9 avec une profondeur subtile.<\/p>\n<p data-start=\"310\" data-end=\"433\">Id\u00e9al pour accompagner le caf\u00e9 comme mignardise, l'addition, une douceur \u00e0 d\u00e9guster ou \u00e0 offrir comme cadeau original.<\/p>\n<p data-start=\"435\" data-end=\"577\">Pour les amateurs de saveurs naturelles et fra\u00eeches, cette confiserie offre un m\u00e9lange harmonieux d'\u00e9clat juteux et de complexit\u00e9 raffin\u00e9e.<\/p>","protected":false},"excerpt":{"rendered":"<p data-start=\"0\" data-end=\"308\"><strong data-start=\"30\" data-end=\"74\">Bonbons Bevin \u00e0 la pomme et \u00e0 la grenade<\/strong> associe la douceur et la fra\u00eecheur de la pomme aux notes vives de la grenade. Le r\u00e9sultat est un \u00e9quilibre sophistiqu\u00e9 entre le familier et le surprenant - frais, \u00e9l\u00e9gant et fruit\u00e9 avec une profondeur subtile.<\/p>\n<p data-start=\"310\" data-end=\"433\">Id\u00e9al pour accompagner le caf\u00e9 comme mignardise, l'addition, une douceur \u00e0 d\u00e9guster ou \u00e0 offrir comme cadeau original.<\/p>\n<p data-start=\"435\" data-end=\"577\">Pour les amateurs de saveurs naturelles et fra\u00eeches, cette confiserie offre un m\u00e9lange harmonieux d'\u00e9clat juteux et de complexit\u00e9 raffin\u00e9e.<\/p>","protected":false},"featured_media":19551,"template":"","meta":[],"product_brand":[],"product_cat":[70],"product_tag":[],"class_list":{"0":"post-19536","1":"product","2":"type-product","3":"status-publish","4":"has-post-thumbnail","6":"product_cat-uit-bebijn-assortiment","8":"first","9":"outofstock","10":"taxable","11":"shipping-taxable","12":"purchasable","13":"product-type-simple"},"yoast_head":"<!-- This site is optimized with the Yoast SEO Premium plugin v24.2 (Yoast SEO v27.4) - https:\/\/yoast.com\/product\/yoast-seo-premium-wordpress\/ -->\n<title>Appel \u2022 Granaatappel - Artisanale snoep op maat | Bebijn<\/title>\n<meta name=\"description\" content=\"Bebijn snoepje met appel en granaatappel: fris, fruitig en elegant \u2014 zachte appel ontmoet sprankelende granaatappel. \ud83c\udf4f\ud83c\udf4e\ud83c\udf6c\" \/>\n<meta name=\"robots\" content=\"index, follow, max-snippet:-1, max-image-preview:large, max-video-preview:-1\" \/>\n<link rel=\"canonical\" href=\"https:\/\/bebijn.be\/fr\/produit\/pomme-grenade\/\" \/>\n<script type=\"application\/ld+json\" class=\"yoast-schema-graph\">{\"@context\":\"https:\\\/\\\/schema.org\",\"@graph\":[{\"@type\":\"WebPage\",\"@id\":\"https:\\\/\\\/bebijn.be\\\/product\\\/appel-granaatappel\\\/\",\"url\":\"https:\\\/\\\/bebijn.be\\\/product\\\/appel-granaatappel\\\/\",\"name\":\"Appel \u2022 Granaatappel - Artisanale snoep op maat | Bebijn\",\"isPartOf\":{\"@id\":\"https:\\\/\\\/bebijn.be\\\/#website\"},\"primaryImageOfPage\":{\"@id\":\"https:\\\/\\\/bebijn.be\\\/product\\\/appel-granaatappel\\\/#primaryimage\"},\"image\":{\"@id\":\"https:\\\/\\\/bebijn.be\\\/product\\\/appel-granaatappel\\\/#primaryimage\"},\"thumbnailUrl\":\"https:\\\/\\\/bebijn.be\\\/wp-content\\\/uploads\\\/2025\\\/10\\\/029-lichtgroen-lichtrood-bebijn-friandise.jpg\",\"datePublished\":\"2025-10-21T15:35:31+00:00\",\"dateModified\":\"2026-03-27T09:11:51+00:00\",\"description\":\"Bebijn snoepje met appel en granaatappel: fris, fruitig en elegant \u2014 zachte appel ontmoet sprankelende granaatappel. \ud83c\udf4f\ud83c\udf4e\ud83c\udf6c\",\"breadcrumb\":{\"@id\":\"https:\\\/\\\/bebijn.be\\\/product\\\/appel-granaatappel\\\/#breadcrumb\"},\"inLanguage\":\"fr-BE\",\"potentialAction\":[{\"@type\":\"ReadAction\",\"target\":[\"https:\\\/\\\/bebijn.be\\\/product\\\/appel-granaatappel\\\/\"]}]},{\"@type\":\"ImageObject\",\"inLanguage\":\"fr-BE\",\"@id\":\"https:\\\/\\\/bebijn.be\\\/product\\\/appel-granaatappel\\\/#primaryimage\",\"url\":\"https:\\\/\\\/bebijn.be\\\/wp-content\\\/uploads\\\/2025\\\/10\\\/029-lichtgroen-lichtrood-bebijn-friandise.jpg\",\"contentUrl\":\"https:\\\/\\\/bebijn.be\\\/wp-content\\\/uploads\\\/2025\\\/10\\\/029-lichtgroen-lichtrood-bebijn-friandise.jpg\",\"width\":800,\"height\":800},{\"@type\":\"BreadcrumbList\",\"@id\":\"https:\\\/\\\/bebijn.be\\\/product\\\/appel-granaatappel\\\/#breadcrumb\",\"itemListElement\":[{\"@type\":\"ListItem\",\"position\":1,\"name\":\"Home\",\"item\":\"https:\\\/\\\/bebijn.be\\\/\"},{\"@type\":\"ListItem\",\"position\":2,\"name\":\"Winkel Bebijn\",\"item\":\"https:\\\/\\\/bebijn.be\\\/winkel-bebijn\\\/\"},{\"@type\":\"ListItem\",\"position\":3,\"name\":\"Appel \u2022 Granaatappel\"}]},{\"@type\":\"WebSite\",\"@id\":\"https:\\\/\\\/bebijn.be\\\/#website\",\"url\":\"https:\\\/\\\/bebijn.be\\\/\",\"name\":\"Bebijn | Artisanale snoep op maat\",\"description\":\"confiserie en snoep voor gastronomie marketing geschenk\",\"publisher\":{\"@id\":\"https:\\\/\\\/bebijn.be\\\/#organization\"},\"potentialAction\":[{\"@type\":\"SearchAction\",\"target\":{\"@type\":\"EntryPoint\",\"urlTemplate\":\"https:\\\/\\\/bebijn.be\\\/?s={search_term_string}\"},\"query-input\":{\"@type\":\"PropertyValueSpecification\",\"valueRequired\":true,\"valueName\":\"search_term_string\"}}],\"inLanguage\":\"fr-BE\"},{\"@type\":\"Organization\",\"@id\":\"https:\\\/\\\/bebijn.be\\\/#organization\",\"name\":\"Bebijn\",\"url\":\"https:\\\/\\\/bebijn.be\\\/\",\"logo\":{\"@type\":\"ImageObject\",\"inLanguage\":\"fr-BE\",\"@id\":\"https:\\\/\\\/bebijn.be\\\/#\\\/schema\\\/logo\\\/image\\\/\",\"url\":\"https:\\\/\\\/bebijn.be\\\/wp-content\\\/uploads\\\/2024\\\/12\\\/Bebijn-Logo-RGB-v1.png\",\"contentUrl\":\"https:\\\/\\\/bebijn.be\\\/wp-content\\\/uploads\\\/2024\\\/12\\\/Bebijn-Logo-RGB-v1.png\",\"width\":800,\"height\":800,\"caption\":\"Bebijn\"},\"image\":{\"@id\":\"https:\\\/\\\/bebijn.be\\\/#\\\/schema\\\/logo\\\/image\\\/\"},\"sameAs\":[\"https:\\\/\\\/www.facebook.com\\\/bebijn\\\/\",\"https:\\\/\\\/www.instagram.com\\\/bebijn.sweets\\\/\"]}]}<\/script>\n<meta property=\"product:price:amount\" content=\"33.00\" \/>\n<meta property=\"product:price:currency\" content=\"EUR\" \/>\n<meta property=\"og:availability\" content=\"out of stock\" \/>\n<meta property=\"product:availability\" content=\"out of stock\" \/>\n<meta property=\"product:retailer_item_id\" content=\"5278-1\" \/>\n<meta property=\"product:condition\" content=\"new\" \/>\n<!-- \/ Yoast SEO Premium plugin. -->","yoast_head_json":{"title":"Pomme - Grenade - Bonbons artisanaux personnalis\u00e9s | Bebijn","description":"Bonbons Bebi \u00e0 la pomme et \u00e0 la grenade : frais, fruit\u00e9s et \u00e9l\u00e9gants - la pomme douce rencontre la grenade p\u00e9tillante. \ud83c\udf4f\ud83c\udf4e\ud83c\udf6c","robots":{"index":"index","follow":"follow","max-snippet":"max-snippet:-1","max-image-preview":"max-image-preview:large","max-video-preview":"max-video-preview:-1"},"canonical":"https:\/\/bebijn.be\/fr\/produit\/pomme-grenade\/","schema":{"@context":"https:\/\/schema.org","@graph":[{"@type":"WebPage","@id":"https:\/\/bebijn.be\/product\/appel-granaatappel\/","url":"https:\/\/bebijn.be\/product\/appel-granaatappel\/","name":"Pomme - Grenade - Bonbons artisanaux personnalis\u00e9s | Bebijn","isPartOf":{"@id":"https:\/\/bebijn.be\/#website"},"primaryImageOfPage":{"@id":"https:\/\/bebijn.be\/product\/appel-granaatappel\/#primaryimage"},"image":{"@id":"https:\/\/bebijn.be\/product\/appel-granaatappel\/#primaryimage"},"thumbnailUrl":"https:\/\/bebijn.be\/wp-content\/uploads\/2025\/10\/029-lichtgroen-lichtrood-bebijn-friandise.jpg","datePublished":"2025-10-21T15:35:31+00:00","dateModified":"2026-03-27T09:11:51+00:00","description":"Bonbons Bebi \u00e0 la pomme et \u00e0 la grenade : frais, fruit\u00e9s et \u00e9l\u00e9gants - la pomme douce rencontre la grenade p\u00e9tillante. \ud83c\udf4f\ud83c\udf4e\ud83c\udf6c","breadcrumb":{"@id":"https:\/\/bebijn.be\/product\/appel-granaatappel\/#breadcrumb"},"inLanguage":"fr-BE","potentialAction":[{"@type":"ReadAction","target":["https:\/\/bebijn.be\/product\/appel-granaatappel\/"]}]},{"@type":"ImageObject","inLanguage":"fr-BE","@id":"https:\/\/bebijn.be\/product\/appel-granaatappel\/#primaryimage","url":"https:\/\/bebijn.be\/wp-content\/uploads\/2025\/10\/029-lichtgroen-lichtrood-bebijn-friandise.jpg","contentUrl":"https:\/\/bebijn.be\/wp-content\/uploads\/2025\/10\/029-lichtgroen-lichtrood-bebijn-friandise.jpg","width":800,"height":800},{"@type":"BreadcrumbList","@id":"https:\/\/bebijn.be\/product\/appel-granaatappel\/#breadcrumb","itemListElement":[{"@type":"ListItem","position":1,"name":"Home","item":"https:\/\/bebijn.be\/"},{"@type":"ListItem","position":2,"name":"Winkel Bebijn","item":"https:\/\/bebijn.be\/winkel-bebijn\/"},{"@type":"ListItem","position":3,"name":"Appel \u2022 Granaatappel"}]},{"@type":"WebSite","@id":"https:\/\/bebijn.be\/#website","url":"https:\/\/bebijn.be\/","name":"Bebijn | Sucreries artisanales personnalis\u00e9es","description":"confiserie et bonbons pour la gastronomie cadeau marketing","publisher":{"@id":"https:\/\/bebijn.be\/#organization"},"potentialAction":[{"@type":"SearchAction","target":{"@type":"EntryPoint","urlTemplate":"https:\/\/bebijn.be\/?s={search_term_string}"},"query-input":{"@type":"PropertyValueSpecification","valueRequired":true,"valueName":"search_term_string"}}],"inLanguage":"fr-BE"},{"@type":"Organization","@id":"https:\/\/bebijn.be\/#organization","name":"Bebijn","url":"https:\/\/bebijn.be\/","logo":{"@type":"ImageObject","inLanguage":"fr-BE","@id":"https:\/\/bebijn.be\/#\/schema\/logo\/image\/","url":"https:\/\/bebijn.be\/wp-content\/uploads\/2024\/12\/Bebijn-Logo-RGB-v1.png","contentUrl":"https:\/\/bebijn.be\/wp-content\/uploads\/2024\/12\/Bebijn-Logo-RGB-v1.png","width":800,"height":800,"caption":"Bebijn"},"image":{"@id":"https:\/\/bebijn.be\/#\/schema\/logo\/image\/"},"sameAs":["https:\/\/www.facebook.com\/bebijn\/","https:\/\/www.instagram.com\/bebijn.sweets\/"]}]},"product_price_amount":"33.00","product_price_currency":"EUR","og_availability":"out of stock","product_availability":"out of stock","product_retailer_item_id":"5278-1","product_condition":"new"},"_links":{"self":[{"href":"https:\/\/bebijn.be\/fr\/wp-json\/wp\/v2\/product\/19536","targetHints":{"allow":["GET"]}}],"collection":[{"href":"https:\/\/bebijn.be\/fr\/wp-json\/wp\/v2\/product"}],"about":[{"href":"https:\/\/bebijn.be\/fr\/wp-json\/wp\/v2\/types\/product"}],"version-history":[{"count":2,"href":"https:\/\/bebijn.be\/fr\/wp-json\/wp\/v2\/product\/19536\/revisions"}],"predecessor-version":[{"id":19552,"href":"https:\/\/bebijn.be\/fr\/wp-json\/wp\/v2\/product\/19536\/revisions\/19552"}],"wp:featuredmedia":[{"embeddable":true,"href":"https:\/\/bebijn.be\/fr\/wp-json\/wp\/v2\/media\/19551"}],"wp:attachment":[{"href":"https:\/\/bebijn.be\/fr\/wp-json\/wp\/v2\/media?parent=19536"}],"wp:term":[{"taxonomy":"product_brand","embeddable":true,"href":"https:\/\/bebijn.be\/fr\/wp-json\/wp\/v2\/product_brand?post=19536"},{"taxonomy":"product_cat","embeddable":true,"href":"https:\/\/bebijn.be\/fr\/wp-json\/wp\/v2\/product_cat?post=19536"},{"taxonomy":"product_tag","embeddable":true,"href":"https:\/\/bebijn.be\/fr\/wp-json\/wp\/v2\/product_tag?post=19536"}],"curies":[{"name":"wp","href":"https:\/\/api.w.org\/{rel}","templated":true}]}}