{"id":19545,"date":"2025-10-21T18:08:53","date_gmt":"2025-10-21T16:08:53","guid":{"rendered":"https:\/\/bebijn.be\/?post_type=product&#038;p=19545"},"modified":"2026-03-27T11:11:51","modified_gmt":"2026-03-27T09:11:51","slug":"coing-orange","status":"publish","type":"product","link":"https:\/\/bebijn.be\/fr\/product\/kweepeer-sinaasappel\/","title":{"rendered":"Coing - Orange"},"content":{"rendered":"<p data-start=\"0\" data-end=\"436\"><strong data-start=\"30\" data-end=\"80\">Douceur artisanale au coing et \u00e0 l'orange<\/strong> est une fusion sophistiqu\u00e9e de coings chauds et mielleux et d'agrumes p\u00e9tillants. Le coing apporte une douceur aromatique, tandis que l'orange donne de l'\u00e9clat et une fra\u00eecheur fruit\u00e9e. L'ensemble cr\u00e9e un profil de saveur complexe mais accessible : doux, l\u00e9g\u00e8rement aromatique et \u00e9tonnamment \u00e9quilibr\u00e9.<\/p>\n<p data-start=\"438\" data-end=\"559\">Id\u00e9al pour accompagner le caf\u00e9 comme mignardise, l'addition, une douceur \u00e0 d\u00e9guster ou \u00e0 offrir comme cadeau original.<\/p>\n<p data-start=\"561\" data-end=\"714\">Pour les amateurs de saveurs fruit\u00e9es et raffin\u00e9es, ce bonbon est un choix \u00e9l\u00e9gant : un caract\u00e8re chaleureux, avec une finale fra\u00eeche qui dure longtemps.<\/p>","protected":false},"excerpt":{"rendered":"<p data-start=\"0\" data-end=\"436\"><strong data-start=\"30\" data-end=\"80\">Douceur artisanale au coing et \u00e0 l'orange<\/strong> est une fusion sophistiqu\u00e9e de coings chauds et mielleux et d'agrumes p\u00e9tillants. Le coing apporte une douceur aromatique, tandis que l'orange donne de l'\u00e9clat et une fra\u00eecheur fruit\u00e9e. L'ensemble cr\u00e9e un profil de saveur complexe mais accessible : doux, l\u00e9g\u00e8rement aromatique et \u00e9tonnamment \u00e9quilibr\u00e9.<\/p>\n<p data-start=\"438\" data-end=\"559\">Id\u00e9al pour accompagner le caf\u00e9 comme mignardise, l'addition, une douceur \u00e0 d\u00e9guster ou \u00e0 offrir comme cadeau original.<\/p>\n<p data-start=\"561\" data-end=\"714\">Pour les amateurs de saveurs fruit\u00e9es et raffin\u00e9es, ce bonbon est un choix \u00e9l\u00e9gant : un caract\u00e8re chaleureux, avec une finale fra\u00eeche qui dure longtemps.<\/p>","protected":false},"featured_media":19540,"template":"","meta":[],"product_brand":[],"product_cat":[70],"product_tag":[],"class_list":{"0":"post-19545","1":"product","2":"type-product","3":"status-publish","4":"has-post-thumbnail","6":"product_cat-uit-bebijn-assortiment","8":"first","9":"outofstock","10":"taxable","11":"shipping-taxable","12":"purchasable","13":"product-type-simple"},"yoast_head":"<!-- This site is optimized with the Yoast SEO Premium plugin v24.2 (Yoast SEO v27.4) - https:\/\/yoast.com\/product\/yoast-seo-premium-wordpress\/ -->\n<title>Kweepeer \u2022 Sinaasappel - Artisanale snoep op maat | Bebijn<\/title>\n<meta name=\"description\" content=\"Artisanaal snoepje met kweepeer en sinaasappel: honingzoete kweepeer ontmoet sprankelende sinaasappel \u2014 warm, verfijnd en vol karakter. \ud83c\udf50\ud83c\udf4a\ud83c\udf6c\" \/>\n<meta name=\"robots\" content=\"index, follow, max-snippet:-1, max-image-preview:large, max-video-preview:-1\" \/>\n<link rel=\"canonical\" href=\"https:\/\/bebijn.be\/fr\/produit\/coing-orange\/\" \/>\n<script type=\"application\/ld+json\" class=\"yoast-schema-graph\">{\"@context\":\"https:\\\/\\\/schema.org\",\"@graph\":[{\"@type\":\"WebPage\",\"@id\":\"https:\\\/\\\/bebijn.be\\\/product\\\/kweepeer-sinaasappel\\\/\",\"url\":\"https:\\\/\\\/bebijn.be\\\/product\\\/kweepeer-sinaasappel\\\/\",\"name\":\"Kweepeer \u2022 Sinaasappel - Artisanale snoep op maat | Bebijn\",\"isPartOf\":{\"@id\":\"https:\\\/\\\/bebijn.be\\\/#website\"},\"primaryImageOfPage\":{\"@id\":\"https:\\\/\\\/bebijn.be\\\/product\\\/kweepeer-sinaasappel\\\/#primaryimage\"},\"image\":{\"@id\":\"https:\\\/\\\/bebijn.be\\\/product\\\/kweepeer-sinaasappel\\\/#primaryimage\"},\"thumbnailUrl\":\"https:\\\/\\\/bebijn.be\\\/wp-content\\\/uploads\\\/2025\\\/10\\\/021-oranje-kleurloos-bebijn-friandise.jpg\",\"datePublished\":\"2025-10-21T16:08:53+00:00\",\"dateModified\":\"2026-03-27T09:11:51+00:00\",\"description\":\"Artisanaal snoepje met kweepeer en sinaasappel: honingzoete kweepeer ontmoet sprankelende sinaasappel \u2014 warm, verfijnd en vol karakter. \ud83c\udf50\ud83c\udf4a\ud83c\udf6c\",\"breadcrumb\":{\"@id\":\"https:\\\/\\\/bebijn.be\\\/product\\\/kweepeer-sinaasappel\\\/#breadcrumb\"},\"inLanguage\":\"fr-BE\",\"potentialAction\":[{\"@type\":\"ReadAction\",\"target\":[\"https:\\\/\\\/bebijn.be\\\/product\\\/kweepeer-sinaasappel\\\/\"]}]},{\"@type\":\"ImageObject\",\"inLanguage\":\"fr-BE\",\"@id\":\"https:\\\/\\\/bebijn.be\\\/product\\\/kweepeer-sinaasappel\\\/#primaryimage\",\"url\":\"https:\\\/\\\/bebijn.be\\\/wp-content\\\/uploads\\\/2025\\\/10\\\/021-oranje-kleurloos-bebijn-friandise.jpg\",\"contentUrl\":\"https:\\\/\\\/bebijn.be\\\/wp-content\\\/uploads\\\/2025\\\/10\\\/021-oranje-kleurloos-bebijn-friandise.jpg\",\"width\":800,\"height\":800},{\"@type\":\"BreadcrumbList\",\"@id\":\"https:\\\/\\\/bebijn.be\\\/product\\\/kweepeer-sinaasappel\\\/#breadcrumb\",\"itemListElement\":[{\"@type\":\"ListItem\",\"position\":1,\"name\":\"Home\",\"item\":\"https:\\\/\\\/bebijn.be\\\/\"},{\"@type\":\"ListItem\",\"position\":2,\"name\":\"Winkel Bebijn\",\"item\":\"https:\\\/\\\/bebijn.be\\\/winkel-bebijn\\\/\"},{\"@type\":\"ListItem\",\"position\":3,\"name\":\"Kweepeer \u2022 Sinaasappel\"}]},{\"@type\":\"WebSite\",\"@id\":\"https:\\\/\\\/bebijn.be\\\/#website\",\"url\":\"https:\\\/\\\/bebijn.be\\\/\",\"name\":\"Bebijn | Artisanale snoep op maat\",\"description\":\"confiserie en snoep voor gastronomie marketing geschenk\",\"publisher\":{\"@id\":\"https:\\\/\\\/bebijn.be\\\/#organization\"},\"potentialAction\":[{\"@type\":\"SearchAction\",\"target\":{\"@type\":\"EntryPoint\",\"urlTemplate\":\"https:\\\/\\\/bebijn.be\\\/?s={search_term_string}\"},\"query-input\":{\"@type\":\"PropertyValueSpecification\",\"valueRequired\":true,\"valueName\":\"search_term_string\"}}],\"inLanguage\":\"fr-BE\"},{\"@type\":\"Organization\",\"@id\":\"https:\\\/\\\/bebijn.be\\\/#organization\",\"name\":\"Bebijn\",\"url\":\"https:\\\/\\\/bebijn.be\\\/\",\"logo\":{\"@type\":\"ImageObject\",\"inLanguage\":\"fr-BE\",\"@id\":\"https:\\\/\\\/bebijn.be\\\/#\\\/schema\\\/logo\\\/image\\\/\",\"url\":\"https:\\\/\\\/bebijn.be\\\/wp-content\\\/uploads\\\/2024\\\/12\\\/Bebijn-Logo-RGB-v1.png\",\"contentUrl\":\"https:\\\/\\\/bebijn.be\\\/wp-content\\\/uploads\\\/2024\\\/12\\\/Bebijn-Logo-RGB-v1.png\",\"width\":800,\"height\":800,\"caption\":\"Bebijn\"},\"image\":{\"@id\":\"https:\\\/\\\/bebijn.be\\\/#\\\/schema\\\/logo\\\/image\\\/\"},\"sameAs\":[\"https:\\\/\\\/www.facebook.com\\\/bebijn\\\/\",\"https:\\\/\\\/www.instagram.com\\\/bebijn.sweets\\\/\"]}]}<\/script>\n<meta property=\"product:price:amount\" content=\"33.00\" \/>\n<meta property=\"product:price:currency\" content=\"EUR\" \/>\n<meta property=\"og:availability\" content=\"out of stock\" \/>\n<meta property=\"product:availability\" content=\"out of stock\" \/>\n<meta property=\"product:retailer_item_id\" content=\"5085-1-2\" \/>\n<meta property=\"product:condition\" content=\"new\" \/>\n<!-- \/ Yoast SEO Premium plugin. -->","yoast_head_json":{"title":"Coing - Orange - Confiseries artisanales faites sur commande | Bebijn","description":"Bonbon artisanal au coing et \u00e0 l'orange : le coing miell\u00e9 rencontre l'orange p\u00e9tillante - chaleureux, raffin\u00e9 et plein de caract\u00e8re. \ud83c\udf50\ud83c\udf4a\ud83c\udf6c","robots":{"index":"index","follow":"follow","max-snippet":"max-snippet:-1","max-image-preview":"max-image-preview:large","max-video-preview":"max-video-preview:-1"},"canonical":"https:\/\/bebijn.be\/fr\/produit\/coing-orange\/","schema":{"@context":"https:\/\/schema.org","@graph":[{"@type":"WebPage","@id":"https:\/\/bebijn.be\/product\/kweepeer-sinaasappel\/","url":"https:\/\/bebijn.be\/product\/kweepeer-sinaasappel\/","name":"Coing - Orange - Confiseries artisanales faites sur commande | Bebijn","isPartOf":{"@id":"https:\/\/bebijn.be\/#website"},"primaryImageOfPage":{"@id":"https:\/\/bebijn.be\/product\/kweepeer-sinaasappel\/#primaryimage"},"image":{"@id":"https:\/\/bebijn.be\/product\/kweepeer-sinaasappel\/#primaryimage"},"thumbnailUrl":"https:\/\/bebijn.be\/wp-content\/uploads\/2025\/10\/021-oranje-kleurloos-bebijn-friandise.jpg","datePublished":"2025-10-21T16:08:53+00:00","dateModified":"2026-03-27T09:11:51+00:00","description":"Bonbon artisanal au coing et \u00e0 l'orange : le coing miell\u00e9 rencontre l'orange p\u00e9tillante - chaleureux, raffin\u00e9 et plein de caract\u00e8re. \ud83c\udf50\ud83c\udf4a\ud83c\udf6c","breadcrumb":{"@id":"https:\/\/bebijn.be\/product\/kweepeer-sinaasappel\/#breadcrumb"},"inLanguage":"fr-BE","potentialAction":[{"@type":"ReadAction","target":["https:\/\/bebijn.be\/product\/kweepeer-sinaasappel\/"]}]},{"@type":"ImageObject","inLanguage":"fr-BE","@id":"https:\/\/bebijn.be\/product\/kweepeer-sinaasappel\/#primaryimage","url":"https:\/\/bebijn.be\/wp-content\/uploads\/2025\/10\/021-oranje-kleurloos-bebijn-friandise.jpg","contentUrl":"https:\/\/bebijn.be\/wp-content\/uploads\/2025\/10\/021-oranje-kleurloos-bebijn-friandise.jpg","width":800,"height":800},{"@type":"BreadcrumbList","@id":"https:\/\/bebijn.be\/product\/kweepeer-sinaasappel\/#breadcrumb","itemListElement":[{"@type":"ListItem","position":1,"name":"Home","item":"https:\/\/bebijn.be\/"},{"@type":"ListItem","position":2,"name":"Winkel Bebijn","item":"https:\/\/bebijn.be\/winkel-bebijn\/"},{"@type":"ListItem","position":3,"name":"Kweepeer \u2022 Sinaasappel"}]},{"@type":"WebSite","@id":"https:\/\/bebijn.be\/#website","url":"https:\/\/bebijn.be\/","name":"Bebijn | Sucreries artisanales personnalis\u00e9es","description":"confiserie et bonbons pour la gastronomie cadeau marketing","publisher":{"@id":"https:\/\/bebijn.be\/#organization"},"potentialAction":[{"@type":"SearchAction","target":{"@type":"EntryPoint","urlTemplate":"https:\/\/bebijn.be\/?s={search_term_string}"},"query-input":{"@type":"PropertyValueSpecification","valueRequired":true,"valueName":"search_term_string"}}],"inLanguage":"fr-BE"},{"@type":"Organization","@id":"https:\/\/bebijn.be\/#organization","name":"Bebijn","url":"https:\/\/bebijn.be\/","logo":{"@type":"ImageObject","inLanguage":"fr-BE","@id":"https:\/\/bebijn.be\/#\/schema\/logo\/image\/","url":"https:\/\/bebijn.be\/wp-content\/uploads\/2024\/12\/Bebijn-Logo-RGB-v1.png","contentUrl":"https:\/\/bebijn.be\/wp-content\/uploads\/2024\/12\/Bebijn-Logo-RGB-v1.png","width":800,"height":800,"caption":"Bebijn"},"image":{"@id":"https:\/\/bebijn.be\/#\/schema\/logo\/image\/"},"sameAs":["https:\/\/www.facebook.com\/bebijn\/","https:\/\/www.instagram.com\/bebijn.sweets\/"]}]},"product_price_amount":"33.00","product_price_currency":"EUR","og_availability":"out of stock","product_availability":"out of stock","product_retailer_item_id":"5085-1-2","product_condition":"new"},"_links":{"self":[{"href":"https:\/\/bebijn.be\/fr\/wp-json\/wp\/v2\/product\/19545","targetHints":{"allow":["GET"]}}],"collection":[{"href":"https:\/\/bebijn.be\/fr\/wp-json\/wp\/v2\/product"}],"about":[{"href":"https:\/\/bebijn.be\/fr\/wp-json\/wp\/v2\/types\/product"}],"version-history":[{"count":1,"href":"https:\/\/bebijn.be\/fr\/wp-json\/wp\/v2\/product\/19545\/revisions"}],"predecessor-version":[{"id":19546,"href":"https:\/\/bebijn.be\/fr\/wp-json\/wp\/v2\/product\/19545\/revisions\/19546"}],"wp:featuredmedia":[{"embeddable":true,"href":"https:\/\/bebijn.be\/fr\/wp-json\/wp\/v2\/media\/19540"}],"wp:attachment":[{"href":"https:\/\/bebijn.be\/fr\/wp-json\/wp\/v2\/media?parent=19545"}],"wp:term":[{"taxonomy":"product_brand","embeddable":true,"href":"https:\/\/bebijn.be\/fr\/wp-json\/wp\/v2\/product_brand?post=19545"},{"taxonomy":"product_cat","embeddable":true,"href":"https:\/\/bebijn.be\/fr\/wp-json\/wp\/v2\/product_cat?post=19545"},{"taxonomy":"product_tag","embeddable":true,"href":"https:\/\/bebijn.be\/fr\/wp-json\/wp\/v2\/product_tag?post=19545"}],"curies":[{"name":"wp","href":"https:\/\/api.w.org\/{rel}","templated":true}]}}