{"id":19553,"date":"2025-10-29T18:19:00","date_gmt":"2025-10-29T16:19:00","guid":{"rendered":"https:\/\/bebijn.be\/?post_type=product&#038;p=19553"},"modified":"2026-03-27T11:11:51","modified_gmt":"2026-03-27T09:11:51","slug":"hibiscus-citronne","status":"publish","type":"product","link":"https:\/\/bebijn.be\/fr\/product\/citroen-hibiscus\/","title":{"rendered":"Citron - Hibiscus"},"content":{"rendered":"<p data-start=\"0\" data-end=\"363\"><strong data-start=\"30\" data-end=\"72\">Bonbons Bebi \u00e0 l'hibiscus et au citron<\/strong> est une fusion sophistiqu\u00e9e de fra\u00eecheur florale et d'agrumes p\u00e9tillants. L'hibiscus donne un ar\u00f4me l\u00e9g\u00e8rement acidul\u00e9, semblable \u00e0 celui de la rose, qui contraste \u00e9l\u00e9gamment avec les notes d\u00e9licatement acides du citron. L'ensemble cr\u00e9e une confiserie rafra\u00eechissante et l\u00e9g\u00e8rement aromatique, d'une profondeur subtile.<\/p>\n<p data-start=\"365\" data-end=\"488\">Id\u00e9al pour accompagner le caf\u00e9 comme mignardise, l'addition, une douceur \u00e0 d\u00e9guster ou \u00e0 offrir comme cadeau original.<\/p>\n<p data-start=\"490\" data-end=\"614\">Pour les amateurs de saveurs sophistiqu\u00e9es et fra\u00eeches, ce bonbon est un choix parfait : vif, d\u00e9licat et rafra\u00eechissant en permanence.<\/p>","protected":false},"excerpt":{"rendered":"<p data-start=\"0\" data-end=\"363\"><strong data-start=\"30\" data-end=\"72\">Bonbons Bebi \u00e0 l'hibiscus et au citron<\/strong> est une fusion sophistiqu\u00e9e de fra\u00eecheur florale et d'agrumes p\u00e9tillants. L'hibiscus donne un ar\u00f4me l\u00e9g\u00e8rement acidul\u00e9, semblable \u00e0 celui de la rose, qui contraste \u00e9l\u00e9gamment avec les notes d\u00e9licatement acides du citron. L'ensemble cr\u00e9e une confiserie rafra\u00eechissante et l\u00e9g\u00e8rement aromatique, d'une profondeur subtile.<\/p>\n<p data-start=\"365\" data-end=\"488\">Id\u00e9al pour accompagner le caf\u00e9 comme mignardise, l'addition, une douceur \u00e0 d\u00e9guster ou \u00e0 offrir comme cadeau original.<\/p>\n<p data-start=\"490\" data-end=\"614\">Pour les amateurs de saveurs sophistiqu\u00e9es et fra\u00eeches, ce bonbon est un choix parfait : vif, d\u00e9licat et rafra\u00eechissant en permanence.<\/p>","protected":false},"featured_media":17023,"template":"","meta":[],"product_brand":[],"product_cat":[70],"product_tag":[],"class_list":{"0":"post-19553","1":"product","2":"type-product","3":"status-publish","4":"has-post-thumbnail","6":"product_cat-uit-bebijn-assortiment","8":"first","9":"outofstock","10":"taxable","11":"shipping-taxable","12":"purchasable","13":"product-type-simple"},"yoast_head":"<!-- This site is optimized with the Yoast SEO Premium plugin v24.2 (Yoast SEO v27.4) - https:\/\/yoast.com\/product\/yoast-seo-premium-wordpress\/ -->\n<title>Citroen \u2022 Hibiscus - Artisanale snoep op maat | Bebijn<\/title>\n<meta name=\"description\" content=\"Bebijn snoepje met hibiscus en citroen: bloemig en licht zuur ontmoeten elkaar \u2014 fris, elegant en verkwikkend. \ud83c\udf3a\ud83c\udf4b\ud83c\udf6c\" \/>\n<meta name=\"robots\" content=\"index, follow, max-snippet:-1, max-image-preview:large, max-video-preview:-1\" \/>\n<link rel=\"canonical\" href=\"https:\/\/bebijn.be\/fr\/produit\/hibiscus-citronne\/\" \/>\n<script type=\"application\/ld+json\" class=\"yoast-schema-graph\">{\"@context\":\"https:\\\/\\\/schema.org\",\"@graph\":[{\"@type\":\"WebPage\",\"@id\":\"https:\\\/\\\/bebijn.be\\\/product\\\/citroen-hibiscus\\\/\",\"url\":\"https:\\\/\\\/bebijn.be\\\/product\\\/citroen-hibiscus\\\/\",\"name\":\"Citroen \u2022 Hibiscus - Artisanale snoep op maat | Bebijn\",\"isPartOf\":{\"@id\":\"https:\\\/\\\/bebijn.be\\\/#website\"},\"primaryImageOfPage\":{\"@id\":\"https:\\\/\\\/bebijn.be\\\/product\\\/citroen-hibiscus\\\/#primaryimage\"},\"image\":{\"@id\":\"https:\\\/\\\/bebijn.be\\\/product\\\/citroen-hibiscus\\\/#primaryimage\"},\"thumbnailUrl\":\"https:\\\/\\\/bebijn.be\\\/wp-content\\\/uploads\\\/2025\\\/01\\\/MM2x2-rood.jpg\",\"datePublished\":\"2025-10-29T16:19:00+00:00\",\"dateModified\":\"2026-03-27T09:11:51+00:00\",\"description\":\"Bebijn snoepje met hibiscus en citroen: bloemig en licht zuur ontmoeten elkaar \u2014 fris, elegant en verkwikkend. \ud83c\udf3a\ud83c\udf4b\ud83c\udf6c\",\"breadcrumb\":{\"@id\":\"https:\\\/\\\/bebijn.be\\\/product\\\/citroen-hibiscus\\\/#breadcrumb\"},\"inLanguage\":\"fr-BE\",\"potentialAction\":[{\"@type\":\"ReadAction\",\"target\":[\"https:\\\/\\\/bebijn.be\\\/product\\\/citroen-hibiscus\\\/\"]}]},{\"@type\":\"ImageObject\",\"inLanguage\":\"fr-BE\",\"@id\":\"https:\\\/\\\/bebijn.be\\\/product\\\/citroen-hibiscus\\\/#primaryimage\",\"url\":\"https:\\\/\\\/bebijn.be\\\/wp-content\\\/uploads\\\/2025\\\/01\\\/MM2x2-rood.jpg\",\"contentUrl\":\"https:\\\/\\\/bebijn.be\\\/wp-content\\\/uploads\\\/2025\\\/01\\\/MM2x2-rood.jpg\",\"width\":800,\"height\":800},{\"@type\":\"BreadcrumbList\",\"@id\":\"https:\\\/\\\/bebijn.be\\\/product\\\/citroen-hibiscus\\\/#breadcrumb\",\"itemListElement\":[{\"@type\":\"ListItem\",\"position\":1,\"name\":\"Home\",\"item\":\"https:\\\/\\\/bebijn.be\\\/\"},{\"@type\":\"ListItem\",\"position\":2,\"name\":\"Winkel Bebijn\",\"item\":\"https:\\\/\\\/bebijn.be\\\/winkel-bebijn\\\/\"},{\"@type\":\"ListItem\",\"position\":3,\"name\":\"Citroen \u2022 Hibiscus\"}]},{\"@type\":\"WebSite\",\"@id\":\"https:\\\/\\\/bebijn.be\\\/#website\",\"url\":\"https:\\\/\\\/bebijn.be\\\/\",\"name\":\"Bebijn | Artisanale snoep op maat\",\"description\":\"confiserie en snoep voor gastronomie marketing geschenk\",\"publisher\":{\"@id\":\"https:\\\/\\\/bebijn.be\\\/#organization\"},\"potentialAction\":[{\"@type\":\"SearchAction\",\"target\":{\"@type\":\"EntryPoint\",\"urlTemplate\":\"https:\\\/\\\/bebijn.be\\\/?s={search_term_string}\"},\"query-input\":{\"@type\":\"PropertyValueSpecification\",\"valueRequired\":true,\"valueName\":\"search_term_string\"}}],\"inLanguage\":\"fr-BE\"},{\"@type\":\"Organization\",\"@id\":\"https:\\\/\\\/bebijn.be\\\/#organization\",\"name\":\"Bebijn\",\"url\":\"https:\\\/\\\/bebijn.be\\\/\",\"logo\":{\"@type\":\"ImageObject\",\"inLanguage\":\"fr-BE\",\"@id\":\"https:\\\/\\\/bebijn.be\\\/#\\\/schema\\\/logo\\\/image\\\/\",\"url\":\"https:\\\/\\\/bebijn.be\\\/wp-content\\\/uploads\\\/2024\\\/12\\\/Bebijn-Logo-RGB-v1.png\",\"contentUrl\":\"https:\\\/\\\/bebijn.be\\\/wp-content\\\/uploads\\\/2024\\\/12\\\/Bebijn-Logo-RGB-v1.png\",\"width\":800,\"height\":800,\"caption\":\"Bebijn\"},\"image\":{\"@id\":\"https:\\\/\\\/bebijn.be\\\/#\\\/schema\\\/logo\\\/image\\\/\"},\"sameAs\":[\"https:\\\/\\\/www.facebook.com\\\/bebijn\\\/\",\"https:\\\/\\\/www.instagram.com\\\/bebijn.sweets\\\/\"]}]}<\/script>\n<meta property=\"product:price:amount\" content=\"33.00\" \/>\n<meta property=\"product:price:currency\" content=\"EUR\" \/>\n<meta property=\"og:availability\" content=\"out of stock\" \/>\n<meta property=\"product:availability\" content=\"out of stock\" \/>\n<meta property=\"product:condition\" content=\"new\" \/>\n<!-- \/ Yoast SEO Premium plugin. -->","yoast_head_json":{"title":"Citron - Hibiscus - Confiseries artisanales sur commande | Bebijn","description":"Bonbon Bebi \u00e0 l'hibiscus et au citron : rencontre florale et l\u00e9g\u00e8rement acidul\u00e9e - fra\u00eeche, \u00e9l\u00e9gante et vivifiante. \ud83c\udf3a\ud83c\udf4b\ud83c\udf6c","robots":{"index":"index","follow":"follow","max-snippet":"max-snippet:-1","max-image-preview":"max-image-preview:large","max-video-preview":"max-video-preview:-1"},"canonical":"https:\/\/bebijn.be\/fr\/produit\/hibiscus-citronne\/","schema":{"@context":"https:\/\/schema.org","@graph":[{"@type":"WebPage","@id":"https:\/\/bebijn.be\/product\/citroen-hibiscus\/","url":"https:\/\/bebijn.be\/product\/citroen-hibiscus\/","name":"Citron - Hibiscus - Confiseries artisanales sur commande | Bebijn","isPartOf":{"@id":"https:\/\/bebijn.be\/#website"},"primaryImageOfPage":{"@id":"https:\/\/bebijn.be\/product\/citroen-hibiscus\/#primaryimage"},"image":{"@id":"https:\/\/bebijn.be\/product\/citroen-hibiscus\/#primaryimage"},"thumbnailUrl":"https:\/\/bebijn.be\/wp-content\/uploads\/2025\/01\/MM2x2-rood.jpg","datePublished":"2025-10-29T16:19:00+00:00","dateModified":"2026-03-27T09:11:51+00:00","description":"Bonbon Bebi \u00e0 l'hibiscus et au citron : rencontre florale et l\u00e9g\u00e8rement acidul\u00e9e - fra\u00eeche, \u00e9l\u00e9gante et vivifiante. \ud83c\udf3a\ud83c\udf4b\ud83c\udf6c","breadcrumb":{"@id":"https:\/\/bebijn.be\/product\/citroen-hibiscus\/#breadcrumb"},"inLanguage":"fr-BE","potentialAction":[{"@type":"ReadAction","target":["https:\/\/bebijn.be\/product\/citroen-hibiscus\/"]}]},{"@type":"ImageObject","inLanguage":"fr-BE","@id":"https:\/\/bebijn.be\/product\/citroen-hibiscus\/#primaryimage","url":"https:\/\/bebijn.be\/wp-content\/uploads\/2025\/01\/MM2x2-rood.jpg","contentUrl":"https:\/\/bebijn.be\/wp-content\/uploads\/2025\/01\/MM2x2-rood.jpg","width":800,"height":800},{"@type":"BreadcrumbList","@id":"https:\/\/bebijn.be\/product\/citroen-hibiscus\/#breadcrumb","itemListElement":[{"@type":"ListItem","position":1,"name":"Home","item":"https:\/\/bebijn.be\/"},{"@type":"ListItem","position":2,"name":"Winkel Bebijn","item":"https:\/\/bebijn.be\/winkel-bebijn\/"},{"@type":"ListItem","position":3,"name":"Citroen \u2022 Hibiscus"}]},{"@type":"WebSite","@id":"https:\/\/bebijn.be\/#website","url":"https:\/\/bebijn.be\/","name":"Bebijn | Sucreries artisanales personnalis\u00e9es","description":"confiserie et bonbons pour la gastronomie cadeau marketing","publisher":{"@id":"https:\/\/bebijn.be\/#organization"},"potentialAction":[{"@type":"SearchAction","target":{"@type":"EntryPoint","urlTemplate":"https:\/\/bebijn.be\/?s={search_term_string}"},"query-input":{"@type":"PropertyValueSpecification","valueRequired":true,"valueName":"search_term_string"}}],"inLanguage":"fr-BE"},{"@type":"Organization","@id":"https:\/\/bebijn.be\/#organization","name":"Bebijn","url":"https:\/\/bebijn.be\/","logo":{"@type":"ImageObject","inLanguage":"fr-BE","@id":"https:\/\/bebijn.be\/#\/schema\/logo\/image\/","url":"https:\/\/bebijn.be\/wp-content\/uploads\/2024\/12\/Bebijn-Logo-RGB-v1.png","contentUrl":"https:\/\/bebijn.be\/wp-content\/uploads\/2024\/12\/Bebijn-Logo-RGB-v1.png","width":800,"height":800,"caption":"Bebijn"},"image":{"@id":"https:\/\/bebijn.be\/#\/schema\/logo\/image\/"},"sameAs":["https:\/\/www.facebook.com\/bebijn\/","https:\/\/www.instagram.com\/bebijn.sweets\/"]}]},"product_price_amount":"33.00","product_price_currency":"EUR","og_availability":"out of stock","product_availability":"out of stock","product_condition":"new"},"_links":{"self":[{"href":"https:\/\/bebijn.be\/fr\/wp-json\/wp\/v2\/product\/19553","targetHints":{"allow":["GET"]}}],"collection":[{"href":"https:\/\/bebijn.be\/fr\/wp-json\/wp\/v2\/product"}],"about":[{"href":"https:\/\/bebijn.be\/fr\/wp-json\/wp\/v2\/types\/product"}],"version-history":[{"count":3,"href":"https:\/\/bebijn.be\/fr\/wp-json\/wp\/v2\/product\/19553\/revisions"}],"predecessor-version":[{"id":19556,"href":"https:\/\/bebijn.be\/fr\/wp-json\/wp\/v2\/product\/19553\/revisions\/19556"}],"wp:featuredmedia":[{"embeddable":true,"href":"https:\/\/bebijn.be\/fr\/wp-json\/wp\/v2\/media\/17023"}],"wp:attachment":[{"href":"https:\/\/bebijn.be\/fr\/wp-json\/wp\/v2\/media?parent=19553"}],"wp:term":[{"taxonomy":"product_brand","embeddable":true,"href":"https:\/\/bebijn.be\/fr\/wp-json\/wp\/v2\/product_brand?post=19553"},{"taxonomy":"product_cat","embeddable":true,"href":"https:\/\/bebijn.be\/fr\/wp-json\/wp\/v2\/product_cat?post=19553"},{"taxonomy":"product_tag","embeddable":true,"href":"https:\/\/bebijn.be\/fr\/wp-json\/wp\/v2\/product_tag?post=19553"}],"curies":[{"name":"wp","href":"https:\/\/api.w.org\/{rel}","templated":true}]}}