{"id":19566,"date":"2025-11-04T01:38:23","date_gmt":"2025-11-03T23:38:23","guid":{"rendered":"https:\/\/bebijn.be\/?post_type=product&#038;p=19566"},"modified":"2025-12-09T01:06:38","modified_gmt":"2025-12-08T23:06:38","slug":"gum-candy-10kg-10ct-megapromo-10y-bebijn","status":"publish","type":"product","link":"https:\/\/bebijn.be\/fr\/product\/gommetjes-snoepmoment-10kg-10ct-megapromo-10j-bebijn\/","title":{"rendered":"10 kg AGRUMMES 10a MEGAPROMO"},"content":{"rendered":"<p>10Kg ou typiquement 1750 d\u00e9licieux Agrummies en g\u00e9latine (Tilleul-Citron-Sarine)<\/p>\n<p>Emball\u00e9 par kg, 10 sacs dans une bo\u00eete<\/p>\n<p>id\u00e9al comme mignardise ...une douceur surprenante avec le caf\u00e9 ou tout simplement \u00e0 d\u00e9guster \u00e0 tout moment ! <strong>A +\/- 10 cents l'unit\u00e9<\/strong><\/p>\n<p>Dur\u00e9e de conservation : 7 mois au minimum<br \/>\nLIVRAISON GRATUITE en Belgique et aux Pays-Bas<\/p>","protected":false},"excerpt":{"rendered":"<p>6Kg ou typiquement 1000 d\u00e9licieuses gommes pectines P\u00eache et Laurier<\/p>\n<p>Emball\u00e9 par kg, 6 sacs dans une bo\u00eete<\/p>\n<p>id\u00e9al comme mignardise ...une douceur surprenante avec le caf\u00e9 ou tout simplement \u00e0 d\u00e9guster \u00e0 tout moment ! <strong>A +\/- 15 cents l'unit\u00e9<\/strong><\/p>\n<p>Dur\u00e9e de conservation minimale de 5 mois<br \/>\nLIVRAISON GRATUITE en Belgique et co\u00fbts fortement r\u00e9duits pour les pays voisins<\/p>","protected":false},"featured_media":19574,"template":"","meta":[],"product_brand":[],"product_cat":[70],"product_tag":[],"class_list":{"0":"post-19566","1":"product","2":"type-product","3":"status-publish","4":"has-post-thumbnail","6":"product_cat-uit-bebijn-assortiment","8":"first","9":"outofstock","10":"sale","11":"featured","12":"taxable","13":"shipping-taxable","14":"purchasable","15":"product-type-simple"},"yoast_head":"<!-- This site is optimized with the Yoast SEO Premium plugin v24.2 (Yoast SEO v27.4) - https:\/\/yoast.com\/product\/yoast-seo-premium-wordpress\/ -->\n<title>10 kg AGRUMMIES 10j Bebijn MEGAPROMO - Artisanale snoep op maat | Bebijn<\/title>\n<meta name=\"description\" content=\"1000-tal heerlijke zgommi snoepjes Perzik en LaurierVerpakt per kg, 6kg heerlijk originele snoep\" \/>\n<meta name=\"robots\" content=\"index, follow, max-snippet:-1, max-image-preview:large, max-video-preview:-1\" \/>\n<link rel=\"canonical\" href=\"https:\/\/bebijn.be\/fr\/produit\/gum-candy-10kg-10ct-megapromo-10y-bebijn\/\" \/>\n<script type=\"application\/ld+json\" class=\"yoast-schema-graph\">{\"@context\":\"https:\\\/\\\/schema.org\",\"@graph\":[{\"@type\":\"WebPage\",\"@id\":\"https:\\\/\\\/bebijn.be\\\/product\\\/gommetjes-snoepmoment-10kg-10ct-megapromo-10j-bebijn\\\/\",\"url\":\"https:\\\/\\\/bebijn.be\\\/product\\\/gommetjes-snoepmoment-10kg-10ct-megapromo-10j-bebijn\\\/\",\"name\":\"10 kg AGRUMMIES 10j Bebijn MEGAPROMO - Artisanale snoep op maat | Bebijn\",\"isPartOf\":{\"@id\":\"https:\\\/\\\/bebijn.be\\\/#website\"},\"primaryImageOfPage\":{\"@id\":\"https:\\\/\\\/bebijn.be\\\/product\\\/gommetjes-snoepmoment-10kg-10ct-megapromo-10j-bebijn\\\/#primaryimage\"},\"image\":{\"@id\":\"https:\\\/\\\/bebijn.be\\\/product\\\/gommetjes-snoepmoment-10kg-10ct-megapromo-10j-bebijn\\\/#primaryimage\"},\"thumbnailUrl\":\"https:\\\/\\\/bebijn.be\\\/wp-content\\\/uploads\\\/2025\\\/11\\\/202511-bebijn-snoepmoment-sjb-10ct.jpg\",\"datePublished\":\"2025-11-03T23:38:23+00:00\",\"dateModified\":\"2025-12-08T23:06:38+00:00\",\"description\":\"1000-tal heerlijke zgommi snoepjes Perzik en LaurierVerpakt per kg, 6kg heerlijk originele snoep\",\"breadcrumb\":{\"@id\":\"https:\\\/\\\/bebijn.be\\\/product\\\/gommetjes-snoepmoment-10kg-10ct-megapromo-10j-bebijn\\\/#breadcrumb\"},\"inLanguage\":\"fr-BE\",\"potentialAction\":[{\"@type\":\"ReadAction\",\"target\":[\"https:\\\/\\\/bebijn.be\\\/product\\\/gommetjes-snoepmoment-10kg-10ct-megapromo-10j-bebijn\\\/\"]}]},{\"@type\":\"ImageObject\",\"inLanguage\":\"fr-BE\",\"@id\":\"https:\\\/\\\/bebijn.be\\\/product\\\/gommetjes-snoepmoment-10kg-10ct-megapromo-10j-bebijn\\\/#primaryimage\",\"url\":\"https:\\\/\\\/bebijn.be\\\/wp-content\\\/uploads\\\/2025\\\/11\\\/202511-bebijn-snoepmoment-sjb-10ct.jpg\",\"contentUrl\":\"https:\\\/\\\/bebijn.be\\\/wp-content\\\/uploads\\\/2025\\\/11\\\/202511-bebijn-snoepmoment-sjb-10ct.jpg\",\"width\":600,\"height\":600},{\"@type\":\"BreadcrumbList\",\"@id\":\"https:\\\/\\\/bebijn.be\\\/product\\\/gommetjes-snoepmoment-10kg-10ct-megapromo-10j-bebijn\\\/#breadcrumb\",\"itemListElement\":[{\"@type\":\"ListItem\",\"position\":1,\"name\":\"Home\",\"item\":\"https:\\\/\\\/bebijn.be\\\/\"},{\"@type\":\"ListItem\",\"position\":2,\"name\":\"Winkel Bebijn\",\"item\":\"https:\\\/\\\/bebijn.be\\\/winkel-bebijn\\\/\"},{\"@type\":\"ListItem\",\"position\":3,\"name\":\"10 kg AGRUMMIES 10j Bebijn MEGAPROMO\"}]},{\"@type\":\"WebSite\",\"@id\":\"https:\\\/\\\/bebijn.be\\\/#website\",\"url\":\"https:\\\/\\\/bebijn.be\\\/\",\"name\":\"Bebijn | Artisanale snoep op maat\",\"description\":\"confiserie en snoep voor gastronomie marketing geschenk\",\"publisher\":{\"@id\":\"https:\\\/\\\/bebijn.be\\\/#organization\"},\"potentialAction\":[{\"@type\":\"SearchAction\",\"target\":{\"@type\":\"EntryPoint\",\"urlTemplate\":\"https:\\\/\\\/bebijn.be\\\/?s={search_term_string}\"},\"query-input\":{\"@type\":\"PropertyValueSpecification\",\"valueRequired\":true,\"valueName\":\"search_term_string\"}}],\"inLanguage\":\"fr-BE\"},{\"@type\":\"Organization\",\"@id\":\"https:\\\/\\\/bebijn.be\\\/#organization\",\"name\":\"Bebijn\",\"url\":\"https:\\\/\\\/bebijn.be\\\/\",\"logo\":{\"@type\":\"ImageObject\",\"inLanguage\":\"fr-BE\",\"@id\":\"https:\\\/\\\/bebijn.be\\\/#\\\/schema\\\/logo\\\/image\\\/\",\"url\":\"https:\\\/\\\/bebijn.be\\\/wp-content\\\/uploads\\\/2024\\\/12\\\/Bebijn-Logo-RGB-v1.png\",\"contentUrl\":\"https:\\\/\\\/bebijn.be\\\/wp-content\\\/uploads\\\/2024\\\/12\\\/Bebijn-Logo-RGB-v1.png\",\"width\":800,\"height\":800,\"caption\":\"Bebijn\"},\"image\":{\"@id\":\"https:\\\/\\\/bebijn.be\\\/#\\\/schema\\\/logo\\\/image\\\/\"},\"sameAs\":[\"https:\\\/\\\/www.facebook.com\\\/bebijn\\\/\",\"https:\\\/\\\/www.instagram.com\\\/bebijn.sweets\\\/\"]}]}<\/script>\n<meta property=\"product:price:amount\" content=\"175.00\" \/>\n<meta property=\"product:price:currency\" content=\"EUR\" \/>\n<meta property=\"og:availability\" content=\"out of stock\" \/>\n<meta property=\"product:availability\" content=\"out of stock\" \/>\n<meta property=\"product:retailer_item_id\" content=\"3368-1-1-1\" \/>\n<meta property=\"product:condition\" content=\"new\" \/>\n<!-- \/ Yoast SEO Premium plugin. -->","yoast_head_json":{"title":"10 kg AGRUMMIES 10y Bebijn MEGAPROMO - Bonbons artisanaux fabriqu\u00e9s sur commande | Bebijn","description":"1000-comptes de d\u00e9licieux bonbons zgommi P\u00eache et LaurierConditionn\u00e9s par kg, 6kg de d\u00e9licieux bonbons originaux","robots":{"index":"index","follow":"follow","max-snippet":"max-snippet:-1","max-image-preview":"max-image-preview:large","max-video-preview":"max-video-preview:-1"},"canonical":"https:\/\/bebijn.be\/fr\/produit\/gum-candy-10kg-10ct-megapromo-10y-bebijn\/","schema":{"@context":"https:\/\/schema.org","@graph":[{"@type":"WebPage","@id":"https:\/\/bebijn.be\/product\/gommetjes-snoepmoment-10kg-10ct-megapromo-10j-bebijn\/","url":"https:\/\/bebijn.be\/product\/gommetjes-snoepmoment-10kg-10ct-megapromo-10j-bebijn\/","name":"10 kg AGRUMMIES 10y Bebijn MEGAPROMO - Bonbons artisanaux fabriqu\u00e9s sur commande | Bebijn","isPartOf":{"@id":"https:\/\/bebijn.be\/#website"},"primaryImageOfPage":{"@id":"https:\/\/bebijn.be\/product\/gommetjes-snoepmoment-10kg-10ct-megapromo-10j-bebijn\/#primaryimage"},"image":{"@id":"https:\/\/bebijn.be\/product\/gommetjes-snoepmoment-10kg-10ct-megapromo-10j-bebijn\/#primaryimage"},"thumbnailUrl":"https:\/\/bebijn.be\/wp-content\/uploads\/2025\/11\/202511-bebijn-snoepmoment-sjb-10ct.jpg","datePublished":"2025-11-03T23:38:23+00:00","dateModified":"2025-12-08T23:06:38+00:00","description":"1000-comptes de d\u00e9licieux bonbons zgommi P\u00eache et LaurierConditionn\u00e9s par kg, 6kg de d\u00e9licieux bonbons originaux","breadcrumb":{"@id":"https:\/\/bebijn.be\/product\/gommetjes-snoepmoment-10kg-10ct-megapromo-10j-bebijn\/#breadcrumb"},"inLanguage":"fr-BE","potentialAction":[{"@type":"ReadAction","target":["https:\/\/bebijn.be\/product\/gommetjes-snoepmoment-10kg-10ct-megapromo-10j-bebijn\/"]}]},{"@type":"ImageObject","inLanguage":"fr-BE","@id":"https:\/\/bebijn.be\/product\/gommetjes-snoepmoment-10kg-10ct-megapromo-10j-bebijn\/#primaryimage","url":"https:\/\/bebijn.be\/wp-content\/uploads\/2025\/11\/202511-bebijn-snoepmoment-sjb-10ct.jpg","contentUrl":"https:\/\/bebijn.be\/wp-content\/uploads\/2025\/11\/202511-bebijn-snoepmoment-sjb-10ct.jpg","width":600,"height":600},{"@type":"BreadcrumbList","@id":"https:\/\/bebijn.be\/product\/gommetjes-snoepmoment-10kg-10ct-megapromo-10j-bebijn\/#breadcrumb","itemListElement":[{"@type":"ListItem","position":1,"name":"Home","item":"https:\/\/bebijn.be\/"},{"@type":"ListItem","position":2,"name":"Winkel Bebijn","item":"https:\/\/bebijn.be\/winkel-bebijn\/"},{"@type":"ListItem","position":3,"name":"10 kg AGRUMMIES 10j Bebijn MEGAPROMO"}]},{"@type":"WebSite","@id":"https:\/\/bebijn.be\/#website","url":"https:\/\/bebijn.be\/","name":"Bebijn | Sucreries artisanales personnalis\u00e9es","description":"confiserie et bonbons pour la gastronomie cadeau marketing","publisher":{"@id":"https:\/\/bebijn.be\/#organization"},"potentialAction":[{"@type":"SearchAction","target":{"@type":"EntryPoint","urlTemplate":"https:\/\/bebijn.be\/?s={search_term_string}"},"query-input":{"@type":"PropertyValueSpecification","valueRequired":true,"valueName":"search_term_string"}}],"inLanguage":"fr-BE"},{"@type":"Organization","@id":"https:\/\/bebijn.be\/#organization","name":"Bebijn","url":"https:\/\/bebijn.be\/","logo":{"@type":"ImageObject","inLanguage":"fr-BE","@id":"https:\/\/bebijn.be\/#\/schema\/logo\/image\/","url":"https:\/\/bebijn.be\/wp-content\/uploads\/2024\/12\/Bebijn-Logo-RGB-v1.png","contentUrl":"https:\/\/bebijn.be\/wp-content\/uploads\/2024\/12\/Bebijn-Logo-RGB-v1.png","width":800,"height":800,"caption":"Bebijn"},"image":{"@id":"https:\/\/bebijn.be\/#\/schema\/logo\/image\/"},"sameAs":["https:\/\/www.facebook.com\/bebijn\/","https:\/\/www.instagram.com\/bebijn.sweets\/"]}]},"product_price_amount":"175.00","product_price_currency":"EUR","og_availability":"out of stock","product_availability":"out of stock","product_retailer_item_id":"3368-1-1-1","product_condition":"new"},"_links":{"self":[{"href":"https:\/\/bebijn.be\/fr\/wp-json\/wp\/v2\/product\/19566","targetHints":{"allow":["GET"]}}],"collection":[{"href":"https:\/\/bebijn.be\/fr\/wp-json\/wp\/v2\/product"}],"about":[{"href":"https:\/\/bebijn.be\/fr\/wp-json\/wp\/v2\/types\/product"}],"version-history":[{"count":4,"href":"https:\/\/bebijn.be\/fr\/wp-json\/wp\/v2\/product\/19566\/revisions"}],"predecessor-version":[{"id":19578,"href":"https:\/\/bebijn.be\/fr\/wp-json\/wp\/v2\/product\/19566\/revisions\/19578"}],"wp:featuredmedia":[{"embeddable":true,"href":"https:\/\/bebijn.be\/fr\/wp-json\/wp\/v2\/media\/19574"}],"wp:attachment":[{"href":"https:\/\/bebijn.be\/fr\/wp-json\/wp\/v2\/media?parent=19566"}],"wp:term":[{"taxonomy":"product_brand","embeddable":true,"href":"https:\/\/bebijn.be\/fr\/wp-json\/wp\/v2\/product_brand?post=19566"},{"taxonomy":"product_cat","embeddable":true,"href":"https:\/\/bebijn.be\/fr\/wp-json\/wp\/v2\/product_cat?post=19566"},{"taxonomy":"product_tag","embeddable":true,"href":"https:\/\/bebijn.be\/fr\/wp-json\/wp\/v2\/product_tag?post=19566"}],"curies":[{"name":"wp","href":"https:\/\/api.w.org\/{rel}","templated":true}]}}