{"id":19597,"date":"2025-11-08T14:18:33","date_gmt":"2025-11-08T12:18:33","guid":{"rendered":"https:\/\/bebijn.be\/?post_type=product&#038;p=19597"},"modified":"2026-02-12T11:14:23","modified_gmt":"2026-02-12T09:14:23","slug":"exemplaire-mandarine-cardamome","status":"publish","type":"product","link":"https:\/\/bebijn.be\/fr\/product\/mandarijn-kardemom-kopie\/","title":{"rendered":"Mandarine - Cardamome"},"content":{"rendered":"<p>Le bonbon Bebi \u00e0 la mandarine et \u00e0 la cardamome est une s\u00e9duction chaude et aromatique avec une touche d'\u00e9l\u00e9gance orientale. La mandarine apporte une douceur ensoleill\u00e9e et une fra\u00eecheur juteuse, tandis que la cardamome ajoute un piquant subtil qui lui conf\u00e8re profondeur et sophistication. Une combinaison harmonieuse de fruit\u00e9 et d'\u00e9pic\u00e9, de fra\u00eecheur et de rondeur.<\/p>\n<p>Id\u00e9al pour accompagner le caf\u00e9 comme mignardise, l'addition, une douceur \u00e0 d\u00e9guster ou \u00e0 offrir comme cadeau original.<\/p>\n<p>Pour les gourmands qui aiment les notes chaudes d'agrumes, ce bonbon est une friandise \u00e9l\u00e9gante, pleine de caract\u00e8re et l\u00e9g\u00e8rement \u00e9pic\u00e9e.<\/p>","protected":false},"excerpt":{"rendered":"<p>Le bonbon Bebi \u00e0 la mandarine et \u00e0 la cardamome est une s\u00e9duction chaude et aromatique avec une touche d'\u00e9l\u00e9gance orientale. La mandarine apporte une douceur ensoleill\u00e9e et une fra\u00eecheur juteuse, tandis que la cardamome ajoute un piquant subtil qui lui conf\u00e8re profondeur et sophistication. Une combinaison harmonieuse de fruit\u00e9 et d'\u00e9pic\u00e9, de fra\u00eecheur et de rondeur.<\/p>\n<p>Id\u00e9al pour accompagner le caf\u00e9 comme mignardise, l'addition, une douceur \u00e0 d\u00e9guster ou \u00e0 offrir comme cadeau original.<\/p>\n<p>Pour les gourmands qui aiment les notes chaudes d'agrumes, ce bonbon est une friandise \u00e9l\u00e9gante, pleine de caract\u00e8re et l\u00e9g\u00e8rement \u00e9pic\u00e9e.<\/p>","protected":false},"featured_media":16857,"template":"","meta":[],"product_brand":[],"product_cat":[75],"product_tag":[],"class_list":{"0":"post-19597","1":"product","2":"type-product","3":"status-publish","4":"has-post-thumbnail","6":"product_cat-aerated","8":"first","9":"instock","10":"taxable","11":"shipping-taxable","12":"purchasable","13":"product-type-simple"},"yoast_head":"<!-- This site is optimized with the Yoast SEO Premium plugin v24.2 (Yoast SEO v27.4) - https:\/\/yoast.com\/product\/yoast-seo-premium-wordpress\/ -->\n<title>Mandarijn \u2022 Kardemom - Artisanale snoep op maat | Bebijn<\/title>\n<meta name=\"description\" content=\"Bebijn snoepje met mandarijn en kardemom: zonnig, kruidig en verfijnd \u2014 fris fruit ontmoet warme elegantie. \ud83c\udf4a\u2728\ud83c\udf6c\" \/>\n<meta name=\"robots\" content=\"index, follow, max-snippet:-1, max-image-preview:large, max-video-preview:-1\" \/>\n<link rel=\"canonical\" href=\"https:\/\/bebijn.be\/fr\/produit\/exemplaire-mandarine-cardamome\/\" \/>\n<script type=\"application\/ld+json\" class=\"yoast-schema-graph\">{\"@context\":\"https:\\\/\\\/schema.org\",\"@graph\":[{\"@type\":\"WebPage\",\"@id\":\"https:\\\/\\\/bebijn.be\\\/product\\\/mandarijn-kardemom-kopie\\\/\",\"url\":\"https:\\\/\\\/bebijn.be\\\/product\\\/mandarijn-kardemom-kopie\\\/\",\"name\":\"Mandarijn \u2022 Kardemom - Artisanale snoep op maat | Bebijn\",\"isPartOf\":{\"@id\":\"https:\\\/\\\/bebijn.be\\\/#website\"},\"primaryImageOfPage\":{\"@id\":\"https:\\\/\\\/bebijn.be\\\/product\\\/mandarijn-kardemom-kopie\\\/#primaryimage\"},\"image\":{\"@id\":\"https:\\\/\\\/bebijn.be\\\/product\\\/mandarijn-kardemom-kopie\\\/#primaryimage\"},\"thumbnailUrl\":\"https:\\\/\\\/bebijn.be\\\/wp-content\\\/uploads\\\/2025\\\/01\\\/002-oranje-guimauve.jpg\",\"datePublished\":\"2025-11-08T12:18:33+00:00\",\"dateModified\":\"2026-02-12T09:14:23+00:00\",\"description\":\"Bebijn snoepje met mandarijn en kardemom: zonnig, kruidig en verfijnd \u2014 fris fruit ontmoet warme elegantie. \ud83c\udf4a\u2728\ud83c\udf6c\",\"breadcrumb\":{\"@id\":\"https:\\\/\\\/bebijn.be\\\/product\\\/mandarijn-kardemom-kopie\\\/#breadcrumb\"},\"inLanguage\":\"fr-BE\",\"potentialAction\":[{\"@type\":\"ReadAction\",\"target\":[\"https:\\\/\\\/bebijn.be\\\/product\\\/mandarijn-kardemom-kopie\\\/\"]}]},{\"@type\":\"ImageObject\",\"inLanguage\":\"fr-BE\",\"@id\":\"https:\\\/\\\/bebijn.be\\\/product\\\/mandarijn-kardemom-kopie\\\/#primaryimage\",\"url\":\"https:\\\/\\\/bebijn.be\\\/wp-content\\\/uploads\\\/2025\\\/01\\\/002-oranje-guimauve.jpg\",\"contentUrl\":\"https:\\\/\\\/bebijn.be\\\/wp-content\\\/uploads\\\/2025\\\/01\\\/002-oranje-guimauve.jpg\",\"width\":800,\"height\":800},{\"@type\":\"BreadcrumbList\",\"@id\":\"https:\\\/\\\/bebijn.be\\\/product\\\/mandarijn-kardemom-kopie\\\/#breadcrumb\",\"itemListElement\":[{\"@type\":\"ListItem\",\"position\":1,\"name\":\"Home\",\"item\":\"https:\\\/\\\/bebijn.be\\\/\"},{\"@type\":\"ListItem\",\"position\":2,\"name\":\"Winkel Bebijn\",\"item\":\"https:\\\/\\\/bebijn.be\\\/winkel-bebijn\\\/\"},{\"@type\":\"ListItem\",\"position\":3,\"name\":\"Mandarijn \u2022 Kardemom\"}]},{\"@type\":\"WebSite\",\"@id\":\"https:\\\/\\\/bebijn.be\\\/#website\",\"url\":\"https:\\\/\\\/bebijn.be\\\/\",\"name\":\"Bebijn | Artisanale snoep op maat\",\"description\":\"confiserie en snoep voor gastronomie marketing geschenk\",\"publisher\":{\"@id\":\"https:\\\/\\\/bebijn.be\\\/#organization\"},\"potentialAction\":[{\"@type\":\"SearchAction\",\"target\":{\"@type\":\"EntryPoint\",\"urlTemplate\":\"https:\\\/\\\/bebijn.be\\\/?s={search_term_string}\"},\"query-input\":{\"@type\":\"PropertyValueSpecification\",\"valueRequired\":true,\"valueName\":\"search_term_string\"}}],\"inLanguage\":\"fr-BE\"},{\"@type\":\"Organization\",\"@id\":\"https:\\\/\\\/bebijn.be\\\/#organization\",\"name\":\"Bebijn\",\"url\":\"https:\\\/\\\/bebijn.be\\\/\",\"logo\":{\"@type\":\"ImageObject\",\"inLanguage\":\"fr-BE\",\"@id\":\"https:\\\/\\\/bebijn.be\\\/#\\\/schema\\\/logo\\\/image\\\/\",\"url\":\"https:\\\/\\\/bebijn.be\\\/wp-content\\\/uploads\\\/2024\\\/12\\\/Bebijn-Logo-RGB-v1.png\",\"contentUrl\":\"https:\\\/\\\/bebijn.be\\\/wp-content\\\/uploads\\\/2024\\\/12\\\/Bebijn-Logo-RGB-v1.png\",\"width\":800,\"height\":800,\"caption\":\"Bebijn\"},\"image\":{\"@id\":\"https:\\\/\\\/bebijn.be\\\/#\\\/schema\\\/logo\\\/image\\\/\"},\"sameAs\":[\"https:\\\/\\\/www.facebook.com\\\/bebijn\\\/\",\"https:\\\/\\\/www.instagram.com\\\/bebijn.sweets\\\/\"]}]}<\/script>\n<meta property=\"product:price:amount\" content=\"33.00\" \/>\n<meta property=\"product:price:currency\" content=\"EUR\" \/>\n<meta property=\"og:availability\" content=\"instock\" \/>\n<meta property=\"product:availability\" content=\"instock\" \/>\n<meta property=\"product:retailer_item_id\" content=\"4766-1\" \/>\n<meta property=\"product:condition\" content=\"new\" \/>\n<!-- \/ Yoast SEO Premium plugin. -->","yoast_head_json":{"title":"Mandarine - Cardamome - Friandises artisanales personnalis\u00e9es | Bebijn","description":"Bonbon Bebi \u00e0 la mandarine et \u00e0 la cardamome : ensoleill\u00e9, \u00e9pic\u00e9 et raffin\u00e9 - les fruits frais rencontrent une \u00e9l\u00e9gance chaleureuse. \ud83c\udf4a\u2728\ud83c\udf6c","robots":{"index":"index","follow":"follow","max-snippet":"max-snippet:-1","max-image-preview":"max-image-preview:large","max-video-preview":"max-video-preview:-1"},"canonical":"https:\/\/bebijn.be\/fr\/produit\/exemplaire-mandarine-cardamome\/","schema":{"@context":"https:\/\/schema.org","@graph":[{"@type":"WebPage","@id":"https:\/\/bebijn.be\/product\/mandarijn-kardemom-kopie\/","url":"https:\/\/bebijn.be\/product\/mandarijn-kardemom-kopie\/","name":"Mandarine - Cardamome - Friandises artisanales personnalis\u00e9es | Bebijn","isPartOf":{"@id":"https:\/\/bebijn.be\/#website"},"primaryImageOfPage":{"@id":"https:\/\/bebijn.be\/product\/mandarijn-kardemom-kopie\/#primaryimage"},"image":{"@id":"https:\/\/bebijn.be\/product\/mandarijn-kardemom-kopie\/#primaryimage"},"thumbnailUrl":"https:\/\/bebijn.be\/wp-content\/uploads\/2025\/01\/002-oranje-guimauve.jpg","datePublished":"2025-11-08T12:18:33+00:00","dateModified":"2026-02-12T09:14:23+00:00","description":"Bonbon Bebi \u00e0 la mandarine et \u00e0 la cardamome : ensoleill\u00e9, \u00e9pic\u00e9 et raffin\u00e9 - les fruits frais rencontrent une \u00e9l\u00e9gance chaleureuse. \ud83c\udf4a\u2728\ud83c\udf6c","breadcrumb":{"@id":"https:\/\/bebijn.be\/product\/mandarijn-kardemom-kopie\/#breadcrumb"},"inLanguage":"fr-BE","potentialAction":[{"@type":"ReadAction","target":["https:\/\/bebijn.be\/product\/mandarijn-kardemom-kopie\/"]}]},{"@type":"ImageObject","inLanguage":"fr-BE","@id":"https:\/\/bebijn.be\/product\/mandarijn-kardemom-kopie\/#primaryimage","url":"https:\/\/bebijn.be\/wp-content\/uploads\/2025\/01\/002-oranje-guimauve.jpg","contentUrl":"https:\/\/bebijn.be\/wp-content\/uploads\/2025\/01\/002-oranje-guimauve.jpg","width":800,"height":800},{"@type":"BreadcrumbList","@id":"https:\/\/bebijn.be\/product\/mandarijn-kardemom-kopie\/#breadcrumb","itemListElement":[{"@type":"ListItem","position":1,"name":"Home","item":"https:\/\/bebijn.be\/"},{"@type":"ListItem","position":2,"name":"Winkel Bebijn","item":"https:\/\/bebijn.be\/winkel-bebijn\/"},{"@type":"ListItem","position":3,"name":"Mandarijn \u2022 Kardemom"}]},{"@type":"WebSite","@id":"https:\/\/bebijn.be\/#website","url":"https:\/\/bebijn.be\/","name":"Bebijn | Sucreries artisanales personnalis\u00e9es","description":"confiserie et bonbons pour la gastronomie cadeau marketing","publisher":{"@id":"https:\/\/bebijn.be\/#organization"},"potentialAction":[{"@type":"SearchAction","target":{"@type":"EntryPoint","urlTemplate":"https:\/\/bebijn.be\/?s={search_term_string}"},"query-input":{"@type":"PropertyValueSpecification","valueRequired":true,"valueName":"search_term_string"}}],"inLanguage":"fr-BE"},{"@type":"Organization","@id":"https:\/\/bebijn.be\/#organization","name":"Bebijn","url":"https:\/\/bebijn.be\/","logo":{"@type":"ImageObject","inLanguage":"fr-BE","@id":"https:\/\/bebijn.be\/#\/schema\/logo\/image\/","url":"https:\/\/bebijn.be\/wp-content\/uploads\/2024\/12\/Bebijn-Logo-RGB-v1.png","contentUrl":"https:\/\/bebijn.be\/wp-content\/uploads\/2024\/12\/Bebijn-Logo-RGB-v1.png","width":800,"height":800,"caption":"Bebijn"},"image":{"@id":"https:\/\/bebijn.be\/#\/schema\/logo\/image\/"},"sameAs":["https:\/\/www.facebook.com\/bebijn\/","https:\/\/www.instagram.com\/bebijn.sweets\/"]}]},"product_price_amount":"33.00","product_price_currency":"EUR","og_availability":"instock","product_availability":"instock","product_retailer_item_id":"4766-1","product_condition":"new"},"_links":{"self":[{"href":"https:\/\/bebijn.be\/fr\/wp-json\/wp\/v2\/product\/19597","targetHints":{"allow":["GET"]}}],"collection":[{"href":"https:\/\/bebijn.be\/fr\/wp-json\/wp\/v2\/product"}],"about":[{"href":"https:\/\/bebijn.be\/fr\/wp-json\/wp\/v2\/types\/product"}],"version-history":[{"count":3,"href":"https:\/\/bebijn.be\/fr\/wp-json\/wp\/v2\/product\/19597\/revisions"}],"predecessor-version":[{"id":19600,"href":"https:\/\/bebijn.be\/fr\/wp-json\/wp\/v2\/product\/19597\/revisions\/19600"}],"wp:featuredmedia":[{"embeddable":true,"href":"https:\/\/bebijn.be\/fr\/wp-json\/wp\/v2\/media\/16857"}],"wp:attachment":[{"href":"https:\/\/bebijn.be\/fr\/wp-json\/wp\/v2\/media?parent=19597"}],"wp:term":[{"taxonomy":"product_brand","embeddable":true,"href":"https:\/\/bebijn.be\/fr\/wp-json\/wp\/v2\/product_brand?post=19597"},{"taxonomy":"product_cat","embeddable":true,"href":"https:\/\/bebijn.be\/fr\/wp-json\/wp\/v2\/product_cat?post=19597"},{"taxonomy":"product_tag","embeddable":true,"href":"https:\/\/bebijn.be\/fr\/wp-json\/wp\/v2\/product_tag?post=19597"}],"curies":[{"name":"wp","href":"https:\/\/api.w.org\/{rel}","templated":true}]}}