{"id":19646,"date":"2025-12-07T11:50:54","date_gmt":"2025-12-07T09:50:54","guid":{"rendered":"https:\/\/bebijn.be\/?post_type=product&#038;p=19646"},"modified":"2026-03-27T11:11:51","modified_gmt":"2026-03-27T09:11:51","slug":"mangue-orange","status":"publish","type":"product","link":"https:\/\/bebijn.be\/fr\/product\/mango-sinaasappel\/","title":{"rendered":"Mangue - Orange"},"content":{"rendered":"<p data-start=\"0\" data-end=\"353\"><strong data-start=\"30\" data-end=\"73\">Bonbons Bevin \u00e0 la mangue et \u00e0 l'orange<\/strong> est une explosion ensoleill\u00e9e de fra\u00eecheur tropicale et d'agrumes vibrants. La mangue apporte une douceur cr\u00e9meuse et exotique, tandis que l'orange apporte un \u00e9clat p\u00e9tillant et frais. Ensemble, ils forment une combinaison heureuse et \u00e9nergique, \u00e0 la fois juteuse et sophistiqu\u00e9e.<\/p>\n<p data-start=\"355\" data-end=\"478\">Id\u00e9al pour accompagner le caf\u00e9 comme mignardise, l'addition, une douceur \u00e0 d\u00e9guster ou \u00e0 offrir comme cadeau original.<\/p>\n<p data-start=\"480\" data-end=\"600\">Pour les amateurs de fruits m\u00fbrs et d'agrumes l\u00e9gers, ce bonbon est une friandise tropicale chaude et pleine de fra\u00eecheur.<\/p>","protected":false},"excerpt":{"rendered":"<p data-start=\"0\" data-end=\"353\"><strong data-start=\"30\" data-end=\"73\">Bonbons Bevin \u00e0 la mangue et \u00e0 l'orange<\/strong> est une explosion ensoleill\u00e9e de fra\u00eecheur tropicale et d'agrumes vibrants. La mangue apporte une douceur cr\u00e9meuse et exotique, tandis que l'orange apporte un \u00e9clat p\u00e9tillant et frais. Ensemble, ils forment une combinaison heureuse et \u00e9nergique, \u00e0 la fois juteuse et sophistiqu\u00e9e.<\/p>\n<p data-start=\"355\" data-end=\"478\">Id\u00e9al pour accompagner le caf\u00e9 comme mignardise, l'addition, une douceur \u00e0 d\u00e9guster ou \u00e0 offrir comme cadeau original.<\/p>\n<p data-start=\"480\" data-end=\"600\">Pour les amateurs de fruits m\u00fbrs et d'agrumes l\u00e9gers, ce bonbon est une friandise tropicale chaude et pleine de fra\u00eecheur.<\/p>","protected":false},"featured_media":19660,"template":"","meta":[],"product_brand":[],"product_cat":[69,70],"product_tag":[],"class_list":{"0":"post-19646","1":"product","2":"type-product","3":"status-publish","4":"has-post-thumbnail","6":"product_cat-bebijn-assortiment-gommen","7":"product_cat-uit-bebijn-assortiment","9":"first","10":"outofstock","11":"taxable","12":"shipping-taxable","13":"purchasable","14":"product-type-simple"},"yoast_head":"<!-- This site is optimized with the Yoast SEO Premium plugin v24.2 (Yoast SEO v27.4) - https:\/\/yoast.com\/product\/yoast-seo-premium-wordpress\/ -->\n<title>Mango \u2022 Sinaasappel - Artisanale snoep op maat | Bebijn<\/title>\n<meta name=\"description\" content=\"Bebijn snoepje met mango en sinaasappel: tropisch, fris en zonnig \u2014 romige mango ontmoet sprankelende sinaasappel. \ud83e\udd6d\ud83c\udf4a\u2728\ud83c\udf6c\" \/>\n<meta name=\"robots\" content=\"index, follow, max-snippet:-1, max-image-preview:large, max-video-preview:-1\" \/>\n<link rel=\"canonical\" href=\"https:\/\/bebijn.be\/fr\/produit\/mangue-orange\/\" \/>\n<script type=\"application\/ld+json\" class=\"yoast-schema-graph\">{\"@context\":\"https:\\\/\\\/schema.org\",\"@graph\":[{\"@type\":\"WebPage\",\"@id\":\"https:\\\/\\\/bebijn.be\\\/product\\\/mango-sinaasappel\\\/\",\"url\":\"https:\\\/\\\/bebijn.be\\\/product\\\/mango-sinaasappel\\\/\",\"name\":\"Mango \u2022 Sinaasappel - Artisanale snoep op maat | Bebijn\",\"isPartOf\":{\"@id\":\"https:\\\/\\\/bebijn.be\\\/#website\"},\"primaryImageOfPage\":{\"@id\":\"https:\\\/\\\/bebijn.be\\\/product\\\/mango-sinaasappel\\\/#primaryimage\"},\"image\":{\"@id\":\"https:\\\/\\\/bebijn.be\\\/product\\\/mango-sinaasappel\\\/#primaryimage\"},\"thumbnailUrl\":\"https:\\\/\\\/bebijn.be\\\/wp-content\\\/uploads\\\/2025\\\/12\\\/020-oranje-bebijn-confiserie.jpg\",\"datePublished\":\"2025-12-07T09:50:54+00:00\",\"dateModified\":\"2026-03-27T09:11:51+00:00\",\"description\":\"Bebijn snoepje met mango en sinaasappel: tropisch, fris en zonnig \u2014 romige mango ontmoet sprankelende sinaasappel. \ud83e\udd6d\ud83c\udf4a\u2728\ud83c\udf6c\",\"breadcrumb\":{\"@id\":\"https:\\\/\\\/bebijn.be\\\/product\\\/mango-sinaasappel\\\/#breadcrumb\"},\"inLanguage\":\"fr-BE\",\"potentialAction\":[{\"@type\":\"ReadAction\",\"target\":[\"https:\\\/\\\/bebijn.be\\\/product\\\/mango-sinaasappel\\\/\"]}]},{\"@type\":\"ImageObject\",\"inLanguage\":\"fr-BE\",\"@id\":\"https:\\\/\\\/bebijn.be\\\/product\\\/mango-sinaasappel\\\/#primaryimage\",\"url\":\"https:\\\/\\\/bebijn.be\\\/wp-content\\\/uploads\\\/2025\\\/12\\\/020-oranje-bebijn-confiserie.jpg\",\"contentUrl\":\"https:\\\/\\\/bebijn.be\\\/wp-content\\\/uploads\\\/2025\\\/12\\\/020-oranje-bebijn-confiserie.jpg\",\"width\":800,\"height\":800},{\"@type\":\"BreadcrumbList\",\"@id\":\"https:\\\/\\\/bebijn.be\\\/product\\\/mango-sinaasappel\\\/#breadcrumb\",\"itemListElement\":[{\"@type\":\"ListItem\",\"position\":1,\"name\":\"Home\",\"item\":\"https:\\\/\\\/bebijn.be\\\/\"},{\"@type\":\"ListItem\",\"position\":2,\"name\":\"Winkel Bebijn\",\"item\":\"https:\\\/\\\/bebijn.be\\\/winkel-bebijn\\\/\"},{\"@type\":\"ListItem\",\"position\":3,\"name\":\"Mango \u2022 Sinaasappel\"}]},{\"@type\":\"WebSite\",\"@id\":\"https:\\\/\\\/bebijn.be\\\/#website\",\"url\":\"https:\\\/\\\/bebijn.be\\\/\",\"name\":\"Bebijn | Artisanale snoep op maat\",\"description\":\"confiserie en snoep voor gastronomie marketing geschenk\",\"publisher\":{\"@id\":\"https:\\\/\\\/bebijn.be\\\/#organization\"},\"potentialAction\":[{\"@type\":\"SearchAction\",\"target\":{\"@type\":\"EntryPoint\",\"urlTemplate\":\"https:\\\/\\\/bebijn.be\\\/?s={search_term_string}\"},\"query-input\":{\"@type\":\"PropertyValueSpecification\",\"valueRequired\":true,\"valueName\":\"search_term_string\"}}],\"inLanguage\":\"fr-BE\"},{\"@type\":\"Organization\",\"@id\":\"https:\\\/\\\/bebijn.be\\\/#organization\",\"name\":\"Bebijn\",\"url\":\"https:\\\/\\\/bebijn.be\\\/\",\"logo\":{\"@type\":\"ImageObject\",\"inLanguage\":\"fr-BE\",\"@id\":\"https:\\\/\\\/bebijn.be\\\/#\\\/schema\\\/logo\\\/image\\\/\",\"url\":\"https:\\\/\\\/bebijn.be\\\/wp-content\\\/uploads\\\/2024\\\/12\\\/Bebijn-Logo-RGB-v1.png\",\"contentUrl\":\"https:\\\/\\\/bebijn.be\\\/wp-content\\\/uploads\\\/2024\\\/12\\\/Bebijn-Logo-RGB-v1.png\",\"width\":800,\"height\":800,\"caption\":\"Bebijn\"},\"image\":{\"@id\":\"https:\\\/\\\/bebijn.be\\\/#\\\/schema\\\/logo\\\/image\\\/\"},\"sameAs\":[\"https:\\\/\\\/www.facebook.com\\\/bebijn\\\/\",\"https:\\\/\\\/www.instagram.com\\\/bebijn.sweets\\\/\"]}]}<\/script>\n<meta property=\"product:price:amount\" content=\"33.00\" \/>\n<meta property=\"product:price:currency\" content=\"EUR\" \/>\n<meta property=\"og:availability\" content=\"out of stock\" \/>\n<meta property=\"product:availability\" content=\"out of stock\" \/>\n<meta property=\"product:retailer_item_id\" content=\"mangsina\" \/>\n<meta property=\"product:condition\" content=\"new\" \/>\n<!-- \/ Yoast SEO Premium plugin. -->","yoast_head_json":{"title":"Mangue - Orange - Bonbons artisanaux personnalis\u00e9s | Bebijn","description":"Bonbons Bebi \u00e0 la mangue et \u00e0 l'orange : tropical, frais et ensoleill\u00e9 - la mangue cr\u00e9meuse rencontre l'orange p\u00e9tillante. \ud83e\udd6d\ud83c\udf4a\u2728\ud83c\udf6c","robots":{"index":"index","follow":"follow","max-snippet":"max-snippet:-1","max-image-preview":"max-image-preview:large","max-video-preview":"max-video-preview:-1"},"canonical":"https:\/\/bebijn.be\/fr\/produit\/mangue-orange\/","schema":{"@context":"https:\/\/schema.org","@graph":[{"@type":"WebPage","@id":"https:\/\/bebijn.be\/product\/mango-sinaasappel\/","url":"https:\/\/bebijn.be\/product\/mango-sinaasappel\/","name":"Mangue - Orange - Bonbons artisanaux personnalis\u00e9s | Bebijn","isPartOf":{"@id":"https:\/\/bebijn.be\/#website"},"primaryImageOfPage":{"@id":"https:\/\/bebijn.be\/product\/mango-sinaasappel\/#primaryimage"},"image":{"@id":"https:\/\/bebijn.be\/product\/mango-sinaasappel\/#primaryimage"},"thumbnailUrl":"https:\/\/bebijn.be\/wp-content\/uploads\/2025\/12\/020-oranje-bebijn-confiserie.jpg","datePublished":"2025-12-07T09:50:54+00:00","dateModified":"2026-03-27T09:11:51+00:00","description":"Bonbons Bebi \u00e0 la mangue et \u00e0 l'orange : tropical, frais et ensoleill\u00e9 - la mangue cr\u00e9meuse rencontre l'orange p\u00e9tillante. \ud83e\udd6d\ud83c\udf4a\u2728\ud83c\udf6c","breadcrumb":{"@id":"https:\/\/bebijn.be\/product\/mango-sinaasappel\/#breadcrumb"},"inLanguage":"fr-BE","potentialAction":[{"@type":"ReadAction","target":["https:\/\/bebijn.be\/product\/mango-sinaasappel\/"]}]},{"@type":"ImageObject","inLanguage":"fr-BE","@id":"https:\/\/bebijn.be\/product\/mango-sinaasappel\/#primaryimage","url":"https:\/\/bebijn.be\/wp-content\/uploads\/2025\/12\/020-oranje-bebijn-confiserie.jpg","contentUrl":"https:\/\/bebijn.be\/wp-content\/uploads\/2025\/12\/020-oranje-bebijn-confiserie.jpg","width":800,"height":800},{"@type":"BreadcrumbList","@id":"https:\/\/bebijn.be\/product\/mango-sinaasappel\/#breadcrumb","itemListElement":[{"@type":"ListItem","position":1,"name":"Home","item":"https:\/\/bebijn.be\/"},{"@type":"ListItem","position":2,"name":"Winkel Bebijn","item":"https:\/\/bebijn.be\/winkel-bebijn\/"},{"@type":"ListItem","position":3,"name":"Mango \u2022 Sinaasappel"}]},{"@type":"WebSite","@id":"https:\/\/bebijn.be\/#website","url":"https:\/\/bebijn.be\/","name":"Bebijn | Sucreries artisanales personnalis\u00e9es","description":"confiserie et bonbons pour la gastronomie cadeau marketing","publisher":{"@id":"https:\/\/bebijn.be\/#organization"},"potentialAction":[{"@type":"SearchAction","target":{"@type":"EntryPoint","urlTemplate":"https:\/\/bebijn.be\/?s={search_term_string}"},"query-input":{"@type":"PropertyValueSpecification","valueRequired":true,"valueName":"search_term_string"}}],"inLanguage":"fr-BE"},{"@type":"Organization","@id":"https:\/\/bebijn.be\/#organization","name":"Bebijn","url":"https:\/\/bebijn.be\/","logo":{"@type":"ImageObject","inLanguage":"fr-BE","@id":"https:\/\/bebijn.be\/#\/schema\/logo\/image\/","url":"https:\/\/bebijn.be\/wp-content\/uploads\/2024\/12\/Bebijn-Logo-RGB-v1.png","contentUrl":"https:\/\/bebijn.be\/wp-content\/uploads\/2024\/12\/Bebijn-Logo-RGB-v1.png","width":800,"height":800,"caption":"Bebijn"},"image":{"@id":"https:\/\/bebijn.be\/#\/schema\/logo\/image\/"},"sameAs":["https:\/\/www.facebook.com\/bebijn\/","https:\/\/www.instagram.com\/bebijn.sweets\/"]}]},"product_price_amount":"33.00","product_price_currency":"EUR","og_availability":"out of stock","product_availability":"out of stock","product_retailer_item_id":"mangsina","product_condition":"new"},"_links":{"self":[{"href":"https:\/\/bebijn.be\/fr\/wp-json\/wp\/v2\/product\/19646","targetHints":{"allow":["GET"]}}],"collection":[{"href":"https:\/\/bebijn.be\/fr\/wp-json\/wp\/v2\/product"}],"about":[{"href":"https:\/\/bebijn.be\/fr\/wp-json\/wp\/v2\/types\/product"}],"version-history":[{"count":1,"href":"https:\/\/bebijn.be\/fr\/wp-json\/wp\/v2\/product\/19646\/revisions"}],"predecessor-version":[{"id":19647,"href":"https:\/\/bebijn.be\/fr\/wp-json\/wp\/v2\/product\/19646\/revisions\/19647"}],"wp:featuredmedia":[{"embeddable":true,"href":"https:\/\/bebijn.be\/fr\/wp-json\/wp\/v2\/media\/19660"}],"wp:attachment":[{"href":"https:\/\/bebijn.be\/fr\/wp-json\/wp\/v2\/media?parent=19646"}],"wp:term":[{"taxonomy":"product_brand","embeddable":true,"href":"https:\/\/bebijn.be\/fr\/wp-json\/wp\/v2\/product_brand?post=19646"},{"taxonomy":"product_cat","embeddable":true,"href":"https:\/\/bebijn.be\/fr\/wp-json\/wp\/v2\/product_cat?post=19646"},{"taxonomy":"product_tag","embeddable":true,"href":"https:\/\/bebijn.be\/fr\/wp-json\/wp\/v2\/product_tag?post=19646"}],"curies":[{"name":"wp","href":"https:\/\/api.w.org\/{rel}","templated":true}]}}