{"id":19651,"date":"2025-12-07T12:21:34","date_gmt":"2025-12-07T10:21:34","guid":{"rendered":"https:\/\/bebijn.be\/?post_type=product&#038;p=19651"},"modified":"2026-03-27T11:11:51","modified_gmt":"2026-03-27T09:11:51","slug":"argousier-ananas","status":"publish","type":"product","link":"https:\/\/bebijn.be\/fr\/product\/duindoorn-ananas\/","title":{"rendered":"Argousier - Ananas"},"content":{"rendered":"<p data-start=\"0\" data-end=\"389\"><strong data-start=\"30\" data-end=\"72\">Bonbons Bebi \u00e0 l'argousier et \u00e0 l'ananas<\/strong> est une combinaison vivante de fra\u00eecheur acidul\u00e9e des baies et de douceur tropicale. L'argousier apporte une note d'acidit\u00e9 distincte et vivifiante, tandis que l'ananas apporte une rondeur ensoleill\u00e9e. Le r\u00e9sultat est une confiserie lumineuse et \u00e9nergique qui p\u00e9tille de fra\u00eecheur et de caract\u00e8re.<\/p>\n<p data-start=\"391\" data-end=\"514\">Id\u00e9al pour accompagner le caf\u00e9 comme mignardise, l'addition, une douceur \u00e0 d\u00e9guster ou \u00e0 offrir comme cadeau original.<\/p>\n<p data-start=\"516\" data-end=\"649\">Pour les amateurs de saveurs fruit\u00e9es, ce bonbon est une exp\u00e9rience rafra\u00eechissante, tropicale et \u00e9pic\u00e9e, pleine de zeste et d'harmonie.<\/p>","protected":false},"excerpt":{"rendered":"<p data-start=\"0\" data-end=\"389\"><strong data-start=\"30\" data-end=\"72\">Bonbons Bebi \u00e0 l'argousier et \u00e0 l'ananas<\/strong> est une combinaison vivante de fra\u00eecheur acidul\u00e9e des baies et de douceur tropicale. L'argousier apporte une note d'acidit\u00e9 distincte et vivifiante, tandis que l'ananas apporte une rondeur ensoleill\u00e9e. Le r\u00e9sultat est une confiserie lumineuse et \u00e9nergique qui p\u00e9tille de fra\u00eecheur et de caract\u00e8re.<\/p>\n<p data-start=\"391\" data-end=\"514\">Id\u00e9al pour accompagner le caf\u00e9 comme mignardise, l'addition, une douceur \u00e0 d\u00e9guster ou \u00e0 offrir comme cadeau original.<\/p>\n<p data-start=\"516\" data-end=\"649\">Pour les amateurs de saveurs fruit\u00e9es, ce bonbon est une exp\u00e9rience rafra\u00eechissante, tropicale et \u00e9pic\u00e9e, pleine de zeste et d'harmonie.<\/p>","protected":false},"featured_media":19659,"template":"","meta":[],"product_brand":[],"product_cat":[69,70],"product_tag":[],"class_list":{"0":"post-19651","1":"product","2":"type-product","3":"status-publish","4":"has-post-thumbnail","6":"product_cat-bebijn-assortiment-gommen","7":"product_cat-uit-bebijn-assortiment","9":"first","10":"outofstock","11":"taxable","12":"shipping-taxable","13":"purchasable","14":"product-type-simple"},"yoast_head":"<!-- This site is optimized with the Yoast SEO Premium plugin v24.2 (Yoast SEO v27.4) - https:\/\/yoast.com\/product\/yoast-seo-premium-wordpress\/ -->\n<title>Duindoorn \u2022 Ananas - Artisanale snoep op maat | Bebijn<\/title>\n<meta name=\"description\" content=\"Bebijn snoepje met duindoorn en ananas: fris, pittig en tropisch \u2014 krachtige duindoorn ontmoet sappige ananas. \ud83c\udf4d\u2728\ud83e\udde1\ud83c\udf6c\" \/>\n<meta name=\"robots\" content=\"index, follow, max-snippet:-1, max-image-preview:large, max-video-preview:-1\" \/>\n<link rel=\"canonical\" href=\"https:\/\/bebijn.be\/fr\/produit\/argousier-ananas\/\" \/>\n<script type=\"application\/ld+json\" class=\"yoast-schema-graph\">{\"@context\":\"https:\\\/\\\/schema.org\",\"@graph\":[{\"@type\":\"WebPage\",\"@id\":\"https:\\\/\\\/bebijn.be\\\/product\\\/duindoorn-ananas\\\/\",\"url\":\"https:\\\/\\\/bebijn.be\\\/product\\\/duindoorn-ananas\\\/\",\"name\":\"Duindoorn \u2022 Ananas - Artisanale snoep op maat | Bebijn\",\"isPartOf\":{\"@id\":\"https:\\\/\\\/bebijn.be\\\/#website\"},\"primaryImageOfPage\":{\"@id\":\"https:\\\/\\\/bebijn.be\\\/product\\\/duindoorn-ananas\\\/#primaryimage\"},\"image\":{\"@id\":\"https:\\\/\\\/bebijn.be\\\/product\\\/duindoorn-ananas\\\/#primaryimage\"},\"thumbnailUrl\":\"https:\\\/\\\/bebijn.be\\\/wp-content\\\/uploads\\\/2025\\\/12\\\/049-oranje-bonbon-bebijn.jpg\",\"datePublished\":\"2025-12-07T10:21:34+00:00\",\"dateModified\":\"2026-03-27T09:11:51+00:00\",\"description\":\"Bebijn snoepje met duindoorn en ananas: fris, pittig en tropisch \u2014 krachtige duindoorn ontmoet sappige ananas. \ud83c\udf4d\u2728\ud83e\udde1\ud83c\udf6c\",\"breadcrumb\":{\"@id\":\"https:\\\/\\\/bebijn.be\\\/product\\\/duindoorn-ananas\\\/#breadcrumb\"},\"inLanguage\":\"fr-BE\",\"potentialAction\":[{\"@type\":\"ReadAction\",\"target\":[\"https:\\\/\\\/bebijn.be\\\/product\\\/duindoorn-ananas\\\/\"]}]},{\"@type\":\"ImageObject\",\"inLanguage\":\"fr-BE\",\"@id\":\"https:\\\/\\\/bebijn.be\\\/product\\\/duindoorn-ananas\\\/#primaryimage\",\"url\":\"https:\\\/\\\/bebijn.be\\\/wp-content\\\/uploads\\\/2025\\\/12\\\/049-oranje-bonbon-bebijn.jpg\",\"contentUrl\":\"https:\\\/\\\/bebijn.be\\\/wp-content\\\/uploads\\\/2025\\\/12\\\/049-oranje-bonbon-bebijn.jpg\",\"width\":800,\"height\":800},{\"@type\":\"BreadcrumbList\",\"@id\":\"https:\\\/\\\/bebijn.be\\\/product\\\/duindoorn-ananas\\\/#breadcrumb\",\"itemListElement\":[{\"@type\":\"ListItem\",\"position\":1,\"name\":\"Home\",\"item\":\"https:\\\/\\\/bebijn.be\\\/\"},{\"@type\":\"ListItem\",\"position\":2,\"name\":\"Winkel Bebijn\",\"item\":\"https:\\\/\\\/bebijn.be\\\/winkel-bebijn\\\/\"},{\"@type\":\"ListItem\",\"position\":3,\"name\":\"Duindoorn \u2022 Ananas\"}]},{\"@type\":\"WebSite\",\"@id\":\"https:\\\/\\\/bebijn.be\\\/#website\",\"url\":\"https:\\\/\\\/bebijn.be\\\/\",\"name\":\"Bebijn | Artisanale snoep op maat\",\"description\":\"confiserie en snoep voor gastronomie marketing geschenk\",\"publisher\":{\"@id\":\"https:\\\/\\\/bebijn.be\\\/#organization\"},\"potentialAction\":[{\"@type\":\"SearchAction\",\"target\":{\"@type\":\"EntryPoint\",\"urlTemplate\":\"https:\\\/\\\/bebijn.be\\\/?s={search_term_string}\"},\"query-input\":{\"@type\":\"PropertyValueSpecification\",\"valueRequired\":true,\"valueName\":\"search_term_string\"}}],\"inLanguage\":\"fr-BE\"},{\"@type\":\"Organization\",\"@id\":\"https:\\\/\\\/bebijn.be\\\/#organization\",\"name\":\"Bebijn\",\"url\":\"https:\\\/\\\/bebijn.be\\\/\",\"logo\":{\"@type\":\"ImageObject\",\"inLanguage\":\"fr-BE\",\"@id\":\"https:\\\/\\\/bebijn.be\\\/#\\\/schema\\\/logo\\\/image\\\/\",\"url\":\"https:\\\/\\\/bebijn.be\\\/wp-content\\\/uploads\\\/2024\\\/12\\\/Bebijn-Logo-RGB-v1.png\",\"contentUrl\":\"https:\\\/\\\/bebijn.be\\\/wp-content\\\/uploads\\\/2024\\\/12\\\/Bebijn-Logo-RGB-v1.png\",\"width\":800,\"height\":800,\"caption\":\"Bebijn\"},\"image\":{\"@id\":\"https:\\\/\\\/bebijn.be\\\/#\\\/schema\\\/logo\\\/image\\\/\"},\"sameAs\":[\"https:\\\/\\\/www.facebook.com\\\/bebijn\\\/\",\"https:\\\/\\\/www.instagram.com\\\/bebijn.sweets\\\/\"]}]}<\/script>\n<meta property=\"product:price:amount\" content=\"33.00\" \/>\n<meta property=\"product:price:currency\" content=\"EUR\" \/>\n<meta property=\"og:availability\" content=\"out of stock\" \/>\n<meta property=\"product:availability\" content=\"out of stock\" \/>\n<meta property=\"product:retailer_item_id\" content=\"ananuin\" \/>\n<meta property=\"product:condition\" content=\"new\" \/>\n<!-- \/ Yoast SEO Premium plugin. -->","yoast_head_json":{"title":"Argousier - Ananas - Friandises artisanales sur mesure | Bebijn","description":"Bonbons Bebi \u00e0 l'argousier et \u00e0 l'ananas : frais, acidul\u00e9s et tropicaux - l'argousier puissant rencontre l'ananas juteux. \ud83c\udf4d\u2728\ud83e\udde1\ud83c\udf6c","robots":{"index":"index","follow":"follow","max-snippet":"max-snippet:-1","max-image-preview":"max-image-preview:large","max-video-preview":"max-video-preview:-1"},"canonical":"https:\/\/bebijn.be\/fr\/produit\/argousier-ananas\/","schema":{"@context":"https:\/\/schema.org","@graph":[{"@type":"WebPage","@id":"https:\/\/bebijn.be\/product\/duindoorn-ananas\/","url":"https:\/\/bebijn.be\/product\/duindoorn-ananas\/","name":"Argousier - Ananas - Friandises artisanales sur mesure | Bebijn","isPartOf":{"@id":"https:\/\/bebijn.be\/#website"},"primaryImageOfPage":{"@id":"https:\/\/bebijn.be\/product\/duindoorn-ananas\/#primaryimage"},"image":{"@id":"https:\/\/bebijn.be\/product\/duindoorn-ananas\/#primaryimage"},"thumbnailUrl":"https:\/\/bebijn.be\/wp-content\/uploads\/2025\/12\/049-oranje-bonbon-bebijn.jpg","datePublished":"2025-12-07T10:21:34+00:00","dateModified":"2026-03-27T09:11:51+00:00","description":"Bonbons Bebi \u00e0 l'argousier et \u00e0 l'ananas : frais, acidul\u00e9s et tropicaux - l'argousier puissant rencontre l'ananas juteux. \ud83c\udf4d\u2728\ud83e\udde1\ud83c\udf6c","breadcrumb":{"@id":"https:\/\/bebijn.be\/product\/duindoorn-ananas\/#breadcrumb"},"inLanguage":"fr-BE","potentialAction":[{"@type":"ReadAction","target":["https:\/\/bebijn.be\/product\/duindoorn-ananas\/"]}]},{"@type":"ImageObject","inLanguage":"fr-BE","@id":"https:\/\/bebijn.be\/product\/duindoorn-ananas\/#primaryimage","url":"https:\/\/bebijn.be\/wp-content\/uploads\/2025\/12\/049-oranje-bonbon-bebijn.jpg","contentUrl":"https:\/\/bebijn.be\/wp-content\/uploads\/2025\/12\/049-oranje-bonbon-bebijn.jpg","width":800,"height":800},{"@type":"BreadcrumbList","@id":"https:\/\/bebijn.be\/product\/duindoorn-ananas\/#breadcrumb","itemListElement":[{"@type":"ListItem","position":1,"name":"Home","item":"https:\/\/bebijn.be\/"},{"@type":"ListItem","position":2,"name":"Winkel Bebijn","item":"https:\/\/bebijn.be\/winkel-bebijn\/"},{"@type":"ListItem","position":3,"name":"Duindoorn \u2022 Ananas"}]},{"@type":"WebSite","@id":"https:\/\/bebijn.be\/#website","url":"https:\/\/bebijn.be\/","name":"Bebijn | Sucreries artisanales personnalis\u00e9es","description":"confiserie et bonbons pour la gastronomie cadeau marketing","publisher":{"@id":"https:\/\/bebijn.be\/#organization"},"potentialAction":[{"@type":"SearchAction","target":{"@type":"EntryPoint","urlTemplate":"https:\/\/bebijn.be\/?s={search_term_string}"},"query-input":{"@type":"PropertyValueSpecification","valueRequired":true,"valueName":"search_term_string"}}],"inLanguage":"fr-BE"},{"@type":"Organization","@id":"https:\/\/bebijn.be\/#organization","name":"Bebijn","url":"https:\/\/bebijn.be\/","logo":{"@type":"ImageObject","inLanguage":"fr-BE","@id":"https:\/\/bebijn.be\/#\/schema\/logo\/image\/","url":"https:\/\/bebijn.be\/wp-content\/uploads\/2024\/12\/Bebijn-Logo-RGB-v1.png","contentUrl":"https:\/\/bebijn.be\/wp-content\/uploads\/2024\/12\/Bebijn-Logo-RGB-v1.png","width":800,"height":800,"caption":"Bebijn"},"image":{"@id":"https:\/\/bebijn.be\/#\/schema\/logo\/image\/"},"sameAs":["https:\/\/www.facebook.com\/bebijn\/","https:\/\/www.instagram.com\/bebijn.sweets\/"]}]},"product_price_amount":"33.00","product_price_currency":"EUR","og_availability":"out of stock","product_availability":"out of stock","product_retailer_item_id":"ananuin","product_condition":"new"},"_links":{"self":[{"href":"https:\/\/bebijn.be\/fr\/wp-json\/wp\/v2\/product\/19651","targetHints":{"allow":["GET"]}}],"collection":[{"href":"https:\/\/bebijn.be\/fr\/wp-json\/wp\/v2\/product"}],"about":[{"href":"https:\/\/bebijn.be\/fr\/wp-json\/wp\/v2\/types\/product"}],"version-history":[{"count":1,"href":"https:\/\/bebijn.be\/fr\/wp-json\/wp\/v2\/product\/19651\/revisions"}],"predecessor-version":[{"id":19652,"href":"https:\/\/bebijn.be\/fr\/wp-json\/wp\/v2\/product\/19651\/revisions\/19652"}],"wp:featuredmedia":[{"embeddable":true,"href":"https:\/\/bebijn.be\/fr\/wp-json\/wp\/v2\/media\/19659"}],"wp:attachment":[{"href":"https:\/\/bebijn.be\/fr\/wp-json\/wp\/v2\/media?parent=19651"}],"wp:term":[{"taxonomy":"product_brand","embeddable":true,"href":"https:\/\/bebijn.be\/fr\/wp-json\/wp\/v2\/product_brand?post=19651"},{"taxonomy":"product_cat","embeddable":true,"href":"https:\/\/bebijn.be\/fr\/wp-json\/wp\/v2\/product_cat?post=19651"},{"taxonomy":"product_tag","embeddable":true,"href":"https:\/\/bebijn.be\/fr\/wp-json\/wp\/v2\/product_tag?post=19651"}],"curies":[{"name":"wp","href":"https:\/\/api.w.org\/{rel}","templated":true}]}}