{"id":19697,"date":"2026-01-05T18:31:26","date_gmt":"2026-01-05T16:31:26","guid":{"rendered":"https:\/\/bebijn.be\/?post_type=product&#038;p=19697"},"modified":"2026-04-02T18:30:50","modified_gmt":"2026-04-02T16:30:50","slug":"coffret-ananas-fruit-de-la-passion","status":"publish","type":"product","link":"https:\/\/bebijn.be\/fr\/product\/ananas-passievrucht-doosje\/","title":{"rendered":"Bo\u00eete ananas - fruit de la passion"},"content":{"rendered":"<p data-start=\"111\" data-end=\"506\"><strong data-start=\"141\" data-end=\"186\">Bonbons Bevin \u00e0 l'ananas et au fruit de la passion<\/strong> est une explosion de fra\u00eecheur tropicale et de douceur ensoleill\u00e9e. L'ananas apporte une luminosit\u00e9 p\u00e9tillante et enjou\u00e9e, tandis que le fruit de la passion apporte une profondeur intense et exotique gr\u00e2ce \u00e0 son acidit\u00e9 fra\u00eeche caract\u00e9ristique. Ensemble, ils cr\u00e9ent une harmonie \u00e9nergique et fruit\u00e9e qui ensoleille chaque bouch\u00e9e.<\/p>\n<p data-start=\"508\" data-end=\"631\">Id\u00e9al pour accompagner le caf\u00e9 comme mignardise, l'addition, une douceur \u00e0 d\u00e9guster ou \u00e0 offrir comme cadeau original.<\/p>\n<p data-start=\"633\" data-end=\"745\">Un r\u00e9gal pour les amateurs de saveurs estivales et tropicales : brillant, p\u00e9tillant et irr\u00e9sistiblement exotique.<\/p>","protected":false},"excerpt":{"rendered":"<p data-start=\"111\" data-end=\"506\"><strong data-start=\"141\" data-end=\"186\">Bonbons Bevin \u00e0 l'ananas et au fruit de la passion<\/strong> est une explosion de fra\u00eecheur tropicale et de douceur ensoleill\u00e9e. L'ananas apporte une luminosit\u00e9 p\u00e9tillante et enjou\u00e9e, tandis que le fruit de la passion apporte une profondeur intense et exotique gr\u00e2ce \u00e0 son acidit\u00e9 fra\u00eeche caract\u00e9ristique. Ensemble, ils cr\u00e9ent une harmonie \u00e9nergique et fruit\u00e9e qui ensoleille chaque bouch\u00e9e.<\/p>\n<p data-start=\"508\" data-end=\"631\">Id\u00e9al pour accompagner le caf\u00e9 comme mignardise, l'addition, une douceur \u00e0 d\u00e9guster ou \u00e0 offrir comme cadeau original.<\/p>\n<p data-start=\"633\" data-end=\"745\">Un r\u00e9gal pour les amateurs de saveurs estivales et tropicales : brillant, p\u00e9tillant et irr\u00e9sistiblement exotique.<\/p>","protected":false},"featured_media":19672,"template":"","meta":[],"product_brand":[],"product_cat":[72],"product_tag":[],"class_list":{"0":"post-19697","1":"product","2":"type-product","3":"status-publish","4":"has-post-thumbnail","6":"product_cat-bonboxy-pro","8":"first","9":"instock","10":"taxable","11":"shipping-taxable","12":"purchasable","13":"product-type-simple"},"yoast_head":"<!-- This site is optimized with the Yoast SEO Premium plugin v24.2 (Yoast SEO v27.4) - https:\/\/yoast.com\/product\/yoast-seo-premium-wordpress\/ -->\n<title>Ananas \u2022 Passievrucht doosje - Artisanale snoep op maat | Bebijn<\/title>\n<meta name=\"description\" content=\"Bebijn snoepje met ananas en passievrucht snoep. Exotische verwennerij ! Een zonnige explosie van zoet en passie in elke hap \ud83c\udf4d\ud83e\udd6d\ud83c\udf6c\" \/>\n<meta name=\"robots\" content=\"index, follow, max-snippet:-1, max-image-preview:large, max-video-preview:-1\" \/>\n<link rel=\"canonical\" href=\"https:\/\/bebijn.be\/fr\/produit\/coffret-ananas-fruit-de-la-passion\/\" \/>\n<script type=\"application\/ld+json\" class=\"yoast-schema-graph\">{\"@context\":\"https:\\\/\\\/schema.org\",\"@graph\":[{\"@type\":\"WebPage\",\"@id\":\"https:\\\/\\\/bebijn.be\\\/product\\\/ananas-passievrucht-doosje\\\/\",\"url\":\"https:\\\/\\\/bebijn.be\\\/product\\\/ananas-passievrucht-doosje\\\/\",\"name\":\"Ananas \u2022 Passievrucht doosje - Artisanale snoep op maat | Bebijn\",\"isPartOf\":{\"@id\":\"https:\\\/\\\/bebijn.be\\\/#website\"},\"primaryImageOfPage\":{\"@id\":\"https:\\\/\\\/bebijn.be\\\/product\\\/ananas-passievrucht-doosje\\\/#primaryimage\"},\"image\":{\"@id\":\"https:\\\/\\\/bebijn.be\\\/product\\\/ananas-passievrucht-doosje\\\/#primaryimage\"},\"thumbnailUrl\":\"https:\\\/\\\/bebijn.be\\\/wp-content\\\/uploads\\\/2024\\\/12\\\/seizoensmix-ananas-passievrucht-bebijn-200g.png\",\"datePublished\":\"2026-01-05T16:31:26+00:00\",\"dateModified\":\"2026-04-02T16:30:50+00:00\",\"description\":\"Bebijn snoepje met ananas en passievrucht snoep. Exotische verwennerij ! Een zonnige explosie van zoet en passie in elke hap \ud83c\udf4d\ud83e\udd6d\ud83c\udf6c\",\"breadcrumb\":{\"@id\":\"https:\\\/\\\/bebijn.be\\\/product\\\/ananas-passievrucht-doosje\\\/#breadcrumb\"},\"inLanguage\":\"fr-BE\",\"potentialAction\":[{\"@type\":\"ReadAction\",\"target\":[\"https:\\\/\\\/bebijn.be\\\/product\\\/ananas-passievrucht-doosje\\\/\"]}]},{\"@type\":\"ImageObject\",\"inLanguage\":\"fr-BE\",\"@id\":\"https:\\\/\\\/bebijn.be\\\/product\\\/ananas-passievrucht-doosje\\\/#primaryimage\",\"url\":\"https:\\\/\\\/bebijn.be\\\/wp-content\\\/uploads\\\/2024\\\/12\\\/seizoensmix-ananas-passievrucht-bebijn-200g.png\",\"contentUrl\":\"https:\\\/\\\/bebijn.be\\\/wp-content\\\/uploads\\\/2024\\\/12\\\/seizoensmix-ananas-passievrucht-bebijn-200g.png\",\"width\":640,\"height\":540},{\"@type\":\"BreadcrumbList\",\"@id\":\"https:\\\/\\\/bebijn.be\\\/product\\\/ananas-passievrucht-doosje\\\/#breadcrumb\",\"itemListElement\":[{\"@type\":\"ListItem\",\"position\":1,\"name\":\"Home\",\"item\":\"https:\\\/\\\/bebijn.be\\\/\"},{\"@type\":\"ListItem\",\"position\":2,\"name\":\"Winkel Bebijn\",\"item\":\"https:\\\/\\\/bebijn.be\\\/winkel-bebijn\\\/\"},{\"@type\":\"ListItem\",\"position\":3,\"name\":\"Ananas \u2022 Passievrucht doosje\"}]},{\"@type\":\"WebSite\",\"@id\":\"https:\\\/\\\/bebijn.be\\\/#website\",\"url\":\"https:\\\/\\\/bebijn.be\\\/\",\"name\":\"Bebijn | Artisanale snoep op maat\",\"description\":\"confiserie en snoep voor gastronomie marketing geschenk\",\"publisher\":{\"@id\":\"https:\\\/\\\/bebijn.be\\\/#organization\"},\"potentialAction\":[{\"@type\":\"SearchAction\",\"target\":{\"@type\":\"EntryPoint\",\"urlTemplate\":\"https:\\\/\\\/bebijn.be\\\/?s={search_term_string}\"},\"query-input\":{\"@type\":\"PropertyValueSpecification\",\"valueRequired\":true,\"valueName\":\"search_term_string\"}}],\"inLanguage\":\"fr-BE\"},{\"@type\":\"Organization\",\"@id\":\"https:\\\/\\\/bebijn.be\\\/#organization\",\"name\":\"Bebijn\",\"url\":\"https:\\\/\\\/bebijn.be\\\/\",\"logo\":{\"@type\":\"ImageObject\",\"inLanguage\":\"fr-BE\",\"@id\":\"https:\\\/\\\/bebijn.be\\\/#\\\/schema\\\/logo\\\/image\\\/\",\"url\":\"https:\\\/\\\/bebijn.be\\\/wp-content\\\/uploads\\\/2024\\\/12\\\/Bebijn-Logo-RGB-v1.png\",\"contentUrl\":\"https:\\\/\\\/bebijn.be\\\/wp-content\\\/uploads\\\/2024\\\/12\\\/Bebijn-Logo-RGB-v1.png\",\"width\":800,\"height\":800,\"caption\":\"Bebijn\"},\"image\":{\"@id\":\"https:\\\/\\\/bebijn.be\\\/#\\\/schema\\\/logo\\\/image\\\/\"},\"sameAs\":[\"https:\\\/\\\/www.facebook.com\\\/bebijn\\\/\",\"https:\\\/\\\/www.instagram.com\\\/bebijn.sweets\\\/\"]}]}<\/script>\n<meta property=\"product:price:amount\" content=\"7.50\" \/>\n<meta property=\"product:price:currency\" content=\"EUR\" \/>\n<meta property=\"og:availability\" content=\"instock\" \/>\n<meta property=\"product:availability\" content=\"instock\" \/>\n<meta property=\"product:retailer_item_id\" content=\"ananpass_doosje\" \/>\n<meta property=\"product:condition\" content=\"new\" \/>\n<!-- \/ Yoast SEO Premium plugin. -->","yoast_head_json":{"title":"Bo\u00eete ananas - Fruit de la passion - Confiserie artisanale personnalis\u00e9e | Bebijn","description":"Bonbons Bebi \u00e0 l'ananas et au fruit de la passion. Un plaisir exotique ! Une explosion ensoleill\u00e9e de douceur et de passion \u00e0 chaque bouch\u00e9e \ud83c\udf4d\ud83e\udd6d\ud83c\udf6c\ud83c\udf6c","robots":{"index":"index","follow":"follow","max-snippet":"max-snippet:-1","max-image-preview":"max-image-preview:large","max-video-preview":"max-video-preview:-1"},"canonical":"https:\/\/bebijn.be\/fr\/produit\/coffret-ananas-fruit-de-la-passion\/","schema":{"@context":"https:\/\/schema.org","@graph":[{"@type":"WebPage","@id":"https:\/\/bebijn.be\/product\/ananas-passievrucht-doosje\/","url":"https:\/\/bebijn.be\/product\/ananas-passievrucht-doosje\/","name":"Bo\u00eete ananas - Fruit de la passion - Confiserie artisanale personnalis\u00e9e | Bebijn","isPartOf":{"@id":"https:\/\/bebijn.be\/#website"},"primaryImageOfPage":{"@id":"https:\/\/bebijn.be\/product\/ananas-passievrucht-doosje\/#primaryimage"},"image":{"@id":"https:\/\/bebijn.be\/product\/ananas-passievrucht-doosje\/#primaryimage"},"thumbnailUrl":"https:\/\/bebijn.be\/wp-content\/uploads\/2024\/12\/seizoensmix-ananas-passievrucht-bebijn-200g.png","datePublished":"2026-01-05T16:31:26+00:00","dateModified":"2026-04-02T16:30:50+00:00","description":"Bonbons Bebi \u00e0 l'ananas et au fruit de la passion. Un plaisir exotique ! Une explosion ensoleill\u00e9e de douceur et de passion \u00e0 chaque bouch\u00e9e \ud83c\udf4d\ud83e\udd6d\ud83c\udf6c\ud83c\udf6c","breadcrumb":{"@id":"https:\/\/bebijn.be\/product\/ananas-passievrucht-doosje\/#breadcrumb"},"inLanguage":"fr-BE","potentialAction":[{"@type":"ReadAction","target":["https:\/\/bebijn.be\/product\/ananas-passievrucht-doosje\/"]}]},{"@type":"ImageObject","inLanguage":"fr-BE","@id":"https:\/\/bebijn.be\/product\/ananas-passievrucht-doosje\/#primaryimage","url":"https:\/\/bebijn.be\/wp-content\/uploads\/2024\/12\/seizoensmix-ananas-passievrucht-bebijn-200g.png","contentUrl":"https:\/\/bebijn.be\/wp-content\/uploads\/2024\/12\/seizoensmix-ananas-passievrucht-bebijn-200g.png","width":640,"height":540},{"@type":"BreadcrumbList","@id":"https:\/\/bebijn.be\/product\/ananas-passievrucht-doosje\/#breadcrumb","itemListElement":[{"@type":"ListItem","position":1,"name":"Home","item":"https:\/\/bebijn.be\/"},{"@type":"ListItem","position":2,"name":"Winkel Bebijn","item":"https:\/\/bebijn.be\/winkel-bebijn\/"},{"@type":"ListItem","position":3,"name":"Ananas \u2022 Passievrucht doosje"}]},{"@type":"WebSite","@id":"https:\/\/bebijn.be\/#website","url":"https:\/\/bebijn.be\/","name":"Bebijn | Sucreries artisanales personnalis\u00e9es","description":"confiserie et bonbons pour la gastronomie cadeau marketing","publisher":{"@id":"https:\/\/bebijn.be\/#organization"},"potentialAction":[{"@type":"SearchAction","target":{"@type":"EntryPoint","urlTemplate":"https:\/\/bebijn.be\/?s={search_term_string}"},"query-input":{"@type":"PropertyValueSpecification","valueRequired":true,"valueName":"search_term_string"}}],"inLanguage":"fr-BE"},{"@type":"Organization","@id":"https:\/\/bebijn.be\/#organization","name":"Bebijn","url":"https:\/\/bebijn.be\/","logo":{"@type":"ImageObject","inLanguage":"fr-BE","@id":"https:\/\/bebijn.be\/#\/schema\/logo\/image\/","url":"https:\/\/bebijn.be\/wp-content\/uploads\/2024\/12\/Bebijn-Logo-RGB-v1.png","contentUrl":"https:\/\/bebijn.be\/wp-content\/uploads\/2024\/12\/Bebijn-Logo-RGB-v1.png","width":800,"height":800,"caption":"Bebijn"},"image":{"@id":"https:\/\/bebijn.be\/#\/schema\/logo\/image\/"},"sameAs":["https:\/\/www.facebook.com\/bebijn\/","https:\/\/www.instagram.com\/bebijn.sweets\/"]}]},"product_price_amount":"7.50","product_price_currency":"EUR","og_availability":"instock","product_availability":"instock","product_retailer_item_id":"ananpass_doosje","product_condition":"new"},"_links":{"self":[{"href":"https:\/\/bebijn.be\/fr\/wp-json\/wp\/v2\/product\/19697","targetHints":{"allow":["GET"]}}],"collection":[{"href":"https:\/\/bebijn.be\/fr\/wp-json\/wp\/v2\/product"}],"about":[{"href":"https:\/\/bebijn.be\/fr\/wp-json\/wp\/v2\/types\/product"}],"version-history":[{"count":1,"href":"https:\/\/bebijn.be\/fr\/wp-json\/wp\/v2\/product\/19697\/revisions"}],"predecessor-version":[{"id":19698,"href":"https:\/\/bebijn.be\/fr\/wp-json\/wp\/v2\/product\/19697\/revisions\/19698"}],"wp:featuredmedia":[{"embeddable":true,"href":"https:\/\/bebijn.be\/fr\/wp-json\/wp\/v2\/media\/19672"}],"wp:attachment":[{"href":"https:\/\/bebijn.be\/fr\/wp-json\/wp\/v2\/media?parent=19697"}],"wp:term":[{"taxonomy":"product_brand","embeddable":true,"href":"https:\/\/bebijn.be\/fr\/wp-json\/wp\/v2\/product_brand?post=19697"},{"taxonomy":"product_cat","embeddable":true,"href":"https:\/\/bebijn.be\/fr\/wp-json\/wp\/v2\/product_cat?post=19697"},{"taxonomy":"product_tag","embeddable":true,"href":"https:\/\/bebijn.be\/fr\/wp-json\/wp\/v2\/product_tag?post=19697"}],"curies":[{"name":"wp","href":"https:\/\/api.w.org\/{rel}","templated":true}]}}